{"id":13696,"date":"2024-02-10T00:06:15","date_gmt":"2024-02-10T00:06:15","guid":{"rendered":"https:\/\/sarahandbendrix.com\/product\/v-line-a-solution-essence-lipolitico-facial\/"},"modified":"2025-09-15T01:29:12","modified_gmt":"2025-09-15T01:29:12","slug":"v-line-a-solution-essence-lipolitico-facial","status":"publish","type":"product","link":"https:\/\/sarahandbendrix.com\/pt-br\/produto\/v-line-a-solution-essence-lipolitico-facial\/","title":{"rendered":"V Line-A Solution Essence lipol\u00edtico facial"},"content":{"rendered":"<p data-sourcepos=\"3:1-3:29\"><strong>V-Line Uma Ess\u00eancia de Solu\u00e7\u00e3o<\/strong><\/p>\n<ul data-sourcepos=\"5:1-8:8\">\n<li data-sourcepos=\"5:1-5:121\">V-Line A Solution Essence \u00e9 uma maneira segura e eficaz de reduzir a gordura facial e alcan\u00e7ar uma mand\u00edbula mais fina e definida.<\/li>\n<li data-sourcepos=\"6:1-6:129\">Ele cont\u00e9m uma mistura de ingredientes naturais que trabalham juntos para dissolver as c\u00e9lulas de gordura, melhorar a circula\u00e7\u00e3o, e apertar a pele.<\/li>\n<li data-sourcepos=\"7:1-7:70\">V-Line A Solution Essence \u00e9 f\u00e1cil de usar e pode ser aplicado em casa.<\/li>\n<li data-sourcepos=\"8:1-8:8\">Basta aplicar algumas gotas na \u00e1rea desejada e massage\u00e1-la at\u00e9 que seja absorvida.<\/li>\n<li data-sourcepos=\"9:1-10:0\">Para obter melhores resultados, use V-Line A Solution Essence duas vezes ao dia.<\/li>\n<\/ul>\n<p data-sourcepos=\"11:1-11:13\"><strong>Caracter\u00edsticas:<\/strong><\/p>\n<ul data-sourcepos=\"13:1-17:0\">\n<li data-sourcepos=\"13:1-13:20\">Seguro e eficaz<\/li>\n<li data-sourcepos=\"14:1-14:21\">Ingredientes naturais<\/li>\n<li data-sourcepos=\"15:1-15:13\">F\u00e1cil de usar<\/li>\n<li data-sourcepos=\"16:1-17:0\">Acess\u00edvel<\/li>\n<li data-sourcepos=\"16:1-17:0\">Embalagem: 10 mL X 5<\/li>\n<\/ul>\n<p data-sourcepos=\"18:1-18:13\"><strong>Benef\u00edcios:<\/strong><\/p>\n<ul data-sourcepos=\"20:1-24:0\">\n<li data-sourcepos=\"20:1-20:20\">Reduz a gordura facial<\/li>\n<li data-sourcepos=\"21:1-21:19\">Emagrece a linha do maxilar<\/li>\n<li data-sourcepos=\"22:1-22:19\">Aperta a pele<\/li>\n<li data-sourcepos=\"23:1-24:0\">Melhora a circula\u00e7\u00e3o<\/li>\n<\/ul>\n<p data-sourcepos=\"25:1-25:16\"><strong>Ingredientes:<\/strong><\/p>\n<ul data-sourcepos=\"27:1-32:0\">\n<li data-sourcepos=\"27:1-27:18\">\u00c1cido deoxic\u00f3lico<\/li>\n<li data-sourcepos=\"28:1-28:21\">Fosfatidilcolina<\/li>\n<li data-sourcepos=\"29:1-29:13\">L-carnitina<\/li>\n<li data-sourcepos=\"30:1-30:10\">Cafe\u00edna<\/li>\n<li data-sourcepos=\"31:1-32:0\">Extrato de ch\u00e1 verde<\/li>\n<\/ul>\n<p data-sourcepos=\"3:1-3:24\"><strong>Quantos tratamentos?<\/strong><\/p>\n<p data-sourcepos=\"5:1-5:30\">Depende de v\u00e1rios fatores:<\/p>\n<ul data-sourcepos=\"7:1-8:7\">\n<li data-sourcepos=\"7:1-7:58\"><strong>Seus resultados desejados:<\/strong> Quanta gordura voc\u00ea quer perder.<\/li>\n<li data-sourcepos=\"8:1-8:7\"><strong>Quantidade de gordura:<\/strong> Quanta gordura est\u00e1 na \u00e1rea que voc\u00ea est\u00e1 tratando.<\/li>\n<li data-sourcepos=\"9:1-10:0\"><strong>Resposta do seu corpo:<\/strong> Como seu corpo responde bem ao tratamento.<\/li>\n<\/ul>\n<p data-sourcepos=\"11:1-11:116\">Em m\u00e9dia, espere <strong>3-5 inje\u00e7\u00f5es<\/strong>. Uma vez que as c\u00e9lulas de gordura s\u00e3o destru\u00eddas, elas n\u00e3o podem mais armazenar gordura, ent\u00e3o voc\u00ea n\u00e3o precisar\u00e1 de mais tratamentos se estiver satisfeito com os resultados. <\/p>\n<p data-sourcepos=\"13:1-13:20\"><strong>Profundidade de inje\u00e7\u00e3o:<\/strong><\/p>\n<ul data-sourcepos=\"15:1-16:11\">\n<li data-sourcepos=\"15:1-15:46\"><strong>Corpo:<\/strong> Sob a pele (gordura subcut\u00e2nea).<\/li>\n<li data-sourcepos=\"16:1-16:11\"><strong>Rosto:<\/strong> Ligeiramente mais raso do que no corpo.<\/li>\n<\/ul>\n<p data-sourcepos=\"18:1-18:32\"><strong>Dist\u00e2ncia entre as inje\u00e7\u00f5es:<\/strong><\/p>\n<ul data-sourcepos=\"20:1-22:0\">\n<li data-sourcepos=\"20:1-20:52\"><strong>Corpo:<\/strong> 1.5-2.5cm de dist\u00e2ncia, injetado diretamente para baixo.<\/li>\n<li data-sourcepos=\"21:1-22:0\"><strong>Face:<\/strong> 1-1,5cm de dist\u00e2ncia, injetado diretamente para baixo.<\/li>\n<\/ul>\n<p data-sourcepos=\"23:1-23:11\"><strong>Dosagem:<\/strong><\/p>\n<ul data-sourcepos=\"25:1-25:34\">\n<li data-sourcepos=\"25:1-25:34\"><strong>Inje\u00e7\u00f5es a cada 10-15 dias.<\/strong><\/li>\n<li data-sourcepos=\"26:1-29:35\"><strong>Corpo:<\/strong>\n<ul data-sourcepos=\"27:5-29:35\">\n<li data-sourcepos=\"27:5-27:32\">Bra\u00e7os: 10-15ml por sess\u00e3o.<\/li>\n<li data-sourcepos=\"28:5-28:34\">Coxas: 20-30ml por sess\u00e3o.<\/li>\n<li data-sourcepos=\"29:5-29:35\">Est\u00f4mago: 20-30ml por sess\u00e3o.<\/li>\n<\/ul>\n<\/li>\n<li data-sourcepos=\"30:1-33:0\"><strong>Rosto:<\/strong>\n<ul data-sourcepos=\"31:5-33:0\">\n<li data-sourcepos=\"31:5-31:30\">Face: 5-7ml por sess\u00e3o.<\/li>\n<li data-sourcepos=\"32:5-33:0\">Queixo: 4-6ml por sess\u00e3o.<\/li>\n<\/ul>\n<\/li>\n<\/ul>\n<p data-sourcepos=\"34:1-34:191\"><strong>Lembrar:<\/strong> Essas informa\u00e7\u00f5es s\u00e3o apenas para fins informativos e n\u00e3o devem ser usadas como aconselhamento m\u00e9dico. Consulte sempre um profissional de sa\u00fade qualificado antes de se submeter a qualquer inje\u00e7\u00e3o. <\/p>\n<p data-sourcepos=\"40:1-40:13\"><strong>Avisos:<\/strong><\/p>\n<ul data-sourcepos=\"42:1-46:0\">\n<li class=\"animating\" data-sourcepos=\"43:1-43:36\"><span class=\"citation-0 animating\">Evite o contato com olhos e boca.<\/span><\/li>\n<li class=\"animating\" data-sourcepos=\"44:1-44:39\"><span class=\"citation-0 animating\">Interrompa o uso se ocorrer irrita\u00e7\u00e3o.<\/span><\/li>\n<li class=\"animating\" data-sourcepos=\"45:1-46:0\"><span class=\"citation-0 citation-end-0 animating\">Manter fora do alcance das crian\u00e7as.<\/span><\/li>\n<\/ul>\n<p data-sourcepos=\"47:1-47:12\"><strong>Armazenamento:<\/strong><\/p>\n<ul data-sourcepos=\"49:1-51:0\">\n<li data-sourcepos=\"49:1-49:29\">Armazenar em local fresco e seco.<\/li>\n<li data-sourcepos=\"50:1-51:0\">Manter fora da luz solar direta.<\/li>\n<\/ul>\n<p data-sourcepos=\"52:1-52:102\"><strong>Encomende sua garrafa de V-Line A Solution Essence hoje e comece a ver resultados em apenas algumas semanas!<\/strong><\/p>\n","protected":false},"excerpt":{"rendered":"<p>V-Line A ataca queixo teimoso e bochecha gorda! Este tratamento n\u00e3o cir\u00fargico dissolve as c\u00e9lulas de gordura, mesmo aquelas resistentes \u00e0 dieta e ao exerc\u00edcio. Veja os resultados em v\u00e1rios tratamentos sem tempo de inatividade.  <\/p>\n","protected":false},"featured_media":10348,"comment_status":"open","ping_status":"open","template":"","meta":[],"product_cat":[321,314],"product_tag":[],"class_list":{"0":"post-13696","1":"product","2":"type-product","3":"status-publish","4":"has-post-thumbnail","6":"product_cat-dissolvedores-de-gordura","7":"product_cat-mesoterapia-pt-br","9":"first","10":"instock","11":"shipping-taxable","12":"purchasable","13":"product-type-simple"},"yoast_head":"<!-- This site is optimized with the Yoast SEO plugin v27.2 - https:\/\/yoast.com\/product\/yoast-seo-wordpress\/ -->\n<title>Compre V Line-A Solution Essence lipol\u00edtico facial online - Sarahandbendrix.com<\/title>\n<meta name=\"robots\" content=\"index, follow, max-snippet:-1, max-image-preview:large, max-video-preview:-1\" \/>\n<link rel=\"canonical\" href=\"https:\/\/sarahandbendrix.com\/pt-br\/produto\/v-line-a-solution-essence-lipolitico-facial\/\" \/>\n<meta property=\"og:locale\" content=\"pt_BR\" \/>\n<meta property=\"og:type\" content=\"article\" \/>\n<meta property=\"og:title\" content=\"Compre V Line-A Solution Essence lipol\u00edtico facial online - Sarahandbendrix.com\" \/>\n<meta property=\"og:description\" content=\"V-Line A ataca queixo teimoso e bochecha gorda! Este tratamento n\u00e3o cir\u00fargico dissolve as c\u00e9lulas de gordura, mesmo aquelas resistentes \u00e0 dieta e ao exerc\u00edcio. Veja os resultados em v\u00e1rios tratamentos sem tempo de inatividade.\" \/>\n<meta property=\"og:url\" content=\"https:\/\/sarahandbendrix.com\/pt-br\/produto\/v-line-a-solution-essence-lipolitico-facial\/\" \/>\n<meta property=\"og:site_name\" content=\"Sarahandbendrix.com\" \/>\n<meta property=\"article:modified_time\" content=\"2025-09-15T01:29:12+00:00\" \/>\n<meta property=\"og:image\" content=\"https:\/\/sarahandbendrix.com\/wp-content\/uploads\/2024\/02\/V-Line-A-Solution-Essence.png\" \/>\n\t<meta property=\"og:image:width\" content=\"491\" \/>\n\t<meta property=\"og:image:height\" content=\"495\" \/>\n\t<meta property=\"og:image:type\" content=\"image\/png\" \/>\n<meta name=\"twitter:card\" content=\"summary_large_image\" \/>\n<meta name=\"twitter:label1\" content=\"Tempo estimado de leitura \" \/>\n\t<meta name=\"twitter:data1\" content=\"2 minutos\" \/>\n<script type=\"application\/ld+json\" class=\"yoast-schema-graph\">{\"@context\":\"https:\/\/schema.org\",\"@graph\":[{\"@type\":\"WebPage\",\"@id\":\"https:\/\/sarahandbendrix.com\/pt-br\/produto\/v-line-a-solution-essence-lipolitico-facial\/\",\"url\":\"https:\/\/sarahandbendrix.com\/pt-br\/produto\/v-line-a-solution-essence-lipolitico-facial\/\",\"name\":\"Compre V Line-A Solution Essence lipol\u00edtico facial online - Sarahandbendrix.com\",\"isPartOf\":{\"@id\":\"https:\/\/sarahandbendrix.com\/pt-br\/#website\"},\"primaryImageOfPage\":{\"@id\":\"https:\/\/sarahandbendrix.com\/pt-br\/produto\/v-line-a-solution-essence-lipolitico-facial\/#primaryimage\"},\"image\":{\"@id\":\"https:\/\/sarahandbendrix.com\/pt-br\/produto\/v-line-a-solution-essence-lipolitico-facial\/#primaryimage\"},\"thumbnailUrl\":\"https:\/\/sarahandbendrix.com\/wp-content\/uploads\/2024\/02\/V-Line-A-Solution-Essence.png\",\"datePublished\":\"2024-02-10T00:06:15+00:00\",\"dateModified\":\"2025-09-15T01:29:12+00:00\",\"breadcrumb\":{\"@id\":\"https:\/\/sarahandbendrix.com\/pt-br\/produto\/v-line-a-solution-essence-lipolitico-facial\/#breadcrumb\"},\"inLanguage\":\"pt-BR\",\"potentialAction\":[{\"@type\":\"ReadAction\",\"target\":[\"https:\/\/sarahandbendrix.com\/pt-br\/produto\/v-line-a-solution-essence-lipolitico-facial\/\"]}]},{\"@type\":\"ImageObject\",\"inLanguage\":\"pt-BR\",\"@id\":\"https:\/\/sarahandbendrix.com\/pt-br\/produto\/v-line-a-solution-essence-lipolitico-facial\/#primaryimage\",\"url\":\"https:\/\/sarahandbendrix.com\/wp-content\/uploads\/2024\/02\/V-Line-A-Solution-Essence.png\",\"contentUrl\":\"https:\/\/sarahandbendrix.com\/wp-content\/uploads\/2024\/02\/V-Line-A-Solution-Essence.png\",\"width\":491,\"height\":495},{\"@type\":\"BreadcrumbList\",\"@id\":\"https:\/\/sarahandbendrix.com\/pt-br\/produto\/v-line-a-solution-essence-lipolitico-facial\/#breadcrumb\",\"itemListElement\":[{\"@type\":\"ListItem\",\"position\":1,\"name\":\"Casa\",\"item\":\"https:\/\/sarahandbendrix.com\/pt-br\/\"},{\"@type\":\"ListItem\",\"position\":2,\"name\":\"Loja\",\"item\":\"https:\/\/sarahandbendrix.com\/pt-br\/?page_id=11851\"},{\"@type\":\"ListItem\",\"position\":3,\"name\":\"V Line-A Solution Essence lipol\u00edtico facial\"}]},{\"@type\":\"WebSite\",\"@id\":\"https:\/\/sarahandbendrix.com\/pt-br\/#website\",\"url\":\"https:\/\/sarahandbendrix.com\/pt-br\/\",\"name\":\"Sarahandbendrix\",\"description\":\"Visite a nossa loja onde poder\u00e1 comprar as melhores marcas de produtos de preenchimento d\u00e9rmico, botox e mesoterapia\",\"potentialAction\":[{\"@type\":\"SearchAction\",\"target\":{\"@type\":\"EntryPoint\",\"urlTemplate\":\"https:\/\/sarahandbendrix.com\/pt-br\/?s={search_term_string}\"},\"query-input\":{\"@type\":\"PropertyValueSpecification\",\"valueRequired\":true,\"valueName\":\"search_term_string\"}}],\"inLanguage\":\"pt-BR\"}]}<\/script>\n<!-- \/ Yoast SEO plugin. -->","yoast_head_json":{"title":"Compre V Line-A Solution Essence lipol\u00edtico facial online - Sarahandbendrix.com","robots":{"index":"index","follow":"follow","max-snippet":"max-snippet:-1","max-image-preview":"max-image-preview:large","max-video-preview":"max-video-preview:-1"},"canonical":"https:\/\/sarahandbendrix.com\/pt-br\/produto\/v-line-a-solution-essence-lipolitico-facial\/","og_locale":"pt_BR","og_type":"article","og_title":"Compre V Line-A Solution Essence lipol\u00edtico facial online - Sarahandbendrix.com","og_description":"V-Line A ataca queixo teimoso e bochecha gorda! Este tratamento n\u00e3o cir\u00fargico dissolve as c\u00e9lulas de gordura, mesmo aquelas resistentes \u00e0 dieta e ao exerc\u00edcio. Veja os resultados em v\u00e1rios tratamentos sem tempo de inatividade.","og_url":"https:\/\/sarahandbendrix.com\/pt-br\/produto\/v-line-a-solution-essence-lipolitico-facial\/","og_site_name":"Sarahandbendrix.com","article_modified_time":"2025-09-15T01:29:12+00:00","og_image":[{"width":491,"height":495,"url":"https:\/\/sarahandbendrix.com\/wp-content\/uploads\/2024\/02\/V-Line-A-Solution-Essence.png","type":"image\/png"}],"twitter_card":"summary_large_image","twitter_misc":{"Tempo estimado de leitura ":"2 minutos"},"schema":{"@context":"https:\/\/schema.org","@graph":[{"@type":"WebPage","@id":"https:\/\/sarahandbendrix.com\/pt-br\/produto\/v-line-a-solution-essence-lipolitico-facial\/","url":"https:\/\/sarahandbendrix.com\/pt-br\/produto\/v-line-a-solution-essence-lipolitico-facial\/","name":"Compre V Line-A Solution Essence lipol\u00edtico facial online - Sarahandbendrix.com","isPartOf":{"@id":"https:\/\/sarahandbendrix.com\/pt-br\/#website"},"primaryImageOfPage":{"@id":"https:\/\/sarahandbendrix.com\/pt-br\/produto\/v-line-a-solution-essence-lipolitico-facial\/#primaryimage"},"image":{"@id":"https:\/\/sarahandbendrix.com\/pt-br\/produto\/v-line-a-solution-essence-lipolitico-facial\/#primaryimage"},"thumbnailUrl":"https:\/\/sarahandbendrix.com\/wp-content\/uploads\/2024\/02\/V-Line-A-Solution-Essence.png","datePublished":"2024-02-10T00:06:15+00:00","dateModified":"2025-09-15T01:29:12+00:00","breadcrumb":{"@id":"https:\/\/sarahandbendrix.com\/pt-br\/produto\/v-line-a-solution-essence-lipolitico-facial\/#breadcrumb"},"inLanguage":"pt-BR","potentialAction":[{"@type":"ReadAction","target":["https:\/\/sarahandbendrix.com\/pt-br\/produto\/v-line-a-solution-essence-lipolitico-facial\/"]}]},{"@type":"ImageObject","inLanguage":"pt-BR","@id":"https:\/\/sarahandbendrix.com\/pt-br\/produto\/v-line-a-solution-essence-lipolitico-facial\/#primaryimage","url":"https:\/\/sarahandbendrix.com\/wp-content\/uploads\/2024\/02\/V-Line-A-Solution-Essence.png","contentUrl":"https:\/\/sarahandbendrix.com\/wp-content\/uploads\/2024\/02\/V-Line-A-Solution-Essence.png","width":491,"height":495},{"@type":"BreadcrumbList","@id":"https:\/\/sarahandbendrix.com\/pt-br\/produto\/v-line-a-solution-essence-lipolitico-facial\/#breadcrumb","itemListElement":[{"@type":"ListItem","position":1,"name":"Casa","item":"https:\/\/sarahandbendrix.com\/pt-br\/"},{"@type":"ListItem","position":2,"name":"Loja","item":"https:\/\/sarahandbendrix.com\/pt-br\/?page_id=11851"},{"@type":"ListItem","position":3,"name":"V Line-A Solution Essence lipol\u00edtico facial"}]},{"@type":"WebSite","@id":"https:\/\/sarahandbendrix.com\/pt-br\/#website","url":"https:\/\/sarahandbendrix.com\/pt-br\/","name":"Sarahandbendrix","description":"Visite a nossa loja onde poder\u00e1 comprar as melhores marcas de produtos de preenchimento d\u00e9rmico, botox e mesoterapia","potentialAction":[{"@type":"SearchAction","target":{"@type":"EntryPoint","urlTemplate":"https:\/\/sarahandbendrix.com\/pt-br\/?s={search_term_string}"},"query-input":{"@type":"PropertyValueSpecification","valueRequired":true,"valueName":"search_term_string"}}],"inLanguage":"pt-BR"}]}},"_links":{"self":[{"href":"https:\/\/sarahandbendrix.com\/pt-br\/wp-json\/wp\/v2\/product\/13696","targetHints":{"allow":["GET"]}}],"collection":[{"href":"https:\/\/sarahandbendrix.com\/pt-br\/wp-json\/wp\/v2\/product"}],"about":[{"href":"https:\/\/sarahandbendrix.com\/pt-br\/wp-json\/wp\/v2\/types\/product"}],"replies":[{"embeddable":true,"href":"https:\/\/sarahandbendrix.com\/pt-br\/wp-json\/wp\/v2\/comments?post=13696"}],"version-history":[{"count":0,"href":"https:\/\/sarahandbendrix.com\/pt-br\/wp-json\/wp\/v2\/product\/13696\/revisions"}],"wp:featuredmedia":[{"embeddable":true,"href":"https:\/\/sarahandbendrix.com\/pt-br\/wp-json\/wp\/v2\/media\/10348"}],"wp:attachment":[{"href":"https:\/\/sarahandbendrix.com\/pt-br\/wp-json\/wp\/v2\/media?parent=13696"}],"wp:term":[{"taxonomy":"product_cat","embeddable":true,"href":"https:\/\/sarahandbendrix.com\/pt-br\/wp-json\/wp\/v2\/product_cat?post=13696"},{"taxonomy":"product_tag","embeddable":true,"href":"https:\/\/sarahandbendrix.com\/pt-br\/wp-json\/wp\/v2\/product_tag?post=13696"}],"curies":[{"name":"wp","href":"https:\/\/api.w.org\/{rel}","templated":true}]}}