{"id":12803,"date":"2024-02-10T00:06:15","date_gmt":"2024-02-10T00:06:15","guid":{"rendered":"https:\/\/sarahandbendrix.com\/product\/v-line-a-solution-essence-visage-lipolytique\/"},"modified":"2025-09-15T01:29:16","modified_gmt":"2025-09-15T01:29:16","slug":"v-line-a-solution-essence-visage-lipolytique","status":"publish","type":"product","link":"https:\/\/sarahandbendrix.com\/fr\/produit\/v-line-a-solution-essence-visage-lipolytique\/","title":{"rendered":"V Line-A Solution Essence visage lipolytique"},"content":{"rendered":"<p data-sourcepos=\"3:1-3:29\"><strong>V-Line A Solution Essence<\/strong><\/p>\n<ul data-sourcepos=\"5:1-8:8\">\n<li data-sourcepos=\"5:1-5:121\">V-Line A Solution Essence est un moyen s\u00fbr et efficace de r\u00e9duire la graisse du visage et d\u2019obtenir une m\u00e2choire plus mince et plus d\u00e9finie.<\/li>\n<li data-sourcepos=\"6:1-6:129\">Il contient un m\u00e9lange d\u2019ingr\u00e9dients naturels qui agissent ensemble pour dissoudre les cellules graisseuses, am\u00e9liorer la circulation et raffermir la peau.<\/li>\n<li data-sourcepos=\"7:1-7:70\">V-Line A Solution Essence est facile \u00e0 utiliser et peut \u00eatre appliqu\u00e9 \u00e0 la maison.<\/li>\n<li data-sourcepos=\"8:1-8:8\">Il suffit d\u2019appliquer quelques gouttes sur la zone souhait\u00e9e et de masser jusqu\u2019\u00e0 ce qu\u2019elle soit absorb\u00e9e.<\/li>\n<li data-sourcepos=\"9:1-10:0\">Pour de meilleurs r\u00e9sultats, utilisez V-Line A Solution Essence deux fois par jour.<\/li>\n<\/ul>\n<p data-sourcepos=\"11:1-11:13\"><strong>Fonctionnalit\u00e9s:<\/strong><\/p>\n<ul data-sourcepos=\"13:1-17:0\">\n<li data-sourcepos=\"13:1-13:20\">S\u00fbr et efficace<\/li>\n<li data-sourcepos=\"14:1-14:21\">Ingr\u00e9dients naturels<\/li>\n<li data-sourcepos=\"15:1-15:13\">Facile \u00e0 utiliser<\/li>\n<li data-sourcepos=\"16:1-17:0\">Abordable<\/li>\n<li data-sourcepos=\"16:1-17:0\">Conditionnement : 10 ml x 5<\/li>\n<\/ul>\n<p data-sourcepos=\"18:1-18:13\"><strong>Avantages :<\/strong><\/p>\n<ul data-sourcepos=\"20:1-24:0\">\n<li data-sourcepos=\"20:1-20:20\">R\u00e9duit la graisse du visage<\/li>\n<li data-sourcepos=\"21:1-21:19\">Amincit la m\u00e2choire<\/li>\n<li data-sourcepos=\"22:1-22:19\">Raffermit la peau<\/li>\n<li data-sourcepos=\"23:1-24:0\">Am\u00e9liore la circulation sanguine<\/li>\n<\/ul>\n<p data-sourcepos=\"25:1-25:16\"><strong>Ingr\u00e9dients:<\/strong><\/p>\n<ul data-sourcepos=\"27:1-32:0\">\n<li data-sourcepos=\"27:1-27:18\">Acide d\u00e9soxycholique<\/li>\n<li data-sourcepos=\"28:1-28:21\">Phosphatidylcholine<\/li>\n<li data-sourcepos=\"29:1-29:13\">L-carnitine<\/li>\n<li data-sourcepos=\"30:1-30:10\">Caf\u00e9ine<\/li>\n<li data-sourcepos=\"31:1-32:0\">Extrait de th\u00e9 vert<\/li>\n<\/ul>\n<p data-sourcepos=\"3:1-3:24\"><strong>Combien de traitements&nbsp;?<\/strong><\/p>\n<p data-sourcepos=\"5:1-5:30\">Cela d\u00e9pend de plusieurs facteurs :<\/p>\n<ul data-sourcepos=\"7:1-8:7\">\n<li data-sourcepos=\"7:1-7:58\"><strong>Les r\u00e9sultats souhait\u00e9s :<\/strong> La quantit\u00e9 de graisse que vous voulez perdre.<\/li>\n<li data-sourcepos=\"8:1-8:7\"><strong>Quantit\u00e9 de mati\u00e8res grasses :<\/strong> La quantit\u00e9 de graisse pr\u00e9sente dans la zone que vous traitez.<\/li>\n<li data-sourcepos=\"9:1-10:0\"><strong>La r\u00e9ponse de votre corps :<\/strong> La fa\u00e7on dont votre corps r\u00e9agit au traitement.<\/li>\n<\/ul>\n<p data-sourcepos=\"11:1-11:116\">En moyenne, <strong>attendez-vous \u00e0 3 \u00e0 5 injections<\/strong>. Une fois que les cellules graisseuses sont d\u00e9truites, elles ne peuvent plus stocker de graisse, vous n\u2019aurez donc pas besoin d\u2019autres traitements si vous \u00eates satisfait des r\u00e9sultats. <\/p>\n<p data-sourcepos=\"13:1-13:20\"><strong>Profondeur d\u2019injection&nbsp;:<\/strong><\/p>\n<ul data-sourcepos=\"15:1-16:11\">\n<li data-sourcepos=\"15:1-15:46\"><strong>Corps:<\/strong> Sous la peau (graisse sous-cutan\u00e9e).<\/li>\n<li data-sourcepos=\"16:1-16:11\"><strong>Visage:<\/strong> L\u00e9g\u00e8rement moins profond que sur le corps.<\/li>\n<\/ul>\n<p data-sourcepos=\"18:1-18:32\"><strong>Distance entre les injections :<\/strong><\/p>\n<ul data-sourcepos=\"20:1-22:0\">\n<li data-sourcepos=\"20:1-20:52\"><strong>Corps :<\/strong> espac\u00e9 de 1,5 \u00e0 2,5 cm, inject\u00e9 directement vers le bas.<\/li>\n<li data-sourcepos=\"21:1-22:0\"><strong>Visage :<\/strong> espac\u00e9 de 1 \u00e0 1,5 cm, inject\u00e9 directement vers le bas.<\/li>\n<\/ul>\n<p data-sourcepos=\"23:1-23:11\"><strong>Dosage:<\/strong><\/p>\n<ul data-sourcepos=\"25:1-25:34\">\n<li data-sourcepos=\"25:1-25:34\"><strong>Injections tous les 10-15 jours.<\/strong><\/li>\n<li data-sourcepos=\"26:1-29:35\"><strong>Corps:<\/strong>\n<ul data-sourcepos=\"27:5-29:35\">\n<li data-sourcepos=\"27:5-27:32\">Bras : 10-15ml par s\u00e9ance.<\/li>\n<li data-sourcepos=\"28:5-28:34\">Cuisses : 20-30ml par s\u00e9ance.<\/li>\n<li data-sourcepos=\"29:5-29:35\">Estomac : 20-30ml par s\u00e9ance.<\/li>\n<\/ul>\n<\/li>\n<li data-sourcepos=\"30:1-33:0\"><strong>Visage:<\/strong>\n<ul data-sourcepos=\"31:5-33:0\">\n<li data-sourcepos=\"31:5-31:30\">Visage : 5 \u00e0 7 ml par s\u00e9ance.<\/li>\n<li data-sourcepos=\"32:5-33:0\">Menton : 4 \u00e0 6 ml par s\u00e9ance.<\/li>\n<\/ul>\n<\/li>\n<\/ul>\n<p data-sourcepos=\"34:1-34:191\"><strong>Se souvenir:<\/strong> Ces informations sont fournies \u00e0 titre informatif uniquement et ne doivent pas \u00eatre utilis\u00e9es comme des conseils m\u00e9dicaux. Consultez toujours un professionnel de la sant\u00e9 qualifi\u00e9 avant de subir des injections. <\/p>\n<p data-sourcepos=\"40:1-40:13\"><strong>Avertissements:<\/strong><\/p>\n<ul data-sourcepos=\"42:1-46:0\">\n<li class=\"animating\" data-sourcepos=\"43:1-43:36\"><span class=\"citation-0 animating\">\u00c9viter tout contact avec les yeux et la bouche.<\/span><\/li>\n<li class=\"animating\" data-sourcepos=\"44:1-44:39\"><span class=\"citation-0 animating\">Cesser l\u2019utilisation en cas d\u2019irritation.<\/span><\/li>\n<li class=\"animating\" data-sourcepos=\"45:1-46:0\"><span class=\"citation-0 citation-end-0 animating\">Tenir hors de port\u00e9e des enfants.<\/span><\/li>\n<\/ul>\n<p data-sourcepos=\"47:1-47:12\"><strong>Stockage:<\/strong><\/p>\n<ul data-sourcepos=\"49:1-51:0\">\n<li data-sourcepos=\"49:1-49:29\">Conserver dans un endroit frais et sec.<\/li>\n<li data-sourcepos=\"50:1-51:0\">Tenir \u00e0 l\u2019abri de la lumi\u00e8re directe du soleil.<\/li>\n<\/ul>\n<p data-sourcepos=\"52:1-52:102\"><strong>Commandez votre bouteille de V-Line A Solution Essence d\u00e8s aujourd\u2019hui et commencez \u00e0 voir des r\u00e9sultats en quelques semaines seulement !<\/strong><\/p>\n","protected":false},"excerpt":{"rendered":"<p>V-Line A s\u2019attaque \u00e0 la graisse tenace du menton et des joues ! Ce traitement non chirurgical dissout les cellules graisseuses, m\u00eame celles qui r\u00e9sistent \u00e0 l\u2019alimentation et \u00e0 l\u2019exercice. Obtenez des r\u00e9sultats en plusieurs traitements sans temps d\u2019arr\u00eat.  <\/p>\n","protected":false},"featured_media":10334,"comment_status":"open","ping_status":"open","template":"","meta":[],"product_cat":[258,254],"product_tag":[],"class_list":{"0":"post-12803","1":"product","2":"type-product","3":"status-publish","4":"has-post-thumbnail","6":"product_cat-injections-lipolytiques","7":"product_cat-mesotherapie-fr","9":"first","10":"instock","11":"shipping-taxable","12":"purchasable","13":"product-type-simple"},"yoast_head":"<!-- This site is optimized with the Yoast SEO plugin v27.2 - https:\/\/yoast.com\/product\/yoast-seo-wordpress\/ -->\n<title>Acheter V Line-A Solution Essence visage lipolytique en ligne - Sarahandbendrix.com<\/title>\n<meta name=\"robots\" content=\"index, follow, max-snippet:-1, max-image-preview:large, max-video-preview:-1\" \/>\n<link rel=\"canonical\" href=\"https:\/\/sarahandbendrix.com\/fr\/produit\/v-line-a-solution-essence-visage-lipolytique\/\" \/>\n<meta property=\"og:locale\" content=\"fr_FR\" \/>\n<meta property=\"og:type\" content=\"article\" \/>\n<meta property=\"og:title\" content=\"Acheter V Line-A Solution Essence visage lipolytique en ligne - Sarahandbendrix.com\" \/>\n<meta property=\"og:description\" content=\"V-Line A s\u2019attaque \u00e0 la graisse tenace du menton et des joues ! Ce traitement non chirurgical dissout les cellules graisseuses, m\u00eame celles qui r\u00e9sistent \u00e0 l\u2019alimentation et \u00e0 l\u2019exercice. Obtenez des r\u00e9sultats en plusieurs traitements sans temps d\u2019arr\u00eat.\" \/>\n<meta property=\"og:url\" content=\"https:\/\/sarahandbendrix.com\/fr\/produit\/v-line-a-solution-essence-visage-lipolytique\/\" \/>\n<meta property=\"og:site_name\" content=\"Sarahandbendrix.com\" \/>\n<meta property=\"article:modified_time\" content=\"2025-09-15T01:29:16+00:00\" \/>\n<meta property=\"og:image\" content=\"https:\/\/sarahandbendrix.com\/wp-content\/uploads\/2024\/02\/V-Line-A-Solution-Essence.png\" \/>\n\t<meta property=\"og:image:width\" content=\"491\" \/>\n\t<meta property=\"og:image:height\" content=\"495\" \/>\n\t<meta property=\"og:image:type\" content=\"image\/png\" \/>\n<meta name=\"twitter:card\" content=\"summary_large_image\" \/>\n<meta name=\"twitter:label1\" content=\"Estimation de l\u2019heure de la lecture \" \/>\n\t<meta name=\"twitter:data1\" content=\"2 minute\" \/>\n<script type=\"application\/ld+json\" class=\"yoast-schema-graph\">{\"@context\":\"https:\/\/schema.org\",\"@graph\":[{\"@type\":\"WebPage\",\"@id\":\"https:\/\/sarahandbendrix.com\/fr\/produit\/v-line-a-solution-essence-visage-lipolytique\/\",\"url\":\"https:\/\/sarahandbendrix.com\/fr\/produit\/v-line-a-solution-essence-visage-lipolytique\/\",\"name\":\"Acheter V Line-A Solution Essence visage lipolytique en ligne - Sarahandbendrix.com\",\"isPartOf\":{\"@id\":\"https:\/\/sarahandbendrix.com\/fr\/#website\"},\"primaryImageOfPage\":{\"@id\":\"https:\/\/sarahandbendrix.com\/fr\/produit\/v-line-a-solution-essence-visage-lipolytique\/#primaryimage\"},\"image\":{\"@id\":\"https:\/\/sarahandbendrix.com\/fr\/produit\/v-line-a-solution-essence-visage-lipolytique\/#primaryimage\"},\"thumbnailUrl\":\"https:\/\/sarahandbendrix.com\/wp-content\/uploads\/2024\/02\/V-Line-A-Solution-Essence.png\",\"datePublished\":\"2024-02-10T00:06:15+00:00\",\"dateModified\":\"2025-09-15T01:29:16+00:00\",\"breadcrumb\":{\"@id\":\"https:\/\/sarahandbendrix.com\/fr\/produit\/v-line-a-solution-essence-visage-lipolytique\/#breadcrumb\"},\"inLanguage\":\"fr-FR\",\"potentialAction\":[{\"@type\":\"ReadAction\",\"target\":[\"https:\/\/sarahandbendrix.com\/fr\/produit\/v-line-a-solution-essence-visage-lipolytique\/\"]}]},{\"@type\":\"ImageObject\",\"inLanguage\":\"fr-FR\",\"@id\":\"https:\/\/sarahandbendrix.com\/fr\/produit\/v-line-a-solution-essence-visage-lipolytique\/#primaryimage\",\"url\":\"https:\/\/sarahandbendrix.com\/wp-content\/uploads\/2024\/02\/V-Line-A-Solution-Essence.png\",\"contentUrl\":\"https:\/\/sarahandbendrix.com\/wp-content\/uploads\/2024\/02\/V-Line-A-Solution-Essence.png\",\"width\":491,\"height\":495},{\"@type\":\"BreadcrumbList\",\"@id\":\"https:\/\/sarahandbendrix.com\/fr\/produit\/v-line-a-solution-essence-visage-lipolytique\/#breadcrumb\",\"itemListElement\":[{\"@type\":\"ListItem\",\"position\":1,\"name\":\"Domicile\",\"item\":\"https:\/\/sarahandbendrix.com\/fr\/\"},{\"@type\":\"ListItem\",\"position\":2,\"name\":\"Boutique\",\"item\":\"https:\/\/sarahandbendrix.com\/fr\/?page_id=11808\"},{\"@type\":\"ListItem\",\"position\":3,\"name\":\"V Line-A Solution Essence visage lipolytique\"}]},{\"@type\":\"WebSite\",\"@id\":\"https:\/\/sarahandbendrix.com\/fr\/#website\",\"url\":\"https:\/\/sarahandbendrix.com\/fr\/\",\"name\":\"Sarahandbendrix\",\"description\":\"Visitez notre boutique o\u00f9 vous pouvez acheter les meilleures marques de produits de comblement cutan\u00e9, de botox et de produits de m\u00e9soth\u00e9rapie.\",\"potentialAction\":[{\"@type\":\"SearchAction\",\"target\":{\"@type\":\"EntryPoint\",\"urlTemplate\":\"https:\/\/sarahandbendrix.com\/fr\/?s={search_term_string}\"},\"query-input\":{\"@type\":\"PropertyValueSpecification\",\"valueRequired\":true,\"valueName\":\"search_term_string\"}}],\"inLanguage\":\"fr-FR\"}]}<\/script>\n<!-- \/ Yoast SEO plugin. -->","yoast_head_json":{"title":"Acheter V Line-A Solution Essence visage lipolytique en ligne - Sarahandbendrix.com","robots":{"index":"index","follow":"follow","max-snippet":"max-snippet:-1","max-image-preview":"max-image-preview:large","max-video-preview":"max-video-preview:-1"},"canonical":"https:\/\/sarahandbendrix.com\/fr\/produit\/v-line-a-solution-essence-visage-lipolytique\/","og_locale":"fr_FR","og_type":"article","og_title":"Acheter V Line-A Solution Essence visage lipolytique en ligne - Sarahandbendrix.com","og_description":"V-Line A s\u2019attaque \u00e0 la graisse tenace du menton et des joues ! Ce traitement non chirurgical dissout les cellules graisseuses, m\u00eame celles qui r\u00e9sistent \u00e0 l\u2019alimentation et \u00e0 l\u2019exercice. Obtenez des r\u00e9sultats en plusieurs traitements sans temps d\u2019arr\u00eat.","og_url":"https:\/\/sarahandbendrix.com\/fr\/produit\/v-line-a-solution-essence-visage-lipolytique\/","og_site_name":"Sarahandbendrix.com","article_modified_time":"2025-09-15T01:29:16+00:00","og_image":[{"width":491,"height":495,"url":"https:\/\/sarahandbendrix.com\/wp-content\/uploads\/2024\/02\/V-Line-A-Solution-Essence.png","type":"image\/png"}],"twitter_card":"summary_large_image","twitter_misc":{"Estimation de l\u2019heure de la lecture ":"2 minute"},"schema":{"@context":"https:\/\/schema.org","@graph":[{"@type":"WebPage","@id":"https:\/\/sarahandbendrix.com\/fr\/produit\/v-line-a-solution-essence-visage-lipolytique\/","url":"https:\/\/sarahandbendrix.com\/fr\/produit\/v-line-a-solution-essence-visage-lipolytique\/","name":"Acheter V Line-A Solution Essence visage lipolytique en ligne - Sarahandbendrix.com","isPartOf":{"@id":"https:\/\/sarahandbendrix.com\/fr\/#website"},"primaryImageOfPage":{"@id":"https:\/\/sarahandbendrix.com\/fr\/produit\/v-line-a-solution-essence-visage-lipolytique\/#primaryimage"},"image":{"@id":"https:\/\/sarahandbendrix.com\/fr\/produit\/v-line-a-solution-essence-visage-lipolytique\/#primaryimage"},"thumbnailUrl":"https:\/\/sarahandbendrix.com\/wp-content\/uploads\/2024\/02\/V-Line-A-Solution-Essence.png","datePublished":"2024-02-10T00:06:15+00:00","dateModified":"2025-09-15T01:29:16+00:00","breadcrumb":{"@id":"https:\/\/sarahandbendrix.com\/fr\/produit\/v-line-a-solution-essence-visage-lipolytique\/#breadcrumb"},"inLanguage":"fr-FR","potentialAction":[{"@type":"ReadAction","target":["https:\/\/sarahandbendrix.com\/fr\/produit\/v-line-a-solution-essence-visage-lipolytique\/"]}]},{"@type":"ImageObject","inLanguage":"fr-FR","@id":"https:\/\/sarahandbendrix.com\/fr\/produit\/v-line-a-solution-essence-visage-lipolytique\/#primaryimage","url":"https:\/\/sarahandbendrix.com\/wp-content\/uploads\/2024\/02\/V-Line-A-Solution-Essence.png","contentUrl":"https:\/\/sarahandbendrix.com\/wp-content\/uploads\/2024\/02\/V-Line-A-Solution-Essence.png","width":491,"height":495},{"@type":"BreadcrumbList","@id":"https:\/\/sarahandbendrix.com\/fr\/produit\/v-line-a-solution-essence-visage-lipolytique\/#breadcrumb","itemListElement":[{"@type":"ListItem","position":1,"name":"Domicile","item":"https:\/\/sarahandbendrix.com\/fr\/"},{"@type":"ListItem","position":2,"name":"Boutique","item":"https:\/\/sarahandbendrix.com\/fr\/?page_id=11808"},{"@type":"ListItem","position":3,"name":"V Line-A Solution Essence visage lipolytique"}]},{"@type":"WebSite","@id":"https:\/\/sarahandbendrix.com\/fr\/#website","url":"https:\/\/sarahandbendrix.com\/fr\/","name":"Sarahandbendrix","description":"Visitez notre boutique o\u00f9 vous pouvez acheter les meilleures marques de produits de comblement cutan\u00e9, de botox et de produits de m\u00e9soth\u00e9rapie.","potentialAction":[{"@type":"SearchAction","target":{"@type":"EntryPoint","urlTemplate":"https:\/\/sarahandbendrix.com\/fr\/?s={search_term_string}"},"query-input":{"@type":"PropertyValueSpecification","valueRequired":true,"valueName":"search_term_string"}}],"inLanguage":"fr-FR"}]}},"_links":{"self":[{"href":"https:\/\/sarahandbendrix.com\/fr\/wp-json\/wp\/v2\/product\/12803","targetHints":{"allow":["GET"]}}],"collection":[{"href":"https:\/\/sarahandbendrix.com\/fr\/wp-json\/wp\/v2\/product"}],"about":[{"href":"https:\/\/sarahandbendrix.com\/fr\/wp-json\/wp\/v2\/types\/product"}],"replies":[{"embeddable":true,"href":"https:\/\/sarahandbendrix.com\/fr\/wp-json\/wp\/v2\/comments?post=12803"}],"version-history":[{"count":0,"href":"https:\/\/sarahandbendrix.com\/fr\/wp-json\/wp\/v2\/product\/12803\/revisions"}],"wp:featuredmedia":[{"embeddable":true,"href":"https:\/\/sarahandbendrix.com\/fr\/wp-json\/wp\/v2\/media\/10334"}],"wp:attachment":[{"href":"https:\/\/sarahandbendrix.com\/fr\/wp-json\/wp\/v2\/media?parent=12803"}],"wp:term":[{"taxonomy":"product_cat","embeddable":true,"href":"https:\/\/sarahandbendrix.com\/fr\/wp-json\/wp\/v2\/product_cat?post=12803"},{"taxonomy":"product_tag","embeddable":true,"href":"https:\/\/sarahandbendrix.com\/fr\/wp-json\/wp\/v2\/product_tag?post=12803"}],"curies":[{"name":"wp","href":"https:\/\/api.w.org\/{rel}","templated":true}]}}