{"id":367,"date":"2026-04-08T21:35:52","date_gmt":"2026-04-08T21:35:52","guid":{"rendered":"https:\/\/sarahandbendrix.com\/product\/radiesse-15-ml-con-lidocaina\/"},"modified":"2026-04-08T21:35:52","modified_gmt":"2026-04-08T21:35:52","slug":"radiesse-15-ml-con-lidocaina","status":"publish","type":"product","link":"https:\/\/sarahandbendrix.com\/es\/product\/radiesse-15-ml-con-lidocaina\/","title":{"rendered":"Radiesse 1,5 ml con lidoca\u00edna"},"content":{"rendered":"<p data-path-to-node=\"2\"><b data-path-to-node=\"2\" data-index-in-node=\"0\">Radiesse<\/b> es uno de los bioestimuladores y rellenos voluminizadores m\u00e1s vers\u00e1tiles del mercado, fabricado por Merz Aesthetics. A diferencia de los rellenos tradicionales a base de \u00e1cido hialur\u00f3nico, Radiesse est\u00e1 compuesto por microesferas de <b data-path-to-node=\"2\" data-index-in-node=\"198\">hidroxiapatita c\u00e1lcica (CaHA)<\/b>, una sustancia biocompatible que proporciona volumen inmediato y estimulaci\u00f3n de col\u00e1geno a largo plazo. <\/p>\n<h3 data-path-to-node=\"3\"><b data-path-to-node=\"3\" data-index-in-node=\"0\">Indicaciones cl\u00ednicas y zonas de tratamiento<\/b><\/h3>\n<p data-path-to-node=\"4\">Radiesse est\u00e1 indicado para el tratamiento de imperfecciones profundas y la remodelaci\u00f3n estructural del rostro y el cuerpo:<\/p>\n<ul data-path-to-node=\"5\">\n<li>\n<p data-path-to-node=\"5,0,0\"><b data-path-to-node=\"5,0,0\" data-index-in-node=\"0\">Pliegues nasolabiales:<\/b> Correcci\u00f3n de arrugas y pliegues de moderados a severos.<\/p>\n<\/li>\n<li>\n<p data-path-to-node=\"5,1,0\"><b data-path-to-node=\"5,1,0\" data-index-in-node=\"0\">L\u00edneas de marioneta:<\/b> Elevaci\u00f3n de las comisuras y rejuvenecimiento de la zona perioral.<\/p>\n<\/li>\n<li>\n<p data-path-to-node=\"5,2,0\"><b data-path-to-node=\"5,2,0\" data-index-in-node=\"0\">Redefinici\u00f3n de la l\u00ednea mandibular:<\/b> Creaci\u00f3n de un perfil mandibular m\u00e1s definido y esculpido.<\/p>\n<\/li>\n<li>\n<p data-path-to-node=\"5,3,0\"><b data-path-to-node=\"5,3,0\" data-index-in-node=\"0\">Voluminizaci\u00f3n de p\u00f3mulos:<\/b> Restauraci\u00f3n del volumen perdido en la zona media del rostro.<\/p>\n<\/li>\n<li>\n<p data-path-to-node=\"5,4,0\"><b data-path-to-node=\"5,4,0\" data-index-in-node=\"0\">Rejuvenecimiento de manos:<\/b> Restauraci\u00f3n de volumen en el dorso de las manos para disminuir la apariencia de venas y tendones visibles.<\/p>\n<\/li>\n<\/ul>\n<hr data-path-to-node=\"6\">\n<h3 data-path-to-node=\"7\"><b data-path-to-node=\"7\" data-index-in-node=\"0\">Excelencia t\u00e9cnica: la f\u00f3rmula de doble acci\u00f3n<\/b><\/h3>\n<ol start=\"1\" data-path-to-node=\"8\">\n<li>\n<p data-path-to-node=\"8,0,0\"><b data-path-to-node=\"8,0,0\" data-index-in-node=\"0\">Efecto de relleno inmediato:<\/b> Tras la inyecci\u00f3n, el gel portador de carboximetilcelulosa (CMC) proporciona una correcci\u00f3n instant\u00e1nea de vol\u00famenes y arrugas.<\/p>\n<\/li>\n<li>\n<p data-path-to-node=\"8,1,0\"><b data-path-to-node=\"8,1,0\" data-index-in-node=\"0\">Bioestimulaci\u00f3n a largo plazo:<\/b> Las microesferas de CaHA act\u00faan como un andamiaje que estimula a los fibroblastos para producir nuevo <b data-path-to-node=\"8,1,0\" data-index-in-node=\"109\">col\u00e1geno tipo I<\/b> y <b data-path-to-node=\"8,1,0\" data-index-in-node=\"129\">elastina<\/b>. Incluso despu\u00e9s de que el gel portador sea absorbido de forma natural por el organismo, la red de col\u00e1geno reci\u00e9n formada mantiene los resultados estructurales durante meses. <\/p>\n<\/li>\n<\/ol>\n<h3 data-path-to-node=\"9\"><b data-path-to-node=\"9\" data-index-in-node=\"0\">La ventaja profesional<\/b><\/h3>\n<ul data-path-to-node=\"10\">\n<li>\n<p data-path-to-node=\"10,0,0\"><b data-path-to-node=\"10,0,0\" data-index-in-node=\"0\">Mayor duraci\u00f3n:<\/b> Los resultados suelen durar de <b data-path-to-node=\"10,0,0\" data-index-in-node=\"43\">12 a 18 meses<\/b>, significativamente m\u00e1s que la mayor\u00eda de los rellenos est\u00e1ndar de AH.<\/p>\n<\/li>\n<li>\n<p data-path-to-node=\"10,1,0\"><b data-path-to-node=\"10,1,0\" data-index-in-node=\"0\">Efecto lifting natural:<\/b> Ideal para pacientes que buscan mejorar la textura y la firmeza de la piel sin un aspecto \u00absobrerrelleno\u00bb o \u00abartificial\u00bb.<\/p>\n<\/li>\n<li>\n<p data-path-to-node=\"10,2,0\"><b data-path-to-node=\"10,2,0\" data-index-in-node=\"0\">Alta viscoelasticidad:<\/b> Su reolog\u00eda \u00fanica garantiza que el producto permanezca exactamente donde se inyecta, permitiendo la m\u00e1xima precisi\u00f3n en el contorneado facial y el lifting.<\/p>\n<\/li>\n<li>\n<p data-path-to-node=\"10,3,0\"><b data-path-to-node=\"10,3,0\" data-index-in-node=\"0\">Alto perfil de seguridad:<\/b> Basado en un componente mineral presente de forma natural en el cuerpo humano, lo que garantiza una excelente biocompatibilidad.<\/p>\n<\/li>\n<\/ul>\n<hr data-path-to-node=\"11\">\n<h3 data-path-to-node=\"12\"><b data-path-to-node=\"12\" data-index-in-node=\"0\">AVISO LEGAL SOBRE MARCAS Y DISTRIBUCI\u00d3N<\/b><\/h3>\n<p data-path-to-node=\"13\"><i data-path-to-node=\"13\" data-index-in-node=\"0\">Esta plataforma de comercio electr\u00f3nico opera como distribuidor independiente de productos est\u00e9ticos aut\u00e9nticos. No estamos afiliados a, ni respaldados por, ni somos distribuidor autorizado de Merz Aesthetics ni de la marca Radiesse. Todos los nombres de marca, marcas registradas y logotipos son propiedad de sus respectivos titulares y se utilizan aqu\u00ed \u00fanicamente con fines descriptivos y de identificaci\u00f3n.  <\/i><\/p>\n<hr data-path-to-node=\"14\">\n<h3 data-path-to-node=\"15\"><b data-path-to-node=\"15\" data-index-in-node=\"0\">Seguridad y administraci\u00f3n<\/b><\/h3>\n<blockquote data-path-to-node=\"16\">\n<p data-path-to-node=\"16,0\"><b data-path-to-node=\"16,0\" data-index-in-node=\"0\">Solo para uso profesional:<\/b> Radiesse debe ser administrado \u00fanicamente por profesionales sanitarios con licencia. Por lo general, se inyecta en la dermis profunda o en el plano subd\u00e9rmico mediante agujas o c\u00e1nulas, seg\u00fan la zona de tratamiento. <\/p>\n<\/blockquote>\n<ul data-path-to-node=\"17\">\n<li>\n<p data-path-to-node=\"17,0,0\"><b data-path-to-node=\"17,0,0\" data-index-in-node=\"0\">Contenido de la caja:<\/b> 1 jeringa precargada de 1,5 ml.<\/p>\n<\/li>\n<li>\n<p data-path-to-node=\"17,1,0\"><b data-path-to-node=\"17,1,0\" data-index-in-node=\"0\">Conservaci\u00f3n:<\/b> Conservar a temperatura ambiente (<b data-path-to-node=\"17,1,0\" data-index-in-node=\"36\">15 \u00b0C a 32 \u00b0C<\/b>). Proteger de la luz solar directa. <\/p>\n<\/li>\n<\/ul>\n","protected":false},"excerpt":{"rendered":"<p><b data-path-to-node=\"20\" data-index-in-node=\"0\">Radiesse<\/b> es un relleno bioestimulante de alto rendimiento a base de hidroxiapatita c\u00e1lcica. Ofrece una soluci\u00f3n de doble acci\u00f3n: correcci\u00f3n inmediata del volumen y s\u00edntesis natural de col\u00e1geno a largo plazo. Perfecto para el contorneado de la l\u00ednea mandibular y el rejuvenecimiento de manos, proporciona resultados duraderos y de aspecto natural hasta 18 meses.  <\/p>\n","protected":false},"featured_media":140,"comment_status":"open","ping_status":"closed","template":"","meta":{"_monsterinsights_skip_tracking":false,"_monsterinsights_sitenote_active":false,"_monsterinsights_sitenote_note":"","_monsterinsights_sitenote_category":0},"product_brand":[],"product_cat":[77],"product_tag":[83],"class_list":{"0":"post-367","1":"product","2":"type-product","3":"status-publish","4":"has-post-thumbnail","6":"product_cat-bioestimuladores","7":"product_tag-bioestimulador-de-hidroxiapatita-calcica","9":"first","10":"instock","11":"shipping-taxable","12":"purchasable","13":"product-type-simple"},"yoast_head":"<!-- This site is optimized with the Yoast SEO plugin v27.5 - https:\/\/yoast.com\/product\/yoast-seo-wordpress\/ -->\n<title>Comprar Radiesse 1,5 ml con lidoca\u00edna online - Precios al por mayor - Sarahandbendrix.com<\/title>\n<meta name=\"robots\" content=\"index, follow, max-snippet:-1, max-image-preview:large, max-video-preview:-1\" \/>\n<link rel=\"canonical\" href=\"https:\/\/sarahandbendrix.com\/es\/product\/radiesse-15-ml-con-lidocaina\/\" \/>\n<meta property=\"og:locale\" content=\"es_ES\" \/>\n<meta property=\"og:type\" content=\"article\" \/>\n<meta property=\"og:title\" content=\"Comprar Radiesse 1,5 ml con lidoca\u00edna online - Precios al por mayor - Sarahandbendrix.com\" \/>\n<meta property=\"og:description\" content=\"Radiesse es un relleno bioestimulante de alto rendimiento a base de hidroxiapatita c\u00e1lcica. Ofrece una soluci\u00f3n de doble acci\u00f3n: correcci\u00f3n inmediata del volumen y s\u00edntesis natural de col\u00e1geno a largo plazo. Perfecto para el contorneado de la l\u00ednea mandibular y el rejuvenecimiento de manos, proporciona resultados duraderos y de aspecto natural hasta 18 meses.\" \/>\n<meta property=\"og:url\" content=\"https:\/\/sarahandbendrix.com\/es\/product\/radiesse-15-ml-con-lidocaina\/\" \/>\n<meta property=\"og:site_name\" content=\"Sarahandbendrix.com\" \/>\n<meta property=\"og:image\" content=\"https:\/\/sarahandbendrix.com\/wp-content\/uploads\/2026\/04\/Radiesse-Lidocaine.jpg\" \/>\n\t<meta property=\"og:image:width\" content=\"1000\" \/>\n\t<meta property=\"og:image:height\" content=\"1000\" \/>\n\t<meta property=\"og:image:type\" content=\"image\/jpeg\" \/>\n<meta name=\"twitter:card\" content=\"summary_large_image\" \/>\n<meta name=\"twitter:label1\" content=\"Tiempo de lectura\" \/>\n\t<meta name=\"twitter:data1\" content=\"2 minutos\" \/>\n<script type=\"application\/ld+json\" class=\"yoast-schema-graph\">{\"@context\":\"https:\\\/\\\/schema.org\",\"@graph\":[{\"@type\":\"WebPage\",\"@id\":\"https:\\\/\\\/sarahandbendrix.com\\\/es\\\/product\\\/radiesse-15-ml-con-lidocaina\\\/\",\"url\":\"https:\\\/\\\/sarahandbendrix.com\\\/es\\\/product\\\/radiesse-15-ml-con-lidocaina\\\/\",\"name\":\"Comprar Radiesse 1,5 ml con lidoca\u00edna online - Precios al por mayor - Sarahandbendrix.com\",\"isPartOf\":{\"@id\":\"https:\\\/\\\/sarahandbendrix.com\\\/es\\\/#website\"},\"primaryImageOfPage\":{\"@id\":\"https:\\\/\\\/sarahandbendrix.com\\\/es\\\/product\\\/radiesse-15-ml-con-lidocaina\\\/#primaryimage\"},\"image\":{\"@id\":\"https:\\\/\\\/sarahandbendrix.com\\\/es\\\/product\\\/radiesse-15-ml-con-lidocaina\\\/#primaryimage\"},\"thumbnailUrl\":\"https:\\\/\\\/sarahandbendrix.com\\\/wp-content\\\/uploads\\\/2026\\\/04\\\/Radiesse-Lidocaine.jpg\",\"datePublished\":\"2026-04-08T21:35:52+00:00\",\"breadcrumb\":{\"@id\":\"https:\\\/\\\/sarahandbendrix.com\\\/es\\\/product\\\/radiesse-15-ml-con-lidocaina\\\/#breadcrumb\"},\"inLanguage\":\"es\",\"potentialAction\":[{\"@type\":\"ReadAction\",\"target\":[\"https:\\\/\\\/sarahandbendrix.com\\\/es\\\/product\\\/radiesse-15-ml-con-lidocaina\\\/\"]}]},{\"@type\":\"ImageObject\",\"inLanguage\":\"es\",\"@id\":\"https:\\\/\\\/sarahandbendrix.com\\\/es\\\/product\\\/radiesse-15-ml-con-lidocaina\\\/#primaryimage\",\"url\":\"https:\\\/\\\/sarahandbendrix.com\\\/wp-content\\\/uploads\\\/2026\\\/04\\\/Radiesse-Lidocaine.jpg\",\"contentUrl\":\"https:\\\/\\\/sarahandbendrix.com\\\/wp-content\\\/uploads\\\/2026\\\/04\\\/Radiesse-Lidocaine.jpg\",\"width\":1000,\"height\":1000},{\"@type\":\"BreadcrumbList\",\"@id\":\"https:\\\/\\\/sarahandbendrix.com\\\/es\\\/product\\\/radiesse-15-ml-con-lidocaina\\\/#breadcrumb\",\"itemListElement\":[{\"@type\":\"ListItem\",\"position\":1,\"name\":\"Inicio\",\"item\":\"https:\\\/\\\/sarahandbendrix.com\\\/es\\\/tienda\\\/\"},{\"@type\":\"ListItem\",\"position\":2,\"name\":\"Tienda\",\"item\":\"https:\\\/\\\/sarahandbendrix.com\\\/es\\\/tienda\\\/\"},{\"@type\":\"ListItem\",\"position\":3,\"name\":\"Radiesse 1,5 ml con lidoca\u00edna\"}]},{\"@type\":\"WebSite\",\"@id\":\"https:\\\/\\\/sarahandbendrix.com\\\/es\\\/#website\",\"url\":\"https:\\\/\\\/sarahandbendrix.com\\\/es\\\/\",\"name\":\"Buy Korean Fillers and Botox Wholesale on sarahandbendrix\",\"description\":\"Buy Korean botox, dermal fillers &amp; meso products online. Apply for wholesale pricing on professional aesthetic supplies.\",\"publisher\":{\"@id\":\"https:\\\/\\\/sarahandbendrix.com\\\/es\\\/#organization\"},\"potentialAction\":[{\"@type\":\"SearchAction\",\"target\":{\"@type\":\"EntryPoint\",\"urlTemplate\":\"https:\\\/\\\/sarahandbendrix.com\\\/es\\\/?s={search_term_string}\"},\"query-input\":{\"@type\":\"PropertyValueSpecification\",\"valueRequired\":true,\"valueName\":\"search_term_string\"}}],\"inLanguage\":\"es\"},{\"@type\":\"Organization\",\"@id\":\"https:\\\/\\\/sarahandbendrix.com\\\/es\\\/#organization\",\"name\":\"Buy Korean Fillers and Botox Wholesale on sarahandbendrix\",\"url\":\"https:\\\/\\\/sarahandbendrix.com\\\/es\\\/\",\"logo\":{\"@type\":\"ImageObject\",\"inLanguage\":\"es\",\"@id\":\"https:\\\/\\\/sarahandbendrix.com\\\/es\\\/#\\\/schema\\\/logo\\\/image\\\/\",\"url\":\"https:\\\/\\\/sarahandbendrix.com\\\/wp-content\\\/uploads\\\/2026\\\/04\\\/cropped-cropped-ChatGPT-Image-21-apr-2026-18_38_12-1.png\",\"contentUrl\":\"https:\\\/\\\/sarahandbendrix.com\\\/wp-content\\\/uploads\\\/2026\\\/04\\\/cropped-cropped-ChatGPT-Image-21-apr-2026-18_38_12-1.png\",\"width\":1032,\"height\":586,\"caption\":\"Buy Korean Fillers and Botox Wholesale on sarahandbendrix\"},\"image\":{\"@id\":\"https:\\\/\\\/sarahandbendrix.com\\\/es\\\/#\\\/schema\\\/logo\\\/image\\\/\"}}]}<\/script>\n<!-- \/ Yoast SEO plugin. -->","yoast_head_json":{"title":"Comprar Radiesse 1,5 ml con lidoca\u00edna online - Precios al por mayor - Sarahandbendrix.com","robots":{"index":"index","follow":"follow","max-snippet":"max-snippet:-1","max-image-preview":"max-image-preview:large","max-video-preview":"max-video-preview:-1"},"canonical":"https:\/\/sarahandbendrix.com\/es\/product\/radiesse-15-ml-con-lidocaina\/","og_locale":"es_ES","og_type":"article","og_title":"Comprar Radiesse 1,5 ml con lidoca\u00edna online - Precios al por mayor - Sarahandbendrix.com","og_description":"Radiesse es un relleno bioestimulante de alto rendimiento a base de hidroxiapatita c\u00e1lcica. Ofrece una soluci\u00f3n de doble acci\u00f3n: correcci\u00f3n inmediata del volumen y s\u00edntesis natural de col\u00e1geno a largo plazo. Perfecto para el contorneado de la l\u00ednea mandibular y el rejuvenecimiento de manos, proporciona resultados duraderos y de aspecto natural hasta 18 meses.","og_url":"https:\/\/sarahandbendrix.com\/es\/product\/radiesse-15-ml-con-lidocaina\/","og_site_name":"Sarahandbendrix.com","og_image":[{"width":1000,"height":1000,"url":"https:\/\/sarahandbendrix.com\/wp-content\/uploads\/2026\/04\/Radiesse-Lidocaine.jpg","type":"image\/jpeg"}],"twitter_card":"summary_large_image","twitter_misc":{"Tiempo de lectura":"2 minutos"},"schema":{"@context":"https:\/\/schema.org","@graph":[{"@type":"WebPage","@id":"https:\/\/sarahandbendrix.com\/es\/product\/radiesse-15-ml-con-lidocaina\/","url":"https:\/\/sarahandbendrix.com\/es\/product\/radiesse-15-ml-con-lidocaina\/","name":"Comprar Radiesse 1,5 ml con lidoca\u00edna online - Precios al por mayor - Sarahandbendrix.com","isPartOf":{"@id":"https:\/\/sarahandbendrix.com\/es\/#website"},"primaryImageOfPage":{"@id":"https:\/\/sarahandbendrix.com\/es\/product\/radiesse-15-ml-con-lidocaina\/#primaryimage"},"image":{"@id":"https:\/\/sarahandbendrix.com\/es\/product\/radiesse-15-ml-con-lidocaina\/#primaryimage"},"thumbnailUrl":"https:\/\/sarahandbendrix.com\/wp-content\/uploads\/2026\/04\/Radiesse-Lidocaine.jpg","datePublished":"2026-04-08T21:35:52+00:00","breadcrumb":{"@id":"https:\/\/sarahandbendrix.com\/es\/product\/radiesse-15-ml-con-lidocaina\/#breadcrumb"},"inLanguage":"es","potentialAction":[{"@type":"ReadAction","target":["https:\/\/sarahandbendrix.com\/es\/product\/radiesse-15-ml-con-lidocaina\/"]}]},{"@type":"ImageObject","inLanguage":"es","@id":"https:\/\/sarahandbendrix.com\/es\/product\/radiesse-15-ml-con-lidocaina\/#primaryimage","url":"https:\/\/sarahandbendrix.com\/wp-content\/uploads\/2026\/04\/Radiesse-Lidocaine.jpg","contentUrl":"https:\/\/sarahandbendrix.com\/wp-content\/uploads\/2026\/04\/Radiesse-Lidocaine.jpg","width":1000,"height":1000},{"@type":"BreadcrumbList","@id":"https:\/\/sarahandbendrix.com\/es\/product\/radiesse-15-ml-con-lidocaina\/#breadcrumb","itemListElement":[{"@type":"ListItem","position":1,"name":"Inicio","item":"https:\/\/sarahandbendrix.com\/es\/tienda\/"},{"@type":"ListItem","position":2,"name":"Tienda","item":"https:\/\/sarahandbendrix.com\/es\/tienda\/"},{"@type":"ListItem","position":3,"name":"Radiesse 1,5 ml con lidoca\u00edna"}]},{"@type":"WebSite","@id":"https:\/\/sarahandbendrix.com\/es\/#website","url":"https:\/\/sarahandbendrix.com\/es\/","name":"Buy Korean Fillers and Botox Wholesale on sarahandbendrix","description":"Buy Korean botox, dermal fillers &amp; meso products online. Apply for wholesale pricing on professional aesthetic supplies.","publisher":{"@id":"https:\/\/sarahandbendrix.com\/es\/#organization"},"potentialAction":[{"@type":"SearchAction","target":{"@type":"EntryPoint","urlTemplate":"https:\/\/sarahandbendrix.com\/es\/?s={search_term_string}"},"query-input":{"@type":"PropertyValueSpecification","valueRequired":true,"valueName":"search_term_string"}}],"inLanguage":"es"},{"@type":"Organization","@id":"https:\/\/sarahandbendrix.com\/es\/#organization","name":"Buy Korean Fillers and Botox Wholesale on sarahandbendrix","url":"https:\/\/sarahandbendrix.com\/es\/","logo":{"@type":"ImageObject","inLanguage":"es","@id":"https:\/\/sarahandbendrix.com\/es\/#\/schema\/logo\/image\/","url":"https:\/\/sarahandbendrix.com\/wp-content\/uploads\/2026\/04\/cropped-cropped-ChatGPT-Image-21-apr-2026-18_38_12-1.png","contentUrl":"https:\/\/sarahandbendrix.com\/wp-content\/uploads\/2026\/04\/cropped-cropped-ChatGPT-Image-21-apr-2026-18_38_12-1.png","width":1032,"height":586,"caption":"Buy Korean Fillers and Botox Wholesale on sarahandbendrix"},"image":{"@id":"https:\/\/sarahandbendrix.com\/es\/#\/schema\/logo\/image\/"}}]}},"_links":{"self":[{"href":"https:\/\/sarahandbendrix.com\/es\/wp-json\/wp\/v2\/product\/367","targetHints":{"allow":["GET"]}}],"collection":[{"href":"https:\/\/sarahandbendrix.com\/es\/wp-json\/wp\/v2\/product"}],"about":[{"href":"https:\/\/sarahandbendrix.com\/es\/wp-json\/wp\/v2\/types\/product"}],"replies":[{"embeddable":true,"href":"https:\/\/sarahandbendrix.com\/es\/wp-json\/wp\/v2\/comments?post=367"}],"wp:featuredmedia":[{"embeddable":true,"href":"https:\/\/sarahandbendrix.com\/es\/wp-json\/wp\/v2\/media\/140"}],"wp:attachment":[{"href":"https:\/\/sarahandbendrix.com\/es\/wp-json\/wp\/v2\/media?parent=367"}],"wp:term":[{"taxonomy":"product_brand","embeddable":true,"href":"https:\/\/sarahandbendrix.com\/es\/wp-json\/wp\/v2\/product_brand?post=367"},{"taxonomy":"product_cat","embeddable":true,"href":"https:\/\/sarahandbendrix.com\/es\/wp-json\/wp\/v2\/product_cat?post=367"},{"taxonomy":"product_tag","embeddable":true,"href":"https:\/\/sarahandbendrix.com\/es\/wp-json\/wp\/v2\/product_tag?post=367"}],"curies":[{"name":"wp","href":"https:\/\/api.w.org\/{rel}","templated":true}]}}