{"id":361,"date":"2026-04-08T19:20:53","date_gmt":"2026-04-08T19:20:53","guid":{"rendered":"https:\/\/sarahandbendrix.com\/product\/restylane-lyft-con-lidocaina\/"},"modified":"2026-04-08T19:20:53","modified_gmt":"2026-04-08T19:20:53","slug":"restylane-lyft-con-lidocaina","status":"publish","type":"product","link":"https:\/\/sarahandbendrix.com\/es\/product\/restylane-lyft-con-lidocaina\/","title":{"rendered":"Restylane Lyft con lidoca\u00edna"},"content":{"rendered":"<p data-path-to-node=\"4\"><b data-path-to-node=\"4\" data-index-in-node=\"0\">Restylane Lyft con lidoca\u00edna<\/b> es un relleno de \u00e1cido hialur\u00f3nico de alta densidad dise\u00f1ado para el <b data-path-to-node=\"4\" data-index-in-node=\"86\">soporte de tejidos profundos<\/b> y la <b data-path-to-node=\"4\" data-index-in-node=\"110\">voluminizaci\u00f3n estructural<\/b>. Gracias a la tecnolog\u00eda patentada <b data-path-to-node=\"4\" data-index-in-node=\"157\">NASHA\u00ae<\/b>, ofrece una consistencia de gel firme que resiste la deformaci\u00f3n, lo que lo convierte en la opci\u00f3n de referencia para elevar, contornear y corregir la p\u00e9rdida de volumen asociada a la edad. <\/p>\n<h3 data-path-to-node=\"5\"><b data-path-to-node=\"5\" data-index-in-node=\"0\">Indicaciones cl\u00ednicas y zonas objetivo<\/b><\/h3>\n<p data-path-to-node=\"6\">Restylane Lyft est\u00e1 dise\u00f1ado para zonas que requieren una proyecci\u00f3n significativa y un \u00ablifting\u00bb estructural:<\/p>\n<ul data-path-to-node=\"7\">\n<li>\n<p data-path-to-node=\"7,0,0\"><b data-path-to-node=\"7,0,0\" data-index-in-node=\"0\">Aumento de p\u00f3mulos:<\/b> Restaurar el volumen del tercio medio facial y definir los p\u00f3mulos.<\/p>\n<\/li>\n<li>\n<p data-path-to-node=\"7,1,0\"><b data-path-to-node=\"7,1,0\" data-index-in-node=\"0\">Pliegues nasolabiales:<\/b> Suavizar arrugas y pliegues faciales profundos y marcados.<\/p>\n<\/li>\n<li>\n<p data-path-to-node=\"7,2,0\"><b data-path-to-node=\"7,2,0\" data-index-in-node=\"0\">Rejuvenecimiento de manos:<\/b> El primer relleno de AH aprobado para corregir la p\u00e9rdida de volumen en el <b data-path-to-node=\"7,2,0\" data-index-in-node=\"78\">dorso de las manos<\/b>.<\/p>\n<\/li>\n<li>\n<p data-path-to-node=\"7,3,0\"><b data-path-to-node=\"7,3,0\" data-index-in-node=\"0\">Definici\u00f3n de la l\u00ednea mandibular:<\/b> Crear \u00e1ngulos marcados y esculpidos con alta precisi\u00f3n de G&#8217; prime.<\/p>\n<\/li>\n<\/ul>\n<hr data-path-to-node=\"8\">\n<h3 data-path-to-node=\"9\"><b data-path-to-node=\"9\" data-index-in-node=\"0\">Excelencia t\u00e9cnica<\/b><\/h3>\n<ul data-path-to-node=\"10\">\n<li>\n<p data-path-to-node=\"10,0,0\"><b data-path-to-node=\"10,0,0\" data-index-in-node=\"0\">Tecnolog\u00eda NASHA\u00ae:<\/b> Crea un tama\u00f1o de part\u00edcula firme y calibrado para una capacidad de elevaci\u00f3n superior frente a rellenos m\u00e1s flexibles.<\/p>\n<\/li>\n<li>\n<p data-path-to-node=\"10,1,0\"><b data-path-to-node=\"10,1,0\" data-index-in-node=\"0\">Integraci\u00f3n de lidoca\u00edna:<\/b> Contiene <b data-path-to-node=\"10,1,0\" data-index-in-node=\"32\">0,3% de lidoca\u00edna<\/b> para garantizar la m\u00e1xima comodidad del paciente durante las inyecciones en planos profundos.<\/p>\n<\/li>\n<li>\n<p data-path-to-node=\"10,2,0\"><b data-path-to-node=\"10,2,0\" data-index-in-node=\"0\">Durabilidad:<\/b> Proporciona resultados estructurales que suelen durar <b data-path-to-node=\"10,2,0\" data-index-in-node=\"60\">de 10 a 12 meses<\/b> en aplicaciones faciales.<\/p>\n<\/li>\n<\/ul>\n<blockquote data-path-to-node=\"11\">\n<p data-path-to-node=\"11,0\"><b data-path-to-node=\"11,0\" data-index-in-node=\"0\">Requisito profesional:<\/b> Se trata de un inyectable de grado m\u00e9dico. Su administraci\u00f3n est\u00e1 restringida a profesionales sanitarios con licencia y formaci\u00f3n en t\u00e9cnicas de inyecci\u00f3n d\u00e9rmica profunda y supraperi\u00f3stica. <\/p>\n<\/blockquote>\n<hr data-path-to-node=\"12\">\n<h3 data-path-to-node=\"13\"><b data-path-to-node=\"13\" data-index-in-node=\"0\">DESCARGO DE RESPONSABILIDAD SOBRE MARCAS REGISTRADAS Y DISTRIBUCI\u00d3N<\/b><\/h3>\n<p data-path-to-node=\"14\"><i data-path-to-node=\"14\" data-index-in-node=\"0\">Esta plataforma de comercio electr\u00f3nico opera como distribuidor digital independiente de productos est\u00e9ticos aut\u00e9nticos. No estamos afiliados, respaldados ni somos distribuidores autorizados de Galderma (Restylane\u00ae) ni de Allergan Aesthetics (Juv\u00e9derm\u00ae). Todos los nombres de marca, marcas registradas y logotipos mostrados en esta p\u00e1gina son propiedad exclusiva de sus respectivos titulares y se utilizan aqu\u00ed \u00fanicamente con fines descriptivos y de identificaci\u00f3n de los productos originales que revendemos.  <\/i><\/p>\n","protected":false},"excerpt":{"rendered":"<p><b data-path-to-node=\"15\" data-index-in-node=\"0\">Restylane Lyft con lidoca\u00edna<\/b> es un relleno NASHA\u00ae de alta densidad dise\u00f1ado para el lifting de tejidos profundos y el contorneado estructural. Aprobado por la FDA para p\u00f3mulos, pliegues nasolabiales severos y rejuvenecimiento de manos, su consistencia firme proporciona una proyecci\u00f3n superior y un volumen duradero. Es el est\u00e1ndar de oro para recuperar la definici\u00f3n y corregir la p\u00e9rdida de volumen del tercio medio facial asociada a la edad.  <\/p>\n","protected":false},"featured_media":112,"comment_status":"open","ping_status":"closed","template":"","meta":{"_monsterinsights_skip_tracking":false,"_monsterinsights_sitenote_active":false,"_monsterinsights_sitenote_note":"","_monsterinsights_sitenote_category":0},"product_brand":[],"product_cat":[68],"product_tag":[],"class_list":{"0":"post-361","1":"product","2":"type-product","3":"status-publish","4":"has-post-thumbnail","6":"product_cat-rellenos-dermicos","8":"first","9":"instock","10":"shipping-taxable","11":"purchasable","12":"product-type-simple"},"yoast_head":"<!-- This site is optimized with the Yoast SEO plugin v27.5 - https:\/\/yoast.com\/product\/yoast-seo-wordpress\/ -->\n<title>Comprar Restylane Lyft con lidoca\u00edna online - Precios al por mayor - Sarahandbendrix.com<\/title>\n<meta name=\"robots\" content=\"index, follow, max-snippet:-1, max-image-preview:large, max-video-preview:-1\" \/>\n<link rel=\"canonical\" href=\"https:\/\/sarahandbendrix.com\/es\/product\/restylane-lyft-con-lidocaina\/\" \/>\n<meta property=\"og:locale\" content=\"es_ES\" \/>\n<meta property=\"og:type\" content=\"article\" \/>\n<meta property=\"og:title\" content=\"Comprar Restylane Lyft con lidoca\u00edna online - Precios al por mayor - Sarahandbendrix.com\" \/>\n<meta property=\"og:description\" content=\"Restylane Lyft con lidoca\u00edna es un relleno NASHA\u00ae de alta densidad dise\u00f1ado para el lifting de tejidos profundos y el contorneado estructural. Aprobado por la FDA para p\u00f3mulos, pliegues nasolabiales severos y rejuvenecimiento de manos, su consistencia firme proporciona una proyecci\u00f3n superior y un volumen duradero. Es el est\u00e1ndar de oro para recuperar la definici\u00f3n y corregir la p\u00e9rdida de volumen del tercio medio facial asociada a la edad.\" \/>\n<meta property=\"og:url\" content=\"https:\/\/sarahandbendrix.com\/es\/product\/restylane-lyft-con-lidocaina\/\" \/>\n<meta property=\"og:site_name\" content=\"Sarahandbendrix.com\" \/>\n<meta property=\"og:image\" content=\"https:\/\/sarahandbendrix.com\/wp-content\/uploads\/2026\/04\/restylane-lyft.webp\" \/>\n\t<meta property=\"og:image:width\" content=\"800\" \/>\n\t<meta property=\"og:image:height\" content=\"800\" \/>\n\t<meta property=\"og:image:type\" content=\"image\/webp\" \/>\n<meta name=\"twitter:card\" content=\"summary_large_image\" \/>\n<meta name=\"twitter:label1\" content=\"Tiempo de lectura\" \/>\n\t<meta name=\"twitter:data1\" content=\"2 minutos\" \/>\n<script type=\"application\/ld+json\" class=\"yoast-schema-graph\">{\"@context\":\"https:\\\/\\\/schema.org\",\"@graph\":[{\"@type\":\"WebPage\",\"@id\":\"https:\\\/\\\/sarahandbendrix.com\\\/es\\\/product\\\/restylane-lyft-con-lidocaina\\\/\",\"url\":\"https:\\\/\\\/sarahandbendrix.com\\\/es\\\/product\\\/restylane-lyft-con-lidocaina\\\/\",\"name\":\"Comprar Restylane Lyft con lidoca\u00edna online - Precios al por mayor - Sarahandbendrix.com\",\"isPartOf\":{\"@id\":\"https:\\\/\\\/sarahandbendrix.com\\\/es\\\/#website\"},\"primaryImageOfPage\":{\"@id\":\"https:\\\/\\\/sarahandbendrix.com\\\/es\\\/product\\\/restylane-lyft-con-lidocaina\\\/#primaryimage\"},\"image\":{\"@id\":\"https:\\\/\\\/sarahandbendrix.com\\\/es\\\/product\\\/restylane-lyft-con-lidocaina\\\/#primaryimage\"},\"thumbnailUrl\":\"https:\\\/\\\/sarahandbendrix.com\\\/wp-content\\\/uploads\\\/2026\\\/04\\\/restylane-lyft.webp\",\"datePublished\":\"2026-04-08T19:20:53+00:00\",\"breadcrumb\":{\"@id\":\"https:\\\/\\\/sarahandbendrix.com\\\/es\\\/product\\\/restylane-lyft-con-lidocaina\\\/#breadcrumb\"},\"inLanguage\":\"es\",\"potentialAction\":[{\"@type\":\"ReadAction\",\"target\":[\"https:\\\/\\\/sarahandbendrix.com\\\/es\\\/product\\\/restylane-lyft-con-lidocaina\\\/\"]}]},{\"@type\":\"ImageObject\",\"inLanguage\":\"es\",\"@id\":\"https:\\\/\\\/sarahandbendrix.com\\\/es\\\/product\\\/restylane-lyft-con-lidocaina\\\/#primaryimage\",\"url\":\"https:\\\/\\\/sarahandbendrix.com\\\/wp-content\\\/uploads\\\/2026\\\/04\\\/restylane-lyft.webp\",\"contentUrl\":\"https:\\\/\\\/sarahandbendrix.com\\\/wp-content\\\/uploads\\\/2026\\\/04\\\/restylane-lyft.webp\",\"width\":800,\"height\":800},{\"@type\":\"BreadcrumbList\",\"@id\":\"https:\\\/\\\/sarahandbendrix.com\\\/es\\\/product\\\/restylane-lyft-con-lidocaina\\\/#breadcrumb\",\"itemListElement\":[{\"@type\":\"ListItem\",\"position\":1,\"name\":\"Inicio\",\"item\":\"https:\\\/\\\/sarahandbendrix.com\\\/es\\\/tienda\\\/\"},{\"@type\":\"ListItem\",\"position\":2,\"name\":\"Tienda\",\"item\":\"https:\\\/\\\/sarahandbendrix.com\\\/es\\\/tienda\\\/\"},{\"@type\":\"ListItem\",\"position\":3,\"name\":\"Restylane Lyft con lidoca\u00edna\"}]},{\"@type\":\"WebSite\",\"@id\":\"https:\\\/\\\/sarahandbendrix.com\\\/es\\\/#website\",\"url\":\"https:\\\/\\\/sarahandbendrix.com\\\/es\\\/\",\"name\":\"Buy Korean Fillers and Botox Wholesale on sarahandbendrix\",\"description\":\"Buy Korean botox, dermal fillers &amp; meso products online. Apply for wholesale pricing on professional aesthetic supplies.\",\"publisher\":{\"@id\":\"https:\\\/\\\/sarahandbendrix.com\\\/es\\\/#organization\"},\"potentialAction\":[{\"@type\":\"SearchAction\",\"target\":{\"@type\":\"EntryPoint\",\"urlTemplate\":\"https:\\\/\\\/sarahandbendrix.com\\\/es\\\/?s={search_term_string}\"},\"query-input\":{\"@type\":\"PropertyValueSpecification\",\"valueRequired\":true,\"valueName\":\"search_term_string\"}}],\"inLanguage\":\"es\"},{\"@type\":\"Organization\",\"@id\":\"https:\\\/\\\/sarahandbendrix.com\\\/es\\\/#organization\",\"name\":\"Buy Korean Fillers and Botox Wholesale on sarahandbendrix\",\"url\":\"https:\\\/\\\/sarahandbendrix.com\\\/es\\\/\",\"logo\":{\"@type\":\"ImageObject\",\"inLanguage\":\"es\",\"@id\":\"https:\\\/\\\/sarahandbendrix.com\\\/es\\\/#\\\/schema\\\/logo\\\/image\\\/\",\"url\":\"https:\\\/\\\/sarahandbendrix.com\\\/wp-content\\\/uploads\\\/2026\\\/04\\\/cropped-cropped-ChatGPT-Image-21-apr-2026-18_38_12-1.png\",\"contentUrl\":\"https:\\\/\\\/sarahandbendrix.com\\\/wp-content\\\/uploads\\\/2026\\\/04\\\/cropped-cropped-ChatGPT-Image-21-apr-2026-18_38_12-1.png\",\"width\":1032,\"height\":586,\"caption\":\"Buy Korean Fillers and Botox Wholesale on sarahandbendrix\"},\"image\":{\"@id\":\"https:\\\/\\\/sarahandbendrix.com\\\/es\\\/#\\\/schema\\\/logo\\\/image\\\/\"}}]}<\/script>\n<!-- \/ Yoast SEO plugin. -->","yoast_head_json":{"title":"Comprar Restylane Lyft con lidoca\u00edna online - Precios al por mayor - Sarahandbendrix.com","robots":{"index":"index","follow":"follow","max-snippet":"max-snippet:-1","max-image-preview":"max-image-preview:large","max-video-preview":"max-video-preview:-1"},"canonical":"https:\/\/sarahandbendrix.com\/es\/product\/restylane-lyft-con-lidocaina\/","og_locale":"es_ES","og_type":"article","og_title":"Comprar Restylane Lyft con lidoca\u00edna online - Precios al por mayor - Sarahandbendrix.com","og_description":"Restylane Lyft con lidoca\u00edna es un relleno NASHA\u00ae de alta densidad dise\u00f1ado para el lifting de tejidos profundos y el contorneado estructural. Aprobado por la FDA para p\u00f3mulos, pliegues nasolabiales severos y rejuvenecimiento de manos, su consistencia firme proporciona una proyecci\u00f3n superior y un volumen duradero. Es el est\u00e1ndar de oro para recuperar la definici\u00f3n y corregir la p\u00e9rdida de volumen del tercio medio facial asociada a la edad.","og_url":"https:\/\/sarahandbendrix.com\/es\/product\/restylane-lyft-con-lidocaina\/","og_site_name":"Sarahandbendrix.com","og_image":[{"width":800,"height":800,"url":"https:\/\/sarahandbendrix.com\/wp-content\/uploads\/2026\/04\/restylane-lyft.webp","type":"image\/webp"}],"twitter_card":"summary_large_image","twitter_misc":{"Tiempo de lectura":"2 minutos"},"schema":{"@context":"https:\/\/schema.org","@graph":[{"@type":"WebPage","@id":"https:\/\/sarahandbendrix.com\/es\/product\/restylane-lyft-con-lidocaina\/","url":"https:\/\/sarahandbendrix.com\/es\/product\/restylane-lyft-con-lidocaina\/","name":"Comprar Restylane Lyft con lidoca\u00edna online - Precios al por mayor - Sarahandbendrix.com","isPartOf":{"@id":"https:\/\/sarahandbendrix.com\/es\/#website"},"primaryImageOfPage":{"@id":"https:\/\/sarahandbendrix.com\/es\/product\/restylane-lyft-con-lidocaina\/#primaryimage"},"image":{"@id":"https:\/\/sarahandbendrix.com\/es\/product\/restylane-lyft-con-lidocaina\/#primaryimage"},"thumbnailUrl":"https:\/\/sarahandbendrix.com\/wp-content\/uploads\/2026\/04\/restylane-lyft.webp","datePublished":"2026-04-08T19:20:53+00:00","breadcrumb":{"@id":"https:\/\/sarahandbendrix.com\/es\/product\/restylane-lyft-con-lidocaina\/#breadcrumb"},"inLanguage":"es","potentialAction":[{"@type":"ReadAction","target":["https:\/\/sarahandbendrix.com\/es\/product\/restylane-lyft-con-lidocaina\/"]}]},{"@type":"ImageObject","inLanguage":"es","@id":"https:\/\/sarahandbendrix.com\/es\/product\/restylane-lyft-con-lidocaina\/#primaryimage","url":"https:\/\/sarahandbendrix.com\/wp-content\/uploads\/2026\/04\/restylane-lyft.webp","contentUrl":"https:\/\/sarahandbendrix.com\/wp-content\/uploads\/2026\/04\/restylane-lyft.webp","width":800,"height":800},{"@type":"BreadcrumbList","@id":"https:\/\/sarahandbendrix.com\/es\/product\/restylane-lyft-con-lidocaina\/#breadcrumb","itemListElement":[{"@type":"ListItem","position":1,"name":"Inicio","item":"https:\/\/sarahandbendrix.com\/es\/tienda\/"},{"@type":"ListItem","position":2,"name":"Tienda","item":"https:\/\/sarahandbendrix.com\/es\/tienda\/"},{"@type":"ListItem","position":3,"name":"Restylane Lyft con lidoca\u00edna"}]},{"@type":"WebSite","@id":"https:\/\/sarahandbendrix.com\/es\/#website","url":"https:\/\/sarahandbendrix.com\/es\/","name":"Buy Korean Fillers and Botox Wholesale on sarahandbendrix","description":"Buy Korean botox, dermal fillers &amp; meso products online. Apply for wholesale pricing on professional aesthetic supplies.","publisher":{"@id":"https:\/\/sarahandbendrix.com\/es\/#organization"},"potentialAction":[{"@type":"SearchAction","target":{"@type":"EntryPoint","urlTemplate":"https:\/\/sarahandbendrix.com\/es\/?s={search_term_string}"},"query-input":{"@type":"PropertyValueSpecification","valueRequired":true,"valueName":"search_term_string"}}],"inLanguage":"es"},{"@type":"Organization","@id":"https:\/\/sarahandbendrix.com\/es\/#organization","name":"Buy Korean Fillers and Botox Wholesale on sarahandbendrix","url":"https:\/\/sarahandbendrix.com\/es\/","logo":{"@type":"ImageObject","inLanguage":"es","@id":"https:\/\/sarahandbendrix.com\/es\/#\/schema\/logo\/image\/","url":"https:\/\/sarahandbendrix.com\/wp-content\/uploads\/2026\/04\/cropped-cropped-ChatGPT-Image-21-apr-2026-18_38_12-1.png","contentUrl":"https:\/\/sarahandbendrix.com\/wp-content\/uploads\/2026\/04\/cropped-cropped-ChatGPT-Image-21-apr-2026-18_38_12-1.png","width":1032,"height":586,"caption":"Buy Korean Fillers and Botox Wholesale on sarahandbendrix"},"image":{"@id":"https:\/\/sarahandbendrix.com\/es\/#\/schema\/logo\/image\/"}}]}},"_links":{"self":[{"href":"https:\/\/sarahandbendrix.com\/es\/wp-json\/wp\/v2\/product\/361","targetHints":{"allow":["GET"]}}],"collection":[{"href":"https:\/\/sarahandbendrix.com\/es\/wp-json\/wp\/v2\/product"}],"about":[{"href":"https:\/\/sarahandbendrix.com\/es\/wp-json\/wp\/v2\/types\/product"}],"replies":[{"embeddable":true,"href":"https:\/\/sarahandbendrix.com\/es\/wp-json\/wp\/v2\/comments?post=361"}],"wp:featuredmedia":[{"embeddable":true,"href":"https:\/\/sarahandbendrix.com\/es\/wp-json\/wp\/v2\/media\/112"}],"wp:attachment":[{"href":"https:\/\/sarahandbendrix.com\/es\/wp-json\/wp\/v2\/media?parent=361"}],"wp:term":[{"taxonomy":"product_brand","embeddable":true,"href":"https:\/\/sarahandbendrix.com\/es\/wp-json\/wp\/v2\/product_brand?post=361"},{"taxonomy":"product_cat","embeddable":true,"href":"https:\/\/sarahandbendrix.com\/es\/wp-json\/wp\/v2\/product_cat?post=361"},{"taxonomy":"product_tag","embeddable":true,"href":"https:\/\/sarahandbendrix.com\/es\/wp-json\/wp\/v2\/product_tag?post=361"}],"curies":[{"name":"wp","href":"https:\/\/api.w.org\/{rel}","templated":true}]}}