{"id":347,"date":"2026-04-08T19:31:29","date_gmt":"2026-04-08T19:31:29","guid":{"rendered":"https:\/\/sarahandbendrix.com\/product\/fillmed-nctf-135ha-solucion-polirevitalizante\/"},"modified":"2026-04-08T19:31:29","modified_gmt":"2026-04-08T19:31:29","slug":"fillmed-nctf-135ha-solucion-polirevitalizante","status":"publish","type":"product","link":"https:\/\/sarahandbendrix.com\/es\/product\/fillmed-nctf-135ha-solucion-polirevitalizante\/","title":{"rendered":"FILLMED NCTF 135HA \u2013 Soluci\u00f3n polirevitalizante"},"content":{"rendered":"<p data-path-to-node=\"3\"><b data-path-to-node=\"3\" data-index-in-node=\"0\">FILLMED NCTF 135HA<\/b> no es un relleno tradicional, sino el est\u00e1ndar de oro mundial en <b data-path-to-node=\"3\" data-index-in-node=\"80\">mesoterapia antienvejecimiento<\/b>. Esta soluci\u00f3n inyectable \u00fanica se basa en el exclusivo complejo <b data-path-to-node=\"3\" data-index-in-node=\"162\">NCTF (New Cellular Treatment Factor)<\/b>, una f\u00f3rmula bioactiva que restablece el entorno celular ideal para la regeneraci\u00f3n de la piel. Contiene una alta concentraci\u00f3n de \u00e1cido hialur\u00f3nico no reticulado integrado con un c\u00f3ctel nutricional de 59 ingredientes esenciales.  <\/p>\n<h3 data-path-to-node=\"4\"><b data-path-to-node=\"4\" data-index-in-node=\"0\">Indicaciones cl\u00ednicas avanzadas<\/b><\/h3>\n<p data-path-to-node=\"5\">NCTF 135HA est\u00e1 dise\u00f1ado para un rejuvenecimiento global y progresivo, actuando en tres niveles: hidrataci\u00f3n, densidad y luminosidad.<\/p>\n<ul data-path-to-node=\"6\">\n<li>\n<p data-path-to-node=\"6,0,0\"><b data-path-to-node=\"6,0,0\" data-index-in-node=\"0\">Correcci\u00f3n de arrugas superficiales:<\/b> Ideal para el rostro y el cuello, donde los signos del envejecimiento est\u00e1n vinculados a la deshidrataci\u00f3n.<\/p>\n<\/li>\n<li>\n<p data-path-to-node=\"6,1,0\"><b data-path-to-node=\"6,1,0\" data-index-in-node=\"0\">Biorrevitalizaci\u00f3n del escote:<\/b> Redensifica la piel fina y da\u00f1ada por el sol en la zona del pecho.<\/p>\n<\/li>\n<li>\n<p data-path-to-node=\"6,2,0\"><b data-path-to-node=\"6,2,0\" data-index-in-node=\"0\">Tratamiento periorbital:<\/b> Una de las pocas soluciones seguras para suavizar las \u00abl\u00edneas de cansancio\u00bb alrededor de los ojos sin causar edema.<\/p>\n<\/li>\n<li>\n<p data-path-to-node=\"6,3,0\"><b data-path-to-node=\"6,3,0\" data-index-in-node=\"0\">Protocolos corporales:<\/b> Utilizado con \u00e9xito en la cara interna de los brazos, la cara interna de los muslos y el dorso de las manos para combatir la flacidez.<\/p>\n<\/li>\n<\/ul>\n<hr data-path-to-node=\"7\">\n<h3 data-path-to-node=\"8\"><b data-path-to-node=\"8\" data-index-in-node=\"0\">Excelencia t\u00e9cnica: La f\u00f3rmula \u00ab59+1\u00bb<\/b><\/h3>\n<p data-path-to-node=\"9\">El \u00e9xito de NCTF 135HA reside en su composici\u00f3n bioid\u00e9ntica que nutre la piel a nivel molecular:<\/p>\n<ul data-path-to-node=\"10\">\n<li>\n<p data-path-to-node=\"10,0,0\"><b data-path-to-node=\"10,0,0\" data-index-in-node=\"0\">\u00c1cido hialur\u00f3nico libre (5 mg\/ml):<\/b> Proporciona una hidrataci\u00f3n inmediata y profunda, compensando la p\u00e9rdida natural de AH asociada al envejecimiento.<\/p>\n<\/li>\n<li>\n<p data-path-to-node=\"10,1,0\"><b data-path-to-node=\"10,1,0\" data-index-in-node=\"0\">12 vitaminas (A, B, C, E):<\/b> Estimulan las funciones celulares vitales y protegen contra los radicales libres.<\/p>\n<\/li>\n<li>\n<p data-path-to-node=\"10,2,0\"><b data-path-to-node=\"10,2,0\" data-index-in-node=\"0\">24 amino\u00e1cidos:<\/b> Los componentes fundamentales para sintetizar nuevas prote\u00ednas como el col\u00e1geno y la elastina.<\/p>\n<\/li>\n<li>\n<p data-path-to-node=\"10,3,0\"><b data-path-to-node=\"10,3,0\" data-index-in-node=\"0\">6 coenzimas y 5 bases nucleicas:<\/b> Catalizadores bioqu\u00edmicos que aceleran la renovaci\u00f3n de los tejidos y la reparaci\u00f3n del ADN.<\/p>\n<\/li>\n<li>\n<p data-path-to-node=\"10,4,0\"><b data-path-to-node=\"10,4,0\" data-index-in-node=\"0\">6 minerales:<\/b> Reequilibran el metabolismo i\u00f3nico de la piel.<\/p>\n<\/li>\n<\/ul>\n<h3 data-path-to-node=\"11\"><b data-path-to-node=\"11\" data-index-in-node=\"0\">Por qu\u00e9 es la elecci\u00f3n profesional<\/b><\/h3>\n<ol start=\"1\" data-path-to-node=\"12\">\n<li>\n<p data-path-to-node=\"12,0,0\"><b data-path-to-node=\"12,0,0\" data-index-in-node=\"0\">Bioestimulaci\u00f3n aut\u00e9ntica:<\/b> No se limita a enmascarar los signos del envejecimiento; instruye a la piel para que se regenere por s\u00ed misma aumentando la producci\u00f3n de col\u00e1geno en un <b data-path-to-node=\"12,0,0\" data-index-in-node=\"151\">256 %<\/b> y de elastina en un <b data-path-to-node=\"12,0,0\" data-index-in-node=\"171\">366 %<\/b> (pruebas in vitro).<\/p>\n<\/li>\n<li>\n<p data-path-to-node=\"12,1,0\"><b data-path-to-node=\"12,1,0\" data-index-in-node=\"0\">Efecto \u00abGlow\u00bb incomparable:<\/b> Es el tratamiento de elecci\u00f3n para cerrar los poros, unificar el tono de la piel y proporcionar una luminosidad natural inmediata.<\/p>\n<\/li>\n<li>\n<p data-path-to-node=\"12,2,0\"><b data-path-to-node=\"12,2,0\" data-index-in-node=\"0\">Versatilidad t\u00e9cnica:<\/b> Puede administrarse mediante la t\u00e9cnica de microp\u00e1pulas, nappage, microneedling o utilizando dispositivos de precisi\u00f3n como las microagujas <b data-path-to-node=\"12,2,0\" data-index-in-node=\"127\">Nanosoft<\/b> para zonas sensibles.<\/p>\n<\/li>\n<\/ol>\n<hr data-path-to-node=\"13\">\n<h3 data-path-to-node=\"14\"><b data-path-to-node=\"14\" data-index-in-node=\"0\">DESCARGO DE RESPONSABILIDAD DE MARCAS Y DISTRIBUCI\u00d3N<\/b><\/h3>\n<p data-path-to-node=\"15\"><i data-path-to-node=\"15\" data-index-in-node=\"0\">Esta plataforma de comercio electr\u00f3nico opera como un distribuidor digital independiente de productos est\u00e9ticos aut\u00e9nticos. No estamos afiliados, respaldados ni somos distribuidores autorizados de FILLMED Laboratoires. Todos los nombres de marca, marcas comerciales y logotipos que aparecen en esta p\u00e1gina son propiedad exclusiva de sus respectivos due\u00f1os y se utilizan aqu\u00ed puramente con fines descriptivos y de identificaci\u00f3n de los productos originales que revendemos.  <\/i><\/p>\n<hr data-path-to-node=\"16\">\n<h3 data-path-to-node=\"17\"><b data-path-to-node=\"17\" data-index-in-node=\"0\">Especificaciones de almacenamiento y seguridad<\/b><\/h3>\n<blockquote data-path-to-node=\"18\">\n<p data-path-to-node=\"18,0\"><b data-path-to-node=\"18,0\" data-index-in-node=\"0\">Solo para uso profesional:<\/b> NCTF 135HA debe ser administrado exclusivamente por personal m\u00e9dico cualificado. Al ser una soluci\u00f3n no reticulada, no est\u00e1 indicada para el relleno volum\u00e9trico. <\/p>\n<\/blockquote>\n<ul data-path-to-node=\"19\">\n<li>\n<p data-path-to-node=\"19,0,0\"><b data-path-to-node=\"19,0,0\" data-index-in-node=\"0\">Contenido de la caja:<\/b> 5 viales de 3 ml, 5 jeringas de 3 ml, agujas de extracci\u00f3n 18G, agujas de inyecci\u00f3n 30G y 32G.<\/p>\n<\/li>\n<li>\n<p data-path-to-node=\"19,1,0\"><b data-path-to-node=\"19,1,0\" data-index-in-node=\"0\">Almacenamiento:<\/b> Proteger de la luz. Conservar en un lugar fresco (<b data-path-to-node=\"19,1,0\" data-index-in-node=\"52\">de 2 \u00b0C a 25 \u00b0C<\/b>). <\/p>\n<\/li>\n<\/ul>\n","protected":false},"excerpt":{"rendered":"<p><b data-path-to-node=\"22\" data-index-in-node=\"0\">FILLMED NCTF 135HA<\/b> es un c\u00f3ctel de mesoterapia l\u00edder mundial que cuenta con 59 ingredientes activos y \u00e1cido hialur\u00f3nico. Dise\u00f1ado para una biorrevitalizaci\u00f3n intensa, repara la matriz cut\u00e1nea, suaviza las arrugas superficiales y proporciona una luminosidad extraordinaria. Es el tratamiento profesional definitivo para mejorar la calidad, densidad e hidrataci\u00f3n de las pieles maduras o cansadas.  <\/p>\n","protected":false},"featured_media":114,"comment_status":"open","ping_status":"closed","template":"","meta":{"_monsterinsights_skip_tracking":false,"_monsterinsights_sitenote_active":false,"_monsterinsights_sitenote_note":"","_monsterinsights_sitenote_category":0},"product_brand":[],"product_cat":[80],"product_tag":[],"class_list":{"0":"post-347","1":"product","2":"type-product","3":"status-publish","4":"has-post-thumbnail","6":"product_cat-mesoterapia","8":"first","9":"instock","10":"shipping-taxable","11":"purchasable","12":"product-type-simple"},"yoast_head":"<!-- This site is optimized with the Yoast SEO plugin v27.5 - https:\/\/yoast.com\/product\/yoast-seo-wordpress\/ -->\n<title>Comprar FILLMED NCTF 135HA \u2013 Soluci\u00f3n polirevitalizante online - Precios al por mayor - Sarahandbendrix.com<\/title>\n<meta name=\"robots\" content=\"index, follow, max-snippet:-1, max-image-preview:large, max-video-preview:-1\" \/>\n<link rel=\"canonical\" href=\"https:\/\/sarahandbendrix.com\/es\/product\/fillmed-nctf-135ha-solucion-polirevitalizante\/\" \/>\n<meta property=\"og:locale\" content=\"es_ES\" \/>\n<meta property=\"og:type\" content=\"article\" \/>\n<meta property=\"og:title\" content=\"Comprar FILLMED NCTF 135HA \u2013 Soluci\u00f3n polirevitalizante online - Precios al por mayor - Sarahandbendrix.com\" \/>\n<meta property=\"og:description\" content=\"FILLMED NCTF 135HA es un c\u00f3ctel de mesoterapia l\u00edder mundial que cuenta con 59 ingredientes activos y \u00e1cido hialur\u00f3nico. Dise\u00f1ado para una biorrevitalizaci\u00f3n intensa, repara la matriz cut\u00e1nea, suaviza las arrugas superficiales y proporciona una luminosidad extraordinaria. Es el tratamiento profesional definitivo para mejorar la calidad, densidad e hidrataci\u00f3n de las pieles maduras o cansadas.\" \/>\n<meta property=\"og:url\" content=\"https:\/\/sarahandbendrix.com\/es\/product\/fillmed-nctf-135ha-solucion-polirevitalizante\/\" \/>\n<meta property=\"og:site_name\" content=\"Sarahandbendrix.com\" \/>\n<meta property=\"og:image\" content=\"https:\/\/sarahandbendrix.com\/wp-content\/uploads\/2026\/04\/Laboratoires_Fillmed_Nctf_135.jpg\" \/>\n\t<meta property=\"og:image:width\" content=\"600\" \/>\n\t<meta property=\"og:image:height\" content=\"600\" \/>\n\t<meta property=\"og:image:type\" content=\"image\/jpeg\" \/>\n<meta name=\"twitter:card\" content=\"summary_large_image\" \/>\n<meta name=\"twitter:label1\" content=\"Tiempo de lectura\" \/>\n\t<meta name=\"twitter:data1\" content=\"3 minutos\" \/>\n<script type=\"application\/ld+json\" class=\"yoast-schema-graph\">{\"@context\":\"https:\\\/\\\/schema.org\",\"@graph\":[{\"@type\":\"WebPage\",\"@id\":\"https:\\\/\\\/sarahandbendrix.com\\\/es\\\/product\\\/fillmed-nctf-135ha-solucion-polirevitalizante\\\/\",\"url\":\"https:\\\/\\\/sarahandbendrix.com\\\/es\\\/product\\\/fillmed-nctf-135ha-solucion-polirevitalizante\\\/\",\"name\":\"Comprar FILLMED NCTF 135HA \u2013 Soluci\u00f3n polirevitalizante online - Precios al por mayor - Sarahandbendrix.com\",\"isPartOf\":{\"@id\":\"https:\\\/\\\/sarahandbendrix.com\\\/es\\\/#website\"},\"primaryImageOfPage\":{\"@id\":\"https:\\\/\\\/sarahandbendrix.com\\\/es\\\/product\\\/fillmed-nctf-135ha-solucion-polirevitalizante\\\/#primaryimage\"},\"image\":{\"@id\":\"https:\\\/\\\/sarahandbendrix.com\\\/es\\\/product\\\/fillmed-nctf-135ha-solucion-polirevitalizante\\\/#primaryimage\"},\"thumbnailUrl\":\"https:\\\/\\\/sarahandbendrix.com\\\/wp-content\\\/uploads\\\/2026\\\/04\\\/Laboratoires_Fillmed_Nctf_135.jpg\",\"datePublished\":\"2026-04-08T19:31:29+00:00\",\"breadcrumb\":{\"@id\":\"https:\\\/\\\/sarahandbendrix.com\\\/es\\\/product\\\/fillmed-nctf-135ha-solucion-polirevitalizante\\\/#breadcrumb\"},\"inLanguage\":\"es\",\"potentialAction\":[{\"@type\":\"ReadAction\",\"target\":[\"https:\\\/\\\/sarahandbendrix.com\\\/es\\\/product\\\/fillmed-nctf-135ha-solucion-polirevitalizante\\\/\"]}]},{\"@type\":\"ImageObject\",\"inLanguage\":\"es\",\"@id\":\"https:\\\/\\\/sarahandbendrix.com\\\/es\\\/product\\\/fillmed-nctf-135ha-solucion-polirevitalizante\\\/#primaryimage\",\"url\":\"https:\\\/\\\/sarahandbendrix.com\\\/wp-content\\\/uploads\\\/2026\\\/04\\\/Laboratoires_Fillmed_Nctf_135.jpg\",\"contentUrl\":\"https:\\\/\\\/sarahandbendrix.com\\\/wp-content\\\/uploads\\\/2026\\\/04\\\/Laboratoires_Fillmed_Nctf_135.jpg\",\"width\":600,\"height\":600},{\"@type\":\"BreadcrumbList\",\"@id\":\"https:\\\/\\\/sarahandbendrix.com\\\/es\\\/product\\\/fillmed-nctf-135ha-solucion-polirevitalizante\\\/#breadcrumb\",\"itemListElement\":[{\"@type\":\"ListItem\",\"position\":1,\"name\":\"Inicio\",\"item\":\"https:\\\/\\\/sarahandbendrix.com\\\/es\\\/tienda\\\/\"},{\"@type\":\"ListItem\",\"position\":2,\"name\":\"Tienda\",\"item\":\"https:\\\/\\\/sarahandbendrix.com\\\/es\\\/tienda\\\/\"},{\"@type\":\"ListItem\",\"position\":3,\"name\":\"FILLMED NCTF 135HA \u2013 Soluci\u00f3n polirevitalizante\"}]},{\"@type\":\"WebSite\",\"@id\":\"https:\\\/\\\/sarahandbendrix.com\\\/es\\\/#website\",\"url\":\"https:\\\/\\\/sarahandbendrix.com\\\/es\\\/\",\"name\":\"Buy Korean Fillers and Botox Wholesale on sarahandbendrix\",\"description\":\"Buy Korean botox, dermal fillers &amp; meso products online. Apply for wholesale pricing on professional aesthetic supplies.\",\"publisher\":{\"@id\":\"https:\\\/\\\/sarahandbendrix.com\\\/es\\\/#organization\"},\"potentialAction\":[{\"@type\":\"SearchAction\",\"target\":{\"@type\":\"EntryPoint\",\"urlTemplate\":\"https:\\\/\\\/sarahandbendrix.com\\\/es\\\/?s={search_term_string}\"},\"query-input\":{\"@type\":\"PropertyValueSpecification\",\"valueRequired\":true,\"valueName\":\"search_term_string\"}}],\"inLanguage\":\"es\"},{\"@type\":\"Organization\",\"@id\":\"https:\\\/\\\/sarahandbendrix.com\\\/es\\\/#organization\",\"name\":\"Buy Korean Fillers and Botox Wholesale on sarahandbendrix\",\"url\":\"https:\\\/\\\/sarahandbendrix.com\\\/es\\\/\",\"logo\":{\"@type\":\"ImageObject\",\"inLanguage\":\"es\",\"@id\":\"https:\\\/\\\/sarahandbendrix.com\\\/es\\\/#\\\/schema\\\/logo\\\/image\\\/\",\"url\":\"https:\\\/\\\/sarahandbendrix.com\\\/wp-content\\\/uploads\\\/2026\\\/04\\\/cropped-cropped-ChatGPT-Image-21-apr-2026-18_38_12-1.png\",\"contentUrl\":\"https:\\\/\\\/sarahandbendrix.com\\\/wp-content\\\/uploads\\\/2026\\\/04\\\/cropped-cropped-ChatGPT-Image-21-apr-2026-18_38_12-1.png\",\"width\":1032,\"height\":586,\"caption\":\"Buy Korean Fillers and Botox Wholesale on sarahandbendrix\"},\"image\":{\"@id\":\"https:\\\/\\\/sarahandbendrix.com\\\/es\\\/#\\\/schema\\\/logo\\\/image\\\/\"}}]}<\/script>\n<!-- \/ Yoast SEO plugin. -->","yoast_head_json":{"title":"Comprar FILLMED NCTF 135HA \u2013 Soluci\u00f3n polirevitalizante online - Precios al por mayor - Sarahandbendrix.com","robots":{"index":"index","follow":"follow","max-snippet":"max-snippet:-1","max-image-preview":"max-image-preview:large","max-video-preview":"max-video-preview:-1"},"canonical":"https:\/\/sarahandbendrix.com\/es\/product\/fillmed-nctf-135ha-solucion-polirevitalizante\/","og_locale":"es_ES","og_type":"article","og_title":"Comprar FILLMED NCTF 135HA \u2013 Soluci\u00f3n polirevitalizante online - Precios al por mayor - Sarahandbendrix.com","og_description":"FILLMED NCTF 135HA es un c\u00f3ctel de mesoterapia l\u00edder mundial que cuenta con 59 ingredientes activos y \u00e1cido hialur\u00f3nico. Dise\u00f1ado para una biorrevitalizaci\u00f3n intensa, repara la matriz cut\u00e1nea, suaviza las arrugas superficiales y proporciona una luminosidad extraordinaria. Es el tratamiento profesional definitivo para mejorar la calidad, densidad e hidrataci\u00f3n de las pieles maduras o cansadas.","og_url":"https:\/\/sarahandbendrix.com\/es\/product\/fillmed-nctf-135ha-solucion-polirevitalizante\/","og_site_name":"Sarahandbendrix.com","og_image":[{"width":600,"height":600,"url":"https:\/\/sarahandbendrix.com\/wp-content\/uploads\/2026\/04\/Laboratoires_Fillmed_Nctf_135.jpg","type":"image\/jpeg"}],"twitter_card":"summary_large_image","twitter_misc":{"Tiempo de lectura":"3 minutos"},"schema":{"@context":"https:\/\/schema.org","@graph":[{"@type":"WebPage","@id":"https:\/\/sarahandbendrix.com\/es\/product\/fillmed-nctf-135ha-solucion-polirevitalizante\/","url":"https:\/\/sarahandbendrix.com\/es\/product\/fillmed-nctf-135ha-solucion-polirevitalizante\/","name":"Comprar FILLMED NCTF 135HA \u2013 Soluci\u00f3n polirevitalizante online - Precios al por mayor - Sarahandbendrix.com","isPartOf":{"@id":"https:\/\/sarahandbendrix.com\/es\/#website"},"primaryImageOfPage":{"@id":"https:\/\/sarahandbendrix.com\/es\/product\/fillmed-nctf-135ha-solucion-polirevitalizante\/#primaryimage"},"image":{"@id":"https:\/\/sarahandbendrix.com\/es\/product\/fillmed-nctf-135ha-solucion-polirevitalizante\/#primaryimage"},"thumbnailUrl":"https:\/\/sarahandbendrix.com\/wp-content\/uploads\/2026\/04\/Laboratoires_Fillmed_Nctf_135.jpg","datePublished":"2026-04-08T19:31:29+00:00","breadcrumb":{"@id":"https:\/\/sarahandbendrix.com\/es\/product\/fillmed-nctf-135ha-solucion-polirevitalizante\/#breadcrumb"},"inLanguage":"es","potentialAction":[{"@type":"ReadAction","target":["https:\/\/sarahandbendrix.com\/es\/product\/fillmed-nctf-135ha-solucion-polirevitalizante\/"]}]},{"@type":"ImageObject","inLanguage":"es","@id":"https:\/\/sarahandbendrix.com\/es\/product\/fillmed-nctf-135ha-solucion-polirevitalizante\/#primaryimage","url":"https:\/\/sarahandbendrix.com\/wp-content\/uploads\/2026\/04\/Laboratoires_Fillmed_Nctf_135.jpg","contentUrl":"https:\/\/sarahandbendrix.com\/wp-content\/uploads\/2026\/04\/Laboratoires_Fillmed_Nctf_135.jpg","width":600,"height":600},{"@type":"BreadcrumbList","@id":"https:\/\/sarahandbendrix.com\/es\/product\/fillmed-nctf-135ha-solucion-polirevitalizante\/#breadcrumb","itemListElement":[{"@type":"ListItem","position":1,"name":"Inicio","item":"https:\/\/sarahandbendrix.com\/es\/tienda\/"},{"@type":"ListItem","position":2,"name":"Tienda","item":"https:\/\/sarahandbendrix.com\/es\/tienda\/"},{"@type":"ListItem","position":3,"name":"FILLMED NCTF 135HA \u2013 Soluci\u00f3n polirevitalizante"}]},{"@type":"WebSite","@id":"https:\/\/sarahandbendrix.com\/es\/#website","url":"https:\/\/sarahandbendrix.com\/es\/","name":"Buy Korean Fillers and Botox Wholesale on sarahandbendrix","description":"Buy Korean botox, dermal fillers &amp; meso products online. Apply for wholesale pricing on professional aesthetic supplies.","publisher":{"@id":"https:\/\/sarahandbendrix.com\/es\/#organization"},"potentialAction":[{"@type":"SearchAction","target":{"@type":"EntryPoint","urlTemplate":"https:\/\/sarahandbendrix.com\/es\/?s={search_term_string}"},"query-input":{"@type":"PropertyValueSpecification","valueRequired":true,"valueName":"search_term_string"}}],"inLanguage":"es"},{"@type":"Organization","@id":"https:\/\/sarahandbendrix.com\/es\/#organization","name":"Buy Korean Fillers and Botox Wholesale on sarahandbendrix","url":"https:\/\/sarahandbendrix.com\/es\/","logo":{"@type":"ImageObject","inLanguage":"es","@id":"https:\/\/sarahandbendrix.com\/es\/#\/schema\/logo\/image\/","url":"https:\/\/sarahandbendrix.com\/wp-content\/uploads\/2026\/04\/cropped-cropped-ChatGPT-Image-21-apr-2026-18_38_12-1.png","contentUrl":"https:\/\/sarahandbendrix.com\/wp-content\/uploads\/2026\/04\/cropped-cropped-ChatGPT-Image-21-apr-2026-18_38_12-1.png","width":1032,"height":586,"caption":"Buy Korean Fillers and Botox Wholesale on sarahandbendrix"},"image":{"@id":"https:\/\/sarahandbendrix.com\/es\/#\/schema\/logo\/image\/"}}]}},"_links":{"self":[{"href":"https:\/\/sarahandbendrix.com\/es\/wp-json\/wp\/v2\/product\/347","targetHints":{"allow":["GET"]}}],"collection":[{"href":"https:\/\/sarahandbendrix.com\/es\/wp-json\/wp\/v2\/product"}],"about":[{"href":"https:\/\/sarahandbendrix.com\/es\/wp-json\/wp\/v2\/types\/product"}],"replies":[{"embeddable":true,"href":"https:\/\/sarahandbendrix.com\/es\/wp-json\/wp\/v2\/comments?post=347"}],"wp:featuredmedia":[{"embeddable":true,"href":"https:\/\/sarahandbendrix.com\/es\/wp-json\/wp\/v2\/media\/114"}],"wp:attachment":[{"href":"https:\/\/sarahandbendrix.com\/es\/wp-json\/wp\/v2\/media?parent=347"}],"wp:term":[{"taxonomy":"product_brand","embeddable":true,"href":"https:\/\/sarahandbendrix.com\/es\/wp-json\/wp\/v2\/product_brand?post=347"},{"taxonomy":"product_cat","embeddable":true,"href":"https:\/\/sarahandbendrix.com\/es\/wp-json\/wp\/v2\/product_cat?post=347"},{"taxonomy":"product_tag","embeddable":true,"href":"https:\/\/sarahandbendrix.com\/es\/wp-json\/wp\/v2\/product_tag?post=347"}],"curies":[{"name":"wp","href":"https:\/\/api.w.org\/{rel}","templated":true}]}}