{"id":339,"date":"2026-04-08T15:55:49","date_gmt":"2026-04-08T15:55:49","guid":{"rendered":"https:\/\/sarahandbendrix.com\/product\/botulax-200-unidades-toxina-botulinica-tipo-a\/"},"modified":"2026-04-08T15:55:49","modified_gmt":"2026-04-08T15:55:49","slug":"botulax-200-unidades-toxina-botulinica-tipo-a","status":"publish","type":"product","link":"https:\/\/sarahandbendrix.com\/es\/product\/botulax-200-unidades-toxina-botulinica-tipo-a\/","title":{"rendered":"Botulax 200 unidades \u2013 Toxina botul\u00ednica tipo A"},"content":{"rendered":"<p data-path-to-node=\"3\"><b data-path-to-node=\"3\" data-index-in-node=\"0\">Botulax 200 UI<\/b> es una toxina botul\u00ednica tipo A purificada de Clostridium botulinum, desarrollada por <b data-path-to-node=\"3\" data-index-in-node=\"77\">Hugel Inc.<\/b> Como variante de alta capacidad de la reconocida l\u00ednea Botulax, el vial de 200 unidades est\u00e1 dise\u00f1ado espec\u00edficamente para cl\u00ednicas que requieren un mayor volumen para tratamientos intensivos o para varios pacientes. Ofrece una formulaci\u00f3n estandarizada, liofilizada al vac\u00edo, que garantiza una alta estabilidad y eficiencia cl\u00ednica. <\/p>\n<h3 data-path-to-node=\"4\"><b data-path-to-node=\"4\" data-index-in-node=\"0\">Indicaciones cl\u00ednicas y aplicaciones ampliadas<\/b><\/h3>\n<p data-path-to-node=\"5\">Gracias a su mayor dosis por vial, Botulax 200 UI es excepcionalmente vers\u00e1til tanto para procedimientos est\u00e9ticos como terap\u00e9uticos:<\/p>\n<ul data-path-to-node=\"6\">\n<li>\n<p data-path-to-node=\"6,0,0\"><b data-path-to-node=\"6,0,0\" data-index-in-node=\"0\">Esculpido facial:<\/b> Suaviza l\u00edneas glabelares de moderadas a severas, arrugas de la frente y l\u00edneas cantales laterales (patas de gallo).<\/p>\n<\/li>\n<li>\n<p data-path-to-node=\"6,1,0\"><b data-path-to-node=\"6,1,0\" data-index-in-node=\"0\">Contorno corporal:<\/b> Mejora el aspecto de los m\u00fasculos de la pantorrilla (reducci\u00f3n de pantorrillas) y trata la hipertrofia muscular.<\/p>\n<\/li>\n<li>\n<p data-path-to-node=\"6,2,0\"><b data-path-to-node=\"6,2,0\" data-index-in-node=\"0\">Uso terap\u00e9utico:<\/b> Eficaz para el manejo del blefaroespasmo esencial benigno y la espasticidad del miembro superior.<\/p>\n<\/li>\n<li>\n<p data-path-to-node=\"6,3,0\"><b data-path-to-node=\"6,3,0\" data-index-in-node=\"0\">Manejo de la hiperhidrosis:<\/b> Una soluci\u00f3n rentable para tratar la sudoraci\u00f3n excesiva en superficies m\u00e1s amplias, como la espalda o las axilas.<\/p>\n<\/li>\n<\/ul>\n<hr data-path-to-node=\"7\">\n<h3 data-path-to-node=\"8\"><b data-path-to-node=\"8\" data-index-in-node=\"0\">Especificaciones t\u00e9cnicas y rendimiento<\/b><\/h3>\n<ul data-path-to-node=\"9\">\n<li>\n<p data-path-to-node=\"9,0,0\"><b data-path-to-node=\"9,0,0\" data-index-in-node=\"0\">Pureza excepcional:<\/b> Contiene un complejo de toxina purificado al 99%, lo que garantiza un efecto uniforme y minimiza el riesgo de difusi\u00f3n a m\u00fasculos no diana.<\/p>\n<\/li>\n<li>\n<p data-path-to-node=\"9,1,0\"><b data-path-to-node=\"9,1,0\" data-index-in-node=\"0\">Estricto control de calidad:<\/b> La potencia se regula estrictamente para mantenerse dentro de un rango estrecho, ofreciendo al profesional una predictibilidad inigualable.<\/p>\n<\/li>\n<li>\n<p data-path-to-node=\"9,2,0\"><b data-path-to-node=\"9,2,0\" data-index-in-node=\"0\">Ventana terap\u00e9utica r\u00e1pida:<\/b> La relajaci\u00f3n inicial de los m\u00fasculos diana suele observarse en 3 d\u00edas, con el refinamiento est\u00e9tico completo visible a las 2 semanas.<\/p>\n<\/li>\n<\/ul>\n<h3 data-path-to-node=\"10\"><b data-path-to-node=\"10\" data-index-in-node=\"0\">La ventaja profesional<\/b><\/h3>\n<ol start=\"1\" data-path-to-node=\"11\">\n<li>\n<p data-path-to-node=\"11,0,0\"><b data-path-to-node=\"11,0,0\" data-index-in-node=\"0\">Flujo de trabajo optimizado:<\/b> El vial de 200 unidades reduce la necesidad de varios viales peque\u00f1os, agiliza el proceso de reconstituci\u00f3n y disminuye los residuos cl\u00ednicos.<\/p>\n<\/li>\n<li>\n<p data-path-to-node=\"11,1,0\"><b data-path-to-node=\"11,1,0\" data-index-in-node=\"0\">Bioactividad estable:<\/b> Mantiene una alta potencia tras la reconstituci\u00f3n, garantizando que cada unidad administrada sea eficaz.<\/p>\n<\/li>\n<li>\n<p data-path-to-node=\"11,2,0\"><b data-path-to-node=\"11,2,0\" data-index-in-node=\"0\">Din\u00e1mica natural:<\/b> Dise\u00f1ado para suavizar surcos profundos manteniendo la capacidad del paciente de mostrar expresiones faciales naturales.<\/p>\n<\/li>\n<\/ol>\n<hr data-path-to-node=\"12\">\n<h3 data-path-to-node=\"13\"><b data-path-to-node=\"13\" data-index-in-node=\"0\">Seguridad y protocolo de diluci\u00f3n<\/b><\/h3>\n<blockquote data-path-to-node=\"14\">\n<p data-path-to-node=\"14,0\"><b data-path-to-node=\"14,0\" data-index-in-node=\"0\">Grado profesional:<\/b> Botulax 200 UI es un producto sanitario. Su administraci\u00f3n est\u00e1 restringida a profesionales m\u00e9dicos con licencia. Debe reconstituirse con cloruro de sodio est\u00e9ril al <span class=\"math-inline\" data-math=\"0.9\\%\" data-index-in-node=\"177\">0,9%<\/span> (suero fisiol\u00f3gico), sin conservantes.  <\/p>\n<\/blockquote>\n<ul data-path-to-node=\"15\">\n<li>\n<p data-path-to-node=\"15,0,0\"><b data-path-to-node=\"15,0,0\" data-index-in-node=\"0\">Contenido del vial:<\/b> 200 unidades de polvo blanco liofilizado (secado al vac\u00edo).<\/p>\n<\/li>\n<li>\n<p data-path-to-node=\"15,1,0\"><b data-path-to-node=\"15,1,0\" data-index-in-node=\"0\">Excipientes:<\/b> Alb\u00famina s\u00e9rica humana (estabilizante) y cloruro de sodio (agente isot\u00f3nico).<\/p>\n<\/li>\n<li>\n<p data-path-to-node=\"15,2,0\"><b data-path-to-node=\"15,2,0\" data-index-in-node=\"0\">Requisitos de almacenamiento:<\/b> Debe conservarse en nevera entre <b data-path-to-node=\"15,2,0\" data-index-in-node=\"61\">2 \u00b0C y 8 \u00b0C<\/b>.<\/p>\n<\/li>\n<\/ul>\n","protected":false},"excerpt":{"rendered":"<p>Botulax 200 UI es una toxina botul\u00ednica tipo A de alta pureza dise\u00f1ada para un uso est\u00e9tico y terap\u00e9utico intensivo. Este vial de 200 unidades ofrece eficiencia cl\u00ednica para tratar arrugas profundas, contorno corporal e hiperhidrosis. Con una pureza del 99% y difusi\u00f3n controlada, proporciona resultados predecibles y duraderos, garantizando la m\u00e1xima seguridad del paciente.  <\/p>\n","protected":false},"featured_media":102,"comment_status":"open","ping_status":"closed","template":"","meta":{"_monsterinsights_skip_tracking":false,"_monsterinsights_sitenote_active":false,"_monsterinsights_sitenote_note":"","_monsterinsights_sitenote_category":0},"product_brand":[],"product_cat":[75],"product_tag":[],"class_list":{"0":"post-339","1":"product","2":"type-product","3":"status-publish","4":"has-post-thumbnail","6":"product_cat-botox","8":"first","9":"instock","10":"shipping-taxable","11":"purchasable","12":"product-type-simple"},"yoast_head":"<!-- This site is optimized with the Yoast SEO plugin v27.5 - https:\/\/yoast.com\/product\/yoast-seo-wordpress\/ -->\n<title>Comprar Botulax 200 unidades \u2013 Toxina botul\u00ednica tipo A online - Precios al por mayor - Sarahandbendrix.com<\/title>\n<meta name=\"robots\" content=\"index, follow, max-snippet:-1, max-image-preview:large, max-video-preview:-1\" \/>\n<link rel=\"canonical\" href=\"https:\/\/sarahandbendrix.com\/es\/product\/botulax-200-unidades-toxina-botulinica-tipo-a\/\" \/>\n<meta property=\"og:locale\" content=\"es_ES\" \/>\n<meta property=\"og:type\" content=\"article\" \/>\n<meta property=\"og:title\" content=\"Comprar Botulax 200 unidades \u2013 Toxina botul\u00ednica tipo A online - Precios al por mayor - Sarahandbendrix.com\" \/>\n<meta property=\"og:description\" content=\"Botulax 200 UI es una toxina botul\u00ednica tipo A de alta pureza dise\u00f1ada para un uso est\u00e9tico y terap\u00e9utico intensivo. Este vial de 200 unidades ofrece eficiencia cl\u00ednica para tratar arrugas profundas, contorno corporal e hiperhidrosis. Con una pureza del 99% y difusi\u00f3n controlada, proporciona resultados predecibles y duraderos, garantizando la m\u00e1xima seguridad del paciente.\" \/>\n<meta property=\"og:url\" content=\"https:\/\/sarahandbendrix.com\/es\/product\/botulax-200-unidades-toxina-botulinica-tipo-a\/\" \/>\n<meta property=\"og:site_name\" content=\"Sarahandbendrix.com\" \/>\n<meta property=\"og:image\" content=\"https:\/\/sarahandbendrix.com\/wp-content\/uploads\/2026\/04\/BOTULAX_200_Units.jpg\" \/>\n\t<meta property=\"og:image:width\" content=\"838\" \/>\n\t<meta property=\"og:image:height\" content=\"837\" \/>\n\t<meta property=\"og:image:type\" content=\"image\/jpeg\" \/>\n<meta name=\"twitter:card\" content=\"summary_large_image\" \/>\n<meta name=\"twitter:label1\" content=\"Tiempo de lectura\" \/>\n\t<meta name=\"twitter:data1\" content=\"2 minutos\" \/>\n<script type=\"application\/ld+json\" class=\"yoast-schema-graph\">{\"@context\":\"https:\\\/\\\/schema.org\",\"@graph\":[{\"@type\":\"WebPage\",\"@id\":\"https:\\\/\\\/sarahandbendrix.com\\\/es\\\/product\\\/botulax-200-unidades-toxina-botulinica-tipo-a\\\/\",\"url\":\"https:\\\/\\\/sarahandbendrix.com\\\/es\\\/product\\\/botulax-200-unidades-toxina-botulinica-tipo-a\\\/\",\"name\":\"Comprar Botulax 200 unidades \u2013 Toxina botul\u00ednica tipo A online - Precios al por mayor - Sarahandbendrix.com\",\"isPartOf\":{\"@id\":\"https:\\\/\\\/sarahandbendrix.com\\\/es\\\/#website\"},\"primaryImageOfPage\":{\"@id\":\"https:\\\/\\\/sarahandbendrix.com\\\/es\\\/product\\\/botulax-200-unidades-toxina-botulinica-tipo-a\\\/#primaryimage\"},\"image\":{\"@id\":\"https:\\\/\\\/sarahandbendrix.com\\\/es\\\/product\\\/botulax-200-unidades-toxina-botulinica-tipo-a\\\/#primaryimage\"},\"thumbnailUrl\":\"https:\\\/\\\/sarahandbendrix.com\\\/wp-content\\\/uploads\\\/2026\\\/04\\\/BOTULAX_200_Units.jpg\",\"datePublished\":\"2026-04-08T15:55:49+00:00\",\"breadcrumb\":{\"@id\":\"https:\\\/\\\/sarahandbendrix.com\\\/es\\\/product\\\/botulax-200-unidades-toxina-botulinica-tipo-a\\\/#breadcrumb\"},\"inLanguage\":\"es\",\"potentialAction\":[{\"@type\":\"ReadAction\",\"target\":[\"https:\\\/\\\/sarahandbendrix.com\\\/es\\\/product\\\/botulax-200-unidades-toxina-botulinica-tipo-a\\\/\"]}]},{\"@type\":\"ImageObject\",\"inLanguage\":\"es\",\"@id\":\"https:\\\/\\\/sarahandbendrix.com\\\/es\\\/product\\\/botulax-200-unidades-toxina-botulinica-tipo-a\\\/#primaryimage\",\"url\":\"https:\\\/\\\/sarahandbendrix.com\\\/wp-content\\\/uploads\\\/2026\\\/04\\\/BOTULAX_200_Units.jpg\",\"contentUrl\":\"https:\\\/\\\/sarahandbendrix.com\\\/wp-content\\\/uploads\\\/2026\\\/04\\\/BOTULAX_200_Units.jpg\",\"width\":838,\"height\":837},{\"@type\":\"BreadcrumbList\",\"@id\":\"https:\\\/\\\/sarahandbendrix.com\\\/es\\\/product\\\/botulax-200-unidades-toxina-botulinica-tipo-a\\\/#breadcrumb\",\"itemListElement\":[{\"@type\":\"ListItem\",\"position\":1,\"name\":\"Inicio\",\"item\":\"https:\\\/\\\/sarahandbendrix.com\\\/es\\\/tienda\\\/\"},{\"@type\":\"ListItem\",\"position\":2,\"name\":\"Tienda\",\"item\":\"https:\\\/\\\/sarahandbendrix.com\\\/es\\\/tienda\\\/\"},{\"@type\":\"ListItem\",\"position\":3,\"name\":\"Botulax 200 unidades \u2013 Toxina botul\u00ednica tipo A\"}]},{\"@type\":\"WebSite\",\"@id\":\"https:\\\/\\\/sarahandbendrix.com\\\/es\\\/#website\",\"url\":\"https:\\\/\\\/sarahandbendrix.com\\\/es\\\/\",\"name\":\"Buy Korean Fillers and Botox Wholesale on sarahandbendrix\",\"description\":\"Buy Korean botox, dermal fillers &amp; meso products online. Apply for wholesale pricing on professional aesthetic supplies.\",\"publisher\":{\"@id\":\"https:\\\/\\\/sarahandbendrix.com\\\/es\\\/#organization\"},\"potentialAction\":[{\"@type\":\"SearchAction\",\"target\":{\"@type\":\"EntryPoint\",\"urlTemplate\":\"https:\\\/\\\/sarahandbendrix.com\\\/es\\\/?s={search_term_string}\"},\"query-input\":{\"@type\":\"PropertyValueSpecification\",\"valueRequired\":true,\"valueName\":\"search_term_string\"}}],\"inLanguage\":\"es\"},{\"@type\":\"Organization\",\"@id\":\"https:\\\/\\\/sarahandbendrix.com\\\/es\\\/#organization\",\"name\":\"Buy Korean Fillers and Botox Wholesale on sarahandbendrix\",\"url\":\"https:\\\/\\\/sarahandbendrix.com\\\/es\\\/\",\"logo\":{\"@type\":\"ImageObject\",\"inLanguage\":\"es\",\"@id\":\"https:\\\/\\\/sarahandbendrix.com\\\/es\\\/#\\\/schema\\\/logo\\\/image\\\/\",\"url\":\"https:\\\/\\\/sarahandbendrix.com\\\/wp-content\\\/uploads\\\/2026\\\/04\\\/cropped-cropped-ChatGPT-Image-21-apr-2026-18_38_12-1.png\",\"contentUrl\":\"https:\\\/\\\/sarahandbendrix.com\\\/wp-content\\\/uploads\\\/2026\\\/04\\\/cropped-cropped-ChatGPT-Image-21-apr-2026-18_38_12-1.png\",\"width\":1032,\"height\":586,\"caption\":\"Buy Korean Fillers and Botox Wholesale on sarahandbendrix\"},\"image\":{\"@id\":\"https:\\\/\\\/sarahandbendrix.com\\\/es\\\/#\\\/schema\\\/logo\\\/image\\\/\"}}]}<\/script>\n<!-- \/ Yoast SEO plugin. -->","yoast_head_json":{"title":"Comprar Botulax 200 unidades \u2013 Toxina botul\u00ednica tipo A online - Precios al por mayor - Sarahandbendrix.com","robots":{"index":"index","follow":"follow","max-snippet":"max-snippet:-1","max-image-preview":"max-image-preview:large","max-video-preview":"max-video-preview:-1"},"canonical":"https:\/\/sarahandbendrix.com\/es\/product\/botulax-200-unidades-toxina-botulinica-tipo-a\/","og_locale":"es_ES","og_type":"article","og_title":"Comprar Botulax 200 unidades \u2013 Toxina botul\u00ednica tipo A online - Precios al por mayor - Sarahandbendrix.com","og_description":"Botulax 200 UI es una toxina botul\u00ednica tipo A de alta pureza dise\u00f1ada para un uso est\u00e9tico y terap\u00e9utico intensivo. Este vial de 200 unidades ofrece eficiencia cl\u00ednica para tratar arrugas profundas, contorno corporal e hiperhidrosis. Con una pureza del 99% y difusi\u00f3n controlada, proporciona resultados predecibles y duraderos, garantizando la m\u00e1xima seguridad del paciente.","og_url":"https:\/\/sarahandbendrix.com\/es\/product\/botulax-200-unidades-toxina-botulinica-tipo-a\/","og_site_name":"Sarahandbendrix.com","og_image":[{"width":838,"height":837,"url":"https:\/\/sarahandbendrix.com\/wp-content\/uploads\/2026\/04\/BOTULAX_200_Units.jpg","type":"image\/jpeg"}],"twitter_card":"summary_large_image","twitter_misc":{"Tiempo de lectura":"2 minutos"},"schema":{"@context":"https:\/\/schema.org","@graph":[{"@type":"WebPage","@id":"https:\/\/sarahandbendrix.com\/es\/product\/botulax-200-unidades-toxina-botulinica-tipo-a\/","url":"https:\/\/sarahandbendrix.com\/es\/product\/botulax-200-unidades-toxina-botulinica-tipo-a\/","name":"Comprar Botulax 200 unidades \u2013 Toxina botul\u00ednica tipo A online - Precios al por mayor - Sarahandbendrix.com","isPartOf":{"@id":"https:\/\/sarahandbendrix.com\/es\/#website"},"primaryImageOfPage":{"@id":"https:\/\/sarahandbendrix.com\/es\/product\/botulax-200-unidades-toxina-botulinica-tipo-a\/#primaryimage"},"image":{"@id":"https:\/\/sarahandbendrix.com\/es\/product\/botulax-200-unidades-toxina-botulinica-tipo-a\/#primaryimage"},"thumbnailUrl":"https:\/\/sarahandbendrix.com\/wp-content\/uploads\/2026\/04\/BOTULAX_200_Units.jpg","datePublished":"2026-04-08T15:55:49+00:00","breadcrumb":{"@id":"https:\/\/sarahandbendrix.com\/es\/product\/botulax-200-unidades-toxina-botulinica-tipo-a\/#breadcrumb"},"inLanguage":"es","potentialAction":[{"@type":"ReadAction","target":["https:\/\/sarahandbendrix.com\/es\/product\/botulax-200-unidades-toxina-botulinica-tipo-a\/"]}]},{"@type":"ImageObject","inLanguage":"es","@id":"https:\/\/sarahandbendrix.com\/es\/product\/botulax-200-unidades-toxina-botulinica-tipo-a\/#primaryimage","url":"https:\/\/sarahandbendrix.com\/wp-content\/uploads\/2026\/04\/BOTULAX_200_Units.jpg","contentUrl":"https:\/\/sarahandbendrix.com\/wp-content\/uploads\/2026\/04\/BOTULAX_200_Units.jpg","width":838,"height":837},{"@type":"BreadcrumbList","@id":"https:\/\/sarahandbendrix.com\/es\/product\/botulax-200-unidades-toxina-botulinica-tipo-a\/#breadcrumb","itemListElement":[{"@type":"ListItem","position":1,"name":"Inicio","item":"https:\/\/sarahandbendrix.com\/es\/tienda\/"},{"@type":"ListItem","position":2,"name":"Tienda","item":"https:\/\/sarahandbendrix.com\/es\/tienda\/"},{"@type":"ListItem","position":3,"name":"Botulax 200 unidades \u2013 Toxina botul\u00ednica tipo A"}]},{"@type":"WebSite","@id":"https:\/\/sarahandbendrix.com\/es\/#website","url":"https:\/\/sarahandbendrix.com\/es\/","name":"Buy Korean Fillers and Botox Wholesale on sarahandbendrix","description":"Buy Korean botox, dermal fillers &amp; meso products online. Apply for wholesale pricing on professional aesthetic supplies.","publisher":{"@id":"https:\/\/sarahandbendrix.com\/es\/#organization"},"potentialAction":[{"@type":"SearchAction","target":{"@type":"EntryPoint","urlTemplate":"https:\/\/sarahandbendrix.com\/es\/?s={search_term_string}"},"query-input":{"@type":"PropertyValueSpecification","valueRequired":true,"valueName":"search_term_string"}}],"inLanguage":"es"},{"@type":"Organization","@id":"https:\/\/sarahandbendrix.com\/es\/#organization","name":"Buy Korean Fillers and Botox Wholesale on sarahandbendrix","url":"https:\/\/sarahandbendrix.com\/es\/","logo":{"@type":"ImageObject","inLanguage":"es","@id":"https:\/\/sarahandbendrix.com\/es\/#\/schema\/logo\/image\/","url":"https:\/\/sarahandbendrix.com\/wp-content\/uploads\/2026\/04\/cropped-cropped-ChatGPT-Image-21-apr-2026-18_38_12-1.png","contentUrl":"https:\/\/sarahandbendrix.com\/wp-content\/uploads\/2026\/04\/cropped-cropped-ChatGPT-Image-21-apr-2026-18_38_12-1.png","width":1032,"height":586,"caption":"Buy Korean Fillers and Botox Wholesale on sarahandbendrix"},"image":{"@id":"https:\/\/sarahandbendrix.com\/es\/#\/schema\/logo\/image\/"}}]}},"_links":{"self":[{"href":"https:\/\/sarahandbendrix.com\/es\/wp-json\/wp\/v2\/product\/339","targetHints":{"allow":["GET"]}}],"collection":[{"href":"https:\/\/sarahandbendrix.com\/es\/wp-json\/wp\/v2\/product"}],"about":[{"href":"https:\/\/sarahandbendrix.com\/es\/wp-json\/wp\/v2\/types\/product"}],"replies":[{"embeddable":true,"href":"https:\/\/sarahandbendrix.com\/es\/wp-json\/wp\/v2\/comments?post=339"}],"wp:featuredmedia":[{"embeddable":true,"href":"https:\/\/sarahandbendrix.com\/es\/wp-json\/wp\/v2\/media\/102"}],"wp:attachment":[{"href":"https:\/\/sarahandbendrix.com\/es\/wp-json\/wp\/v2\/media?parent=339"}],"wp:term":[{"taxonomy":"product_brand","embeddable":true,"href":"https:\/\/sarahandbendrix.com\/es\/wp-json\/wp\/v2\/product_brand?post=339"},{"taxonomy":"product_cat","embeddable":true,"href":"https:\/\/sarahandbendrix.com\/es\/wp-json\/wp\/v2\/product_cat?post=339"},{"taxonomy":"product_tag","embeddable":true,"href":"https:\/\/sarahandbendrix.com\/es\/wp-json\/wp\/v2\/product_tag?post=339"}],"curies":[{"name":"wp","href":"https:\/\/api.w.org\/{rel}","templated":true}]}}