{"id":325,"date":"2026-04-08T15:16:30","date_gmt":"2026-04-08T15:16:30","guid":{"rendered":"https:\/\/sarahandbendrix.com\/product\/revolax-sub-q-con-lidocaina-1-x-11-ml\/"},"modified":"2026-04-08T15:16:30","modified_gmt":"2026-04-08T15:16:30","slug":"revolax-sub-q-con-lidocaina-1-x-11-ml","status":"publish","type":"product","link":"https:\/\/sarahandbendrix.com\/es\/product\/revolax-sub-q-con-lidocaina-1-x-11-ml\/","title":{"rendered":"Revolax Sub-Q con Lidoca\u00edna (1 x 1,1 ml)"},"content":{"rendered":"<p data-path-to-node=\"3\"><b data-path-to-node=\"3\" data-index-in-node=\"0\">Revolax Sub-Q con Lidoca\u00edna<\/b> representa la c\u00faspide de los rellenos d\u00e9rmicos estructurales. Es un gel inyectable denso y altamente reticulado dise\u00f1ado para su colocaci\u00f3n subcut\u00e1nea profunda a supraperi\u00f3stica. Desarrollado para una longevidad extrema y m\u00e1xima capacidad de elevaci\u00f3n, es la opci\u00f3n principal para la \u00abbioescultura\u00bb facial profesional sin cirug\u00eda.  <\/p>\n<h3 data-path-to-node=\"4\"><b data-path-to-node=\"4\" data-index-in-node=\"0\">Indicaciones Cl\u00ednicas y \u00c1reas de Aplicaci\u00f3n<\/b><\/h3>\n<p data-path-to-node=\"5\">Debido a su alta densidad, Revolax Sub-Q est\u00e1 espec\u00edficamente dise\u00f1ado para un desplazamiento significativo de tejido y estructura que imita el hueso:<\/p>\n<ul data-path-to-node=\"6\">\n<li>\n<p data-path-to-node=\"6,0,0\"><b data-path-to-node=\"6,0,0\" data-index-in-node=\"0\">Aumento de P\u00f3mulos:<\/b> Restauraci\u00f3n del volumen malar y creaci\u00f3n de p\u00f3mulos altos y definidos.<\/p>\n<\/li>\n<li>\n<p data-path-to-node=\"6,1,0\"><b data-path-to-node=\"6,1,0\" data-index-in-node=\"0\">Contorneado de Mand\u00edbula:<\/b> Definici\u00f3n del \u00e1ngulo mandibular y del perfil.<\/p>\n<\/li>\n<li>\n<p data-path-to-node=\"6,2,0\"><b data-path-to-node=\"6,2,0\" data-index-in-node=\"0\">Mejora del Ment\u00f3n:<\/b> Genioplastia no quir\u00fargica para mejorar la proyecci\u00f3n.<\/p>\n<\/li>\n<li>\n<p data-path-to-node=\"6,3,0\"><b data-path-to-node=\"6,3,0\" data-index-in-node=\"0\">Remodelaci\u00f3n Nasal:<\/b> Alternativas a la rinoplastia para suavizar gibas dorsales.<\/p>\n<\/li>\n<li>\n<p data-path-to-node=\"6,4,0\"><b data-path-to-node=\"6,4,0\" data-index-in-node=\"0\">Arrugas Severas:<\/b> Tratamiento de los pliegues y depresiones cut\u00e1neas m\u00e1s profundas.<\/p>\n<\/li>\n<\/ul>\n<hr data-path-to-node=\"7\">\n<h3 data-path-to-node=\"8\"><b data-path-to-node=\"8\" data-index-in-node=\"0\">Especificaciones T\u00e9cnicas Clave<\/b><\/h3>\n<ul data-path-to-node=\"9\">\n<li>\n<p data-path-to-node=\"9,0,0\"><b data-path-to-node=\"9,0,0\" data-index-in-node=\"0\">G&#8217; Prime Superior (Dureza):<\/b> Con la viscosidad m\u00e1s alta de la gama Revolax, proporciona el \u00abandamiaje\u00bb necesario para elevar tejidos faciales pesados.<\/p>\n<\/li>\n<li>\n<p data-path-to-node=\"9,1,0\"><b data-path-to-node=\"9,1,0\" data-index-in-node=\"0\">Tecnolog\u00eda de Reticulaci\u00f3n 3D:<\/b> Una estructura reticular compleja que resiste la degradaci\u00f3n enzim\u00e1tica, garantizando la integridad estructural a lo largo del tiempo.<\/p>\n<\/li>\n<li>\n<p data-path-to-node=\"9,2,0\"><b data-path-to-node=\"9,2,0\" data-index-in-node=\"0\">F\u00f3rmula:<\/b> <span class=\"math-inline\" data-math=\"24mg\/ml\" data-index-in-node=\"9\">24 mg\/ml<\/span> de \u00c1cido Hialur\u00f3nico Reticulado con <span class=\"math-inline\" data-math=\"0.3\\%\" data-index-in-node=\"54\">0,3 %<\/span> de Lidoca\u00edna para mayor comodidad durante el procedimiento.<\/p>\n<\/li>\n<li>\n<p data-path-to-node=\"9,3,0\"><b data-path-to-node=\"9,3,0\" data-index-in-node=\"0\">Cohesividad:<\/b> Alta resistencia a la migraci\u00f3n, garantizando que el producto permanezca en las capas profundas donde se coloca.<\/p>\n<\/li>\n<\/ul>\n<h3 data-path-to-node=\"10\"><b data-path-to-node=\"10\" data-index-in-node=\"0\">La Ventaja Profesional<\/b><\/h3>\n<ol start=\"1\" data-path-to-node=\"11\">\n<li>\n<p data-path-to-node=\"11,0,0\"><b data-path-to-node=\"11,0,0\" data-index-in-node=\"0\">Elevaci\u00f3n Arquitect\u00f3nica:<\/b> A diferencia de los rellenos m\u00e1s suaves, Sub-Q act\u00faa como un sistema de soporte, siendo ideal para crear \u00e1ngulos definidos y \u00ablistos para Instagram\u00bb.<\/p>\n<\/li>\n<li>\n<p data-path-to-node=\"11,1,0\"><b data-path-to-node=\"11,1,0\" data-index-in-node=\"0\">Seguridad Cl\u00ednica:<\/b> A pesar de su densidad, sigue siendo un gel monof\u00e1sico, lo que garantiza que sea f\u00e1cil de disolver con hialuronidasa si se requieren ajustes.<\/p>\n<\/li>\n<li>\n<p data-path-to-node=\"11,2,0\"><b data-path-to-node=\"11,2,0\" data-index-in-node=\"0\">Longevidad Excepcional:<\/b> Uno de los rellenos m\u00e1s duraderos del mercado, con resultados que suelen durar entre <b data-path-to-node=\"11,2,0\" data-index-in-node=\"109\">12 y 18 meses<\/b>.<\/p>\n<\/li>\n<\/ol>\n<hr data-path-to-node=\"12\">\n<h3 data-path-to-node=\"13\"><b data-path-to-node=\"13\" data-index-in-node=\"0\">Seguridad y Protocolo de Inyecci\u00f3n<\/b><\/h3>\n<blockquote data-path-to-node=\"14\">\n<p data-path-to-node=\"14,0\"><b data-path-to-node=\"14,0\" data-index-in-node=\"0\">Advertencia:<\/b> Revolax Sub-Q es un dispositivo m\u00e9dico de alta densidad. Solo debe ser administrado por profesionales expertos utilizando t\u00e9cnicas de inyecci\u00f3n en capas profundas para evitar bultos superficiales o compromiso vascular. <\/p>\n<\/blockquote>\n<ul data-path-to-node=\"15\">\n<li>\n<p data-path-to-node=\"15,0,0\"><b data-path-to-node=\"15,0,0\" data-index-in-node=\"0\">Contenido de la Caja:<\/b> 1 jeringa precargada de 1,1 ml, 2 agujas est\u00e9riles de 25G.<\/p>\n<\/li>\n<li>\n<p data-path-to-node=\"15,1,0\"><b data-path-to-node=\"15,1,0\" data-index-in-node=\"0\">Almacenamiento:<\/b> Mantener entre 2 \u00b0C y 25 \u00b0C.<\/p>\n<\/li>\n<\/ul>\n","protected":false},"excerpt":{"rendered":"<p><b data-path-to-node=\"18\" data-index-in-node=\"0\">Revolax Sub-Q con Lidoca\u00edna<\/b> es un relleno de viscosidad ultra alta dise\u00f1ado para volumizaci\u00f3n estructural profunda. Elaborado expertamente para el aumento de p\u00f3mulos, ment\u00f3n y mand\u00edbula, proporciona m\u00e1xima elevaci\u00f3n y definici\u00f3n \u00absimilar al hueso\u00bb. Su f\u00f3rmula altamente reticulada garantiza una durabilidad incre\u00edble (hasta 18 meses) mientras que la lidoca\u00edna integrada asegura un tratamiento profesional preciso y c\u00f3modo.  <\/p>\n","protected":false},"featured_media":90,"comment_status":"open","ping_status":"closed","template":"","meta":{"_monsterinsights_skip_tracking":false,"_monsterinsights_sitenote_active":false,"_monsterinsights_sitenote_note":"","_monsterinsights_sitenote_category":0},"product_brand":[],"product_cat":[68],"product_tag":[],"class_list":{"0":"post-325","1":"product","2":"type-product","3":"status-publish","4":"has-post-thumbnail","6":"product_cat-rellenos-dermicos","8":"first","9":"instock","10":"shipping-taxable","11":"purchasable","12":"product-type-simple"},"yoast_head":"<!-- This site is optimized with the Yoast SEO plugin v27.5 - https:\/\/yoast.com\/product\/yoast-seo-wordpress\/ -->\n<title>Comprar Revolax Sub-Q con Lidoca\u00edna (1 x 1,1 ml) online - Precios al por mayor - Sarahandbendrix.com<\/title>\n<meta name=\"robots\" content=\"index, follow, max-snippet:-1, max-image-preview:large, max-video-preview:-1\" \/>\n<link rel=\"canonical\" href=\"https:\/\/sarahandbendrix.com\/es\/product\/revolax-sub-q-con-lidocaina-1-x-11-ml\/\" \/>\n<meta property=\"og:locale\" content=\"es_ES\" \/>\n<meta property=\"og:type\" content=\"article\" \/>\n<meta property=\"og:title\" content=\"Comprar Revolax Sub-Q con Lidoca\u00edna (1 x 1,1 ml) online - Precios al por mayor - Sarahandbendrix.com\" \/>\n<meta property=\"og:description\" content=\"Revolax Sub-Q con Lidoca\u00edna es un relleno de viscosidad ultra alta dise\u00f1ado para volumizaci\u00f3n estructural profunda. Elaborado expertamente para el aumento de p\u00f3mulos, ment\u00f3n y mand\u00edbula, proporciona m\u00e1xima elevaci\u00f3n y definici\u00f3n &quot;similar al hueso&quot;. Su f\u00f3rmula altamente reticulada garantiza una durabilidad incre\u00edble (hasta 18 meses) mientras que la lidoca\u00edna integrada asegura un tratamiento profesional preciso y c\u00f3modo.\" \/>\n<meta property=\"og:url\" content=\"https:\/\/sarahandbendrix.com\/es\/product\/revolax-sub-q-con-lidocaina-1-x-11-ml\/\" \/>\n<meta property=\"og:site_name\" content=\"Sarahandbendrix.com\" \/>\n<meta property=\"og:image\" content=\"https:\/\/sarahandbendrix.com\/wp-content\/uploads\/2026\/04\/Revolax_Sub-Q.jpg\" \/>\n\t<meta property=\"og:image:width\" content=\"924\" \/>\n\t<meta property=\"og:image:height\" content=\"924\" \/>\n\t<meta property=\"og:image:type\" content=\"image\/jpeg\" \/>\n<meta name=\"twitter:card\" content=\"summary_large_image\" \/>\n<meta name=\"twitter:label1\" content=\"Tiempo de lectura\" \/>\n\t<meta name=\"twitter:data1\" content=\"2 minutos\" \/>\n<script type=\"application\/ld+json\" class=\"yoast-schema-graph\">{\"@context\":\"https:\\\/\\\/schema.org\",\"@graph\":[{\"@type\":\"WebPage\",\"@id\":\"https:\\\/\\\/sarahandbendrix.com\\\/es\\\/product\\\/revolax-sub-q-con-lidocaina-1-x-11-ml\\\/\",\"url\":\"https:\\\/\\\/sarahandbendrix.com\\\/es\\\/product\\\/revolax-sub-q-con-lidocaina-1-x-11-ml\\\/\",\"name\":\"Comprar Revolax Sub-Q con Lidoca\u00edna (1 x 1,1 ml) online - Precios al por mayor - Sarahandbendrix.com\",\"isPartOf\":{\"@id\":\"https:\\\/\\\/sarahandbendrix.com\\\/es\\\/#website\"},\"primaryImageOfPage\":{\"@id\":\"https:\\\/\\\/sarahandbendrix.com\\\/es\\\/product\\\/revolax-sub-q-con-lidocaina-1-x-11-ml\\\/#primaryimage\"},\"image\":{\"@id\":\"https:\\\/\\\/sarahandbendrix.com\\\/es\\\/product\\\/revolax-sub-q-con-lidocaina-1-x-11-ml\\\/#primaryimage\"},\"thumbnailUrl\":\"https:\\\/\\\/sarahandbendrix.com\\\/wp-content\\\/uploads\\\/2026\\\/04\\\/Revolax_Sub-Q.jpg\",\"datePublished\":\"2026-04-08T15:16:30+00:00\",\"breadcrumb\":{\"@id\":\"https:\\\/\\\/sarahandbendrix.com\\\/es\\\/product\\\/revolax-sub-q-con-lidocaina-1-x-11-ml\\\/#breadcrumb\"},\"inLanguage\":\"es\",\"potentialAction\":[{\"@type\":\"ReadAction\",\"target\":[\"https:\\\/\\\/sarahandbendrix.com\\\/es\\\/product\\\/revolax-sub-q-con-lidocaina-1-x-11-ml\\\/\"]}]},{\"@type\":\"ImageObject\",\"inLanguage\":\"es\",\"@id\":\"https:\\\/\\\/sarahandbendrix.com\\\/es\\\/product\\\/revolax-sub-q-con-lidocaina-1-x-11-ml\\\/#primaryimage\",\"url\":\"https:\\\/\\\/sarahandbendrix.com\\\/wp-content\\\/uploads\\\/2026\\\/04\\\/Revolax_Sub-Q.jpg\",\"contentUrl\":\"https:\\\/\\\/sarahandbendrix.com\\\/wp-content\\\/uploads\\\/2026\\\/04\\\/Revolax_Sub-Q.jpg\",\"width\":924,\"height\":924},{\"@type\":\"BreadcrumbList\",\"@id\":\"https:\\\/\\\/sarahandbendrix.com\\\/es\\\/product\\\/revolax-sub-q-con-lidocaina-1-x-11-ml\\\/#breadcrumb\",\"itemListElement\":[{\"@type\":\"ListItem\",\"position\":1,\"name\":\"Inicio\",\"item\":\"https:\\\/\\\/sarahandbendrix.com\\\/es\\\/tienda\\\/\"},{\"@type\":\"ListItem\",\"position\":2,\"name\":\"Tienda\",\"item\":\"https:\\\/\\\/sarahandbendrix.com\\\/es\\\/tienda\\\/\"},{\"@type\":\"ListItem\",\"position\":3,\"name\":\"Revolax Sub-Q con Lidoca\u00edna (1 x 1,1 ml)\"}]},{\"@type\":\"WebSite\",\"@id\":\"https:\\\/\\\/sarahandbendrix.com\\\/es\\\/#website\",\"url\":\"https:\\\/\\\/sarahandbendrix.com\\\/es\\\/\",\"name\":\"Buy Korean Fillers and Botox Wholesale on sarahandbendrix\",\"description\":\"Buy Korean botox, dermal fillers &amp; meso products online. Apply for wholesale pricing on professional aesthetic supplies.\",\"publisher\":{\"@id\":\"https:\\\/\\\/sarahandbendrix.com\\\/es\\\/#organization\"},\"potentialAction\":[{\"@type\":\"SearchAction\",\"target\":{\"@type\":\"EntryPoint\",\"urlTemplate\":\"https:\\\/\\\/sarahandbendrix.com\\\/es\\\/?s={search_term_string}\"},\"query-input\":{\"@type\":\"PropertyValueSpecification\",\"valueRequired\":true,\"valueName\":\"search_term_string\"}}],\"inLanguage\":\"es\"},{\"@type\":\"Organization\",\"@id\":\"https:\\\/\\\/sarahandbendrix.com\\\/es\\\/#organization\",\"name\":\"Buy Korean Fillers and Botox Wholesale on sarahandbendrix\",\"url\":\"https:\\\/\\\/sarahandbendrix.com\\\/es\\\/\",\"logo\":{\"@type\":\"ImageObject\",\"inLanguage\":\"es\",\"@id\":\"https:\\\/\\\/sarahandbendrix.com\\\/es\\\/#\\\/schema\\\/logo\\\/image\\\/\",\"url\":\"https:\\\/\\\/sarahandbendrix.com\\\/wp-content\\\/uploads\\\/2026\\\/04\\\/cropped-cropped-ChatGPT-Image-21-apr-2026-18_38_12-1.png\",\"contentUrl\":\"https:\\\/\\\/sarahandbendrix.com\\\/wp-content\\\/uploads\\\/2026\\\/04\\\/cropped-cropped-ChatGPT-Image-21-apr-2026-18_38_12-1.png\",\"width\":1032,\"height\":586,\"caption\":\"Buy Korean Fillers and Botox Wholesale on sarahandbendrix\"},\"image\":{\"@id\":\"https:\\\/\\\/sarahandbendrix.com\\\/es\\\/#\\\/schema\\\/logo\\\/image\\\/\"}}]}<\/script>\n<!-- \/ Yoast SEO plugin. -->","yoast_head_json":{"title":"Comprar Revolax Sub-Q con Lidoca\u00edna (1 x 1,1 ml) online - Precios al por mayor - Sarahandbendrix.com","robots":{"index":"index","follow":"follow","max-snippet":"max-snippet:-1","max-image-preview":"max-image-preview:large","max-video-preview":"max-video-preview:-1"},"canonical":"https:\/\/sarahandbendrix.com\/es\/product\/revolax-sub-q-con-lidocaina-1-x-11-ml\/","og_locale":"es_ES","og_type":"article","og_title":"Comprar Revolax Sub-Q con Lidoca\u00edna (1 x 1,1 ml) online - Precios al por mayor - Sarahandbendrix.com","og_description":"Revolax Sub-Q con Lidoca\u00edna es un relleno de viscosidad ultra alta dise\u00f1ado para volumizaci\u00f3n estructural profunda. Elaborado expertamente para el aumento de p\u00f3mulos, ment\u00f3n y mand\u00edbula, proporciona m\u00e1xima elevaci\u00f3n y definici\u00f3n \"similar al hueso\". Su f\u00f3rmula altamente reticulada garantiza una durabilidad incre\u00edble (hasta 18 meses) mientras que la lidoca\u00edna integrada asegura un tratamiento profesional preciso y c\u00f3modo.","og_url":"https:\/\/sarahandbendrix.com\/es\/product\/revolax-sub-q-con-lidocaina-1-x-11-ml\/","og_site_name":"Sarahandbendrix.com","og_image":[{"width":924,"height":924,"url":"https:\/\/sarahandbendrix.com\/wp-content\/uploads\/2026\/04\/Revolax_Sub-Q.jpg","type":"image\/jpeg"}],"twitter_card":"summary_large_image","twitter_misc":{"Tiempo de lectura":"2 minutos"},"schema":{"@context":"https:\/\/schema.org","@graph":[{"@type":"WebPage","@id":"https:\/\/sarahandbendrix.com\/es\/product\/revolax-sub-q-con-lidocaina-1-x-11-ml\/","url":"https:\/\/sarahandbendrix.com\/es\/product\/revolax-sub-q-con-lidocaina-1-x-11-ml\/","name":"Comprar Revolax Sub-Q con Lidoca\u00edna (1 x 1,1 ml) online - Precios al por mayor - Sarahandbendrix.com","isPartOf":{"@id":"https:\/\/sarahandbendrix.com\/es\/#website"},"primaryImageOfPage":{"@id":"https:\/\/sarahandbendrix.com\/es\/product\/revolax-sub-q-con-lidocaina-1-x-11-ml\/#primaryimage"},"image":{"@id":"https:\/\/sarahandbendrix.com\/es\/product\/revolax-sub-q-con-lidocaina-1-x-11-ml\/#primaryimage"},"thumbnailUrl":"https:\/\/sarahandbendrix.com\/wp-content\/uploads\/2026\/04\/Revolax_Sub-Q.jpg","datePublished":"2026-04-08T15:16:30+00:00","breadcrumb":{"@id":"https:\/\/sarahandbendrix.com\/es\/product\/revolax-sub-q-con-lidocaina-1-x-11-ml\/#breadcrumb"},"inLanguage":"es","potentialAction":[{"@type":"ReadAction","target":["https:\/\/sarahandbendrix.com\/es\/product\/revolax-sub-q-con-lidocaina-1-x-11-ml\/"]}]},{"@type":"ImageObject","inLanguage":"es","@id":"https:\/\/sarahandbendrix.com\/es\/product\/revolax-sub-q-con-lidocaina-1-x-11-ml\/#primaryimage","url":"https:\/\/sarahandbendrix.com\/wp-content\/uploads\/2026\/04\/Revolax_Sub-Q.jpg","contentUrl":"https:\/\/sarahandbendrix.com\/wp-content\/uploads\/2026\/04\/Revolax_Sub-Q.jpg","width":924,"height":924},{"@type":"BreadcrumbList","@id":"https:\/\/sarahandbendrix.com\/es\/product\/revolax-sub-q-con-lidocaina-1-x-11-ml\/#breadcrumb","itemListElement":[{"@type":"ListItem","position":1,"name":"Inicio","item":"https:\/\/sarahandbendrix.com\/es\/tienda\/"},{"@type":"ListItem","position":2,"name":"Tienda","item":"https:\/\/sarahandbendrix.com\/es\/tienda\/"},{"@type":"ListItem","position":3,"name":"Revolax Sub-Q con Lidoca\u00edna (1 x 1,1 ml)"}]},{"@type":"WebSite","@id":"https:\/\/sarahandbendrix.com\/es\/#website","url":"https:\/\/sarahandbendrix.com\/es\/","name":"Buy Korean Fillers and Botox Wholesale on sarahandbendrix","description":"Buy Korean botox, dermal fillers &amp; meso products online. Apply for wholesale pricing on professional aesthetic supplies.","publisher":{"@id":"https:\/\/sarahandbendrix.com\/es\/#organization"},"potentialAction":[{"@type":"SearchAction","target":{"@type":"EntryPoint","urlTemplate":"https:\/\/sarahandbendrix.com\/es\/?s={search_term_string}"},"query-input":{"@type":"PropertyValueSpecification","valueRequired":true,"valueName":"search_term_string"}}],"inLanguage":"es"},{"@type":"Organization","@id":"https:\/\/sarahandbendrix.com\/es\/#organization","name":"Buy Korean Fillers and Botox Wholesale on sarahandbendrix","url":"https:\/\/sarahandbendrix.com\/es\/","logo":{"@type":"ImageObject","inLanguage":"es","@id":"https:\/\/sarahandbendrix.com\/es\/#\/schema\/logo\/image\/","url":"https:\/\/sarahandbendrix.com\/wp-content\/uploads\/2026\/04\/cropped-cropped-ChatGPT-Image-21-apr-2026-18_38_12-1.png","contentUrl":"https:\/\/sarahandbendrix.com\/wp-content\/uploads\/2026\/04\/cropped-cropped-ChatGPT-Image-21-apr-2026-18_38_12-1.png","width":1032,"height":586,"caption":"Buy Korean Fillers and Botox Wholesale on sarahandbendrix"},"image":{"@id":"https:\/\/sarahandbendrix.com\/es\/#\/schema\/logo\/image\/"}}]}},"_links":{"self":[{"href":"https:\/\/sarahandbendrix.com\/es\/wp-json\/wp\/v2\/product\/325","targetHints":{"allow":["GET"]}}],"collection":[{"href":"https:\/\/sarahandbendrix.com\/es\/wp-json\/wp\/v2\/product"}],"about":[{"href":"https:\/\/sarahandbendrix.com\/es\/wp-json\/wp\/v2\/types\/product"}],"replies":[{"embeddable":true,"href":"https:\/\/sarahandbendrix.com\/es\/wp-json\/wp\/v2\/comments?post=325"}],"wp:featuredmedia":[{"embeddable":true,"href":"https:\/\/sarahandbendrix.com\/es\/wp-json\/wp\/v2\/media\/90"}],"wp:attachment":[{"href":"https:\/\/sarahandbendrix.com\/es\/wp-json\/wp\/v2\/media?parent=325"}],"wp:term":[{"taxonomy":"product_brand","embeddable":true,"href":"https:\/\/sarahandbendrix.com\/es\/wp-json\/wp\/v2\/product_brand?post=325"},{"taxonomy":"product_cat","embeddable":true,"href":"https:\/\/sarahandbendrix.com\/es\/wp-json\/wp\/v2\/product_cat?post=325"},{"taxonomy":"product_tag","embeddable":true,"href":"https:\/\/sarahandbendrix.com\/es\/wp-json\/wp\/v2\/product_tag?post=325"}],"curies":[{"name":"wp","href":"https:\/\/api.w.org\/{rel}","templated":true}]}}