{"id":321,"date":"2026-04-08T19:09:35","date_gmt":"2026-04-08T19:09:35","guid":{"rendered":"https:\/\/sarahandbendrix.com\/product\/profhilo-hl-1-x-20-ml\/"},"modified":"2026-04-08T19:09:35","modified_gmt":"2026-04-08T19:09:35","slug":"profhilo-hl-1-x-20-ml","status":"publish","type":"product","link":"https:\/\/sarahandbendrix.com\/es\/product\/profhilo-hl-1-x-20-ml\/","title":{"rendered":"Profhilo H+L 1 x 2,0 ml"},"content":{"rendered":"<p data-path-to-node=\"0\"><b data-path-to-node=\"0\" data-index-in-node=\"0\">Profhilo<\/b> es un tratamiento hidratante revolucionario de \u00e1cido hialur\u00f3nico \u00abbajo la piel\u00bb, a menudo categorizado como <b data-path-to-node=\"0\" data-index-in-node=\"110\">Skin Booster<\/b> m\u00e1s que como un relleno tradicional. Tiene una de las concentraciones m\u00e1s altas de \u00e1cido hialur\u00f3nico (AH) del mercado (<span class=\"math-inline\" data-math=\"64mg \/ 2ml\" data-index-in-node=\"237\">64 mg \/ 2 ml<\/span>), dise\u00f1ado para remodelar el tejido envejecido y descolgado. <\/p>\n<h3 data-path-to-node=\"1\"><b data-path-to-node=\"1\" data-index-in-node=\"0\">Indicaciones cl\u00ednicas y zonas de tratamiento<\/b><\/h3>\n<p data-path-to-node=\"2\">Profhilo es ideal para pacientes que desean mejorar la calidad de la piel sin cambiar su estructura facial:<\/p>\n<ul data-path-to-node=\"3\">\n<li>\n<p data-path-to-node=\"3,0,0\"><b data-path-to-node=\"3,0,0\" data-index-in-node=\"0\">Rostro y cuello:<\/b> Las zonas m\u00e1s habituales para tratar la flacidez cut\u00e1nea y la textura \u00abarrugada\u00bb.<\/p>\n<\/li>\n<li>\n<p data-path-to-node=\"3,1,0\"><b data-path-to-node=\"3,1,0\" data-index-in-node=\"0\">Manos y brazos:<\/b> Rejuvenecimiento de la piel fina en las extremidades.<\/p>\n<\/li>\n<li>\n<p data-path-to-node=\"3,2,0\"><b data-path-to-node=\"3,2,0\" data-index-in-node=\"0\">Abdomen y rodillas:<\/b> Tratamiento de la piel descolgada en zonas corporales.<\/p>\n<\/li>\n<li>\n<p data-path-to-node=\"3,3,0\"><b data-path-to-node=\"3,3,0\" data-index-in-node=\"0\">Biorremodelaci\u00f3n:<\/b> Mejora de la firmeza y la elasticidad generales en lugar de rellenar l\u00edneas espec\u00edficas.<\/p>\n<\/li>\n<\/ul>\n<hr data-path-to-node=\"4\">\n<h3 data-path-to-node=\"5\"><b data-path-to-node=\"5\" data-index-in-node=\"0\">Excelencia t\u00e9cnica y mecanismo<\/b><\/h3>\n<ul data-path-to-node=\"6\">\n<li>\n<p data-path-to-node=\"6,0,0\"><b data-path-to-node=\"6,0,0\" data-index-in-node=\"0\">Tecnolog\u00eda NAHYCO\u00ae:<\/b> Un proceso \u00fanico de reticulaci\u00f3n t\u00e9rmica que evita el uso de agentes qu\u00edmicos (BDDE), dando como resultado un gel de AH puro y de alta concentraci\u00f3n.<\/p>\n<\/li>\n<li>\n<p data-path-to-node=\"6,1,0\"><b data-path-to-node=\"6,1,0\" data-index-in-node=\"0\">Complejos h\u00edbridos:<\/b> Combina AH de alto peso molecular (para soporte estructural) y AH de bajo peso molecular (para hidrataci\u00f3n profunda).<\/p>\n<\/li>\n<li>\n<p data-path-to-node=\"6,2,0\"><b data-path-to-node=\"6,2,0\" data-index-in-node=\"0\">Liberaci\u00f3n lenta:<\/b> Una vez inyectado, Profhilo se distribuye suavemente por los tejidos, estimulando 4 tipos diferentes de col\u00e1geno y elastina.<\/p>\n<\/li>\n<li>\n<p data-path-to-node=\"6,3,0\"><b data-path-to-node=\"6,3,0\" data-index-in-node=\"0\">La t\u00e9cnica BAP:<\/b> Se administra mediante la t\u00e9cnica de <b data-path-to-node=\"6,3,0\" data-index-in-node=\"40\">Bio Aesthetic Points<\/b> (5 puntos de inyecci\u00f3n por lado), que minimiza las molestias y los hematomas.<\/p>\n<\/li>\n<\/ul>\n<h3 data-path-to-node=\"7\"><b data-path-to-node=\"7\" data-index-in-node=\"0\">La ventaja profesional<\/b><\/h3>\n<ol start=\"1\" data-path-to-node=\"8\">\n<li>\n<p data-path-to-node=\"8,0,0\"><b data-path-to-node=\"8,0,0\" data-index-in-node=\"0\">Remodelaci\u00f3n tisular:<\/b> No solo hidrata; mejora realmente el \u00abandamiaje biol\u00f3gico\u00bb de la piel.<\/p>\n<\/li>\n<li>\n<p data-path-to-node=\"8,1,0\"><b data-path-to-node=\"8,1,0\" data-index-in-node=\"0\">Perfil de seguridad:<\/b> Debido a su alta pureza y a la ausencia de reticulantes qu\u00edmicos, presenta un riesgo muy bajo de reacciones inflamatorias.<\/p>\n<\/li>\n<li>\n<p data-path-to-node=\"8,2,0\"><b data-path-to-node=\"8,2,0\" data-index-in-node=\"0\">Eficiencia:<\/b> Un protocolo est\u00e1ndar suele requerir solo dos sesiones, con un mes de intervalo, con resultados que duran <b data-path-to-node=\"8,2,0\" data-index-in-node=\"108\">de 6 a 9 meses<\/b>.<\/p>\n<\/li>\n<\/ol>\n<hr data-path-to-node=\"9\">\n<h3 data-path-to-node=\"10\"><b data-path-to-node=\"10\" data-index-in-node=\"0\">Seguridad y administraci\u00f3n<\/b><\/h3>\n<blockquote data-path-to-node=\"11\">\n<p data-path-to-node=\"11,0\"><b data-path-to-node=\"11,0\" data-index-in-node=\"0\">Solo para uso profesional:<\/b> Profhilo debe ser administrado por un profesional sanitario con licencia. Est\u00e1 indicado para inyecci\u00f3n intrad\u00e9rmica profunda. <\/p>\n<\/blockquote>\n<ul data-path-to-node=\"12\">\n<li>\n<p data-path-to-node=\"12,0,0\"><b data-path-to-node=\"12,0,0\" data-index-in-node=\"0\">Contenido de la caja:<\/b> 1 jeringa precargada de 2 ml, 2 agujas de 29G.<\/p>\n<\/li>\n<li>\n<p data-path-to-node=\"12,1,0\"><b data-path-to-node=\"12,1,0\" data-index-in-node=\"0\">Conservaci\u00f3n:<\/b> Conservar a temperatura ambiente (<span class=\"math-inline\" data-math=\"20\u00b0C\" data-index-in-node=\"36\">20 \u00b0C<\/span> a <span class=\"math-inline\" data-math=\"25\u00b0C\" data-index-in-node=\"44\">25 \u00b0C<\/span>).<\/p>\n<\/li>\n<\/ul>\n","protected":false},"excerpt":{"rendered":"<p><b data-path-to-node=\"15\" data-index-in-node=\"0\">Profhilo<\/b> es un skin booster de \u00e1cido hialur\u00f3nico de alta pureza que utiliza la tecnolog\u00eda t\u00e9rmica NAHYCO\u00ae para remodelar la piel envejecida. Al estimular el col\u00e1geno y la elastina, mejora significativamente la flacidez cut\u00e1nea, la hidrataci\u00f3n y la firmeza general. Ideal para rostro y cuello, ofrece un brillo natural y radiante sin el volumen de los rellenos tradicionales.  <\/p>\n","protected":false},"featured_media":110,"comment_status":"open","ping_status":"closed","template":"","meta":{"_monsterinsights_skip_tracking":false,"_monsterinsights_sitenote_active":false,"_monsterinsights_sitenote_note":"","_monsterinsights_sitenote_category":0},"product_brand":[],"product_cat":[73],"product_tag":[],"class_list":{"0":"post-321","1":"product","2":"type-product","3":"status-publish","4":"has-post-thumbnail","6":"product_cat-skin-boosters","8":"first","9":"instock","10":"shipping-taxable","11":"purchasable","12":"product-type-simple"},"yoast_head":"<!-- This site is optimized with the Yoast SEO plugin v27.5 - https:\/\/yoast.com\/product\/yoast-seo-wordpress\/ -->\n<title>Comprar Profhilo H+L 1 x 2,0 ml online - Precios al por mayor - Sarahandbendrix.com<\/title>\n<meta name=\"robots\" content=\"index, follow, max-snippet:-1, max-image-preview:large, max-video-preview:-1\" \/>\n<link rel=\"canonical\" href=\"https:\/\/sarahandbendrix.com\/es\/product\/profhilo-hl-1-x-20-ml\/\" \/>\n<meta property=\"og:locale\" content=\"es_ES\" \/>\n<meta property=\"og:type\" content=\"article\" \/>\n<meta property=\"og:title\" content=\"Comprar Profhilo H+L 1 x 2,0 ml online - Precios al por mayor - Sarahandbendrix.com\" \/>\n<meta property=\"og:description\" content=\"Profhilo es un skin booster de \u00e1cido hialur\u00f3nico de alta pureza que utiliza la tecnolog\u00eda t\u00e9rmica NAHYCO\u00ae para remodelar la piel envejecida. Al estimular el col\u00e1geno y la elastina, mejora significativamente la flacidez cut\u00e1nea, la hidrataci\u00f3n y la firmeza general. Ideal para rostro y cuello, ofrece un brillo natural y radiante sin el volumen de los rellenos tradicionales.\" \/>\n<meta property=\"og:url\" content=\"https:\/\/sarahandbendrix.com\/es\/product\/profhilo-hl-1-x-20-ml\/\" \/>\n<meta property=\"og:site_name\" content=\"Sarahandbendrix.com\" \/>\n<meta property=\"og:image\" content=\"https:\/\/sarahandbendrix.com\/wp-content\/uploads\/2026\/04\/ibsa-profhilo.jpg\" \/>\n\t<meta property=\"og:image:width\" content=\"1024\" \/>\n\t<meta property=\"og:image:height\" content=\"1024\" \/>\n\t<meta property=\"og:image:type\" content=\"image\/jpeg\" \/>\n<meta name=\"twitter:card\" content=\"summary_large_image\" \/>\n<meta name=\"twitter:label1\" content=\"Tiempo de lectura\" \/>\n\t<meta name=\"twitter:data1\" content=\"2 minutos\" \/>\n<script type=\"application\/ld+json\" class=\"yoast-schema-graph\">{\"@context\":\"https:\\\/\\\/schema.org\",\"@graph\":[{\"@type\":\"WebPage\",\"@id\":\"https:\\\/\\\/sarahandbendrix.com\\\/es\\\/product\\\/profhilo-hl-1-x-20-ml\\\/\",\"url\":\"https:\\\/\\\/sarahandbendrix.com\\\/es\\\/product\\\/profhilo-hl-1-x-20-ml\\\/\",\"name\":\"Comprar Profhilo H+L 1 x 2,0 ml online - Precios al por mayor - Sarahandbendrix.com\",\"isPartOf\":{\"@id\":\"https:\\\/\\\/sarahandbendrix.com\\\/es\\\/#website\"},\"primaryImageOfPage\":{\"@id\":\"https:\\\/\\\/sarahandbendrix.com\\\/es\\\/product\\\/profhilo-hl-1-x-20-ml\\\/#primaryimage\"},\"image\":{\"@id\":\"https:\\\/\\\/sarahandbendrix.com\\\/es\\\/product\\\/profhilo-hl-1-x-20-ml\\\/#primaryimage\"},\"thumbnailUrl\":\"https:\\\/\\\/sarahandbendrix.com\\\/wp-content\\\/uploads\\\/2026\\\/04\\\/ibsa-profhilo.jpg\",\"datePublished\":\"2026-04-08T19:09:35+00:00\",\"breadcrumb\":{\"@id\":\"https:\\\/\\\/sarahandbendrix.com\\\/es\\\/product\\\/profhilo-hl-1-x-20-ml\\\/#breadcrumb\"},\"inLanguage\":\"es\",\"potentialAction\":[{\"@type\":\"ReadAction\",\"target\":[\"https:\\\/\\\/sarahandbendrix.com\\\/es\\\/product\\\/profhilo-hl-1-x-20-ml\\\/\"]}]},{\"@type\":\"ImageObject\",\"inLanguage\":\"es\",\"@id\":\"https:\\\/\\\/sarahandbendrix.com\\\/es\\\/product\\\/profhilo-hl-1-x-20-ml\\\/#primaryimage\",\"url\":\"https:\\\/\\\/sarahandbendrix.com\\\/wp-content\\\/uploads\\\/2026\\\/04\\\/ibsa-profhilo.jpg\",\"contentUrl\":\"https:\\\/\\\/sarahandbendrix.com\\\/wp-content\\\/uploads\\\/2026\\\/04\\\/ibsa-profhilo.jpg\",\"width\":1024,\"height\":1024},{\"@type\":\"BreadcrumbList\",\"@id\":\"https:\\\/\\\/sarahandbendrix.com\\\/es\\\/product\\\/profhilo-hl-1-x-20-ml\\\/#breadcrumb\",\"itemListElement\":[{\"@type\":\"ListItem\",\"position\":1,\"name\":\"Inicio\",\"item\":\"https:\\\/\\\/sarahandbendrix.com\\\/es\\\/tienda\\\/\"},{\"@type\":\"ListItem\",\"position\":2,\"name\":\"Tienda\",\"item\":\"https:\\\/\\\/sarahandbendrix.com\\\/es\\\/tienda\\\/\"},{\"@type\":\"ListItem\",\"position\":3,\"name\":\"Profhilo H+L 1 x 2,0 ml\"}]},{\"@type\":\"WebSite\",\"@id\":\"https:\\\/\\\/sarahandbendrix.com\\\/es\\\/#website\",\"url\":\"https:\\\/\\\/sarahandbendrix.com\\\/es\\\/\",\"name\":\"Buy Korean Fillers and Botox Wholesale on sarahandbendrix\",\"description\":\"Buy Korean botox, dermal fillers &amp; meso products online. Apply for wholesale pricing on professional aesthetic supplies.\",\"publisher\":{\"@id\":\"https:\\\/\\\/sarahandbendrix.com\\\/es\\\/#organization\"},\"potentialAction\":[{\"@type\":\"SearchAction\",\"target\":{\"@type\":\"EntryPoint\",\"urlTemplate\":\"https:\\\/\\\/sarahandbendrix.com\\\/es\\\/?s={search_term_string}\"},\"query-input\":{\"@type\":\"PropertyValueSpecification\",\"valueRequired\":true,\"valueName\":\"search_term_string\"}}],\"inLanguage\":\"es\"},{\"@type\":\"Organization\",\"@id\":\"https:\\\/\\\/sarahandbendrix.com\\\/es\\\/#organization\",\"name\":\"Buy Korean Fillers and Botox Wholesale on sarahandbendrix\",\"url\":\"https:\\\/\\\/sarahandbendrix.com\\\/es\\\/\",\"logo\":{\"@type\":\"ImageObject\",\"inLanguage\":\"es\",\"@id\":\"https:\\\/\\\/sarahandbendrix.com\\\/es\\\/#\\\/schema\\\/logo\\\/image\\\/\",\"url\":\"https:\\\/\\\/sarahandbendrix.com\\\/wp-content\\\/uploads\\\/2026\\\/04\\\/cropped-cropped-ChatGPT-Image-21-apr-2026-18_38_12-1.png\",\"contentUrl\":\"https:\\\/\\\/sarahandbendrix.com\\\/wp-content\\\/uploads\\\/2026\\\/04\\\/cropped-cropped-ChatGPT-Image-21-apr-2026-18_38_12-1.png\",\"width\":1032,\"height\":586,\"caption\":\"Buy Korean Fillers and Botox Wholesale on sarahandbendrix\"},\"image\":{\"@id\":\"https:\\\/\\\/sarahandbendrix.com\\\/es\\\/#\\\/schema\\\/logo\\\/image\\\/\"}}]}<\/script>\n<!-- \/ Yoast SEO plugin. -->","yoast_head_json":{"title":"Comprar Profhilo H+L 1 x 2,0 ml online - Precios al por mayor - Sarahandbendrix.com","robots":{"index":"index","follow":"follow","max-snippet":"max-snippet:-1","max-image-preview":"max-image-preview:large","max-video-preview":"max-video-preview:-1"},"canonical":"https:\/\/sarahandbendrix.com\/es\/product\/profhilo-hl-1-x-20-ml\/","og_locale":"es_ES","og_type":"article","og_title":"Comprar Profhilo H+L 1 x 2,0 ml online - Precios al por mayor - Sarahandbendrix.com","og_description":"Profhilo es un skin booster de \u00e1cido hialur\u00f3nico de alta pureza que utiliza la tecnolog\u00eda t\u00e9rmica NAHYCO\u00ae para remodelar la piel envejecida. Al estimular el col\u00e1geno y la elastina, mejora significativamente la flacidez cut\u00e1nea, la hidrataci\u00f3n y la firmeza general. Ideal para rostro y cuello, ofrece un brillo natural y radiante sin el volumen de los rellenos tradicionales.","og_url":"https:\/\/sarahandbendrix.com\/es\/product\/profhilo-hl-1-x-20-ml\/","og_site_name":"Sarahandbendrix.com","og_image":[{"width":1024,"height":1024,"url":"https:\/\/sarahandbendrix.com\/wp-content\/uploads\/2026\/04\/ibsa-profhilo.jpg","type":"image\/jpeg"}],"twitter_card":"summary_large_image","twitter_misc":{"Tiempo de lectura":"2 minutos"},"schema":{"@context":"https:\/\/schema.org","@graph":[{"@type":"WebPage","@id":"https:\/\/sarahandbendrix.com\/es\/product\/profhilo-hl-1-x-20-ml\/","url":"https:\/\/sarahandbendrix.com\/es\/product\/profhilo-hl-1-x-20-ml\/","name":"Comprar Profhilo H+L 1 x 2,0 ml online - Precios al por mayor - Sarahandbendrix.com","isPartOf":{"@id":"https:\/\/sarahandbendrix.com\/es\/#website"},"primaryImageOfPage":{"@id":"https:\/\/sarahandbendrix.com\/es\/product\/profhilo-hl-1-x-20-ml\/#primaryimage"},"image":{"@id":"https:\/\/sarahandbendrix.com\/es\/product\/profhilo-hl-1-x-20-ml\/#primaryimage"},"thumbnailUrl":"https:\/\/sarahandbendrix.com\/wp-content\/uploads\/2026\/04\/ibsa-profhilo.jpg","datePublished":"2026-04-08T19:09:35+00:00","breadcrumb":{"@id":"https:\/\/sarahandbendrix.com\/es\/product\/profhilo-hl-1-x-20-ml\/#breadcrumb"},"inLanguage":"es","potentialAction":[{"@type":"ReadAction","target":["https:\/\/sarahandbendrix.com\/es\/product\/profhilo-hl-1-x-20-ml\/"]}]},{"@type":"ImageObject","inLanguage":"es","@id":"https:\/\/sarahandbendrix.com\/es\/product\/profhilo-hl-1-x-20-ml\/#primaryimage","url":"https:\/\/sarahandbendrix.com\/wp-content\/uploads\/2026\/04\/ibsa-profhilo.jpg","contentUrl":"https:\/\/sarahandbendrix.com\/wp-content\/uploads\/2026\/04\/ibsa-profhilo.jpg","width":1024,"height":1024},{"@type":"BreadcrumbList","@id":"https:\/\/sarahandbendrix.com\/es\/product\/profhilo-hl-1-x-20-ml\/#breadcrumb","itemListElement":[{"@type":"ListItem","position":1,"name":"Inicio","item":"https:\/\/sarahandbendrix.com\/es\/tienda\/"},{"@type":"ListItem","position":2,"name":"Tienda","item":"https:\/\/sarahandbendrix.com\/es\/tienda\/"},{"@type":"ListItem","position":3,"name":"Profhilo H+L 1 x 2,0 ml"}]},{"@type":"WebSite","@id":"https:\/\/sarahandbendrix.com\/es\/#website","url":"https:\/\/sarahandbendrix.com\/es\/","name":"Buy Korean Fillers and Botox Wholesale on sarahandbendrix","description":"Buy Korean botox, dermal fillers &amp; meso products online. Apply for wholesale pricing on professional aesthetic supplies.","publisher":{"@id":"https:\/\/sarahandbendrix.com\/es\/#organization"},"potentialAction":[{"@type":"SearchAction","target":{"@type":"EntryPoint","urlTemplate":"https:\/\/sarahandbendrix.com\/es\/?s={search_term_string}"},"query-input":{"@type":"PropertyValueSpecification","valueRequired":true,"valueName":"search_term_string"}}],"inLanguage":"es"},{"@type":"Organization","@id":"https:\/\/sarahandbendrix.com\/es\/#organization","name":"Buy Korean Fillers and Botox Wholesale on sarahandbendrix","url":"https:\/\/sarahandbendrix.com\/es\/","logo":{"@type":"ImageObject","inLanguage":"es","@id":"https:\/\/sarahandbendrix.com\/es\/#\/schema\/logo\/image\/","url":"https:\/\/sarahandbendrix.com\/wp-content\/uploads\/2026\/04\/cropped-cropped-ChatGPT-Image-21-apr-2026-18_38_12-1.png","contentUrl":"https:\/\/sarahandbendrix.com\/wp-content\/uploads\/2026\/04\/cropped-cropped-ChatGPT-Image-21-apr-2026-18_38_12-1.png","width":1032,"height":586,"caption":"Buy Korean Fillers and Botox Wholesale on sarahandbendrix"},"image":{"@id":"https:\/\/sarahandbendrix.com\/es\/#\/schema\/logo\/image\/"}}]}},"_links":{"self":[{"href":"https:\/\/sarahandbendrix.com\/es\/wp-json\/wp\/v2\/product\/321","targetHints":{"allow":["GET"]}}],"collection":[{"href":"https:\/\/sarahandbendrix.com\/es\/wp-json\/wp\/v2\/product"}],"about":[{"href":"https:\/\/sarahandbendrix.com\/es\/wp-json\/wp\/v2\/types\/product"}],"replies":[{"embeddable":true,"href":"https:\/\/sarahandbendrix.com\/es\/wp-json\/wp\/v2\/comments?post=321"}],"wp:featuredmedia":[{"embeddable":true,"href":"https:\/\/sarahandbendrix.com\/es\/wp-json\/wp\/v2\/media\/110"}],"wp:attachment":[{"href":"https:\/\/sarahandbendrix.com\/es\/wp-json\/wp\/v2\/media?parent=321"}],"wp:term":[{"taxonomy":"product_brand","embeddable":true,"href":"https:\/\/sarahandbendrix.com\/es\/wp-json\/wp\/v2\/product_brand?post=321"},{"taxonomy":"product_cat","embeddable":true,"href":"https:\/\/sarahandbendrix.com\/es\/wp-json\/wp\/v2\/product_cat?post=321"},{"taxonomy":"product_tag","embeddable":true,"href":"https:\/\/sarahandbendrix.com\/es\/wp-json\/wp\/v2\/product_tag?post=321"}],"curies":[{"name":"wp","href":"https:\/\/api.w.org\/{rel}","templated":true}]}}