{"id":304,"date":"2026-04-08T21:52:46","date_gmt":"2026-04-08T21:52:46","guid":{"rendered":"https:\/\/sarahandbendrix.com\/garantia-de-autenticidad\/"},"modified":"2026-04-08T21:52:46","modified_gmt":"2026-04-08T21:52:46","slug":"garantia-de-autenticidad","status":"publish","type":"page","link":"https:\/\/sarahandbendrix.com\/es\/garantia-de-autenticidad\/","title":{"rendered":"Garant\u00eda de Autenticidad"},"content":{"rendered":"<p data-path-to-node=\"3\"><b data-path-to-node=\"3\" data-index-in-node=\"0\">\u00daltima actualizaci\u00f3n: abril de 2026<\/b><\/p>\n<p data-path-to-node=\"4\">En <b data-path-to-node=\"4\" data-index-in-node=\"3\">sarahandbendrix Global Ltd.<\/b>, entendemos que en el campo de la medicina est\u00e9tica, la seguridad de sus pacientes es primordial. Nuestra misi\u00f3n es proporcionar a los profesionales de todo el mundo acceso a productos 100% aut\u00e9nticos y de primera calidad. <\/p>\n<p data-path-to-node=\"5\">Nuestra <b data-path-to-node=\"5\" data-index-in-node=\"4\">Garant\u00eda de Autenticidad<\/b> es la piedra angular de nuestro negocio, asegurando que cada art\u00edculo que sale de nuestras instalaciones cumple con los m\u00e1s altos est\u00e1ndares internacionales.<\/p>\n<hr data-path-to-node=\"6\">\n<h3 data-path-to-node=\"7\">1. Abastecimiento Directo y Cadena de Suministro Verificada<\/h3>\n<p data-path-to-node=\"8\">Mantenemos relaciones directas y cadenas de suministro estrictamente auditadas con fabricantes originales y distribuidores globales autorizados. Al eliminar intermediarios innecesarios, garantizamos que los productos que recibe son genuinos y no han sido manipulados. <\/p>\n<h3 data-path-to-node=\"9\">2. Embalaje Original y Seguimiento de Lotes<\/h3>\n<p data-path-to-node=\"10\">Cada producto vendido en <b data-path-to-node=\"10\" data-index-in-node=\"22\">sarahandbendrix.com<\/b> se entrega en su embalaje original de fabricante, completo con:<\/p>\n<ul data-path-to-node=\"11\">\n<li>\n<p data-path-to-node=\"11,0,0\"><b data-path-to-node=\"11,0,0\" data-index-in-node=\"0\">N\u00fameros de Lote \u00danicos:<\/b> Permitiendo una trazabilidad completa hasta la l\u00ednea de producci\u00f3n.<\/p>\n<\/li>\n<li>\n<p data-path-to-node=\"11,1,0\"><b data-path-to-node=\"11,1,0\" data-index-in-node=\"0\">Hologramas y Sellos de Seguridad:<\/b> Caracter\u00edsticas de seguridad intactas seg\u00fan lo proporcionado por el fabricante.<\/p>\n<\/li>\n<li>\n<p data-path-to-node=\"11,2,0\"><b data-path-to-node=\"11,2,0\" data-index-in-node=\"0\">Fechas de Caducidad:<\/b> Garantizamos una vida \u00fatil m\u00ednima adecuada para la pr\u00e1ctica profesional (a menos que se indique claramente en las secciones de liquidaci\u00f3n).<\/p>\n<\/li>\n<\/ul>\n<h3 data-path-to-node=\"12\">3. Estricto Control de Calidad<\/h3>\n<p data-path-to-node=\"13\">Antes de que se env\u00ede cualquier pedido, nuestro equipo de log\u00edstica realiza una inspecci\u00f3n multipunto:<\/p>\n<ul data-path-to-node=\"14\">\n<li>\n<p data-path-to-node=\"14,0,0\"><b data-path-to-node=\"14,0,0\" data-index-in-node=\"0\">Inspecci\u00f3n Visual:<\/b> Para asegurar la integridad del embalaje.<\/p>\n<\/li>\n<li>\n<p data-path-to-node=\"14,1,0\"><b data-path-to-node=\"14,1,0\" data-index-in-node=\"0\">Verificaci\u00f3n de Almacenamiento:<\/b> Para confirmar que el producto ha sido almacenado de acuerdo con los requisitos del fabricante (incluidos los entornos con temperatura controlada).<\/p>\n<\/li>\n<li>\n<p data-path-to-node=\"14,2,0\"><b data-path-to-node=\"14,2,0\" data-index-in-node=\"0\">Comprobaci\u00f3n de Documentaci\u00f3n:<\/b> Asegurando que todas las certificaciones y registros de lotes est\u00e9n en orden.<\/p>\n<\/li>\n<\/ul>\n<h3 data-path-to-node=\"15\">4. Gesti\u00f3n de la Cadena de Fr\u00edo<\/h3>\n<p data-path-to-node=\"16\">Para productos que requieren rangos de temperatura espec\u00edficos (como ciertas toxinas o bioestimuladores), utilizamos embalajes de refrigeraci\u00f3n especializados de grado m\u00e9dico y env\u00edo expr\u00e9s para mantener la eficacia y seguridad del producto desde nuestro almac\u00e9n hasta su cl\u00ednica.<\/p>\n<h3 data-path-to-node=\"17\">5. Transparencia y Soporte<\/h3>\n<p data-path-to-node=\"18\">Animamos a nuestros clientes a verificar la autenticidad de sus compras. Si tiene alguna pregunta sobre un n\u00famero de lote espec\u00edfico o las caracter\u00edsticas de seguridad de un producto: <\/p>\n<ul data-path-to-node=\"19\">\n<li>\n<p data-path-to-node=\"19,0,0\"><b data-path-to-node=\"19,0,0\" data-index-in-node=\"0\">Verificaci\u00f3n Directa:<\/b> La mayor\u00eda de los fabricantes proporcionan portales o aplicaciones en l\u00ednea para verificar los n\u00fameros de lote.<\/p>\n<\/li>\n<li>\n<p data-path-to-node=\"19,1,0\"><b data-path-to-node=\"19,1,0\" data-index-in-node=\"0\">Nuestro Soporte:<\/b> Nuestro equipo est\u00e1 disponible para proporcionar cualquier documentaci\u00f3n o aclaraci\u00f3n necesaria con respecto a su compra.<\/p>\n<\/li>\n<\/ul>\n<hr data-path-to-node=\"20\">\n<h3 data-path-to-node=\"21\">Nuestro Compromiso<\/h3>\n<p data-path-to-node=\"22\"><b data-path-to-node=\"22\" data-index-in-node=\"0\">sarahandbendrix Global Ltd.<\/b> no comercializa productos del \u201cmercado gris\u201d ni falsificaciones. Valoramos la confianza de la comunidad m\u00e9dica y nos comprometemos a mantener un mercado transparente, \u00e9tico y seguro para los profesionales de la est\u00e9tica en todo el mundo. <\/p>\n<p data-path-to-node=\"23\"><b data-path-to-node=\"23\" data-index-in-node=\"0\">\u00bfPreguntas sobre la autenticidad?<\/b> Contacte con nuestro equipo de Control de Calidad: <b data-path-to-node=\"23\" data-index-in-node=\"70\">sarahandbendrix Global Ltd.<\/b> Wickhams Cay II, Road Town, Tortola, Islas V\u00edrgenes Brit\u00e1nicas <b data-path-to-node=\"23\" data-index-in-node=\"151\">Correo electr\u00f3nico:<\/b> info@sarahandbendrix.com<\/p>\n","protected":false},"excerpt":{"rendered":"<p>\u00daltima actualizaci\u00f3n: abril de 2026 En sarahandbendrix Global Ltd., entendemos que en el campo de la medicina est\u00e9tica, la seguridad de sus pacientes es primordial. Nuestra misi\u00f3n es proporcionar a<\/p>\n","protected":false},"author":1,"featured_media":0,"parent":0,"menu_order":0,"comment_status":"closed","ping_status":"closed","template":"","meta":{"_monsterinsights_skip_tracking":false,"_monsterinsights_sitenote_active":false,"_monsterinsights_sitenote_note":"","_monsterinsights_sitenote_category":0,"footnotes":""},"class_list":["post-304","page","type-page","status-publish","hentry"],"yoast_head":"<!-- This site is optimized with the Yoast SEO plugin v27.4 - https:\/\/yoast.com\/product\/yoast-seo-wordpress\/ -->\n<title>Garant\u00eda de Autenticidad - Sarahandbendrix.com<\/title>\n<meta name=\"robots\" content=\"index, follow, max-snippet:-1, max-image-preview:large, max-video-preview:-1\" \/>\n<link rel=\"canonical\" href=\"https:\/\/sarahandbendrix.com\/es\/garantia-de-autenticidad\/\" \/>\n<meta property=\"og:locale\" content=\"es_ES\" \/>\n<meta property=\"og:type\" content=\"article\" \/>\n<meta property=\"og:title\" content=\"Garant\u00eda de Autenticidad - Sarahandbendrix.com\" \/>\n<meta property=\"og:description\" content=\"\u00daltima actualizaci\u00f3n: abril de 2026 En sarahandbendrix Global Ltd., entendemos que en el campo de la medicina est\u00e9tica, la seguridad de sus pacientes es primordial. Nuestra misi\u00f3n es proporcionar a\" \/>\n<meta property=\"og:url\" content=\"https:\/\/sarahandbendrix.com\/es\/garantia-de-autenticidad\/\" \/>\n<meta property=\"og:site_name\" content=\"Sarahandbendrix.com\" \/>\n<meta name=\"twitter:card\" content=\"summary_large_image\" \/>\n<meta name=\"twitter:label1\" content=\"Tiempo de lectura\" \/>\n\t<meta name=\"twitter:data1\" content=\"2 minutos\" \/>\n<script type=\"application\/ld+json\" class=\"yoast-schema-graph\">{\"@context\":\"https:\\\/\\\/schema.org\",\"@graph\":[{\"@type\":\"WebPage\",\"@id\":\"https:\\\/\\\/sarahandbendrix.com\\\/es\\\/garantia-de-autenticidad\\\/\",\"url\":\"https:\\\/\\\/sarahandbendrix.com\\\/es\\\/garantia-de-autenticidad\\\/\",\"name\":\"Garant\u00eda de Autenticidad - Sarahandbendrix.com\",\"isPartOf\":{\"@id\":\"https:\\\/\\\/sarahandbendrix.com\\\/es\\\/#website\"},\"datePublished\":\"2026-04-08T21:52:46+00:00\",\"breadcrumb\":{\"@id\":\"https:\\\/\\\/sarahandbendrix.com\\\/es\\\/garantia-de-autenticidad\\\/#breadcrumb\"},\"inLanguage\":\"es\",\"potentialAction\":[{\"@type\":\"ReadAction\",\"target\":[\"https:\\\/\\\/sarahandbendrix.com\\\/es\\\/garantia-de-autenticidad\\\/\"]}]},{\"@type\":\"BreadcrumbList\",\"@id\":\"https:\\\/\\\/sarahandbendrix.com\\\/es\\\/garantia-de-autenticidad\\\/#breadcrumb\",\"itemListElement\":[{\"@type\":\"ListItem\",\"position\":1,\"name\":\"Inicio\",\"item\":\"https:\\\/\\\/sarahandbendrix.com\\\/es\\\/tienda\\\/\"},{\"@type\":\"ListItem\",\"position\":2,\"name\":\"Garant\u00eda de Autenticidad\"}]},{\"@type\":\"WebSite\",\"@id\":\"https:\\\/\\\/sarahandbendrix.com\\\/es\\\/#website\",\"url\":\"https:\\\/\\\/sarahandbendrix.com\\\/es\\\/\",\"name\":\"Buy Korean Fillers and Botox Wholesale on sarahandbendrix\",\"description\":\"Buy Korean botox, dermal fillers &amp; meso products online. Apply for wholesale pricing on professional aesthetic supplies.\",\"publisher\":{\"@id\":\"https:\\\/\\\/sarahandbendrix.com\\\/es\\\/#organization\"},\"potentialAction\":[{\"@type\":\"SearchAction\",\"target\":{\"@type\":\"EntryPoint\",\"urlTemplate\":\"https:\\\/\\\/sarahandbendrix.com\\\/es\\\/?s={search_term_string}\"},\"query-input\":{\"@type\":\"PropertyValueSpecification\",\"valueRequired\":true,\"valueName\":\"search_term_string\"}}],\"inLanguage\":\"es\"},{\"@type\":\"Organization\",\"@id\":\"https:\\\/\\\/sarahandbendrix.com\\\/es\\\/#organization\",\"name\":\"Buy Korean Fillers and Botox Wholesale on sarahandbendrix\",\"url\":\"https:\\\/\\\/sarahandbendrix.com\\\/es\\\/\",\"logo\":{\"@type\":\"ImageObject\",\"inLanguage\":\"es\",\"@id\":\"https:\\\/\\\/sarahandbendrix.com\\\/es\\\/#\\\/schema\\\/logo\\\/image\\\/\",\"url\":\"https:\\\/\\\/sarahandbendrix.com\\\/wp-content\\\/uploads\\\/2026\\\/04\\\/cropped-cropped-ChatGPT-Image-21-apr-2026-18_38_12-1.png\",\"contentUrl\":\"https:\\\/\\\/sarahandbendrix.com\\\/wp-content\\\/uploads\\\/2026\\\/04\\\/cropped-cropped-ChatGPT-Image-21-apr-2026-18_38_12-1.png\",\"width\":1032,\"height\":586,\"caption\":\"Buy Korean Fillers and Botox Wholesale on sarahandbendrix\"},\"image\":{\"@id\":\"https:\\\/\\\/sarahandbendrix.com\\\/es\\\/#\\\/schema\\\/logo\\\/image\\\/\"}}]}<\/script>\n<!-- \/ Yoast SEO plugin. -->","yoast_head_json":{"title":"Garant\u00eda de Autenticidad - Sarahandbendrix.com","robots":{"index":"index","follow":"follow","max-snippet":"max-snippet:-1","max-image-preview":"max-image-preview:large","max-video-preview":"max-video-preview:-1"},"canonical":"https:\/\/sarahandbendrix.com\/es\/garantia-de-autenticidad\/","og_locale":"es_ES","og_type":"article","og_title":"Garant\u00eda de Autenticidad - Sarahandbendrix.com","og_description":"\u00daltima actualizaci\u00f3n: abril de 2026 En sarahandbendrix Global Ltd., entendemos que en el campo de la medicina est\u00e9tica, la seguridad de sus pacientes es primordial. Nuestra misi\u00f3n es proporcionar a","og_url":"https:\/\/sarahandbendrix.com\/es\/garantia-de-autenticidad\/","og_site_name":"Sarahandbendrix.com","twitter_card":"summary_large_image","twitter_misc":{"Tiempo de lectura":"2 minutos"},"schema":{"@context":"https:\/\/schema.org","@graph":[{"@type":"WebPage","@id":"https:\/\/sarahandbendrix.com\/es\/garantia-de-autenticidad\/","url":"https:\/\/sarahandbendrix.com\/es\/garantia-de-autenticidad\/","name":"Garant\u00eda de Autenticidad - Sarahandbendrix.com","isPartOf":{"@id":"https:\/\/sarahandbendrix.com\/es\/#website"},"datePublished":"2026-04-08T21:52:46+00:00","breadcrumb":{"@id":"https:\/\/sarahandbendrix.com\/es\/garantia-de-autenticidad\/#breadcrumb"},"inLanguage":"es","potentialAction":[{"@type":"ReadAction","target":["https:\/\/sarahandbendrix.com\/es\/garantia-de-autenticidad\/"]}]},{"@type":"BreadcrumbList","@id":"https:\/\/sarahandbendrix.com\/es\/garantia-de-autenticidad\/#breadcrumb","itemListElement":[{"@type":"ListItem","position":1,"name":"Inicio","item":"https:\/\/sarahandbendrix.com\/es\/tienda\/"},{"@type":"ListItem","position":2,"name":"Garant\u00eda de Autenticidad"}]},{"@type":"WebSite","@id":"https:\/\/sarahandbendrix.com\/es\/#website","url":"https:\/\/sarahandbendrix.com\/es\/","name":"Buy Korean Fillers and Botox Wholesale on sarahandbendrix","description":"Buy Korean botox, dermal fillers &amp; meso products online. Apply for wholesale pricing on professional aesthetic supplies.","publisher":{"@id":"https:\/\/sarahandbendrix.com\/es\/#organization"},"potentialAction":[{"@type":"SearchAction","target":{"@type":"EntryPoint","urlTemplate":"https:\/\/sarahandbendrix.com\/es\/?s={search_term_string}"},"query-input":{"@type":"PropertyValueSpecification","valueRequired":true,"valueName":"search_term_string"}}],"inLanguage":"es"},{"@type":"Organization","@id":"https:\/\/sarahandbendrix.com\/es\/#organization","name":"Buy Korean Fillers and Botox Wholesale on sarahandbendrix","url":"https:\/\/sarahandbendrix.com\/es\/","logo":{"@type":"ImageObject","inLanguage":"es","@id":"https:\/\/sarahandbendrix.com\/es\/#\/schema\/logo\/image\/","url":"https:\/\/sarahandbendrix.com\/wp-content\/uploads\/2026\/04\/cropped-cropped-ChatGPT-Image-21-apr-2026-18_38_12-1.png","contentUrl":"https:\/\/sarahandbendrix.com\/wp-content\/uploads\/2026\/04\/cropped-cropped-ChatGPT-Image-21-apr-2026-18_38_12-1.png","width":1032,"height":586,"caption":"Buy Korean Fillers and Botox Wholesale on sarahandbendrix"},"image":{"@id":"https:\/\/sarahandbendrix.com\/es\/#\/schema\/logo\/image\/"}}]}},"_links":{"self":[{"href":"https:\/\/sarahandbendrix.com\/es\/wp-json\/wp\/v2\/pages\/304","targetHints":{"allow":["GET"]}}],"collection":[{"href":"https:\/\/sarahandbendrix.com\/es\/wp-json\/wp\/v2\/pages"}],"about":[{"href":"https:\/\/sarahandbendrix.com\/es\/wp-json\/wp\/v2\/types\/page"}],"author":[{"embeddable":true,"href":"https:\/\/sarahandbendrix.com\/es\/wp-json\/wp\/v2\/users\/1"}],"replies":[{"embeddable":true,"href":"https:\/\/sarahandbendrix.com\/es\/wp-json\/wp\/v2\/comments?post=304"}],"version-history":[{"count":0,"href":"https:\/\/sarahandbendrix.com\/es\/wp-json\/wp\/v2\/pages\/304\/revisions"}],"wp:attachment":[{"href":"https:\/\/sarahandbendrix.com\/es\/wp-json\/wp\/v2\/media?parent=304"}],"curies":[{"name":"wp","href":"https:\/\/api.w.org\/{rel}","templated":true}]}}