{"id":291,"date":"2026-04-08T21:55:01","date_gmt":"2026-04-08T21:55:01","guid":{"rendered":"https:\/\/sarahandbendrix.com\/envio-y-entrega\/"},"modified":"2026-04-08T21:55:01","modified_gmt":"2026-04-08T21:55:01","slug":"envio-y-entrega","status":"publish","type":"page","link":"https:\/\/sarahandbendrix.com\/es\/envio-y-entrega\/","title":{"rendered":"Env\u00edo y entrega"},"content":{"rendered":"<p data-path-to-node=\"3\"><b data-path-to-node=\"3\" data-index-in-node=\"0\">\u00daltima actualizaci\u00f3n: abril de 2026<\/b><\/p>\n<p data-path-to-node=\"4\"><b data-path-to-node=\"4\" data-index-in-node=\"0\">sarahandbendrix Global Ltd.<\/b> ofrece log\u00edstica global especializada para garantizar que sus suministros est\u00e9ticos lleguen a su consulta de forma segura y eficiente. Operamos a trav\u00e9s de una red de transportistas internacionales premium para ofrecer un servicio fiable puerta a puerta. <\/p>\n<h3 data-path-to-node=\"5\">1. Plazos de tramitaci\u00f3n global<\/h3>\n<ul data-path-to-node=\"6\">\n<li>\n<p data-path-to-node=\"6,0,0\"><b data-path-to-node=\"6,0,0\" data-index-in-node=\"0\">Procesamiento de pedidos:<\/b> La mayor\u00eda de los pedidos se procesan y se env\u00edan en un plazo de <b data-path-to-node=\"6,0,0\" data-index-in-node=\"66\">24-48 horas laborables<\/b> tras la verificaci\u00f3n del pago.<\/p>\n<\/li>\n<li>\n<p data-path-to-node=\"6,1,0\"><b data-path-to-node=\"6,1,0\" data-index-in-node=\"0\">Horario de funcionamiento:<\/b> Nuestros centros log\u00edsticos operan de lunes a viernes. Los pedidos realizados durante fines de semana o festivos se procesar\u00e1n el siguiente d\u00eda laborable. <\/p>\n<\/li>\n<\/ul>\n<h3 data-path-to-node=\"7\">2. M\u00e9todos de env\u00edo internacional<\/h3>\n<p data-path-to-node=\"8\">Utilizamos empresas de mensajer\u00eda global l\u00edderes (como DHL, FedEx y UPS) para garantizar rapidez y trazabilidad.<\/p>\n<ul data-path-to-node=\"9\">\n<li>\n<p data-path-to-node=\"9,0,0\"><b data-path-to-node=\"9,0,0\" data-index-in-node=\"0\">Env\u00edo expr\u00e9s:<\/b> Entrega estimada en <b data-path-to-node=\"9,0,0\" data-index-in-node=\"44\">3-7 d\u00edas laborables<\/b> a la mayor\u00eda de los principales destinos internacionales.<\/p>\n<\/li>\n<li>\n<p data-path-to-node=\"9,1,0\"><b data-path-to-node=\"9,1,0\" data-index-in-node=\"0\">Log\u00edstica de cadena de fr\u00edo:<\/b> Los productos que requieren control de temperatura se env\u00edan en embalaje t\u00e9rmico especializado de grado m\u00e9dico con agentes refrigerantes para mantener su eficacia durante el transporte.<\/p>\n<\/li>\n<\/ul>\n<h3 data-path-to-node=\"10\">3. Tarifas de env\u00edo<\/h3>\n<p data-path-to-node=\"11\">Los costes de env\u00edo se calculan en el proceso de pago en funci\u00f3n de:<\/p>\n<ul data-path-to-node=\"12\">\n<li>\n<p data-path-to-node=\"12,0,0\">El peso y el volumen totales del pedido.<\/p>\n<\/li>\n<li>\n<p data-path-to-node=\"12,1,0\">El pa\u00eds de destino.<\/p>\n<\/li>\n<li>\n<p data-path-to-node=\"12,2,0\">Cualquier requisito de embalaje especializado (p. ej., art\u00edculos refrigerados).<\/p>\n<\/li>\n<\/ul>\n<h3 data-path-to-node=\"13\">4. Aduanas, aranceles y normativa de importaci\u00f3n<\/h3>\n<p data-path-to-node=\"14\">Como proveedor internacional con sede en las <b data-path-to-node=\"14\" data-index-in-node=\"42\">Islas V\u00edrgenes Brit\u00e1nicas<\/b>, realizamos env\u00edos a profesionales de todo el mundo.<\/p>\n<ul data-path-to-node=\"15\">\n<li>\n<p data-path-to-node=\"15,0,0\"><b data-path-to-node=\"15,0,0\" data-index-in-node=\"0\">Importador registrado:<\/b> El destinatario (comprador) se considera el importador registrado y debe cumplir todas las leyes y normativas del pa\u00eds de destino.<\/p>\n<\/li>\n<li>\n<p data-path-to-node=\"15,1,0\"><b data-path-to-node=\"15,1,0\" data-index-in-node=\"0\">Impuestos y aranceles:<\/b> Los aranceles de importaci\u00f3n, el IVA y las tasas de despacho de aduanas <b data-path-to-node=\"15,1,0\" data-index-in-node=\"67\">no est\u00e1n incluidos<\/b> en el precio del producto ni en el coste de env\u00edo. Estos cargos son responsabilidad exclusiva del destinatario y, por lo general, los cobra la empresa de mensajer\u00eda en el momento de la entrega. <\/p>\n<\/li>\n<li>\n<p data-path-to-node=\"15,2,0\"><b data-path-to-node=\"15,2,0\" data-index-in-node=\"0\">Cumplimiento normativo:<\/b> Es responsabilidad del comprador asegurarse de disponer de las licencias necesarias para importar productos m\u00e9dico-est\u00e9ticos en su jurisdicci\u00f3n.<\/p>\n<\/li>\n<\/ul>\n<h3 data-path-to-node=\"16\">5. Seguimiento de su pedido<\/h3>\n<p data-path-to-node=\"17\">Una vez enviado su pedido, recibir\u00e1 un correo electr\u00f3nico de confirmaci\u00f3n con un <b data-path-to-node=\"17\" data-index-in-node=\"82\">n\u00famero de seguimiento<\/b> y un enlace al portal del transportista. Podr\u00e1 supervisar el progreso de su env\u00edo en tiempo real hasta que llegue a sus instalaciones. <\/p>\n<h3 data-path-to-node=\"18\">6. Incidencias de entrega y seguro<\/h3>\n<ul data-path-to-node=\"19\">\n<li>\n<p data-path-to-node=\"19,0,0\"><b data-path-to-node=\"19,0,0\" data-index-in-node=\"0\">Exactitud de la direcci\u00f3n:<\/b> Aseg\u00farese de que su direcci\u00f3n de env\u00edo y su n\u00famero de tel\u00e9fono de contacto sean correctos. No nos hacemos responsables de entregas fallidas debido a informaci\u00f3n incorrecta. <\/p>\n<\/li>\n<li>\n<p data-path-to-node=\"19,1,0\"><b data-path-to-node=\"19,1,0\" data-index-in-node=\"0\">Retrasos en los env\u00edos:<\/b> Aunque nos esforzamos por realizar entregas puntuales, <b data-path-to-node=\"19,1,0\" data-index-in-node=\"54\">sarahandbendrix Global Ltd.<\/b> no se hace responsable de los retrasos causados por inspecciones aduaneras, acumulaci\u00f3n de env\u00edos por parte del transportista o condiciones meteorol\u00f3gicas extremas.<\/p>\n<\/li>\n<li>\n<p data-path-to-node=\"19,2,0\"><b data-path-to-node=\"19,2,0\" data-index-in-node=\"0\">Env\u00edos da\u00f1ados:<\/b> Si un paquete llega visiblemente da\u00f1ado, por favor, f\u00edrmelo como \u00abDa\u00f1ado\u00bb y p\u00f3ngase en contacto con nosotros en <b data-path-to-node=\"19,2,0\" data-index-in-node=\"107\">info@sarahandbendrix.com<\/b> en un plazo de 48 horas, aportando pruebas fotogr\u00e1ficas.<\/p>\n<\/li>\n<\/ul>\n<h3 data-path-to-node=\"20\">7. Restricciones de entrega<\/h3>\n<p data-path-to-node=\"21\">No realizamos env\u00edos a apartados de correos ni a direcciones APO\/FPO debido al requisito de firma profesional en la entrega y a la naturaleza sensible de nuestros productos m\u00e9dicos.<\/p>\n<hr data-path-to-node=\"22\">\n<h3 data-path-to-node=\"23\">Contacto de log\u00edstica<\/h3>\n<p data-path-to-node=\"24\">Para consultas espec\u00edficas sobre env\u00edos a su regi\u00f3n:<\/p>\n<p data-path-to-node=\"25\"><b data-path-to-node=\"25\" data-index-in-node=\"0\">sarahandbendrix Global Ltd.<\/b> Wickhams Cay II, Road Town, Tortola, VG1110, Islas V\u00edrgenes Brit\u00e1nicas <b data-path-to-node=\"25\" data-index-in-node=\"89\">Correo electr\u00f3nico:<\/b> info@sarahandbendrix.com<\/p>\n","protected":false},"excerpt":{"rendered":"<p>\u00daltima actualizaci\u00f3n: abril de 2026 sarahandbendrix Global Ltd. ofrece log\u00edstica global especializada para garantizar que sus suministros est\u00e9ticos lleguen a su consulta de forma segura y eficiente. Operamos a trav\u00e9s<\/p>\n","protected":false},"author":1,"featured_media":0,"parent":0,"menu_order":0,"comment_status":"closed","ping_status":"closed","template":"","meta":{"_monsterinsights_skip_tracking":false,"_monsterinsights_sitenote_active":false,"_monsterinsights_sitenote_note":"","_monsterinsights_sitenote_category":0,"footnotes":""},"class_list":["post-291","page","type-page","status-publish","hentry"],"yoast_head":"<!-- This site is optimized with the Yoast SEO plugin v27.5 - https:\/\/yoast.com\/product\/yoast-seo-wordpress\/ -->\n<title>Env\u00edo y entrega - Sarahandbendrix.com<\/title>\n<meta name=\"robots\" content=\"index, follow, max-snippet:-1, max-image-preview:large, max-video-preview:-1\" \/>\n<link rel=\"canonical\" href=\"https:\/\/sarahandbendrix.com\/es\/envio-y-entrega\/\" \/>\n<meta property=\"og:locale\" content=\"es_ES\" \/>\n<meta property=\"og:type\" content=\"article\" \/>\n<meta property=\"og:title\" content=\"Env\u00edo y entrega - Sarahandbendrix.com\" \/>\n<meta property=\"og:description\" content=\"\u00daltima actualizaci\u00f3n: abril de 2026 sarahandbendrix Global Ltd. ofrece log\u00edstica global especializada para garantizar que sus suministros est\u00e9ticos lleguen a su consulta de forma segura y eficiente. Operamos a trav\u00e9s\" \/>\n<meta property=\"og:url\" content=\"https:\/\/sarahandbendrix.com\/es\/envio-y-entrega\/\" \/>\n<meta property=\"og:site_name\" content=\"Sarahandbendrix.com\" \/>\n<meta name=\"twitter:card\" content=\"summary_large_image\" \/>\n<meta name=\"twitter:label1\" content=\"Tiempo de lectura\" \/>\n\t<meta name=\"twitter:data1\" content=\"3 minutos\" \/>\n<script type=\"application\/ld+json\" class=\"yoast-schema-graph\">{\"@context\":\"https:\\\/\\\/schema.org\",\"@graph\":[{\"@type\":\"WebPage\",\"@id\":\"https:\\\/\\\/sarahandbendrix.com\\\/es\\\/envio-y-entrega\\\/\",\"url\":\"https:\\\/\\\/sarahandbendrix.com\\\/es\\\/envio-y-entrega\\\/\",\"name\":\"Env\u00edo y entrega - Sarahandbendrix.com\",\"isPartOf\":{\"@id\":\"https:\\\/\\\/sarahandbendrix.com\\\/es\\\/#website\"},\"datePublished\":\"2026-04-08T21:55:01+00:00\",\"breadcrumb\":{\"@id\":\"https:\\\/\\\/sarahandbendrix.com\\\/es\\\/envio-y-entrega\\\/#breadcrumb\"},\"inLanguage\":\"es\",\"potentialAction\":[{\"@type\":\"ReadAction\",\"target\":[\"https:\\\/\\\/sarahandbendrix.com\\\/es\\\/envio-y-entrega\\\/\"]}]},{\"@type\":\"BreadcrumbList\",\"@id\":\"https:\\\/\\\/sarahandbendrix.com\\\/es\\\/envio-y-entrega\\\/#breadcrumb\",\"itemListElement\":[{\"@type\":\"ListItem\",\"position\":1,\"name\":\"Inicio\",\"item\":\"https:\\\/\\\/sarahandbendrix.com\\\/es\\\/tienda\\\/\"},{\"@type\":\"ListItem\",\"position\":2,\"name\":\"Env\u00edo y entrega\"}]},{\"@type\":\"WebSite\",\"@id\":\"https:\\\/\\\/sarahandbendrix.com\\\/es\\\/#website\",\"url\":\"https:\\\/\\\/sarahandbendrix.com\\\/es\\\/\",\"name\":\"Buy Korean Fillers and Botox Wholesale on sarahandbendrix\",\"description\":\"Buy Korean botox, dermal fillers &amp; meso products online. Apply for wholesale pricing on professional aesthetic supplies.\",\"publisher\":{\"@id\":\"https:\\\/\\\/sarahandbendrix.com\\\/es\\\/#organization\"},\"potentialAction\":[{\"@type\":\"SearchAction\",\"target\":{\"@type\":\"EntryPoint\",\"urlTemplate\":\"https:\\\/\\\/sarahandbendrix.com\\\/es\\\/?s={search_term_string}\"},\"query-input\":{\"@type\":\"PropertyValueSpecification\",\"valueRequired\":true,\"valueName\":\"search_term_string\"}}],\"inLanguage\":\"es\"},{\"@type\":\"Organization\",\"@id\":\"https:\\\/\\\/sarahandbendrix.com\\\/es\\\/#organization\",\"name\":\"Buy Korean Fillers and Botox Wholesale on sarahandbendrix\",\"url\":\"https:\\\/\\\/sarahandbendrix.com\\\/es\\\/\",\"logo\":{\"@type\":\"ImageObject\",\"inLanguage\":\"es\",\"@id\":\"https:\\\/\\\/sarahandbendrix.com\\\/es\\\/#\\\/schema\\\/logo\\\/image\\\/\",\"url\":\"https:\\\/\\\/sarahandbendrix.com\\\/wp-content\\\/uploads\\\/2026\\\/04\\\/cropped-cropped-ChatGPT-Image-21-apr-2026-18_38_12-1.png\",\"contentUrl\":\"https:\\\/\\\/sarahandbendrix.com\\\/wp-content\\\/uploads\\\/2026\\\/04\\\/cropped-cropped-ChatGPT-Image-21-apr-2026-18_38_12-1.png\",\"width\":1032,\"height\":586,\"caption\":\"Buy Korean Fillers and Botox Wholesale on sarahandbendrix\"},\"image\":{\"@id\":\"https:\\\/\\\/sarahandbendrix.com\\\/es\\\/#\\\/schema\\\/logo\\\/image\\\/\"}}]}<\/script>\n<!-- \/ Yoast SEO plugin. -->","yoast_head_json":{"title":"Env\u00edo y entrega - Sarahandbendrix.com","robots":{"index":"index","follow":"follow","max-snippet":"max-snippet:-1","max-image-preview":"max-image-preview:large","max-video-preview":"max-video-preview:-1"},"canonical":"https:\/\/sarahandbendrix.com\/es\/envio-y-entrega\/","og_locale":"es_ES","og_type":"article","og_title":"Env\u00edo y entrega - Sarahandbendrix.com","og_description":"\u00daltima actualizaci\u00f3n: abril de 2026 sarahandbendrix Global Ltd. ofrece log\u00edstica global especializada para garantizar que sus suministros est\u00e9ticos lleguen a su consulta de forma segura y eficiente. Operamos a trav\u00e9s","og_url":"https:\/\/sarahandbendrix.com\/es\/envio-y-entrega\/","og_site_name":"Sarahandbendrix.com","twitter_card":"summary_large_image","twitter_misc":{"Tiempo de lectura":"3 minutos"},"schema":{"@context":"https:\/\/schema.org","@graph":[{"@type":"WebPage","@id":"https:\/\/sarahandbendrix.com\/es\/envio-y-entrega\/","url":"https:\/\/sarahandbendrix.com\/es\/envio-y-entrega\/","name":"Env\u00edo y entrega - Sarahandbendrix.com","isPartOf":{"@id":"https:\/\/sarahandbendrix.com\/es\/#website"},"datePublished":"2026-04-08T21:55:01+00:00","breadcrumb":{"@id":"https:\/\/sarahandbendrix.com\/es\/envio-y-entrega\/#breadcrumb"},"inLanguage":"es","potentialAction":[{"@type":"ReadAction","target":["https:\/\/sarahandbendrix.com\/es\/envio-y-entrega\/"]}]},{"@type":"BreadcrumbList","@id":"https:\/\/sarahandbendrix.com\/es\/envio-y-entrega\/#breadcrumb","itemListElement":[{"@type":"ListItem","position":1,"name":"Inicio","item":"https:\/\/sarahandbendrix.com\/es\/tienda\/"},{"@type":"ListItem","position":2,"name":"Env\u00edo y entrega"}]},{"@type":"WebSite","@id":"https:\/\/sarahandbendrix.com\/es\/#website","url":"https:\/\/sarahandbendrix.com\/es\/","name":"Buy Korean Fillers and Botox Wholesale on sarahandbendrix","description":"Buy Korean botox, dermal fillers &amp; meso products online. Apply for wholesale pricing on professional aesthetic supplies.","publisher":{"@id":"https:\/\/sarahandbendrix.com\/es\/#organization"},"potentialAction":[{"@type":"SearchAction","target":{"@type":"EntryPoint","urlTemplate":"https:\/\/sarahandbendrix.com\/es\/?s={search_term_string}"},"query-input":{"@type":"PropertyValueSpecification","valueRequired":true,"valueName":"search_term_string"}}],"inLanguage":"es"},{"@type":"Organization","@id":"https:\/\/sarahandbendrix.com\/es\/#organization","name":"Buy Korean Fillers and Botox Wholesale on sarahandbendrix","url":"https:\/\/sarahandbendrix.com\/es\/","logo":{"@type":"ImageObject","inLanguage":"es","@id":"https:\/\/sarahandbendrix.com\/es\/#\/schema\/logo\/image\/","url":"https:\/\/sarahandbendrix.com\/wp-content\/uploads\/2026\/04\/cropped-cropped-ChatGPT-Image-21-apr-2026-18_38_12-1.png","contentUrl":"https:\/\/sarahandbendrix.com\/wp-content\/uploads\/2026\/04\/cropped-cropped-ChatGPT-Image-21-apr-2026-18_38_12-1.png","width":1032,"height":586,"caption":"Buy Korean Fillers and Botox Wholesale on sarahandbendrix"},"image":{"@id":"https:\/\/sarahandbendrix.com\/es\/#\/schema\/logo\/image\/"}}]}},"_links":{"self":[{"href":"https:\/\/sarahandbendrix.com\/es\/wp-json\/wp\/v2\/pages\/291","targetHints":{"allow":["GET"]}}],"collection":[{"href":"https:\/\/sarahandbendrix.com\/es\/wp-json\/wp\/v2\/pages"}],"about":[{"href":"https:\/\/sarahandbendrix.com\/es\/wp-json\/wp\/v2\/types\/page"}],"author":[{"embeddable":true,"href":"https:\/\/sarahandbendrix.com\/es\/wp-json\/wp\/v2\/users\/1"}],"replies":[{"embeddable":true,"href":"https:\/\/sarahandbendrix.com\/es\/wp-json\/wp\/v2\/comments?post=291"}],"version-history":[{"count":0,"href":"https:\/\/sarahandbendrix.com\/es\/wp-json\/wp\/v2\/pages\/291\/revisions"}],"wp:attachment":[{"href":"https:\/\/sarahandbendrix.com\/es\/wp-json\/wp\/v2\/media?parent=291"}],"curies":[{"name":"wp","href":"https:\/\/api.w.org\/{rel}","templated":true}]}}