{"id":289,"date":"2026-04-08T22:06:05","date_gmt":"2026-04-08T22:06:05","guid":{"rendered":"https:\/\/sarahandbendrix.com\/consultas-mayoristas\/"},"modified":"2026-04-08T22:06:05","modified_gmt":"2026-04-08T22:06:05","slug":"consultas-mayoristas","status":"publish","type":"page","link":"https:\/\/sarahandbendrix.com\/es\/consultas-mayoristas\/","title":{"rendered":"Consultas mayoristas"},"content":{"rendered":"<p data-path-to-node=\"3\"><b data-path-to-node=\"3\" data-index-in-node=\"0\">Ampl\u00ede su pr\u00e1ctica con sarahandbendrix Global Ltd.<\/b><\/p>\n<p data-path-to-node=\"4\">Como distribuidor global de primer nivel, <b data-path-to-node=\"4\" data-index-in-node=\"33\">sarahandbendrix Global Ltd.<\/b> ofrece oportunidades mayoristas competitivas para cl\u00ednicas m\u00e9dicas, cadenas est\u00e9ticas y distribuidores regionales. Proporcionamos soluciones de suministro de gran volumen para los rellenos d\u00e9rmicos, toxinas y bioestimuladores m\u00e1s solicitados de la industria. <\/p>\n<p data-path-to-node=\"5\">Al asociarse con nosotros, obtendr\u00e1 acceso a una cadena de suministro fiable, estructuras de precios escalonadas y soporte corporativo dedicado.<\/p>\n<hr data-path-to-node=\"6\">\n<h3 data-path-to-node=\"7\">\u00bfPor qu\u00e9 asociarse con sarahandbendrix?<\/h3>\n<ul data-path-to-node=\"8\">\n<li>\n<p data-path-to-node=\"8,0,0\"><b data-path-to-node=\"8,0,0\" data-index-in-node=\"0\">Precios basados en volumen:<\/b> Ofrecemos descuentos significativos para pedidos al por mayor, lo que permite a su negocio maximizar los m\u00e1rgenes manteniendo la m\u00e1s alta calidad de atenci\u00f3n.<\/p>\n<\/li>\n<li>\n<p data-path-to-node=\"8,1,0\"><b data-path-to-node=\"8,1,0\" data-index-in-node=\"0\">Inventario constante:<\/b> Nuestro almacenamiento a gran escala garantiza que mantengamos niveles elevados de existencias de las principales marcas, reduciendo el riesgo de pedidos pendientes para su cl\u00ednica.<\/p>\n<\/li>\n<li>\n<p data-path-to-node=\"8,2,0\"><b data-path-to-node=\"8,2,0\" data-index-in-node=\"0\">Prioridad log\u00edstica global:<\/b> Los socios mayoristas reciben procesamiento prioritario y soluciones de env\u00edo especializadas, incluido el transporte a\u00e9reo paletizado y monitorizaci\u00f3n avanzada de la cadena de fr\u00edo.<\/p>\n<\/li>\n<li>\n<p data-path-to-node=\"8,3,0\"><b data-path-to-node=\"8,3,0\" data-index-in-node=\"0\">Documentaci\u00f3n de autenticidad:<\/b> Proporcionamos trazabilidad completa y documentaci\u00f3n para todos los env\u00edos al por mayor, garantizando el cumplimiento de sus requisitos normativos locales.<\/p>\n<\/li>\n<\/ul>\n<h3 data-path-to-node=\"9\">Requisitos para mayoristas<\/h3>\n<p data-path-to-node=\"10\">Para mantener la integridad del mercado de la est\u00e9tica m\u00e9dica, todos los solicitantes mayoristas deben cumplir los siguientes criterios:<\/p>\n<ol start=\"1\" data-path-to-node=\"11\">\n<li>\n<p data-path-to-node=\"11,0,0\"><b data-path-to-node=\"11,0,0\" data-index-in-node=\"0\">Condici\u00f3n profesional:<\/b> Debe ser un profesional m\u00e9dico con licencia o una entidad empresarial registrada dentro de la industria sanitaria\/est\u00e9tica.<\/p>\n<\/li>\n<li>\n<p data-path-to-node=\"11,1,0\"><b data-path-to-node=\"11,1,0\" data-index-in-node=\"0\">Cantidad m\u00ednima de pedido (MOQ):<\/b> Los precios mayoristas se aplican a pedidos que cumplan nuestros umbrales m\u00ednimos de volumen (consulte las MOQ espec\u00edficas de cada marca).<\/p>\n<\/li>\n<li>\n<p data-path-to-node=\"11,2,0\"><b data-path-to-node=\"11,2,0\" data-index-in-node=\"0\">Cumplimiento normativo:<\/b> Los solicitantes deben estar autorizados para importar y manipular dispositivos est\u00e9ticos m\u00e9dicos dentro de sus respectivas jurisdicciones.<\/p>\n<\/li>\n<\/ol>\n<hr data-path-to-node=\"12\">\n<h3 data-path-to-node=\"13\">Env\u00ede una solicitud mayorista<\/h3>\n<p data-path-to-node=\"14\">Para recibir nuestra lista de precios mayoristas actual y hablar con un gestor de cuentas dedicado, proporcione la siguiente informaci\u00f3n en su consulta:<\/p>\n<ul data-path-to-node=\"15\">\n<li>\n<p data-path-to-node=\"15,0,0\"><b data-path-to-node=\"15,0,0\" data-index-in-node=\"0\">Nombre completo y cargo profesional<\/b><\/p>\n<\/li>\n<li>\n<p data-path-to-node=\"15,1,0\"><b data-path-to-node=\"15,1,0\" data-index-in-node=\"0\">Nombre del negocio\/cl\u00ednica y pa\u00eds<\/b><\/p>\n<\/li>\n<li>\n<p data-path-to-node=\"15,2,0\"><b data-path-to-node=\"15,2,0\" data-index-in-node=\"0\">Marcas objetivo y volumen mensual estimado<\/b><\/p>\n<\/li>\n<li>\n<p data-path-to-node=\"15,3,0\"><b data-path-to-node=\"15,3,0\" data-index-in-node=\"0\">N\u00famero de tel\u00e9fono de contacto<\/b><\/p>\n<\/li>\n<\/ul>\n<p data-path-to-node=\"16\">Env\u00ede su consulta a nuestro departamento de ventas global:<\/p>\n<p data-path-to-node=\"17\"><b data-path-to-node=\"17\" data-index-in-node=\"0\">Correo electr\u00f3nico:<\/b> <a class=\"ng-star-inserted\" href=\"mailto:info@sarahandbendrix.com\" target=\"_blank\" rel=\"noopener\" data-hveid=\"0\" data-ved=\"0CAAQ_4QMahgKEwjvu6yvpt6TAxUAAAAAHQAAAAAQtQw\">info@sarahandbendrix.com<\/a><\/p>\n<p data-path-to-node=\"18\"><b data-path-to-node=\"18\" data-index-in-node=\"0\">Asunto:<\/b> Consulta mayorista \u2013 [Nombre de su negocio]<\/p>\n<hr data-path-to-node=\"19\">\n<h3 data-path-to-node=\"20\">Sede corporativa<\/h3>\n<p data-path-to-node=\"21\"><b data-path-to-node=\"21\" data-index-in-node=\"0\">sarahandbendrix Global Ltd.<\/b> Wickhams Cay II, Road Town, T\u00f3rtola,<\/p>\n<p data-path-to-node=\"22\">VG1110, Islas V\u00edrgenes Brit\u00e1nicas<\/p>\n<p data-path-to-node=\"23\"><i data-path-to-node=\"23\" data-index-in-node=\"0\">Nuestro equipo mayorista suele responder a las consultas cualificadas en un plazo de <b data-path-to-node=\"23\" data-index-in-node=\"68\">24-48 horas laborables<\/b>. Esperamos poder apoyar el crecimiento de su negocio. <\/i><\/p>\n","protected":false},"excerpt":{"rendered":"<p>Ampl\u00ede su pr\u00e1ctica con sarahandbendrix Global Ltd. Como distribuidor global de primer nivel, sarahandbendrix Global Ltd. ofrece oportunidades mayoristas competitivas para cl\u00ednicas m\u00e9dicas, cadenas est\u00e9ticas y distribuidores regionales. Proporcionamos soluciones<\/p>\n","protected":false},"author":1,"featured_media":0,"parent":0,"menu_order":0,"comment_status":"closed","ping_status":"closed","template":"","meta":{"_monsterinsights_skip_tracking":false,"_monsterinsights_sitenote_active":false,"_monsterinsights_sitenote_note":"","_monsterinsights_sitenote_category":0,"footnotes":""},"class_list":["post-289","page","type-page","status-publish","hentry"],"yoast_head":"<!-- This site is optimized with the Yoast SEO plugin v27.5 - https:\/\/yoast.com\/product\/yoast-seo-wordpress\/ -->\n<title>Consultas mayoristas - Sarahandbendrix.com<\/title>\n<meta name=\"robots\" content=\"index, follow, max-snippet:-1, max-image-preview:large, max-video-preview:-1\" \/>\n<link rel=\"canonical\" href=\"https:\/\/sarahandbendrix.com\/es\/consultas-mayoristas\/\" \/>\n<meta property=\"og:locale\" content=\"es_ES\" \/>\n<meta property=\"og:type\" content=\"article\" \/>\n<meta property=\"og:title\" content=\"Consultas mayoristas - Sarahandbendrix.com\" \/>\n<meta property=\"og:description\" content=\"Ampl\u00ede su pr\u00e1ctica con sarahandbendrix Global Ltd. Como distribuidor global de primer nivel, sarahandbendrix Global Ltd. ofrece oportunidades mayoristas competitivas para cl\u00ednicas m\u00e9dicas, cadenas est\u00e9ticas y distribuidores regionales. Proporcionamos soluciones\" \/>\n<meta property=\"og:url\" content=\"https:\/\/sarahandbendrix.com\/es\/consultas-mayoristas\/\" \/>\n<meta property=\"og:site_name\" content=\"Sarahandbendrix.com\" \/>\n<meta name=\"twitter:card\" content=\"summary_large_image\" \/>\n<meta name=\"twitter:label1\" content=\"Tiempo de lectura\" \/>\n\t<meta name=\"twitter:data1\" content=\"2 minutos\" \/>\n<script type=\"application\/ld+json\" class=\"yoast-schema-graph\">{\"@context\":\"https:\\\/\\\/schema.org\",\"@graph\":[{\"@type\":\"WebPage\",\"@id\":\"https:\\\/\\\/sarahandbendrix.com\\\/es\\\/consultas-mayoristas\\\/\",\"url\":\"https:\\\/\\\/sarahandbendrix.com\\\/es\\\/consultas-mayoristas\\\/\",\"name\":\"Consultas mayoristas - Sarahandbendrix.com\",\"isPartOf\":{\"@id\":\"https:\\\/\\\/sarahandbendrix.com\\\/es\\\/#website\"},\"datePublished\":\"2026-04-08T22:06:05+00:00\",\"breadcrumb\":{\"@id\":\"https:\\\/\\\/sarahandbendrix.com\\\/es\\\/consultas-mayoristas\\\/#breadcrumb\"},\"inLanguage\":\"es\",\"potentialAction\":[{\"@type\":\"ReadAction\",\"target\":[\"https:\\\/\\\/sarahandbendrix.com\\\/es\\\/consultas-mayoristas\\\/\"]}]},{\"@type\":\"BreadcrumbList\",\"@id\":\"https:\\\/\\\/sarahandbendrix.com\\\/es\\\/consultas-mayoristas\\\/#breadcrumb\",\"itemListElement\":[{\"@type\":\"ListItem\",\"position\":1,\"name\":\"Inicio\",\"item\":\"https:\\\/\\\/sarahandbendrix.com\\\/es\\\/tienda\\\/\"},{\"@type\":\"ListItem\",\"position\":2,\"name\":\"Consultas mayoristas\"}]},{\"@type\":\"WebSite\",\"@id\":\"https:\\\/\\\/sarahandbendrix.com\\\/es\\\/#website\",\"url\":\"https:\\\/\\\/sarahandbendrix.com\\\/es\\\/\",\"name\":\"Buy Korean Fillers and Botox Wholesale on sarahandbendrix\",\"description\":\"Buy Korean botox, dermal fillers &amp; meso products online. Apply for wholesale pricing on professional aesthetic supplies.\",\"publisher\":{\"@id\":\"https:\\\/\\\/sarahandbendrix.com\\\/es\\\/#organization\"},\"potentialAction\":[{\"@type\":\"SearchAction\",\"target\":{\"@type\":\"EntryPoint\",\"urlTemplate\":\"https:\\\/\\\/sarahandbendrix.com\\\/es\\\/?s={search_term_string}\"},\"query-input\":{\"@type\":\"PropertyValueSpecification\",\"valueRequired\":true,\"valueName\":\"search_term_string\"}}],\"inLanguage\":\"es\"},{\"@type\":\"Organization\",\"@id\":\"https:\\\/\\\/sarahandbendrix.com\\\/es\\\/#organization\",\"name\":\"Buy Korean Fillers and Botox Wholesale on sarahandbendrix\",\"url\":\"https:\\\/\\\/sarahandbendrix.com\\\/es\\\/\",\"logo\":{\"@type\":\"ImageObject\",\"inLanguage\":\"es\",\"@id\":\"https:\\\/\\\/sarahandbendrix.com\\\/es\\\/#\\\/schema\\\/logo\\\/image\\\/\",\"url\":\"https:\\\/\\\/sarahandbendrix.com\\\/wp-content\\\/uploads\\\/2026\\\/04\\\/cropped-cropped-ChatGPT-Image-21-apr-2026-18_38_12-1.png\",\"contentUrl\":\"https:\\\/\\\/sarahandbendrix.com\\\/wp-content\\\/uploads\\\/2026\\\/04\\\/cropped-cropped-ChatGPT-Image-21-apr-2026-18_38_12-1.png\",\"width\":1032,\"height\":586,\"caption\":\"Buy Korean Fillers and Botox Wholesale on sarahandbendrix\"},\"image\":{\"@id\":\"https:\\\/\\\/sarahandbendrix.com\\\/es\\\/#\\\/schema\\\/logo\\\/image\\\/\"}}]}<\/script>\n<!-- \/ Yoast SEO plugin. -->","yoast_head_json":{"title":"Consultas mayoristas - Sarahandbendrix.com","robots":{"index":"index","follow":"follow","max-snippet":"max-snippet:-1","max-image-preview":"max-image-preview:large","max-video-preview":"max-video-preview:-1"},"canonical":"https:\/\/sarahandbendrix.com\/es\/consultas-mayoristas\/","og_locale":"es_ES","og_type":"article","og_title":"Consultas mayoristas - Sarahandbendrix.com","og_description":"Ampl\u00ede su pr\u00e1ctica con sarahandbendrix Global Ltd. Como distribuidor global de primer nivel, sarahandbendrix Global Ltd. ofrece oportunidades mayoristas competitivas para cl\u00ednicas m\u00e9dicas, cadenas est\u00e9ticas y distribuidores regionales. Proporcionamos soluciones","og_url":"https:\/\/sarahandbendrix.com\/es\/consultas-mayoristas\/","og_site_name":"Sarahandbendrix.com","twitter_card":"summary_large_image","twitter_misc":{"Tiempo de lectura":"2 minutos"},"schema":{"@context":"https:\/\/schema.org","@graph":[{"@type":"WebPage","@id":"https:\/\/sarahandbendrix.com\/es\/consultas-mayoristas\/","url":"https:\/\/sarahandbendrix.com\/es\/consultas-mayoristas\/","name":"Consultas mayoristas - Sarahandbendrix.com","isPartOf":{"@id":"https:\/\/sarahandbendrix.com\/es\/#website"},"datePublished":"2026-04-08T22:06:05+00:00","breadcrumb":{"@id":"https:\/\/sarahandbendrix.com\/es\/consultas-mayoristas\/#breadcrumb"},"inLanguage":"es","potentialAction":[{"@type":"ReadAction","target":["https:\/\/sarahandbendrix.com\/es\/consultas-mayoristas\/"]}]},{"@type":"BreadcrumbList","@id":"https:\/\/sarahandbendrix.com\/es\/consultas-mayoristas\/#breadcrumb","itemListElement":[{"@type":"ListItem","position":1,"name":"Inicio","item":"https:\/\/sarahandbendrix.com\/es\/tienda\/"},{"@type":"ListItem","position":2,"name":"Consultas mayoristas"}]},{"@type":"WebSite","@id":"https:\/\/sarahandbendrix.com\/es\/#website","url":"https:\/\/sarahandbendrix.com\/es\/","name":"Buy Korean Fillers and Botox Wholesale on sarahandbendrix","description":"Buy Korean botox, dermal fillers &amp; meso products online. Apply for wholesale pricing on professional aesthetic supplies.","publisher":{"@id":"https:\/\/sarahandbendrix.com\/es\/#organization"},"potentialAction":[{"@type":"SearchAction","target":{"@type":"EntryPoint","urlTemplate":"https:\/\/sarahandbendrix.com\/es\/?s={search_term_string}"},"query-input":{"@type":"PropertyValueSpecification","valueRequired":true,"valueName":"search_term_string"}}],"inLanguage":"es"},{"@type":"Organization","@id":"https:\/\/sarahandbendrix.com\/es\/#organization","name":"Buy Korean Fillers and Botox Wholesale on sarahandbendrix","url":"https:\/\/sarahandbendrix.com\/es\/","logo":{"@type":"ImageObject","inLanguage":"es","@id":"https:\/\/sarahandbendrix.com\/es\/#\/schema\/logo\/image\/","url":"https:\/\/sarahandbendrix.com\/wp-content\/uploads\/2026\/04\/cropped-cropped-ChatGPT-Image-21-apr-2026-18_38_12-1.png","contentUrl":"https:\/\/sarahandbendrix.com\/wp-content\/uploads\/2026\/04\/cropped-cropped-ChatGPT-Image-21-apr-2026-18_38_12-1.png","width":1032,"height":586,"caption":"Buy Korean Fillers and Botox Wholesale on sarahandbendrix"},"image":{"@id":"https:\/\/sarahandbendrix.com\/es\/#\/schema\/logo\/image\/"}}]}},"_links":{"self":[{"href":"https:\/\/sarahandbendrix.com\/es\/wp-json\/wp\/v2\/pages\/289","targetHints":{"allow":["GET"]}}],"collection":[{"href":"https:\/\/sarahandbendrix.com\/es\/wp-json\/wp\/v2\/pages"}],"about":[{"href":"https:\/\/sarahandbendrix.com\/es\/wp-json\/wp\/v2\/types\/page"}],"author":[{"embeddable":true,"href":"https:\/\/sarahandbendrix.com\/es\/wp-json\/wp\/v2\/users\/1"}],"replies":[{"embeddable":true,"href":"https:\/\/sarahandbendrix.com\/es\/wp-json\/wp\/v2\/comments?post=289"}],"version-history":[{"count":0,"href":"https:\/\/sarahandbendrix.com\/es\/wp-json\/wp\/v2\/pages\/289\/revisions"}],"wp:attachment":[{"href":"https:\/\/sarahandbendrix.com\/es\/wp-json\/wp\/v2\/media?parent=289"}],"curies":[{"name":"wp","href":"https:\/\/api.w.org\/{rel}","templated":true}]}}