{"id":272,"date":"2026-04-08T21:49:11","date_gmt":"2026-04-08T21:49:11","guid":{"rendered":"https:\/\/sarahandbendrix.com\/sobre-nosotros\/"},"modified":"2026-04-08T21:49:11","modified_gmt":"2026-04-08T21:49:11","slug":"sobre-nosotros","status":"publish","type":"page","link":"https:\/\/sarahandbendrix.com\/es\/sobre-nosotros\/","title":{"rendered":"Sobre nosotros"},"content":{"rendered":"<p data-path-to-node=\"3\"><b data-path-to-node=\"3\" data-index-in-node=\"0\">Le damos la bienvenida a sarahandbendrix Global Ltd.<\/b><\/p>\n<p data-path-to-node=\"4\"><b data-path-to-node=\"4\" data-index-in-node=\"0\">sarahandbendrix Global Ltd.<\/b> es un distribuidor internacional l\u00edder especializado en la obtenci\u00f3n y el suministro de soluciones est\u00e9ticas y de belleza m\u00e9dica de primera calidad. Creados para cerrar la brecha entre los fabricantes farmac\u00e9uticos de clase mundial y los profesionales de la est\u00e9tica, proporcionamos una v\u00eda simplificada, segura y fiable para acceder a los productos m\u00e1s avanzados del sector. <\/p>\n<p data-path-to-node=\"5\">Desde nuestra sede estrat\u00e9gica en las <b data-path-to-node=\"5\" data-index-in-node=\"39\">Islas V\u00edrgenes Brit\u00e1nicas<\/b>, gestionamos una sofisticada red log\u00edstica global que presta servicio a cl\u00ednicas, profesionales m\u00e9dicos y socios mayoristas en m\u00e1s de 80 pa\u00edses.<\/p>\n<hr data-path-to-node=\"6\">\n<h3 data-path-to-node=\"7\">Nuestra misi\u00f3n<\/h3>\n<p data-path-to-node=\"8\">Nuestra misi\u00f3n es empoderar a los profesionales de la est\u00e9tica proporcion\u00e1ndoles herramientas de la m\u00e1s alta calidad para mejorar los resultados de sus pacientes. Creemos que el acceso a productos aut\u00e9nticos, seguros e innovadores debe ser universal, independientemente de la ubicaci\u00f3n geogr\u00e1fica. <\/p>\n<h3 data-path-to-node=\"9\">Por qu\u00e9 los profesionales eligen sarahandbendrix<\/h3>\n<ul data-path-to-node=\"10\">\n<li>\n<p data-path-to-node=\"10,0,0\"><b data-path-to-node=\"10,0,0\" data-index-in-node=\"0\">Autenticidad sin concesiones:<\/b> En un sector donde la seguridad no es negociable, garantizamos que el 100 % de nuestro inventario procede directamente de los fabricantes originales o de canales autorizados.<\/p>\n<\/li>\n<li>\n<p data-path-to-node=\"10,1,0\"><b data-path-to-node=\"10,1,0\" data-index-in-node=\"0\">Excelencia log\u00edstica global:<\/b> Somos especialistas en las complejidades del env\u00edo m\u00e9dico internacional, incluida la gesti\u00f3n de la cadena de fr\u00edo, lo que garantiza que sus productos lleguen en perfectas condiciones cl\u00ednicas.<\/p>\n<\/li>\n<li>\n<p data-path-to-node=\"10,2,0\"><b data-path-to-node=\"10,2,0\" data-index-in-node=\"0\">Selecci\u00f3n estrat\u00e9gica de productos:<\/b> Nuestra cartera est\u00e1 supervisada por expertos del sector y se centra en los \u00faltimos avances en rellenos d\u00e9rmicos, bioestimuladores, toxinas y cuidado de la piel avanzado.<\/p>\n<\/li>\n<li>\n<p data-path-to-node=\"10,3,0\"><b data-path-to-node=\"10,3,0\" data-index-in-node=\"0\">Integridad profesional:<\/b> Operamos con un enfoque B2B, dedicado exclusivamente a las necesidades de profesionales licenciados y entidades m\u00e9dicas.<\/p>\n<\/li>\n<\/ul>\n<h3 data-path-to-node=\"11\">Nuestra presencia global<\/h3>\n<p data-path-to-node=\"12\">Aunque nuestras ra\u00edces corporativas est\u00e1n en el Caribe, nuestro alcance es verdaderamente global. Al aprovechar centros de distribuci\u00f3n descentralizados, minimizamos los tiempos de tr\u00e1nsito y gestionamos las complejidades de las aduanas internacionales, garantizando una cadena de suministro fluida para su consulta. <\/p>\n<h3 data-path-to-node=\"13\">Compromiso con la innovaci\u00f3n<\/h3>\n<p data-path-to-node=\"14\">El mundo de la medicina est\u00e9tica est\u00e1 en constante evoluci\u00f3n. <b data-path-to-node=\"14\" data-index-in-node=\"56\">sarahandbendrix Global Ltd.<\/b> se mantiene a la vanguardia del sector, actualizando continuamente nuestro cat\u00e1logo con productos de pr\u00f3xima generaci\u00f3n que definen el futuro de la belleza y la medicina regenerativa.<\/p>\n<hr data-path-to-node=\"15\">\n<h3 data-path-to-node=\"16\">Contacte con nuestra sede central<\/h3>\n<p data-path-to-node=\"17\">Para consultas corporativas, propuestas de asociaci\u00f3n o asistencia profesional:<\/p>\n<p data-path-to-node=\"18\"><b data-path-to-node=\"18\" data-index-in-node=\"0\">sarahandbendrix Global Ltd.<\/b>  Wickhams Cay II, Road Town, T\u00f3rtola,<\/p>\n<p data-path-to-node=\"19\">VG1110, Islas V\u00edrgenes Brit\u00e1nicas<\/p>\n<p data-path-to-node=\"20\"><b data-path-to-node=\"20\" data-index-in-node=\"0\">Correo electr\u00f3nico:<\/b> info@sarahandbendrix.com<\/p>\n<p data-path-to-node=\"21\"><b data-path-to-node=\"21\" data-index-in-node=\"0\">Web:<\/b> www.sarahandbendrix.com<\/p>\n<hr data-path-to-node=\"22\">\n<blockquote data-path-to-node=\"23\">\n<p data-path-to-node=\"23,0\"><i data-path-to-node=\"23,0\" data-index-in-node=\"0\">Nota: sarahandbendrix Global Ltd. es un distribuidor independiente. Todos los productos est\u00e1n destinados exclusivamente a su uso por parte de profesionales m\u00e9dicos licenciados. <\/i><\/p>\n<\/blockquote>\n","protected":false},"excerpt":{"rendered":"<p>Le damos la bienvenida a sarahandbendrix Global Ltd. sarahandbendrix Global Ltd. es un distribuidor internacional l\u00edder especializado en la obtenci\u00f3n y el suministro de soluciones est\u00e9ticas y de belleza m\u00e9dica<\/p>\n","protected":false},"author":1,"featured_media":0,"parent":0,"menu_order":0,"comment_status":"closed","ping_status":"closed","template":"","meta":{"_monsterinsights_skip_tracking":false,"_monsterinsights_sitenote_active":false,"_monsterinsights_sitenote_note":"","_monsterinsights_sitenote_category":0,"footnotes":""},"class_list":["post-272","page","type-page","status-publish","hentry"],"yoast_head":"<!-- This site is optimized with the Yoast SEO plugin v27.5 - https:\/\/yoast.com\/product\/yoast-seo-wordpress\/ -->\n<title>Sobre nosotros - Sarahandbendrix.com<\/title>\n<meta name=\"robots\" content=\"index, follow, max-snippet:-1, max-image-preview:large, max-video-preview:-1\" \/>\n<link rel=\"canonical\" href=\"https:\/\/sarahandbendrix.com\/es\/sobre-nosotros\/\" \/>\n<meta property=\"og:locale\" content=\"es_ES\" \/>\n<meta property=\"og:type\" content=\"article\" \/>\n<meta property=\"og:title\" content=\"Sobre nosotros - Sarahandbendrix.com\" \/>\n<meta property=\"og:description\" content=\"Le damos la bienvenida a sarahandbendrix Global Ltd. sarahandbendrix Global Ltd. es un distribuidor internacional l\u00edder especializado en la obtenci\u00f3n y el suministro de soluciones est\u00e9ticas y de belleza m\u00e9dica\" \/>\n<meta property=\"og:url\" content=\"https:\/\/sarahandbendrix.com\/es\/sobre-nosotros\/\" \/>\n<meta property=\"og:site_name\" content=\"Sarahandbendrix.com\" \/>\n<meta name=\"twitter:card\" content=\"summary_large_image\" \/>\n<meta name=\"twitter:label1\" content=\"Tiempo de lectura\" \/>\n\t<meta name=\"twitter:data1\" content=\"2 minutos\" \/>\n<script type=\"application\/ld+json\" class=\"yoast-schema-graph\">{\"@context\":\"https:\\\/\\\/schema.org\",\"@graph\":[{\"@type\":\"WebPage\",\"@id\":\"https:\\\/\\\/sarahandbendrix.com\\\/es\\\/sobre-nosotros\\\/\",\"url\":\"https:\\\/\\\/sarahandbendrix.com\\\/es\\\/sobre-nosotros\\\/\",\"name\":\"Sobre nosotros - Sarahandbendrix.com\",\"isPartOf\":{\"@id\":\"https:\\\/\\\/sarahandbendrix.com\\\/es\\\/#website\"},\"datePublished\":\"2026-04-08T21:49:11+00:00\",\"breadcrumb\":{\"@id\":\"https:\\\/\\\/sarahandbendrix.com\\\/es\\\/sobre-nosotros\\\/#breadcrumb\"},\"inLanguage\":\"es\",\"potentialAction\":[{\"@type\":\"ReadAction\",\"target\":[\"https:\\\/\\\/sarahandbendrix.com\\\/es\\\/sobre-nosotros\\\/\"]}]},{\"@type\":\"BreadcrumbList\",\"@id\":\"https:\\\/\\\/sarahandbendrix.com\\\/es\\\/sobre-nosotros\\\/#breadcrumb\",\"itemListElement\":[{\"@type\":\"ListItem\",\"position\":1,\"name\":\"Inicio\",\"item\":\"https:\\\/\\\/sarahandbendrix.com\\\/es\\\/tienda\\\/\"},{\"@type\":\"ListItem\",\"position\":2,\"name\":\"Sobre nosotros\"}]},{\"@type\":\"WebSite\",\"@id\":\"https:\\\/\\\/sarahandbendrix.com\\\/es\\\/#website\",\"url\":\"https:\\\/\\\/sarahandbendrix.com\\\/es\\\/\",\"name\":\"Buy Korean Fillers and Botox Wholesale on sarahandbendrix\",\"description\":\"Buy Korean botox, dermal fillers &amp; meso products online. Apply for wholesale pricing on professional aesthetic supplies.\",\"publisher\":{\"@id\":\"https:\\\/\\\/sarahandbendrix.com\\\/es\\\/#organization\"},\"potentialAction\":[{\"@type\":\"SearchAction\",\"target\":{\"@type\":\"EntryPoint\",\"urlTemplate\":\"https:\\\/\\\/sarahandbendrix.com\\\/es\\\/?s={search_term_string}\"},\"query-input\":{\"@type\":\"PropertyValueSpecification\",\"valueRequired\":true,\"valueName\":\"search_term_string\"}}],\"inLanguage\":\"es\"},{\"@type\":\"Organization\",\"@id\":\"https:\\\/\\\/sarahandbendrix.com\\\/es\\\/#organization\",\"name\":\"Buy Korean Fillers and Botox Wholesale on sarahandbendrix\",\"url\":\"https:\\\/\\\/sarahandbendrix.com\\\/es\\\/\",\"logo\":{\"@type\":\"ImageObject\",\"inLanguage\":\"es\",\"@id\":\"https:\\\/\\\/sarahandbendrix.com\\\/es\\\/#\\\/schema\\\/logo\\\/image\\\/\",\"url\":\"https:\\\/\\\/sarahandbendrix.com\\\/wp-content\\\/uploads\\\/2026\\\/04\\\/cropped-cropped-ChatGPT-Image-21-apr-2026-18_38_12-1.png\",\"contentUrl\":\"https:\\\/\\\/sarahandbendrix.com\\\/wp-content\\\/uploads\\\/2026\\\/04\\\/cropped-cropped-ChatGPT-Image-21-apr-2026-18_38_12-1.png\",\"width\":1032,\"height\":586,\"caption\":\"Buy Korean Fillers and Botox Wholesale on sarahandbendrix\"},\"image\":{\"@id\":\"https:\\\/\\\/sarahandbendrix.com\\\/es\\\/#\\\/schema\\\/logo\\\/image\\\/\"}}]}<\/script>\n<!-- \/ Yoast SEO plugin. -->","yoast_head_json":{"title":"Sobre nosotros - Sarahandbendrix.com","robots":{"index":"index","follow":"follow","max-snippet":"max-snippet:-1","max-image-preview":"max-image-preview:large","max-video-preview":"max-video-preview:-1"},"canonical":"https:\/\/sarahandbendrix.com\/es\/sobre-nosotros\/","og_locale":"es_ES","og_type":"article","og_title":"Sobre nosotros - Sarahandbendrix.com","og_description":"Le damos la bienvenida a sarahandbendrix Global Ltd. sarahandbendrix Global Ltd. es un distribuidor internacional l\u00edder especializado en la obtenci\u00f3n y el suministro de soluciones est\u00e9ticas y de belleza m\u00e9dica","og_url":"https:\/\/sarahandbendrix.com\/es\/sobre-nosotros\/","og_site_name":"Sarahandbendrix.com","twitter_card":"summary_large_image","twitter_misc":{"Tiempo de lectura":"2 minutos"},"schema":{"@context":"https:\/\/schema.org","@graph":[{"@type":"WebPage","@id":"https:\/\/sarahandbendrix.com\/es\/sobre-nosotros\/","url":"https:\/\/sarahandbendrix.com\/es\/sobre-nosotros\/","name":"Sobre nosotros - Sarahandbendrix.com","isPartOf":{"@id":"https:\/\/sarahandbendrix.com\/es\/#website"},"datePublished":"2026-04-08T21:49:11+00:00","breadcrumb":{"@id":"https:\/\/sarahandbendrix.com\/es\/sobre-nosotros\/#breadcrumb"},"inLanguage":"es","potentialAction":[{"@type":"ReadAction","target":["https:\/\/sarahandbendrix.com\/es\/sobre-nosotros\/"]}]},{"@type":"BreadcrumbList","@id":"https:\/\/sarahandbendrix.com\/es\/sobre-nosotros\/#breadcrumb","itemListElement":[{"@type":"ListItem","position":1,"name":"Inicio","item":"https:\/\/sarahandbendrix.com\/es\/tienda\/"},{"@type":"ListItem","position":2,"name":"Sobre nosotros"}]},{"@type":"WebSite","@id":"https:\/\/sarahandbendrix.com\/es\/#website","url":"https:\/\/sarahandbendrix.com\/es\/","name":"Buy Korean Fillers and Botox Wholesale on sarahandbendrix","description":"Buy Korean botox, dermal fillers &amp; meso products online. Apply for wholesale pricing on professional aesthetic supplies.","publisher":{"@id":"https:\/\/sarahandbendrix.com\/es\/#organization"},"potentialAction":[{"@type":"SearchAction","target":{"@type":"EntryPoint","urlTemplate":"https:\/\/sarahandbendrix.com\/es\/?s={search_term_string}"},"query-input":{"@type":"PropertyValueSpecification","valueRequired":true,"valueName":"search_term_string"}}],"inLanguage":"es"},{"@type":"Organization","@id":"https:\/\/sarahandbendrix.com\/es\/#organization","name":"Buy Korean Fillers and Botox Wholesale on sarahandbendrix","url":"https:\/\/sarahandbendrix.com\/es\/","logo":{"@type":"ImageObject","inLanguage":"es","@id":"https:\/\/sarahandbendrix.com\/es\/#\/schema\/logo\/image\/","url":"https:\/\/sarahandbendrix.com\/wp-content\/uploads\/2026\/04\/cropped-cropped-ChatGPT-Image-21-apr-2026-18_38_12-1.png","contentUrl":"https:\/\/sarahandbendrix.com\/wp-content\/uploads\/2026\/04\/cropped-cropped-ChatGPT-Image-21-apr-2026-18_38_12-1.png","width":1032,"height":586,"caption":"Buy Korean Fillers and Botox Wholesale on sarahandbendrix"},"image":{"@id":"https:\/\/sarahandbendrix.com\/es\/#\/schema\/logo\/image\/"}}]}},"_links":{"self":[{"href":"https:\/\/sarahandbendrix.com\/es\/wp-json\/wp\/v2\/pages\/272","targetHints":{"allow":["GET"]}}],"collection":[{"href":"https:\/\/sarahandbendrix.com\/es\/wp-json\/wp\/v2\/pages"}],"about":[{"href":"https:\/\/sarahandbendrix.com\/es\/wp-json\/wp\/v2\/types\/page"}],"author":[{"embeddable":true,"href":"https:\/\/sarahandbendrix.com\/es\/wp-json\/wp\/v2\/users\/1"}],"replies":[{"embeddable":true,"href":"https:\/\/sarahandbendrix.com\/es\/wp-json\/wp\/v2\/comments?post=272"}],"version-history":[{"count":0,"href":"https:\/\/sarahandbendrix.com\/es\/wp-json\/wp\/v2\/pages\/272\/revisions"}],"wp:attachment":[{"href":"https:\/\/sarahandbendrix.com\/es\/wp-json\/wp\/v2\/media?parent=272"}],"curies":[{"name":"wp","href":"https:\/\/api.w.org\/{rel}","templated":true}]}}