{"id":371,"date":"2026-04-08T21:06:54","date_gmt":"2026-04-08T21:06:54","guid":{"rendered":"https:\/\/sarahandbendrix.com\/product\/liporase-hyaluronidase-1500-ie-10-ampullen\/"},"modified":"2026-04-08T21:06:54","modified_gmt":"2026-04-08T21:06:54","slug":"liporase-hyaluronidase-1500-ie-10-ampullen","status":"publish","type":"product","link":"https:\/\/sarahandbendrix.com\/de\/product\/liporase-hyaluronidase-1500-ie-10-ampullen\/","title":{"rendered":"Liporase Hyaluronidase 1500 IE (10 Ampullen)"},"content":{"rendered":"<p data-path-to-node=\"0\"><b data-path-to-node=\"0\" data-index-in-node=\"0\">Liporase<\/b> ist die am weitesten verbreitete Marke f\u00fcr <b data-path-to-node=\"0\" data-index-in-node=\"48\">Hyaluronidase<\/b> in der \u00c4sthetikbranche. Hergestellt in S\u00fcdkorea, ist es ein hochwertiges Enzym zum Aufl\u00f6sen von Hyalurons\u00e4ure-Fillern (HS), die falsch platziert oder \u00fcberf\u00fcllt wurden oder falls ein Patient eine Nebenwirkung erleidet. Es ist ein unverzichtbares \u201eSicherheitsnetz\u201c f\u00fcr jeden professionellen Behandler.  <\/p>\n<h3 data-path-to-node=\"1\"><b data-path-to-node=\"1\" data-index-in-node=\"0\">Klinische Indikationen &amp; Anwendung<\/b><\/h3>\n<p data-path-to-node=\"2\">Liporase ist ein Notfall- und Korrekturwerkzeug f\u00fcr:<\/p>\n<ul data-path-to-node=\"3\">\n<li>\n<p data-path-to-node=\"3,0,0\"><b data-path-to-node=\"3,0,0\" data-index-in-node=\"0\">Aufl\u00f6sen von HS-Fillern:<\/b> Entfernung von unerw\u00fcnschtem oder migriertem Filler (z. B. in den Lippen, Wangen oder unter den Augen).<\/p>\n<\/li>\n<li>\n<p data-path-to-node=\"3,1,0\"><b data-path-to-node=\"3,1,0\" data-index-in-node=\"0\">Notfallmanagement:<\/b> Behandlung von Gef\u00e4\u00dfverschl\u00fcssen, die durch versehentliche intraarterielle Injektion von HS-Fillern verursacht wurden.<\/p>\n<\/li>\n<li>\n<p data-path-to-node=\"3,2,0\"><b data-path-to-node=\"3,2,0\" data-index-in-node=\"0\">Korrektur von Asymmetrien:<\/b> Verfeinerung von Ergebnissen, bei denen zu viel Produkt verabreicht wurde.<\/p>\n<\/li>\n<li>\n<p data-path-to-node=\"3,3,0\"><b data-path-to-node=\"3,3,0\" data-index-in-node=\"0\">Verbesserung der Absorption:<\/b> Erh\u00f6hung der Dispersion und Aufnahme anderer injizierter Medikamente oder Lokalan\u00e4sthetika.<\/p>\n<\/li>\n<\/ul>\n<hr data-path-to-node=\"4\">\n<h3 data-path-to-node=\"5\"><b data-path-to-node=\"5\" data-index-in-node=\"0\">Technische Exzellenz &amp; Wirksamkeit<\/b><\/h3>\n<ul data-path-to-node=\"6\">\n<li>\n<p data-path-to-node=\"6,0,0\"><b data-path-to-node=\"6,0,0\" data-index-in-node=\"0\">Schnelle Wirkung:<\/b> Liporase beginnt sofort bei Kontakt mit dem Abbau der vernetzten Bindungen der Hyalurons\u00e4ure; sichtbare Ergebnisse treten oft innerhalb von 24 bis 48 Stunden ein.<\/p>\n<\/li>\n<li>\n<p data-path-to-node=\"6,1,0\"><b data-path-to-node=\"6,1,0\" data-index-in-node=\"0\">Hohe Reinheit:<\/b> Hergestellt mit fortschrittlichen Reinigungsmethoden, um ein stabiles Enzym mit einer hohen Konzentration von 1.500 IE (Internationale Einheiten) pro Ampulle zu gew\u00e4hrleisten.<\/p>\n<\/li>\n<li>\n<p data-path-to-node=\"6,2,0\"><b data-path-to-node=\"6,2,0\" data-index-in-node=\"0\">Universelle Kompatibilit\u00e4t:<\/b> Wirksam gegen fast alle Marken von vernetzten HS-Fillern, einschlie\u00dflich Revolax, Juv\u00e9derm, Restylane und anderen.<\/p>\n<\/li>\n<li>\n<p data-path-to-node=\"6,3,0\"><b data-path-to-node=\"6,3,0\" data-index-in-node=\"0\">Pulverform f\u00fcr Stabilit\u00e4t:<\/b> Lieferung als gefriergetrocknetes (lyophilisiertes) Pulver, um eine lange Haltbarkeit und maximale Wirksamkeit bis zum Zeitpunkt der Rekonstitution zu garantieren.<\/p>\n<\/li>\n<\/ul>\n<h3 data-path-to-node=\"7\"><b data-path-to-node=\"7\" data-index-in-node=\"0\">Der professionelle Vorteil<\/b><\/h3>\n<ol start=\"1\" data-path-to-node=\"8\">\n<li>\n<p data-path-to-node=\"8,0,0\"><b data-path-to-node=\"8,0,0\" data-index-in-node=\"0\">Sicherheitsstandard:<\/b> Liporase vorr\u00e4tig zu haben, ist ein obligatorisches Sicherheitsprotokoll f\u00fcr jede Klinik, die Behandlungen mit Hautfillern durchf\u00fchrt.<\/p>\n<\/li>\n<li>\n<p data-path-to-node=\"8,1,0\"><b data-path-to-node=\"8,1,0\" data-index-in-node=\"0\">Pr\u00e4zisionskorrektur:<\/b> Erm\u00f6glicht es dem Behandler, Fehler zu \u201el\u00f6schen\u201c oder ein Erscheinungsbild ohne chirurgischen Eingriff zu verfeinern.<\/p>\n<\/li>\n<li>\n<p data-path-to-node=\"8,2,0\"><b data-path-to-node=\"8,2,0\" data-index-in-node=\"0\">Zuverl\u00e4ssigkeit:<\/b> Bekannt f\u00fcr seine konstante enzymatische Aktivit\u00e4t und die geringe H\u00e4ufigkeit von Nebenwirkungen bei korrekter Anwendung.<\/p>\n<\/li>\n<\/ol>\n<hr data-path-to-node=\"9\">\n<h3 data-path-to-node=\"10\"><b data-path-to-node=\"10\" data-index-in-node=\"0\">HAFTUNGSAUSSCHLUSS F\u00dcR MARKEN &amp; VERTRIEB<\/b><\/h3>\n<p data-path-to-node=\"11\"><i data-path-to-node=\"11\" data-index-in-node=\"0\">Diese E-Commerce-Plattform agiert als unabh\u00e4ngiger digitaler Distributor von authentischen \u00c4sthetikprodukten. Wir sind weder mit der Marke Liporase oder Daehan New Pharm verbunden, noch werden wir von diesen unterst\u00fctzt oder sind deren autorisierter H\u00e4ndler. Alle auf dieser Seite angezeigten Markennamen, Warenzeichen und Logos sind das ausschlie\u00dfliche Eigentum ihrer jeweiligen Inhaber und werden hier rein zu Beschreibungs- und Identifikationszwecken der von uns wiederverkauften Originalprodukte verwendet.  <\/i><\/p>\n<hr data-path-to-node=\"12\">\n<h3 data-path-to-node=\"13\"><b data-path-to-node=\"13\" data-index-in-node=\"0\">Sicherheit &amp; Anwendung<\/b><\/h3>\n<blockquote data-path-to-node=\"14\">\n<p data-path-to-node=\"14,0\"><b data-path-to-node=\"14,0\" data-index-in-node=\"0\">Nur f\u00fcr den professionellen Gebrauch:<\/b> Liporase darf nur von lizenziertem medizinischem Fachpersonal verabreicht werden. <b data-path-to-node=\"14,0\" data-index-in-node=\"96\">Wichtig:<\/b> Ein Hauttest wird vor der Anwendung dringend empfohlen, um m\u00f6gliche Allergien gegen das vom Rind stammende Enzym auszuschlie\u00dfen. <b data-path-to-node=\"14,0\" data-index-in-node=\"221\">Rekonstitution:<\/b> In der Regel mit 1 ml bis 3 ml 0,9 %iger Kochsalzl\u00f6sung rekonstituiert, abh\u00e4ngig von der erforderlichen Konzentration.<\/p>\n<\/blockquote>\n<ul data-path-to-node=\"15\">\n<li>\n<p data-path-to-node=\"15,0,0\"><b data-path-to-node=\"15,0,0\" data-index-in-node=\"0\">Packungsinhalt:<\/b> 10 Ampullen x 1.500 IE.<\/p>\n<\/li>\n<li>\n<p data-path-to-node=\"15,1,0\"><b data-path-to-node=\"15,1,0\" data-index-in-node=\"0\">Lagerung:<\/b> K\u00fchl und trocken lagern (<b data-path-to-node=\"15,1,0\" data-index-in-node=\"37\">2 \u00b0C bis 25 \u00b0C<\/b>). Nach der Rekonstitution sofort verwenden oder f\u00fcr sehr kurze Zeit im K\u00fchlschrank aufbewahren. <\/p>\n<\/li>\n<\/ul>\n","protected":false},"excerpt":{"rendered":"<p><b data-path-to-node=\"18\" data-index-in-node=\"0\">Liporase (Hyaluronidase)<\/b> ist ein essentielles Enzym zum Aufl\u00f6sen und Korrigieren von Hyalurons\u00e4ure-Fillern. Mit einer hohen Wirksamkeit von 1.500 IE korrigiert es effektiv Fillermigration, Asymmetrien oder Notf\u00e4lle. Es ist der Branchenstandard f\u00fcr Sicherheit und Pr\u00e4zision in der \u00e4sthetischen Medizin und gew\u00e4hrleistet die volle Kontrolle \u00fcber Behandlungen auf HS-Basis.  <\/p>\n","protected":false},"featured_media":137,"comment_status":"open","ping_status":"closed","template":"","meta":{"_monsterinsights_skip_tracking":false,"_monsterinsights_sitenote_active":false,"_monsterinsights_sitenote_note":"","_monsterinsights_sitenote_category":0},"product_brand":[],"product_cat":[84],"product_tag":[],"class_list":{"0":"post-371","1":"product","2":"type-product","3":"status-publish","4":"has-post-thumbnail","6":"product_cat-filler-loser","8":"first","9":"instock","10":"shipping-taxable","11":"purchasable","12":"product-type-simple"},"yoast_head":"<!-- This site is optimized with the Yoast SEO plugin v27.5 - https:\/\/yoast.com\/product\/yoast-seo-wordpress\/ -->\n<title>Liporase Hyaluronidase 1500 IE (10 Ampullen) online kaufen - Gro\u00dfhandelspreise - Sarahandbendrix.com<\/title>\n<meta name=\"robots\" content=\"index, follow, max-snippet:-1, max-image-preview:large, max-video-preview:-1\" \/>\n<link rel=\"canonical\" href=\"https:\/\/sarahandbendrix.com\/de\/product\/liporase-hyaluronidase-1500-ie-10-ampullen\/\" \/>\n<meta property=\"og:locale\" content=\"de_DE\" \/>\n<meta property=\"og:type\" content=\"article\" \/>\n<meta property=\"og:title\" content=\"Liporase Hyaluronidase 1500 IE (10 Ampullen) online kaufen - Gro\u00dfhandelspreise - Sarahandbendrix.com\" \/>\n<meta property=\"og:description\" content=\"Liporase (Hyaluronidase) ist ein essentielles Enzym zum Aufl\u00f6sen und Korrigieren von Hyalurons\u00e4ure-Fillern. Mit einer hohen Wirksamkeit von 1.500 IE korrigiert es effektiv Fillermigration, Asymmetrien oder Notf\u00e4lle. Es ist der Branchenstandard f\u00fcr Sicherheit und Pr\u00e4zision in der \u00e4sthetischen Medizin und gew\u00e4hrleistet die volle Kontrolle \u00fcber Behandlungen auf HS-Basis.\" \/>\n<meta property=\"og:url\" content=\"https:\/\/sarahandbendrix.com\/de\/product\/liporase-hyaluronidase-1500-ie-10-ampullen\/\" \/>\n<meta property=\"og:site_name\" content=\"Sarahandbendrix.com\" \/>\n<meta property=\"og:image\" content=\"https:\/\/sarahandbendrix.com\/wp-content\/uploads\/2026\/04\/liporase-1500-u.i.webp\" \/>\n\t<meta property=\"og:image:width\" content=\"600\" \/>\n\t<meta property=\"og:image:height\" content=\"600\" \/>\n\t<meta property=\"og:image:type\" content=\"image\/webp\" \/>\n<meta name=\"twitter:card\" content=\"summary_large_image\" \/>\n<meta name=\"twitter:label1\" content=\"Gesch\u00e4tzte Lesezeit\" \/>\n\t<meta name=\"twitter:data1\" content=\"2\u00a0Minuten\" \/>\n<script type=\"application\/ld+json\" class=\"yoast-schema-graph\">{\"@context\":\"https:\\\/\\\/schema.org\",\"@graph\":[{\"@type\":\"WebPage\",\"@id\":\"https:\\\/\\\/sarahandbendrix.com\\\/de\\\/product\\\/liporase-hyaluronidase-1500-ie-10-ampullen\\\/\",\"url\":\"https:\\\/\\\/sarahandbendrix.com\\\/de\\\/product\\\/liporase-hyaluronidase-1500-ie-10-ampullen\\\/\",\"name\":\"Liporase Hyaluronidase 1500 IE (10 Ampullen) online kaufen - Gro\u00dfhandelspreise - Sarahandbendrix.com\",\"isPartOf\":{\"@id\":\"https:\\\/\\\/sarahandbendrix.com\\\/de\\\/#website\"},\"primaryImageOfPage\":{\"@id\":\"https:\\\/\\\/sarahandbendrix.com\\\/de\\\/product\\\/liporase-hyaluronidase-1500-ie-10-ampullen\\\/#primaryimage\"},\"image\":{\"@id\":\"https:\\\/\\\/sarahandbendrix.com\\\/de\\\/product\\\/liporase-hyaluronidase-1500-ie-10-ampullen\\\/#primaryimage\"},\"thumbnailUrl\":\"https:\\\/\\\/sarahandbendrix.com\\\/wp-content\\\/uploads\\\/2026\\\/04\\\/liporase-1500-u.i.webp\",\"datePublished\":\"2026-04-08T21:06:54+00:00\",\"breadcrumb\":{\"@id\":\"https:\\\/\\\/sarahandbendrix.com\\\/de\\\/product\\\/liporase-hyaluronidase-1500-ie-10-ampullen\\\/#breadcrumb\"},\"inLanguage\":\"de\",\"potentialAction\":[{\"@type\":\"ReadAction\",\"target\":[\"https:\\\/\\\/sarahandbendrix.com\\\/de\\\/product\\\/liporase-hyaluronidase-1500-ie-10-ampullen\\\/\"]}]},{\"@type\":\"ImageObject\",\"inLanguage\":\"de\",\"@id\":\"https:\\\/\\\/sarahandbendrix.com\\\/de\\\/product\\\/liporase-hyaluronidase-1500-ie-10-ampullen\\\/#primaryimage\",\"url\":\"https:\\\/\\\/sarahandbendrix.com\\\/wp-content\\\/uploads\\\/2026\\\/04\\\/liporase-1500-u.i.webp\",\"contentUrl\":\"https:\\\/\\\/sarahandbendrix.com\\\/wp-content\\\/uploads\\\/2026\\\/04\\\/liporase-1500-u.i.webp\",\"width\":600,\"height\":600},{\"@type\":\"BreadcrumbList\",\"@id\":\"https:\\\/\\\/sarahandbendrix.com\\\/de\\\/product\\\/liporase-hyaluronidase-1500-ie-10-ampullen\\\/#breadcrumb\",\"itemListElement\":[{\"@type\":\"ListItem\",\"position\":1,\"name\":\"Startseite\",\"item\":\"https:\\\/\\\/sarahandbendrix.com\\\/de\\\/shop\\\/\"},{\"@type\":\"ListItem\",\"position\":2,\"name\":\"Shop\",\"item\":\"https:\\\/\\\/sarahandbendrix.com\\\/de\\\/shop\\\/\"},{\"@type\":\"ListItem\",\"position\":3,\"name\":\"Liporase Hyaluronidase 1500 IE (10 Ampullen)\"}]},{\"@type\":\"WebSite\",\"@id\":\"https:\\\/\\\/sarahandbendrix.com\\\/de\\\/#website\",\"url\":\"https:\\\/\\\/sarahandbendrix.com\\\/de\\\/\",\"name\":\"Buy Korean Fillers and Botox Wholesale on sarahandbendrix\",\"description\":\"Buy Korean botox, dermal fillers &amp; meso products online. Apply for wholesale pricing on professional aesthetic supplies.\",\"publisher\":{\"@id\":\"https:\\\/\\\/sarahandbendrix.com\\\/de\\\/#organization\"},\"potentialAction\":[{\"@type\":\"SearchAction\",\"target\":{\"@type\":\"EntryPoint\",\"urlTemplate\":\"https:\\\/\\\/sarahandbendrix.com\\\/de\\\/?s={search_term_string}\"},\"query-input\":{\"@type\":\"PropertyValueSpecification\",\"valueRequired\":true,\"valueName\":\"search_term_string\"}}],\"inLanguage\":\"de\"},{\"@type\":\"Organization\",\"@id\":\"https:\\\/\\\/sarahandbendrix.com\\\/de\\\/#organization\",\"name\":\"Buy Korean Fillers and Botox Wholesale on sarahandbendrix\",\"url\":\"https:\\\/\\\/sarahandbendrix.com\\\/de\\\/\",\"logo\":{\"@type\":\"ImageObject\",\"inLanguage\":\"de\",\"@id\":\"https:\\\/\\\/sarahandbendrix.com\\\/de\\\/#\\\/schema\\\/logo\\\/image\\\/\",\"url\":\"https:\\\/\\\/sarahandbendrix.com\\\/wp-content\\\/uploads\\\/2026\\\/04\\\/cropped-cropped-ChatGPT-Image-21-apr-2026-18_38_12-1.png\",\"contentUrl\":\"https:\\\/\\\/sarahandbendrix.com\\\/wp-content\\\/uploads\\\/2026\\\/04\\\/cropped-cropped-ChatGPT-Image-21-apr-2026-18_38_12-1.png\",\"width\":1032,\"height\":586,\"caption\":\"Buy Korean Fillers and Botox Wholesale on sarahandbendrix\"},\"image\":{\"@id\":\"https:\\\/\\\/sarahandbendrix.com\\\/de\\\/#\\\/schema\\\/logo\\\/image\\\/\"}}]}<\/script>\n<!-- \/ Yoast SEO plugin. -->","yoast_head_json":{"title":"Liporase Hyaluronidase 1500 IE (10 Ampullen) online kaufen - Gro\u00dfhandelspreise - Sarahandbendrix.com","robots":{"index":"index","follow":"follow","max-snippet":"max-snippet:-1","max-image-preview":"max-image-preview:large","max-video-preview":"max-video-preview:-1"},"canonical":"https:\/\/sarahandbendrix.com\/de\/product\/liporase-hyaluronidase-1500-ie-10-ampullen\/","og_locale":"de_DE","og_type":"article","og_title":"Liporase Hyaluronidase 1500 IE (10 Ampullen) online kaufen - Gro\u00dfhandelspreise - Sarahandbendrix.com","og_description":"Liporase (Hyaluronidase) ist ein essentielles Enzym zum Aufl\u00f6sen und Korrigieren von Hyalurons\u00e4ure-Fillern. Mit einer hohen Wirksamkeit von 1.500 IE korrigiert es effektiv Fillermigration, Asymmetrien oder Notf\u00e4lle. Es ist der Branchenstandard f\u00fcr Sicherheit und Pr\u00e4zision in der \u00e4sthetischen Medizin und gew\u00e4hrleistet die volle Kontrolle \u00fcber Behandlungen auf HS-Basis.","og_url":"https:\/\/sarahandbendrix.com\/de\/product\/liporase-hyaluronidase-1500-ie-10-ampullen\/","og_site_name":"Sarahandbendrix.com","og_image":[{"width":600,"height":600,"url":"https:\/\/sarahandbendrix.com\/wp-content\/uploads\/2026\/04\/liporase-1500-u.i.webp","type":"image\/webp"}],"twitter_card":"summary_large_image","twitter_misc":{"Gesch\u00e4tzte Lesezeit":"2\u00a0Minuten"},"schema":{"@context":"https:\/\/schema.org","@graph":[{"@type":"WebPage","@id":"https:\/\/sarahandbendrix.com\/de\/product\/liporase-hyaluronidase-1500-ie-10-ampullen\/","url":"https:\/\/sarahandbendrix.com\/de\/product\/liporase-hyaluronidase-1500-ie-10-ampullen\/","name":"Liporase Hyaluronidase 1500 IE (10 Ampullen) online kaufen - Gro\u00dfhandelspreise - Sarahandbendrix.com","isPartOf":{"@id":"https:\/\/sarahandbendrix.com\/de\/#website"},"primaryImageOfPage":{"@id":"https:\/\/sarahandbendrix.com\/de\/product\/liporase-hyaluronidase-1500-ie-10-ampullen\/#primaryimage"},"image":{"@id":"https:\/\/sarahandbendrix.com\/de\/product\/liporase-hyaluronidase-1500-ie-10-ampullen\/#primaryimage"},"thumbnailUrl":"https:\/\/sarahandbendrix.com\/wp-content\/uploads\/2026\/04\/liporase-1500-u.i.webp","datePublished":"2026-04-08T21:06:54+00:00","breadcrumb":{"@id":"https:\/\/sarahandbendrix.com\/de\/product\/liporase-hyaluronidase-1500-ie-10-ampullen\/#breadcrumb"},"inLanguage":"de","potentialAction":[{"@type":"ReadAction","target":["https:\/\/sarahandbendrix.com\/de\/product\/liporase-hyaluronidase-1500-ie-10-ampullen\/"]}]},{"@type":"ImageObject","inLanguage":"de","@id":"https:\/\/sarahandbendrix.com\/de\/product\/liporase-hyaluronidase-1500-ie-10-ampullen\/#primaryimage","url":"https:\/\/sarahandbendrix.com\/wp-content\/uploads\/2026\/04\/liporase-1500-u.i.webp","contentUrl":"https:\/\/sarahandbendrix.com\/wp-content\/uploads\/2026\/04\/liporase-1500-u.i.webp","width":600,"height":600},{"@type":"BreadcrumbList","@id":"https:\/\/sarahandbendrix.com\/de\/product\/liporase-hyaluronidase-1500-ie-10-ampullen\/#breadcrumb","itemListElement":[{"@type":"ListItem","position":1,"name":"Startseite","item":"https:\/\/sarahandbendrix.com\/de\/shop\/"},{"@type":"ListItem","position":2,"name":"Shop","item":"https:\/\/sarahandbendrix.com\/de\/shop\/"},{"@type":"ListItem","position":3,"name":"Liporase Hyaluronidase 1500 IE (10 Ampullen)"}]},{"@type":"WebSite","@id":"https:\/\/sarahandbendrix.com\/de\/#website","url":"https:\/\/sarahandbendrix.com\/de\/","name":"Buy Korean Fillers and Botox Wholesale on sarahandbendrix","description":"Buy Korean botox, dermal fillers &amp; meso products online. Apply for wholesale pricing on professional aesthetic supplies.","publisher":{"@id":"https:\/\/sarahandbendrix.com\/de\/#organization"},"potentialAction":[{"@type":"SearchAction","target":{"@type":"EntryPoint","urlTemplate":"https:\/\/sarahandbendrix.com\/de\/?s={search_term_string}"},"query-input":{"@type":"PropertyValueSpecification","valueRequired":true,"valueName":"search_term_string"}}],"inLanguage":"de"},{"@type":"Organization","@id":"https:\/\/sarahandbendrix.com\/de\/#organization","name":"Buy Korean Fillers and Botox Wholesale on sarahandbendrix","url":"https:\/\/sarahandbendrix.com\/de\/","logo":{"@type":"ImageObject","inLanguage":"de","@id":"https:\/\/sarahandbendrix.com\/de\/#\/schema\/logo\/image\/","url":"https:\/\/sarahandbendrix.com\/wp-content\/uploads\/2026\/04\/cropped-cropped-ChatGPT-Image-21-apr-2026-18_38_12-1.png","contentUrl":"https:\/\/sarahandbendrix.com\/wp-content\/uploads\/2026\/04\/cropped-cropped-ChatGPT-Image-21-apr-2026-18_38_12-1.png","width":1032,"height":586,"caption":"Buy Korean Fillers and Botox Wholesale on sarahandbendrix"},"image":{"@id":"https:\/\/sarahandbendrix.com\/de\/#\/schema\/logo\/image\/"}}]}},"_links":{"self":[{"href":"https:\/\/sarahandbendrix.com\/de\/wp-json\/wp\/v2\/product\/371","targetHints":{"allow":["GET"]}}],"collection":[{"href":"https:\/\/sarahandbendrix.com\/de\/wp-json\/wp\/v2\/product"}],"about":[{"href":"https:\/\/sarahandbendrix.com\/de\/wp-json\/wp\/v2\/types\/product"}],"replies":[{"embeddable":true,"href":"https:\/\/sarahandbendrix.com\/de\/wp-json\/wp\/v2\/comments?post=371"}],"wp:featuredmedia":[{"embeddable":true,"href":"https:\/\/sarahandbendrix.com\/de\/wp-json\/wp\/v2\/media\/137"}],"wp:attachment":[{"href":"https:\/\/sarahandbendrix.com\/de\/wp-json\/wp\/v2\/media?parent=371"}],"wp:term":[{"taxonomy":"product_brand","embeddable":true,"href":"https:\/\/sarahandbendrix.com\/de\/wp-json\/wp\/v2\/product_brand?post=371"},{"taxonomy":"product_cat","embeddable":true,"href":"https:\/\/sarahandbendrix.com\/de\/wp-json\/wp\/v2\/product_cat?post=371"},{"taxonomy":"product_tag","embeddable":true,"href":"https:\/\/sarahandbendrix.com\/de\/wp-json\/wp\/v2\/product_tag?post=371"}],"curies":[{"name":"wp","href":"https:\/\/api.w.org\/{rel}","templated":true}]}}