{"id":349,"date":"2026-04-08T20:36:25","date_gmt":"2026-04-08T20:36:25","guid":{"rendered":"https:\/\/sarahandbendrix.com\/product\/lipo-lab-ppc-lipolyseloesung-10-x-10-ml\/"},"modified":"2026-04-08T20:36:25","modified_gmt":"2026-04-08T20:36:25","slug":"lipo-lab-ppc-lipolyseloesung-10-x-10-ml","status":"publish","type":"product","link":"https:\/\/sarahandbendrix.com\/de\/product\/lipo-lab-ppc-lipolyseloesung-10-x-10-ml\/","title":{"rendered":"Lipo Lab PPC Lipolysel\u00f6sung (10 x 10 ml)"},"content":{"rendered":"<p data-path-to-node=\"0\"><b data-path-to-node=\"0\" data-index-in-node=\"0\">Lipo Lab PPC<\/b> ist eine der bekanntesten und effektivsten <b data-path-to-node=\"0\" data-index-in-node=\"57\">lipolytischen L\u00f6sungen<\/b> (Fettl\u00f6ser) auf dem Weltmarkt. Es wurde in S\u00fcdkorea entwickelt, um lokale Fettdepots durch einen Prozess namens Chemolyse zu eliminieren. Im Gegensatz zu invasiven chirurgischen Eingriffen bietet Lipo Lab eine nicht-operative Alternative zur K\u00f6rperkonturierung, indem es Fettzellmembranen aufbricht und dem K\u00f6rper erm\u00f6glicht, die freigesetzten Lipide nat\u00fcrlich zu verstoffwechseln.  <\/p>\n<h3 data-path-to-node=\"1\"><b data-path-to-node=\"1\" data-index-in-node=\"0\">Klinische Indikationen &amp; Zielbereiche<\/b><\/h3>\n<p data-path-to-node=\"2\">Lipo Lab PPC wurde zur Reduktion von hartn\u00e4ckigem Fett entwickelt, das resistent gegen Di\u00e4t und Sport ist. Es ist hochwirksam f\u00fcr: <\/p>\n<ul data-path-to-node=\"3\">\n<li>\n<p data-path-to-node=\"3,0,0\"><b data-path-to-node=\"3,0,0\" data-index-in-node=\"0\">Bauch und Taille:<\/b> Reduzierung von \u201eH\u00fcftspeck\u201c und Bauchfett.<\/p>\n<\/li>\n<li>\n<p data-path-to-node=\"3,1,0\"><b data-path-to-node=\"3,1,0\" data-index-in-node=\"0\">Oberschenkel und H\u00fcften:<\/b> Konturierung von \u201eReiterhosen\u201c und der Innenseite der Oberschenkel.<\/p>\n<\/li>\n<li>\n<p data-path-to-node=\"3,2,0\"><b data-path-to-node=\"3,2,0\" data-index-in-node=\"0\">Doppelkinn:<\/b> Modellierung des submentalen Bereichs f\u00fcr eine markantere Kinnlinie.<\/p>\n<\/li>\n<li>\n<p data-path-to-node=\"3,3,0\"><b data-path-to-node=\"3,3,0\" data-index-in-node=\"0\">Oberarme:<\/b> Beseitigung von \u201eWinkearmen\u201c oder lokalen Fettdepots am Trizeps.<\/p>\n<\/li>\n<li>\n<p data-path-to-node=\"3,4,0\"><b data-path-to-node=\"3,4,0\" data-index-in-node=\"0\">R\u00fccken:<\/b> Gezielte Behandlung von \u201eBH-Speck\u201c und Fettpolstern im Lendenbereich.<\/p>\n<\/li>\n<\/ul>\n<hr data-path-to-node=\"4\">\n<h3 data-path-to-node=\"5\"><b data-path-to-node=\"5\" data-index-in-node=\"0\">Technische Exzellenz &amp; Inhaltsstoffe<\/b><\/h3>\n<ul data-path-to-node=\"6\">\n<li>\n<p data-path-to-node=\"6,0,0\"><b data-path-to-node=\"6,0,0\" data-index-in-node=\"0\">Hochreines PPC (Phosphatidylcholin):<\/b> Mit einer Reinheit von 99,8 % gewonnen, wirkt es durch den Abbau der Zellw\u00e4nde von Adipozyten (Fettzellen).<\/p>\n<\/li>\n<li>\n<p data-path-to-node=\"6,1,0\"><b data-path-to-node=\"6,1,0\" data-index-in-node=\"0\">Natriumdesoxycholat:<\/b> Eine Gallens\u00e4ure, die synergetisch mit PPC wirkt, um Fette zu emulgieren, sodass sie vom K\u00f6rper leichter \u00fcber das Lymphsystem transportiert und ausgeschieden werden k\u00f6nnen.<\/p>\n<\/li>\n<li>\n<p data-path-to-node=\"6,2,0\"><b data-path-to-node=\"6,2,0\" data-index-in-node=\"0\">Schmerzfreie Formulierung:<\/b> Eine fortschrittliche Herstellung stellt sicher, dass die L\u00f6sung im Vergleich zu Lipolytika \u00e4lterer Generationen deutlich weniger Schmerzen, Brennen und Schwellungen verursacht.<\/p>\n<\/li>\n<li>\n<p data-path-to-node=\"6,3,0\"><b data-path-to-node=\"6,3,0\" data-index-in-node=\"0\">Keine Vollnarkose:<\/b> Das Verfahren ist minimalinvasiv, sodass Patienten schnell zu ihren t\u00e4glichen Aktivit\u00e4ten zur\u00fcckkehren k\u00f6nnen.<\/p>\n<\/li>\n<\/ul>\n<h3 data-path-to-node=\"7\"><b data-path-to-node=\"7\" data-index-in-node=\"0\">Der professionelle Vorteil<\/b><\/h3>\n<ol start=\"1\" data-path-to-node=\"8\">\n<li>\n<p data-path-to-node=\"8,0,0\"><b data-path-to-node=\"8,0,0\" data-index-in-node=\"0\">Gleichm\u00e4\u00dfige Ergebnisse:<\/b> Die hochwertigen Rohstoffe verhindern die Bildung von Klumpen oder unebenen Texturen, wie sie oft bei minderwertigen lipolytischen Cocktails auftreten.<\/p>\n<\/li>\n<li>\n<p data-path-to-node=\"8,1,0\"><b data-path-to-node=\"8,1,0\" data-index-in-node=\"0\">Biosicherheit:<\/b> Die Inhaltsstoffe sind hochrein, was zu einem hohen Sicherheitsprofil mit minimalem Risiko f\u00fcr allergische Reaktionen f\u00fchrt.<\/p>\n<\/li>\n<li>\n<p data-path-to-node=\"8,2,0\"><b data-path-to-node=\"8,2,0\" data-index-in-node=\"0\">Effizienz:<\/b> Ein Standard-Behandlungsprotokoll zeigt typischerweise sichtbare Ergebnisse nach <b data-path-to-node=\"8,2,0\" data-index-in-node=\"80\">2 bis 3 Sitzungen<\/b>, wobei die Sitzungen im Abstand von 10\u201314 Tagen erfolgen.<\/p>\n<\/li>\n<\/ol>\n<hr data-path-to-node=\"9\">\n<h3 data-path-to-node=\"10\"><b data-path-to-node=\"10\" data-index-in-node=\"0\">MARKENRECHTS- &amp; VERTRIEBS-HAFTUNGSAUSSCHLUSS<\/b><\/h3>\n<p data-path-to-node=\"11\"><i data-path-to-node=\"11\" data-index-in-node=\"0\">Diese E-Commerce-Plattform agiert als unabh\u00e4ngiger digitaler Distributor von authentischen \u00e4sthetischen Produkten. Wir sind weder mit der Marke Lipo Lab oder Medihub verbunden, noch von diesen unterst\u00fctzt oder ein autorisierter H\u00e4ndler. Alle auf dieser Seite angezeigten Markennamen, Warenzeichen und Logos sind das ausschlie\u00dfliche Eigentum ihrer jeweiligen Inhaber und werden hier rein zu Beschreibungs- und Identifikationszwecken der von uns wiederverkauften Originalprodukte verwendet.  <\/i><\/p>\n<hr data-path-to-node=\"12\">\n<h3 data-path-to-node=\"13\"><b data-path-to-node=\"13\" data-index-in-node=\"0\">Sicherheit &amp; Anwendung<\/b><\/h3>\n<blockquote data-path-to-node=\"14\">\n<p data-path-to-node=\"14,0\"><b data-path-to-node=\"14,0\" data-index-in-node=\"0\">Nur f\u00fcr den professionellen Gebrauch:<\/b> Lipo Lab PPC muss von einer lizenzierten medizinischen Fachkraft oder einem geschulten Spezialisten verabreicht werden. Es ist ausschlie\u00dflich f\u00fcr die subkutane Injektion in das Fettgewebe bestimmt. <\/p>\n<\/blockquote>\n<ul data-path-to-node=\"15\">\n<li>\n<p data-path-to-node=\"15,0,0\"><b data-path-to-node=\"15,0,0\" data-index-in-node=\"0\">Packungsinhalt:<\/b> 10 Ampullen x 10 ml.<\/p>\n<\/li>\n<li>\n<p data-path-to-node=\"15,1,0\"><b data-path-to-node=\"15,1,0\" data-index-in-node=\"0\">Lagerung:<\/b> Bei Raumtemperatur lagern (<b data-path-to-node=\"15,1,0\" data-index-in-node=\"36\">2 \u00b0C bis 25 \u00b0C<\/b>). Nicht einfrieren. <\/p>\n<\/li>\n<\/ul>\n","protected":false},"excerpt":{"rendered":"<p><b data-path-to-node=\"18\" data-index-in-node=\"0\">Lipo Lab PPC<\/b> ist eine hochreine lipolytische L\u00f6sung f\u00fcr die nicht-chirurgische Fettreduktion. Durch die Kombination von Phosphatidylcholin und Natriumdesoxycholat l\u00f6st sie effektiv lokale Fettdepots an Bauch, Oberschenkeln und Kinn auf. Es ist ein professionelles Werkzeug zur K\u00f6rperkonturierung mit hoher Sicherheit und minimaler Ausfallzeit.  <\/p>\n","protected":false},"featured_media":127,"comment_status":"open","ping_status":"closed","template":"","meta":{"_monsterinsights_skip_tracking":false,"_monsterinsights_sitenote_active":false,"_monsterinsights_sitenote_note":"","_monsterinsights_sitenote_category":0},"product_brand":[],"product_cat":[81],"product_tag":[],"class_list":{"0":"post-349","1":"product","2":"type-product","3":"status-publish","4":"has-post-thumbnail","6":"product_cat-fettloser","8":"first","9":"instock","10":"shipping-taxable","11":"purchasable","12":"product-type-simple"},"yoast_head":"<!-- This site is optimized with the Yoast SEO plugin v27.5 - https:\/\/yoast.com\/product\/yoast-seo-wordpress\/ -->\n<title>Lipo Lab PPC Lipolysel\u00f6sung (10 x 10 ml) online kaufen - Gro\u00dfhandelspreise - Sarahandbendrix.com<\/title>\n<meta name=\"robots\" content=\"index, follow, max-snippet:-1, max-image-preview:large, max-video-preview:-1\" \/>\n<link rel=\"canonical\" href=\"https:\/\/sarahandbendrix.com\/de\/product\/lipo-lab-ppc-lipolyseloesung-10-x-10-ml\/\" \/>\n<meta property=\"og:locale\" content=\"de_DE\" \/>\n<meta property=\"og:type\" content=\"article\" \/>\n<meta property=\"og:title\" content=\"Lipo Lab PPC Lipolysel\u00f6sung (10 x 10 ml) online kaufen - Gro\u00dfhandelspreise - Sarahandbendrix.com\" \/>\n<meta property=\"og:description\" content=\"Lipo Lab PPC ist eine hochreine lipolytische L\u00f6sung f\u00fcr die nicht-chirurgische Fettreduktion. Durch die Kombination von Phosphatidylcholin und Natriumdesoxycholat l\u00f6st sie effektiv lokale Fettdepots an Bauch, Oberschenkeln und Kinn auf. Es ist ein professionelles Werkzeug zur K\u00f6rperkonturierung mit hoher Sicherheit und minimaler Ausfallzeit.\" \/>\n<meta property=\"og:url\" content=\"https:\/\/sarahandbendrix.com\/de\/product\/lipo-lab-ppc-lipolyseloesung-10-x-10-ml\/\" \/>\n<meta property=\"og:site_name\" content=\"Sarahandbendrix.com\" \/>\n<meta property=\"og:image\" content=\"https:\/\/sarahandbendrix.com\/wp-content\/uploads\/2026\/04\/Fat-Dissolvers-lipolab-ppc.jpeg\" \/>\n\t<meta property=\"og:image:width\" content=\"600\" \/>\n\t<meta property=\"og:image:height\" content=\"600\" \/>\n\t<meta property=\"og:image:type\" content=\"image\/jpeg\" \/>\n<meta name=\"twitter:card\" content=\"summary_large_image\" \/>\n<meta name=\"twitter:label1\" content=\"Gesch\u00e4tzte Lesezeit\" \/>\n\t<meta name=\"twitter:data1\" content=\"2\u00a0Minuten\" \/>\n<script type=\"application\/ld+json\" class=\"yoast-schema-graph\">{\"@context\":\"https:\\\/\\\/schema.org\",\"@graph\":[{\"@type\":\"WebPage\",\"@id\":\"https:\\\/\\\/sarahandbendrix.com\\\/de\\\/product\\\/lipo-lab-ppc-lipolyseloesung-10-x-10-ml\\\/\",\"url\":\"https:\\\/\\\/sarahandbendrix.com\\\/de\\\/product\\\/lipo-lab-ppc-lipolyseloesung-10-x-10-ml\\\/\",\"name\":\"Lipo Lab PPC Lipolysel\u00f6sung (10 x 10 ml) online kaufen - Gro\u00dfhandelspreise - Sarahandbendrix.com\",\"isPartOf\":{\"@id\":\"https:\\\/\\\/sarahandbendrix.com\\\/de\\\/#website\"},\"primaryImageOfPage\":{\"@id\":\"https:\\\/\\\/sarahandbendrix.com\\\/de\\\/product\\\/lipo-lab-ppc-lipolyseloesung-10-x-10-ml\\\/#primaryimage\"},\"image\":{\"@id\":\"https:\\\/\\\/sarahandbendrix.com\\\/de\\\/product\\\/lipo-lab-ppc-lipolyseloesung-10-x-10-ml\\\/#primaryimage\"},\"thumbnailUrl\":\"https:\\\/\\\/sarahandbendrix.com\\\/wp-content\\\/uploads\\\/2026\\\/04\\\/Fat-Dissolvers-lipolab-ppc.jpeg\",\"datePublished\":\"2026-04-08T20:36:25+00:00\",\"breadcrumb\":{\"@id\":\"https:\\\/\\\/sarahandbendrix.com\\\/de\\\/product\\\/lipo-lab-ppc-lipolyseloesung-10-x-10-ml\\\/#breadcrumb\"},\"inLanguage\":\"de\",\"potentialAction\":[{\"@type\":\"ReadAction\",\"target\":[\"https:\\\/\\\/sarahandbendrix.com\\\/de\\\/product\\\/lipo-lab-ppc-lipolyseloesung-10-x-10-ml\\\/\"]}]},{\"@type\":\"ImageObject\",\"inLanguage\":\"de\",\"@id\":\"https:\\\/\\\/sarahandbendrix.com\\\/de\\\/product\\\/lipo-lab-ppc-lipolyseloesung-10-x-10-ml\\\/#primaryimage\",\"url\":\"https:\\\/\\\/sarahandbendrix.com\\\/wp-content\\\/uploads\\\/2026\\\/04\\\/Fat-Dissolvers-lipolab-ppc.jpeg\",\"contentUrl\":\"https:\\\/\\\/sarahandbendrix.com\\\/wp-content\\\/uploads\\\/2026\\\/04\\\/Fat-Dissolvers-lipolab-ppc.jpeg\",\"width\":600,\"height\":600},{\"@type\":\"BreadcrumbList\",\"@id\":\"https:\\\/\\\/sarahandbendrix.com\\\/de\\\/product\\\/lipo-lab-ppc-lipolyseloesung-10-x-10-ml\\\/#breadcrumb\",\"itemListElement\":[{\"@type\":\"ListItem\",\"position\":1,\"name\":\"Startseite\",\"item\":\"https:\\\/\\\/sarahandbendrix.com\\\/de\\\/shop\\\/\"},{\"@type\":\"ListItem\",\"position\":2,\"name\":\"Shop\",\"item\":\"https:\\\/\\\/sarahandbendrix.com\\\/de\\\/shop\\\/\"},{\"@type\":\"ListItem\",\"position\":3,\"name\":\"Lipo Lab PPC Lipolysel\u00f6sung (10 x 10 ml)\"}]},{\"@type\":\"WebSite\",\"@id\":\"https:\\\/\\\/sarahandbendrix.com\\\/de\\\/#website\",\"url\":\"https:\\\/\\\/sarahandbendrix.com\\\/de\\\/\",\"name\":\"Buy Korean Fillers and Botox Wholesale on sarahandbendrix\",\"description\":\"Buy Korean botox, dermal fillers &amp; meso products online. Apply for wholesale pricing on professional aesthetic supplies.\",\"publisher\":{\"@id\":\"https:\\\/\\\/sarahandbendrix.com\\\/de\\\/#organization\"},\"potentialAction\":[{\"@type\":\"SearchAction\",\"target\":{\"@type\":\"EntryPoint\",\"urlTemplate\":\"https:\\\/\\\/sarahandbendrix.com\\\/de\\\/?s={search_term_string}\"},\"query-input\":{\"@type\":\"PropertyValueSpecification\",\"valueRequired\":true,\"valueName\":\"search_term_string\"}}],\"inLanguage\":\"de\"},{\"@type\":\"Organization\",\"@id\":\"https:\\\/\\\/sarahandbendrix.com\\\/de\\\/#organization\",\"name\":\"Buy Korean Fillers and Botox Wholesale on sarahandbendrix\",\"url\":\"https:\\\/\\\/sarahandbendrix.com\\\/de\\\/\",\"logo\":{\"@type\":\"ImageObject\",\"inLanguage\":\"de\",\"@id\":\"https:\\\/\\\/sarahandbendrix.com\\\/de\\\/#\\\/schema\\\/logo\\\/image\\\/\",\"url\":\"https:\\\/\\\/sarahandbendrix.com\\\/wp-content\\\/uploads\\\/2026\\\/04\\\/cropped-cropped-ChatGPT-Image-21-apr-2026-18_38_12-1.png\",\"contentUrl\":\"https:\\\/\\\/sarahandbendrix.com\\\/wp-content\\\/uploads\\\/2026\\\/04\\\/cropped-cropped-ChatGPT-Image-21-apr-2026-18_38_12-1.png\",\"width\":1032,\"height\":586,\"caption\":\"Buy Korean Fillers and Botox Wholesale on sarahandbendrix\"},\"image\":{\"@id\":\"https:\\\/\\\/sarahandbendrix.com\\\/de\\\/#\\\/schema\\\/logo\\\/image\\\/\"}}]}<\/script>\n<!-- \/ Yoast SEO plugin. -->","yoast_head_json":{"title":"Lipo Lab PPC Lipolysel\u00f6sung (10 x 10 ml) online kaufen - Gro\u00dfhandelspreise - Sarahandbendrix.com","robots":{"index":"index","follow":"follow","max-snippet":"max-snippet:-1","max-image-preview":"max-image-preview:large","max-video-preview":"max-video-preview:-1"},"canonical":"https:\/\/sarahandbendrix.com\/de\/product\/lipo-lab-ppc-lipolyseloesung-10-x-10-ml\/","og_locale":"de_DE","og_type":"article","og_title":"Lipo Lab PPC Lipolysel\u00f6sung (10 x 10 ml) online kaufen - Gro\u00dfhandelspreise - Sarahandbendrix.com","og_description":"Lipo Lab PPC ist eine hochreine lipolytische L\u00f6sung f\u00fcr die nicht-chirurgische Fettreduktion. Durch die Kombination von Phosphatidylcholin und Natriumdesoxycholat l\u00f6st sie effektiv lokale Fettdepots an Bauch, Oberschenkeln und Kinn auf. Es ist ein professionelles Werkzeug zur K\u00f6rperkonturierung mit hoher Sicherheit und minimaler Ausfallzeit.","og_url":"https:\/\/sarahandbendrix.com\/de\/product\/lipo-lab-ppc-lipolyseloesung-10-x-10-ml\/","og_site_name":"Sarahandbendrix.com","og_image":[{"width":600,"height":600,"url":"https:\/\/sarahandbendrix.com\/wp-content\/uploads\/2026\/04\/Fat-Dissolvers-lipolab-ppc.jpeg","type":"image\/jpeg"}],"twitter_card":"summary_large_image","twitter_misc":{"Gesch\u00e4tzte Lesezeit":"2\u00a0Minuten"},"schema":{"@context":"https:\/\/schema.org","@graph":[{"@type":"WebPage","@id":"https:\/\/sarahandbendrix.com\/de\/product\/lipo-lab-ppc-lipolyseloesung-10-x-10-ml\/","url":"https:\/\/sarahandbendrix.com\/de\/product\/lipo-lab-ppc-lipolyseloesung-10-x-10-ml\/","name":"Lipo Lab PPC Lipolysel\u00f6sung (10 x 10 ml) online kaufen - Gro\u00dfhandelspreise - Sarahandbendrix.com","isPartOf":{"@id":"https:\/\/sarahandbendrix.com\/de\/#website"},"primaryImageOfPage":{"@id":"https:\/\/sarahandbendrix.com\/de\/product\/lipo-lab-ppc-lipolyseloesung-10-x-10-ml\/#primaryimage"},"image":{"@id":"https:\/\/sarahandbendrix.com\/de\/product\/lipo-lab-ppc-lipolyseloesung-10-x-10-ml\/#primaryimage"},"thumbnailUrl":"https:\/\/sarahandbendrix.com\/wp-content\/uploads\/2026\/04\/Fat-Dissolvers-lipolab-ppc.jpeg","datePublished":"2026-04-08T20:36:25+00:00","breadcrumb":{"@id":"https:\/\/sarahandbendrix.com\/de\/product\/lipo-lab-ppc-lipolyseloesung-10-x-10-ml\/#breadcrumb"},"inLanguage":"de","potentialAction":[{"@type":"ReadAction","target":["https:\/\/sarahandbendrix.com\/de\/product\/lipo-lab-ppc-lipolyseloesung-10-x-10-ml\/"]}]},{"@type":"ImageObject","inLanguage":"de","@id":"https:\/\/sarahandbendrix.com\/de\/product\/lipo-lab-ppc-lipolyseloesung-10-x-10-ml\/#primaryimage","url":"https:\/\/sarahandbendrix.com\/wp-content\/uploads\/2026\/04\/Fat-Dissolvers-lipolab-ppc.jpeg","contentUrl":"https:\/\/sarahandbendrix.com\/wp-content\/uploads\/2026\/04\/Fat-Dissolvers-lipolab-ppc.jpeg","width":600,"height":600},{"@type":"BreadcrumbList","@id":"https:\/\/sarahandbendrix.com\/de\/product\/lipo-lab-ppc-lipolyseloesung-10-x-10-ml\/#breadcrumb","itemListElement":[{"@type":"ListItem","position":1,"name":"Startseite","item":"https:\/\/sarahandbendrix.com\/de\/shop\/"},{"@type":"ListItem","position":2,"name":"Shop","item":"https:\/\/sarahandbendrix.com\/de\/shop\/"},{"@type":"ListItem","position":3,"name":"Lipo Lab PPC Lipolysel\u00f6sung (10 x 10 ml)"}]},{"@type":"WebSite","@id":"https:\/\/sarahandbendrix.com\/de\/#website","url":"https:\/\/sarahandbendrix.com\/de\/","name":"Buy Korean Fillers and Botox Wholesale on sarahandbendrix","description":"Buy Korean botox, dermal fillers &amp; meso products online. Apply for wholesale pricing on professional aesthetic supplies.","publisher":{"@id":"https:\/\/sarahandbendrix.com\/de\/#organization"},"potentialAction":[{"@type":"SearchAction","target":{"@type":"EntryPoint","urlTemplate":"https:\/\/sarahandbendrix.com\/de\/?s={search_term_string}"},"query-input":{"@type":"PropertyValueSpecification","valueRequired":true,"valueName":"search_term_string"}}],"inLanguage":"de"},{"@type":"Organization","@id":"https:\/\/sarahandbendrix.com\/de\/#organization","name":"Buy Korean Fillers and Botox Wholesale on sarahandbendrix","url":"https:\/\/sarahandbendrix.com\/de\/","logo":{"@type":"ImageObject","inLanguage":"de","@id":"https:\/\/sarahandbendrix.com\/de\/#\/schema\/logo\/image\/","url":"https:\/\/sarahandbendrix.com\/wp-content\/uploads\/2026\/04\/cropped-cropped-ChatGPT-Image-21-apr-2026-18_38_12-1.png","contentUrl":"https:\/\/sarahandbendrix.com\/wp-content\/uploads\/2026\/04\/cropped-cropped-ChatGPT-Image-21-apr-2026-18_38_12-1.png","width":1032,"height":586,"caption":"Buy Korean Fillers and Botox Wholesale on sarahandbendrix"},"image":{"@id":"https:\/\/sarahandbendrix.com\/de\/#\/schema\/logo\/image\/"}}]}},"_links":{"self":[{"href":"https:\/\/sarahandbendrix.com\/de\/wp-json\/wp\/v2\/product\/349","targetHints":{"allow":["GET"]}}],"collection":[{"href":"https:\/\/sarahandbendrix.com\/de\/wp-json\/wp\/v2\/product"}],"about":[{"href":"https:\/\/sarahandbendrix.com\/de\/wp-json\/wp\/v2\/types\/product"}],"replies":[{"embeddable":true,"href":"https:\/\/sarahandbendrix.com\/de\/wp-json\/wp\/v2\/comments?post=349"}],"wp:featuredmedia":[{"embeddable":true,"href":"https:\/\/sarahandbendrix.com\/de\/wp-json\/wp\/v2\/media\/127"}],"wp:attachment":[{"href":"https:\/\/sarahandbendrix.com\/de\/wp-json\/wp\/v2\/media?parent=349"}],"wp:term":[{"taxonomy":"product_brand","embeddable":true,"href":"https:\/\/sarahandbendrix.com\/de\/wp-json\/wp\/v2\/product_brand?post=349"},{"taxonomy":"product_cat","embeddable":true,"href":"https:\/\/sarahandbendrix.com\/de\/wp-json\/wp\/v2\/product_cat?post=349"},{"taxonomy":"product_tag","embeddable":true,"href":"https:\/\/sarahandbendrix.com\/de\/wp-json\/wp\/v2\/product_tag?post=349"}],"curies":[{"name":"wp","href":"https:\/\/api.w.org\/{rel}","templated":true}]}}