{"id":331,"date":"2026-04-08T15:16:30","date_gmt":"2026-04-08T15:16:30","guid":{"rendered":"https:\/\/sarahandbendrix.com\/product\/revolax-sub-q-mit-lidocain-1-x-11-ml\/"},"modified":"2026-04-08T15:16:30","modified_gmt":"2026-04-08T15:16:30","slug":"revolax-sub-q-mit-lidocain-1-x-11-ml","status":"publish","type":"product","link":"https:\/\/sarahandbendrix.com\/de\/product\/revolax-sub-q-mit-lidocain-1-x-11-ml\/","title":{"rendered":"Revolax Sub-Q mit Lidocain (1 x 1,1 ml)"},"content":{"rendered":"<p data-path-to-node=\"3\"><b data-path-to-node=\"3\" data-index-in-node=\"0\">Revolax Sub-Q mit Lidocain<\/b> stellt den Gipfel der strukturellen Hautf\u00fcller dar. Es handelt sich um ein dickfl\u00fcssiges, hochvernetztes injizierbares Gel, das f\u00fcr die tiefe subkutane bis supraperiostale Platzierung konzipiert wurde. Entwickelt f\u00fcr extreme Langlebigkeit und maximale Hebekapazit\u00e4t, ist es die erste Wahl f\u00fcr professionelles Gesichts-&#8222;Bio-Sculpting&#8220; ohne chirurgischen Eingriff.  <\/p>\n<h3 data-path-to-node=\"4\"><b data-path-to-node=\"4\" data-index-in-node=\"0\">Klinische Indikationen &amp; Zielbereiche<\/b><\/h3>\n<p data-path-to-node=\"5\">Aufgrund seiner hohen Dichte ist Revolax Sub-Q speziell f\u00fcr signifikante Gewebeverdr\u00e4ngung und knochen\u00e4hnliche Strukturen entwickelt worden:<\/p>\n<ul data-path-to-node=\"6\">\n<li>\n<p data-path-to-node=\"6,0,0\"><b data-path-to-node=\"6,0,0\" data-index-in-node=\"0\">Wangenaugmentation:<\/b> Wiederherstellung des malaren Volumens und Schaffung hoher, definierter Wangenknochen.<\/p>\n<\/li>\n<li>\n<p data-path-to-node=\"6,1,0\"><b data-path-to-node=\"6,1,0\" data-index-in-node=\"0\">Kieferkonturierung:<\/b> Sch\u00e4rfung des Kieferwinkels und Definition des Profils.<\/p>\n<\/li>\n<li>\n<p data-path-to-node=\"6,2,0\"><b data-path-to-node=\"6,2,0\" data-index-in-node=\"0\">Kinnkorrektur:<\/b> Nicht-chirurgische Genioplastik zur Verbesserung der Projektion.<\/p>\n<\/li>\n<li>\n<p data-path-to-node=\"6,3,0\"><b data-path-to-node=\"6,3,0\" data-index-in-node=\"0\">Nasenkorrektur:<\/b> Rhinoplastik-Alternativen zur Gl\u00e4ttung von Nasenh\u00f6ckern.<\/p>\n<\/li>\n<li>\n<p data-path-to-node=\"6,4,0\"><b data-path-to-node=\"6,4,0\" data-index-in-node=\"0\">Ausgepr\u00e4gte Falten:<\/b> Behandlung tiefster Hautfalten und Vertiefungen.<\/p>\n<\/li>\n<\/ul>\n<hr data-path-to-node=\"7\">\n<h3 data-path-to-node=\"8\"><b data-path-to-node=\"8\" data-index-in-node=\"0\">Wichtige technische Spezifikationen<\/b><\/h3>\n<ul data-path-to-node=\"9\">\n<li>\n<p data-path-to-node=\"9,0,0\"><b data-path-to-node=\"9,0,0\" data-index-in-node=\"0\">\u00dcberlegener G&#8216;-Prime (H\u00e4rte):<\/b> Mit der h\u00f6chsten Viskosit\u00e4t im Revolax-Sortiment bietet es das notwendige &#8222;Ger\u00fcst&#8220;, um schweres Gesichtsgewebe anzuheben.<\/p>\n<\/li>\n<li>\n<p data-path-to-node=\"9,1,0\"><b data-path-to-node=\"9,1,0\" data-index-in-node=\"0\">3D-Vernetzungstechnologie:<\/b> Eine komplexe Gitterstruktur, die dem enzymatischen Abbau widersteht und die strukturelle Integrit\u00e4t \u00fcber die Zeit gew\u00e4hrleistet.<\/p>\n<\/li>\n<li>\n<p data-path-to-node=\"9,2,0\"><b data-path-to-node=\"9,2,0\" data-index-in-node=\"0\">Formel:<\/b> <span class=\"math-inline\" data-math=\"24mg\/ml\" data-index-in-node=\"9\">24 mg\/ml<\/span> vernetzte Hyalurons\u00e4ure mit <span class=\"math-inline\" data-math=\"0.3\\%\" data-index-in-node=\"54\">0,3 %<\/span> Lidocain f\u00fcr einen angenehmen Behandlungsablauf.<\/p>\n<\/li>\n<li>\n<p data-path-to-node=\"9,3,0\"><b data-path-to-node=\"9,3,0\" data-index-in-node=\"0\">Koh\u00e4sivit\u00e4t:<\/b> Hohe Migrationsresistenz, die sicherstellt, dass das Produkt in den tiefen Schichten bleibt, in denen es platziert wurde.<\/p>\n<\/li>\n<\/ul>\n<h3 data-path-to-node=\"10\"><b data-path-to-node=\"10\" data-index-in-node=\"0\">Der professionelle Vorteil<\/b><\/h3>\n<ol start=\"1\" data-path-to-node=\"11\">\n<li>\n<p data-path-to-node=\"11,0,0\"><b data-path-to-node=\"11,0,0\" data-index-in-node=\"0\">Architektonischer Lift:<\/b> Im Gegensatz zu weicheren Fillern fungiert Sub-Q als St\u00fctzsystem und ist ideal f\u00fcr die Erzeugung scharfer, &#8222;Instagram-tauglicher&#8220; Winkel.<\/p>\n<\/li>\n<li>\n<p data-path-to-node=\"11,1,0\"><b data-path-to-node=\"11,1,0\" data-index-in-node=\"0\">Klinische Sicherheit:<\/b> Trotz seiner Dichte bleibt es ein monophasiges Gel, was sicherstellt, dass es bei Bedarf leicht mit Hyaluronidase aufgel\u00f6st werden kann.<\/p>\n<\/li>\n<li>\n<p data-path-to-node=\"11,2,0\"><b data-path-to-node=\"11,2,0\" data-index-in-node=\"0\">Au\u00dfergew\u00f6hnliche Langlebigkeit:<\/b> Einer der haltbarsten Filler auf dem Markt, mit Ergebnissen, die typischerweise zwischen <b data-path-to-node=\"11,2,0\" data-index-in-node=\"109\">12 und 18 Monaten<\/b> anhalten.<\/p>\n<\/li>\n<\/ol>\n<hr data-path-to-node=\"12\">\n<h3 data-path-to-node=\"13\"><b data-path-to-node=\"13\" data-index-in-node=\"0\">Sicherheits- &amp; Injektionsprotokoll<\/b><\/h3>\n<blockquote data-path-to-node=\"14\">\n<p data-path-to-node=\"14,0\"><b data-path-to-node=\"14,0\" data-index-in-node=\"0\">Warnung:<\/b> Revolax Sub-Q ist ein hochdichtes Medizinprodukt. Es sollte nur von erfahrenen Anwendern unter Anwendung von Tiefenschicht-Injektionstechniken verabreicht werden, um oberfl\u00e4chliche Klumpen oder vaskul\u00e4re Komplikationen zu vermeiden. <\/p>\n<\/blockquote>\n<ul data-path-to-node=\"15\">\n<li>\n<p data-path-to-node=\"15,0,0\"><b data-path-to-node=\"15,0,0\" data-index-in-node=\"0\">Packungsinhalt:<\/b> 1 x 1,1 ml Fertigspritze, 2 x 25G sterile Nadeln.<\/p>\n<\/li>\n<li>\n<p data-path-to-node=\"15,1,0\"><b data-path-to-node=\"15,1,0\" data-index-in-node=\"0\">Lagerung:<\/b> Zwischen 2 \u00b0C und 25 \u00b0C aufbewahren.<\/p>\n<\/li>\n<\/ul>\n","protected":false},"excerpt":{"rendered":"<p><b data-path-to-node=\"18\" data-index-in-node=\"0\">Revolax Sub-Q mit Lidocain<\/b> ist ein ultrahochviskoser Filler f\u00fcr den tiefen strukturellen Volumenaufbau. Er wurde fachm\u00e4nnisch f\u00fcr die Wangen-, Kinn- und Kieferkorrektur entwickelt und bietet maximalen Lift sowie eine &#8222;knochen\u00e4hnliche&#8220; Definition. Seine hochvernetzte Formel sorgt f\u00fcr unglaubliche Haltbarkeit (bis zu 18 Monate), w\u00e4hrend integriertes Lidocain eine pr\u00e4zise und komfortable professionelle Behandlung garantiert.  <\/p>\n","protected":false},"featured_media":90,"comment_status":"open","ping_status":"closed","template":"","meta":{"_monsterinsights_skip_tracking":false,"_monsterinsights_sitenote_active":false,"_monsterinsights_sitenote_note":"","_monsterinsights_sitenote_category":0},"product_brand":[],"product_cat":[69],"product_tag":[],"class_list":{"0":"post-331","1":"product","2":"type-product","3":"status-publish","4":"has-post-thumbnail","6":"product_cat-dermalfiller","8":"first","9":"instock","10":"shipping-taxable","11":"purchasable","12":"product-type-simple"},"yoast_head":"<!-- This site is optimized with the Yoast SEO plugin v27.5 - https:\/\/yoast.com\/product\/yoast-seo-wordpress\/ -->\n<title>Revolax Sub-Q mit Lidocain (1 x 1,1 ml) online kaufen - Gro\u00dfhandelspreise - Sarahandbendrix.com<\/title>\n<meta name=\"robots\" content=\"index, follow, max-snippet:-1, max-image-preview:large, max-video-preview:-1\" \/>\n<link rel=\"canonical\" href=\"https:\/\/sarahandbendrix.com\/de\/product\/revolax-sub-q-mit-lidocain-1-x-11-ml\/\" \/>\n<meta property=\"og:locale\" content=\"de_DE\" \/>\n<meta property=\"og:type\" content=\"article\" \/>\n<meta property=\"og:title\" content=\"Revolax Sub-Q mit Lidocain (1 x 1,1 ml) online kaufen - Gro\u00dfhandelspreise - Sarahandbendrix.com\" \/>\n<meta property=\"og:description\" content=\"Revolax Sub-Q mit Lidocain ist ein ultrahochviskoser Filler f\u00fcr den tiefen strukturellen Volumenaufbau. Er wurde fachm\u00e4nnisch f\u00fcr die Wangen-, Kinn- und Kieferkorrektur entwickelt und bietet maximalen Lift sowie eine &quot;knochen\u00e4hnliche&quot; Definition. Seine hochvernetzte Formel sorgt f\u00fcr unglaubliche Haltbarkeit (bis zu 18 Monate), w\u00e4hrend integriertes Lidocain eine pr\u00e4zise und komfortable professionelle Behandlung garantiert.\" \/>\n<meta property=\"og:url\" content=\"https:\/\/sarahandbendrix.com\/de\/product\/revolax-sub-q-mit-lidocain-1-x-11-ml\/\" \/>\n<meta property=\"og:site_name\" content=\"Sarahandbendrix.com\" \/>\n<meta property=\"og:image\" content=\"https:\/\/sarahandbendrix.com\/wp-content\/uploads\/2026\/04\/Revolax_Sub-Q.jpg\" \/>\n\t<meta property=\"og:image:width\" content=\"924\" \/>\n\t<meta property=\"og:image:height\" content=\"924\" \/>\n\t<meta property=\"og:image:type\" content=\"image\/jpeg\" \/>\n<meta name=\"twitter:card\" content=\"summary_large_image\" \/>\n<meta name=\"twitter:label1\" content=\"Gesch\u00e4tzte Lesezeit\" \/>\n\t<meta name=\"twitter:data1\" content=\"2\u00a0Minuten\" \/>\n<script type=\"application\/ld+json\" class=\"yoast-schema-graph\">{\"@context\":\"https:\\\/\\\/schema.org\",\"@graph\":[{\"@type\":\"WebPage\",\"@id\":\"https:\\\/\\\/sarahandbendrix.com\\\/de\\\/product\\\/revolax-sub-q-mit-lidocain-1-x-11-ml\\\/\",\"url\":\"https:\\\/\\\/sarahandbendrix.com\\\/de\\\/product\\\/revolax-sub-q-mit-lidocain-1-x-11-ml\\\/\",\"name\":\"Revolax Sub-Q mit Lidocain (1 x 1,1 ml) online kaufen - Gro\u00dfhandelspreise - Sarahandbendrix.com\",\"isPartOf\":{\"@id\":\"https:\\\/\\\/sarahandbendrix.com\\\/de\\\/#website\"},\"primaryImageOfPage\":{\"@id\":\"https:\\\/\\\/sarahandbendrix.com\\\/de\\\/product\\\/revolax-sub-q-mit-lidocain-1-x-11-ml\\\/#primaryimage\"},\"image\":{\"@id\":\"https:\\\/\\\/sarahandbendrix.com\\\/de\\\/product\\\/revolax-sub-q-mit-lidocain-1-x-11-ml\\\/#primaryimage\"},\"thumbnailUrl\":\"https:\\\/\\\/sarahandbendrix.com\\\/wp-content\\\/uploads\\\/2026\\\/04\\\/Revolax_Sub-Q.jpg\",\"datePublished\":\"2026-04-08T15:16:30+00:00\",\"breadcrumb\":{\"@id\":\"https:\\\/\\\/sarahandbendrix.com\\\/de\\\/product\\\/revolax-sub-q-mit-lidocain-1-x-11-ml\\\/#breadcrumb\"},\"inLanguage\":\"de\",\"potentialAction\":[{\"@type\":\"ReadAction\",\"target\":[\"https:\\\/\\\/sarahandbendrix.com\\\/de\\\/product\\\/revolax-sub-q-mit-lidocain-1-x-11-ml\\\/\"]}]},{\"@type\":\"ImageObject\",\"inLanguage\":\"de\",\"@id\":\"https:\\\/\\\/sarahandbendrix.com\\\/de\\\/product\\\/revolax-sub-q-mit-lidocain-1-x-11-ml\\\/#primaryimage\",\"url\":\"https:\\\/\\\/sarahandbendrix.com\\\/wp-content\\\/uploads\\\/2026\\\/04\\\/Revolax_Sub-Q.jpg\",\"contentUrl\":\"https:\\\/\\\/sarahandbendrix.com\\\/wp-content\\\/uploads\\\/2026\\\/04\\\/Revolax_Sub-Q.jpg\",\"width\":924,\"height\":924},{\"@type\":\"BreadcrumbList\",\"@id\":\"https:\\\/\\\/sarahandbendrix.com\\\/de\\\/product\\\/revolax-sub-q-mit-lidocain-1-x-11-ml\\\/#breadcrumb\",\"itemListElement\":[{\"@type\":\"ListItem\",\"position\":1,\"name\":\"Startseite\",\"item\":\"https:\\\/\\\/sarahandbendrix.com\\\/de\\\/shop\\\/\"},{\"@type\":\"ListItem\",\"position\":2,\"name\":\"Shop\",\"item\":\"https:\\\/\\\/sarahandbendrix.com\\\/de\\\/shop\\\/\"},{\"@type\":\"ListItem\",\"position\":3,\"name\":\"Revolax Sub-Q mit Lidocain (1 x 1,1 ml)\"}]},{\"@type\":\"WebSite\",\"@id\":\"https:\\\/\\\/sarahandbendrix.com\\\/de\\\/#website\",\"url\":\"https:\\\/\\\/sarahandbendrix.com\\\/de\\\/\",\"name\":\"Buy Korean Fillers and Botox Wholesale on sarahandbendrix\",\"description\":\"Buy Korean botox, dermal fillers &amp; meso products online. Apply for wholesale pricing on professional aesthetic supplies.\",\"publisher\":{\"@id\":\"https:\\\/\\\/sarahandbendrix.com\\\/de\\\/#organization\"},\"potentialAction\":[{\"@type\":\"SearchAction\",\"target\":{\"@type\":\"EntryPoint\",\"urlTemplate\":\"https:\\\/\\\/sarahandbendrix.com\\\/de\\\/?s={search_term_string}\"},\"query-input\":{\"@type\":\"PropertyValueSpecification\",\"valueRequired\":true,\"valueName\":\"search_term_string\"}}],\"inLanguage\":\"de\"},{\"@type\":\"Organization\",\"@id\":\"https:\\\/\\\/sarahandbendrix.com\\\/de\\\/#organization\",\"name\":\"Buy Korean Fillers and Botox Wholesale on sarahandbendrix\",\"url\":\"https:\\\/\\\/sarahandbendrix.com\\\/de\\\/\",\"logo\":{\"@type\":\"ImageObject\",\"inLanguage\":\"de\",\"@id\":\"https:\\\/\\\/sarahandbendrix.com\\\/de\\\/#\\\/schema\\\/logo\\\/image\\\/\",\"url\":\"https:\\\/\\\/sarahandbendrix.com\\\/wp-content\\\/uploads\\\/2026\\\/04\\\/cropped-cropped-ChatGPT-Image-21-apr-2026-18_38_12-1.png\",\"contentUrl\":\"https:\\\/\\\/sarahandbendrix.com\\\/wp-content\\\/uploads\\\/2026\\\/04\\\/cropped-cropped-ChatGPT-Image-21-apr-2026-18_38_12-1.png\",\"width\":1032,\"height\":586,\"caption\":\"Buy Korean Fillers and Botox Wholesale on sarahandbendrix\"},\"image\":{\"@id\":\"https:\\\/\\\/sarahandbendrix.com\\\/de\\\/#\\\/schema\\\/logo\\\/image\\\/\"}}]}<\/script>\n<!-- \/ Yoast SEO plugin. -->","yoast_head_json":{"title":"Revolax Sub-Q mit Lidocain (1 x 1,1 ml) online kaufen - Gro\u00dfhandelspreise - Sarahandbendrix.com","robots":{"index":"index","follow":"follow","max-snippet":"max-snippet:-1","max-image-preview":"max-image-preview:large","max-video-preview":"max-video-preview:-1"},"canonical":"https:\/\/sarahandbendrix.com\/de\/product\/revolax-sub-q-mit-lidocain-1-x-11-ml\/","og_locale":"de_DE","og_type":"article","og_title":"Revolax Sub-Q mit Lidocain (1 x 1,1 ml) online kaufen - Gro\u00dfhandelspreise - Sarahandbendrix.com","og_description":"Revolax Sub-Q mit Lidocain ist ein ultrahochviskoser Filler f\u00fcr den tiefen strukturellen Volumenaufbau. Er wurde fachm\u00e4nnisch f\u00fcr die Wangen-, Kinn- und Kieferkorrektur entwickelt und bietet maximalen Lift sowie eine \"knochen\u00e4hnliche\" Definition. Seine hochvernetzte Formel sorgt f\u00fcr unglaubliche Haltbarkeit (bis zu 18 Monate), w\u00e4hrend integriertes Lidocain eine pr\u00e4zise und komfortable professionelle Behandlung garantiert.","og_url":"https:\/\/sarahandbendrix.com\/de\/product\/revolax-sub-q-mit-lidocain-1-x-11-ml\/","og_site_name":"Sarahandbendrix.com","og_image":[{"width":924,"height":924,"url":"https:\/\/sarahandbendrix.com\/wp-content\/uploads\/2026\/04\/Revolax_Sub-Q.jpg","type":"image\/jpeg"}],"twitter_card":"summary_large_image","twitter_misc":{"Gesch\u00e4tzte Lesezeit":"2\u00a0Minuten"},"schema":{"@context":"https:\/\/schema.org","@graph":[{"@type":"WebPage","@id":"https:\/\/sarahandbendrix.com\/de\/product\/revolax-sub-q-mit-lidocain-1-x-11-ml\/","url":"https:\/\/sarahandbendrix.com\/de\/product\/revolax-sub-q-mit-lidocain-1-x-11-ml\/","name":"Revolax Sub-Q mit Lidocain (1 x 1,1 ml) online kaufen - Gro\u00dfhandelspreise - Sarahandbendrix.com","isPartOf":{"@id":"https:\/\/sarahandbendrix.com\/de\/#website"},"primaryImageOfPage":{"@id":"https:\/\/sarahandbendrix.com\/de\/product\/revolax-sub-q-mit-lidocain-1-x-11-ml\/#primaryimage"},"image":{"@id":"https:\/\/sarahandbendrix.com\/de\/product\/revolax-sub-q-mit-lidocain-1-x-11-ml\/#primaryimage"},"thumbnailUrl":"https:\/\/sarahandbendrix.com\/wp-content\/uploads\/2026\/04\/Revolax_Sub-Q.jpg","datePublished":"2026-04-08T15:16:30+00:00","breadcrumb":{"@id":"https:\/\/sarahandbendrix.com\/de\/product\/revolax-sub-q-mit-lidocain-1-x-11-ml\/#breadcrumb"},"inLanguage":"de","potentialAction":[{"@type":"ReadAction","target":["https:\/\/sarahandbendrix.com\/de\/product\/revolax-sub-q-mit-lidocain-1-x-11-ml\/"]}]},{"@type":"ImageObject","inLanguage":"de","@id":"https:\/\/sarahandbendrix.com\/de\/product\/revolax-sub-q-mit-lidocain-1-x-11-ml\/#primaryimage","url":"https:\/\/sarahandbendrix.com\/wp-content\/uploads\/2026\/04\/Revolax_Sub-Q.jpg","contentUrl":"https:\/\/sarahandbendrix.com\/wp-content\/uploads\/2026\/04\/Revolax_Sub-Q.jpg","width":924,"height":924},{"@type":"BreadcrumbList","@id":"https:\/\/sarahandbendrix.com\/de\/product\/revolax-sub-q-mit-lidocain-1-x-11-ml\/#breadcrumb","itemListElement":[{"@type":"ListItem","position":1,"name":"Startseite","item":"https:\/\/sarahandbendrix.com\/de\/shop\/"},{"@type":"ListItem","position":2,"name":"Shop","item":"https:\/\/sarahandbendrix.com\/de\/shop\/"},{"@type":"ListItem","position":3,"name":"Revolax Sub-Q mit Lidocain (1 x 1,1 ml)"}]},{"@type":"WebSite","@id":"https:\/\/sarahandbendrix.com\/de\/#website","url":"https:\/\/sarahandbendrix.com\/de\/","name":"Buy Korean Fillers and Botox Wholesale on sarahandbendrix","description":"Buy Korean botox, dermal fillers &amp; meso products online. Apply for wholesale pricing on professional aesthetic supplies.","publisher":{"@id":"https:\/\/sarahandbendrix.com\/de\/#organization"},"potentialAction":[{"@type":"SearchAction","target":{"@type":"EntryPoint","urlTemplate":"https:\/\/sarahandbendrix.com\/de\/?s={search_term_string}"},"query-input":{"@type":"PropertyValueSpecification","valueRequired":true,"valueName":"search_term_string"}}],"inLanguage":"de"},{"@type":"Organization","@id":"https:\/\/sarahandbendrix.com\/de\/#organization","name":"Buy Korean Fillers and Botox Wholesale on sarahandbendrix","url":"https:\/\/sarahandbendrix.com\/de\/","logo":{"@type":"ImageObject","inLanguage":"de","@id":"https:\/\/sarahandbendrix.com\/de\/#\/schema\/logo\/image\/","url":"https:\/\/sarahandbendrix.com\/wp-content\/uploads\/2026\/04\/cropped-cropped-ChatGPT-Image-21-apr-2026-18_38_12-1.png","contentUrl":"https:\/\/sarahandbendrix.com\/wp-content\/uploads\/2026\/04\/cropped-cropped-ChatGPT-Image-21-apr-2026-18_38_12-1.png","width":1032,"height":586,"caption":"Buy Korean Fillers and Botox Wholesale on sarahandbendrix"},"image":{"@id":"https:\/\/sarahandbendrix.com\/de\/#\/schema\/logo\/image\/"}}]}},"_links":{"self":[{"href":"https:\/\/sarahandbendrix.com\/de\/wp-json\/wp\/v2\/product\/331","targetHints":{"allow":["GET"]}}],"collection":[{"href":"https:\/\/sarahandbendrix.com\/de\/wp-json\/wp\/v2\/product"}],"about":[{"href":"https:\/\/sarahandbendrix.com\/de\/wp-json\/wp\/v2\/types\/product"}],"replies":[{"embeddable":true,"href":"https:\/\/sarahandbendrix.com\/de\/wp-json\/wp\/v2\/comments?post=331"}],"wp:featuredmedia":[{"embeddable":true,"href":"https:\/\/sarahandbendrix.com\/de\/wp-json\/wp\/v2\/media\/90"}],"wp:attachment":[{"href":"https:\/\/sarahandbendrix.com\/de\/wp-json\/wp\/v2\/media?parent=331"}],"wp:term":[{"taxonomy":"product_brand","embeddable":true,"href":"https:\/\/sarahandbendrix.com\/de\/wp-json\/wp\/v2\/product_brand?post=331"},{"taxonomy":"product_cat","embeddable":true,"href":"https:\/\/sarahandbendrix.com\/de\/wp-json\/wp\/v2\/product_cat?post=331"},{"taxonomy":"product_tag","embeddable":true,"href":"https:\/\/sarahandbendrix.com\/de\/wp-json\/wp\/v2\/product_tag?post=331"}],"curies":[{"name":"wp","href":"https:\/\/api.w.org\/{rel}","templated":true}]}}