{"id":327,"date":"2026-04-08T15:12:13","date_gmt":"2026-04-08T15:12:13","guid":{"rendered":"https:\/\/sarahandbendrix.com\/product\/revolax-fine-mit-lidocain-1-x-11-ml\/"},"modified":"2026-04-08T15:12:13","modified_gmt":"2026-04-08T15:12:13","slug":"revolax-fine-mit-lidocain-1-x-11-ml","status":"publish","type":"product","link":"https:\/\/sarahandbendrix.com\/de\/product\/revolax-fine-mit-lidocain-1-x-11-ml\/","title":{"rendered":"Revolax Fine mit Lidocain (1 x 1,1 ml)"},"content":{"rendered":"<p data-path-to-node=\"3\"><b data-path-to-node=\"3\" data-index-in-node=\"0\">Revolax Fine mit Lidocain<\/b> ist ein leichter, hochviskoelastischer Dermalfiller, der f\u00fcr die Behandlung oberfl\u00e4chlicher Falten und feiner Hautverfeinerungen entwickelt wurde. Formuliert mit hochreiner, nicht-tierischer Hyalurons\u00e4ure, ist er der fl\u00fcssigste Spezialist im Revolax-Sortiment, konzipiert, um sich nahtlos in die obere Dermis zu integrieren. <\/p>\n<h3 data-path-to-node=\"4\"><b data-path-to-node=\"4\" data-index-in-node=\"0\">Klinische Indikationen &amp; Behandlungsbereiche<\/b><\/h3>\n<p data-path-to-node=\"5\">Entwickelt f\u00fcr Pr\u00e4zision und Subtilit\u00e4t, ist Revolax Fine der Goldstandard f\u00fcr Bereiche, in denen die Haut am d\u00fcnnsten ist und nat\u00fcrliche Bewegung von gr\u00f6\u00dfter Bedeutung ist:<\/p>\n<ul data-path-to-node=\"6\">\n<li>\n<p data-path-to-node=\"6,0,0\"><b data-path-to-node=\"6,0,0\" data-index-in-node=\"0\">Periorbitale Linien:<\/b> Gl\u00e4ttung von \u201eKr\u00e4henf\u00fc\u00dfen\u201c um die Augen.<\/p>\n<\/li>\n<li>\n<p data-path-to-node=\"6,1,0\"><b data-path-to-node=\"6,1,0\" data-index-in-node=\"0\">Periorale Linien:<\/b> Korrektur von \u201eRaucherf\u00e4ltchen\u201c um den Mund.<\/p>\n<\/li>\n<li>\n<p data-path-to-node=\"6,2,0\"><b data-path-to-node=\"6,2,0\" data-index-in-node=\"0\">Stirnfalten:<\/b> Milderung oberfl\u00e4chlicher horizontaler Falten.<\/p>\n<\/li>\n<li>\n<p data-path-to-node=\"6,3,0\"><b data-path-to-node=\"6,3,0\" data-index-in-node=\"0\">Tr\u00e4nenrinnen:<\/b> Sanfte Verj\u00fcngung der Augenringe.<\/p>\n<\/li>\n<li>\n<p data-path-to-node=\"6,4,0\"><b data-path-to-node=\"6,4,0\" data-index-in-node=\"0\">Halsfalten:<\/b> Behandlung feiner horizontaler Halsb\u00e4nder.<\/p>\n<\/li>\n<\/ul>\n<hr data-path-to-node=\"7\">\n<h3 data-path-to-node=\"8\"><b data-path-to-node=\"8\" data-index-in-node=\"0\">Wichtige technische Merkmale<\/b><\/h3>\n<ul data-path-to-node=\"9\">\n<li>\n<p data-path-to-node=\"9,0,0\"><b data-path-to-node=\"9,0,0\" data-index-in-node=\"0\">Niedrige Viskosit\u00e4t:<\/b> Eine glatte, gelartige Konsistenz, die eine m\u00fchelose Injektion erm\u00f6glicht und Klumpen in d\u00fcnnh\u00e4utigen Bereichen verhindert.<\/p>\n<\/li>\n<li>\n<p data-path-to-node=\"9,1,0\"><b data-path-to-node=\"9,1,0\" data-index-in-node=\"0\">Monophasisches dichtes Gitter:<\/b> Stellt sicher, dass der Filler genau dort bleibt, wo er injiziert wird, und liefert ein gleichm\u00e4\u00dfiges und vorhersehbares Ergebnis.<\/p>\n<\/li>\n<li>\n<p data-path-to-node=\"9,2,0\"><b data-path-to-node=\"9,2,0\" data-index-in-node=\"0\">Zusammensetzung:<\/b> Enth\u00e4lt <span class=\"math-inline\" data-math=\"24mg\/ml\" data-index-in-node=\"22\">24 mg\/ml<\/span> vernetzte Hyalurons\u00e4ure und <span class=\"math-inline\" data-math=\"0.3\\%\" data-index-in-node=\"66\">0,3 %<\/span> Lidocain f\u00fcr eine schmerzfreie Anwendung.<\/p>\n<\/li>\n<li>\n<p data-path-to-node=\"9,3,0\"><b data-path-to-node=\"9,3,0\" data-index-in-node=\"0\">Biologisch abbaubar:<\/b> Wird im Laufe der Zeit auf nat\u00fcrliche Weise vom K\u00f6rper aufgenommen, w\u00e4hrend optimale Hydratationsniveaus aufrechterhalten werden.<\/p>\n<\/li>\n<\/ul>\n<h3 data-path-to-node=\"10\"><b data-path-to-node=\"10\" data-index-in-node=\"0\">Warum Revolax Fine w\u00e4hlen?<\/b><\/h3>\n<ol start=\"1\" data-path-to-node=\"11\">\n<li>\n<p data-path-to-node=\"11,0,0\"><b data-path-to-node=\"11,0,0\" data-index-in-node=\"0\">Nat\u00fcrliche \u00c4sthetik:<\/b> Perfekt f\u00fcr Patienten, die ein \u201eerfrischtes\u201c Aussehen statt eines signifikanten Volumens w\u00fcnschen. Es imitiert das nat\u00fcrliche Hautgef\u00fchl. <\/p>\n<\/li>\n<li>\n<p data-path-to-node=\"11,1,0\"><b data-path-to-node=\"11,1,0\" data-index-in-node=\"0\">Fortschrittliche Reinigung:<\/b> Der Dialyseprozess gew\u00e4hrleistet minimale BDDE-R\u00fcckst\u00e4nde, maximiert die Biokompatibilit\u00e4t und Patientensicherheit.<\/p>\n<\/li>\n<li>\n<p data-path-to-node=\"11,2,0\"><b data-path-to-node=\"11,2,0\" data-index-in-node=\"0\">Haltbarkeit:<\/b> Trotz seiner leichten Textur bietet es eine beeindruckende Langlebigkeit f\u00fcr einen Feinfalten-Filler, typischerweise <b data-path-to-node=\"11,2,0\" data-index-in-node=\"112\">9 bis 12 Monate<\/b>.<\/p>\n<\/li>\n<\/ol>\n<hr data-path-to-node=\"12\">\n<h3 data-path-to-node=\"13\"><b data-path-to-node=\"13\" data-index-in-node=\"0\">Sicherheit &amp; professionelle Anwendung<\/b><\/h3>\n<blockquote data-path-to-node=\"14\">\n<p data-path-to-node=\"14,0\"><b data-path-to-node=\"14,0\" data-index-in-node=\"0\">Nur f\u00fcr den professionellen Gebrauch:<\/b> Dieses Produkt darf nur von qualifiziertem medizinischem Fachpersonal verabreicht werden. Eine unsachgem\u00e4\u00dfe Injektionstechnik in empfindlichen Bereichen (wie der Tr\u00e4nenrinne) kann zu unerw\u00fcnschten Wirkungen f\u00fchren. <\/p>\n<\/blockquote>\n<ul data-path-to-node=\"15\">\n<li>\n<p data-path-to-node=\"15,0,0\"><b data-path-to-node=\"15,0,0\" data-index-in-node=\"0\">Lieferumfang:<\/b> 1 x 1,1 ml vorgef\u00fcllte Spritze, 2 x 30G sterile Nadeln (ultrafein f\u00fcr Patientenkomfort).<\/p>\n<\/li>\n<li>\n<p data-path-to-node=\"15,1,0\"><b data-path-to-node=\"15,1,0\" data-index-in-node=\"0\">Lagerung:<\/b> 2 \u00b0C bis 25 \u00b0C.<\/p>\n<\/li>\n<\/ul>\n","protected":false},"excerpt":{"rendered":"<p><b data-path-to-node=\"18\" data-index-in-node=\"0\">Revolax Fine mit Lidocain<\/b> ist ein hochwertiger, leichter Filler zur Korrektur oberfl\u00e4chlicher Falten. Perfekt f\u00fcr Kr\u00e4henf\u00fc\u00dfe, Stirnfalten und Tr\u00e4nenrinnen, sorgt seine geschmeidige Konsistenz f\u00fcr eine nahtlose Integration in empfindlichen Bereichen. Mit 0,3 % Lidocain und hochreiner Hyalurons\u00e4ure liefert es eine subtile, nat\u00fcrliche Verj\u00fcngung und langanhaltende Hautverfeinerung.  <\/p>\n","protected":false},"featured_media":88,"comment_status":"open","ping_status":"closed","template":"","meta":{"_monsterinsights_skip_tracking":false,"_monsterinsights_sitenote_active":false,"_monsterinsights_sitenote_note":"","_monsterinsights_sitenote_category":0},"product_brand":[],"product_cat":[69],"product_tag":[],"class_list":{"0":"post-327","1":"product","2":"type-product","3":"status-publish","4":"has-post-thumbnail","6":"product_cat-dermalfiller","8":"first","9":"instock","10":"shipping-taxable","11":"purchasable","12":"product-type-simple"},"yoast_head":"<!-- This site is optimized with the Yoast SEO plugin v27.5 - https:\/\/yoast.com\/product\/yoast-seo-wordpress\/ -->\n<title>Revolax Fine mit Lidocain (1 x 1,1 ml) online kaufen - Gro\u00dfhandelspreise - Sarahandbendrix.com<\/title>\n<meta name=\"robots\" content=\"index, follow, max-snippet:-1, max-image-preview:large, max-video-preview:-1\" \/>\n<link rel=\"canonical\" href=\"https:\/\/sarahandbendrix.com\/de\/product\/revolax-fine-mit-lidocain-1-x-11-ml\/\" \/>\n<meta property=\"og:locale\" content=\"de_DE\" \/>\n<meta property=\"og:type\" content=\"article\" \/>\n<meta property=\"og:title\" content=\"Revolax Fine mit Lidocain (1 x 1,1 ml) online kaufen - Gro\u00dfhandelspreise - Sarahandbendrix.com\" \/>\n<meta property=\"og:description\" content=\"Revolax Fine mit Lidocain ist ein hochwertiger, leichter Filler zur Korrektur oberfl\u00e4chlicher Falten. Perfekt f\u00fcr Kr\u00e4henf\u00fc\u00dfe, Stirnfalten und Tr\u00e4nenrinnen, sorgt seine geschmeidige Konsistenz f\u00fcr eine nahtlose Integration in empfindlichen Bereichen. Mit 0,3 % Lidocain und hochreiner Hyalurons\u00e4ure liefert es eine subtile, nat\u00fcrliche Verj\u00fcngung und langanhaltende Hautverfeinerung.\" \/>\n<meta property=\"og:url\" content=\"https:\/\/sarahandbendrix.com\/de\/product\/revolax-fine-mit-lidocain-1-x-11-ml\/\" \/>\n<meta property=\"og:site_name\" content=\"Sarahandbendrix.com\" \/>\n<meta property=\"og:image\" content=\"https:\/\/sarahandbendrix.com\/wp-content\/uploads\/2026\/04\/revolax-fine.webp\" \/>\n\t<meta property=\"og:image:width\" content=\"550\" \/>\n\t<meta property=\"og:image:height\" content=\"542\" \/>\n\t<meta property=\"og:image:type\" content=\"image\/webp\" \/>\n<meta name=\"twitter:card\" content=\"summary_large_image\" \/>\n<meta name=\"twitter:label1\" content=\"Gesch\u00e4tzte Lesezeit\" \/>\n\t<meta name=\"twitter:data1\" content=\"2\u00a0Minuten\" \/>\n<script type=\"application\/ld+json\" class=\"yoast-schema-graph\">{\"@context\":\"https:\\\/\\\/schema.org\",\"@graph\":[{\"@type\":\"WebPage\",\"@id\":\"https:\\\/\\\/sarahandbendrix.com\\\/de\\\/product\\\/revolax-fine-mit-lidocain-1-x-11-ml\\\/\",\"url\":\"https:\\\/\\\/sarahandbendrix.com\\\/de\\\/product\\\/revolax-fine-mit-lidocain-1-x-11-ml\\\/\",\"name\":\"Revolax Fine mit Lidocain (1 x 1,1 ml) online kaufen - Gro\u00dfhandelspreise - Sarahandbendrix.com\",\"isPartOf\":{\"@id\":\"https:\\\/\\\/sarahandbendrix.com\\\/de\\\/#website\"},\"primaryImageOfPage\":{\"@id\":\"https:\\\/\\\/sarahandbendrix.com\\\/de\\\/product\\\/revolax-fine-mit-lidocain-1-x-11-ml\\\/#primaryimage\"},\"image\":{\"@id\":\"https:\\\/\\\/sarahandbendrix.com\\\/de\\\/product\\\/revolax-fine-mit-lidocain-1-x-11-ml\\\/#primaryimage\"},\"thumbnailUrl\":\"https:\\\/\\\/sarahandbendrix.com\\\/wp-content\\\/uploads\\\/2026\\\/04\\\/revolax-fine.webp\",\"datePublished\":\"2026-04-08T15:12:13+00:00\",\"breadcrumb\":{\"@id\":\"https:\\\/\\\/sarahandbendrix.com\\\/de\\\/product\\\/revolax-fine-mit-lidocain-1-x-11-ml\\\/#breadcrumb\"},\"inLanguage\":\"de\",\"potentialAction\":[{\"@type\":\"ReadAction\",\"target\":[\"https:\\\/\\\/sarahandbendrix.com\\\/de\\\/product\\\/revolax-fine-mit-lidocain-1-x-11-ml\\\/\"]}]},{\"@type\":\"ImageObject\",\"inLanguage\":\"de\",\"@id\":\"https:\\\/\\\/sarahandbendrix.com\\\/de\\\/product\\\/revolax-fine-mit-lidocain-1-x-11-ml\\\/#primaryimage\",\"url\":\"https:\\\/\\\/sarahandbendrix.com\\\/wp-content\\\/uploads\\\/2026\\\/04\\\/revolax-fine.webp\",\"contentUrl\":\"https:\\\/\\\/sarahandbendrix.com\\\/wp-content\\\/uploads\\\/2026\\\/04\\\/revolax-fine.webp\",\"width\":550,\"height\":542},{\"@type\":\"BreadcrumbList\",\"@id\":\"https:\\\/\\\/sarahandbendrix.com\\\/de\\\/product\\\/revolax-fine-mit-lidocain-1-x-11-ml\\\/#breadcrumb\",\"itemListElement\":[{\"@type\":\"ListItem\",\"position\":1,\"name\":\"Startseite\",\"item\":\"https:\\\/\\\/sarahandbendrix.com\\\/de\\\/shop\\\/\"},{\"@type\":\"ListItem\",\"position\":2,\"name\":\"Shop\",\"item\":\"https:\\\/\\\/sarahandbendrix.com\\\/de\\\/shop\\\/\"},{\"@type\":\"ListItem\",\"position\":3,\"name\":\"Revolax Fine mit Lidocain (1 x 1,1 ml)\"}]},{\"@type\":\"WebSite\",\"@id\":\"https:\\\/\\\/sarahandbendrix.com\\\/de\\\/#website\",\"url\":\"https:\\\/\\\/sarahandbendrix.com\\\/de\\\/\",\"name\":\"Buy Korean Fillers and Botox Wholesale on sarahandbendrix\",\"description\":\"Buy Korean botox, dermal fillers &amp; meso products online. Apply for wholesale pricing on professional aesthetic supplies.\",\"publisher\":{\"@id\":\"https:\\\/\\\/sarahandbendrix.com\\\/de\\\/#organization\"},\"potentialAction\":[{\"@type\":\"SearchAction\",\"target\":{\"@type\":\"EntryPoint\",\"urlTemplate\":\"https:\\\/\\\/sarahandbendrix.com\\\/de\\\/?s={search_term_string}\"},\"query-input\":{\"@type\":\"PropertyValueSpecification\",\"valueRequired\":true,\"valueName\":\"search_term_string\"}}],\"inLanguage\":\"de\"},{\"@type\":\"Organization\",\"@id\":\"https:\\\/\\\/sarahandbendrix.com\\\/de\\\/#organization\",\"name\":\"Buy Korean Fillers and Botox Wholesale on sarahandbendrix\",\"url\":\"https:\\\/\\\/sarahandbendrix.com\\\/de\\\/\",\"logo\":{\"@type\":\"ImageObject\",\"inLanguage\":\"de\",\"@id\":\"https:\\\/\\\/sarahandbendrix.com\\\/de\\\/#\\\/schema\\\/logo\\\/image\\\/\",\"url\":\"https:\\\/\\\/sarahandbendrix.com\\\/wp-content\\\/uploads\\\/2026\\\/04\\\/cropped-cropped-ChatGPT-Image-21-apr-2026-18_38_12-1.png\",\"contentUrl\":\"https:\\\/\\\/sarahandbendrix.com\\\/wp-content\\\/uploads\\\/2026\\\/04\\\/cropped-cropped-ChatGPT-Image-21-apr-2026-18_38_12-1.png\",\"width\":1032,\"height\":586,\"caption\":\"Buy Korean Fillers and Botox Wholesale on sarahandbendrix\"},\"image\":{\"@id\":\"https:\\\/\\\/sarahandbendrix.com\\\/de\\\/#\\\/schema\\\/logo\\\/image\\\/\"}}]}<\/script>\n<!-- \/ Yoast SEO plugin. -->","yoast_head_json":{"title":"Revolax Fine mit Lidocain (1 x 1,1 ml) online kaufen - Gro\u00dfhandelspreise - Sarahandbendrix.com","robots":{"index":"index","follow":"follow","max-snippet":"max-snippet:-1","max-image-preview":"max-image-preview:large","max-video-preview":"max-video-preview:-1"},"canonical":"https:\/\/sarahandbendrix.com\/de\/product\/revolax-fine-mit-lidocain-1-x-11-ml\/","og_locale":"de_DE","og_type":"article","og_title":"Revolax Fine mit Lidocain (1 x 1,1 ml) online kaufen - Gro\u00dfhandelspreise - Sarahandbendrix.com","og_description":"Revolax Fine mit Lidocain ist ein hochwertiger, leichter Filler zur Korrektur oberfl\u00e4chlicher Falten. Perfekt f\u00fcr Kr\u00e4henf\u00fc\u00dfe, Stirnfalten und Tr\u00e4nenrinnen, sorgt seine geschmeidige Konsistenz f\u00fcr eine nahtlose Integration in empfindlichen Bereichen. Mit 0,3 % Lidocain und hochreiner Hyalurons\u00e4ure liefert es eine subtile, nat\u00fcrliche Verj\u00fcngung und langanhaltende Hautverfeinerung.","og_url":"https:\/\/sarahandbendrix.com\/de\/product\/revolax-fine-mit-lidocain-1-x-11-ml\/","og_site_name":"Sarahandbendrix.com","og_image":[{"width":550,"height":542,"url":"https:\/\/sarahandbendrix.com\/wp-content\/uploads\/2026\/04\/revolax-fine.webp","type":"image\/webp"}],"twitter_card":"summary_large_image","twitter_misc":{"Gesch\u00e4tzte Lesezeit":"2\u00a0Minuten"},"schema":{"@context":"https:\/\/schema.org","@graph":[{"@type":"WebPage","@id":"https:\/\/sarahandbendrix.com\/de\/product\/revolax-fine-mit-lidocain-1-x-11-ml\/","url":"https:\/\/sarahandbendrix.com\/de\/product\/revolax-fine-mit-lidocain-1-x-11-ml\/","name":"Revolax Fine mit Lidocain (1 x 1,1 ml) online kaufen - Gro\u00dfhandelspreise - Sarahandbendrix.com","isPartOf":{"@id":"https:\/\/sarahandbendrix.com\/de\/#website"},"primaryImageOfPage":{"@id":"https:\/\/sarahandbendrix.com\/de\/product\/revolax-fine-mit-lidocain-1-x-11-ml\/#primaryimage"},"image":{"@id":"https:\/\/sarahandbendrix.com\/de\/product\/revolax-fine-mit-lidocain-1-x-11-ml\/#primaryimage"},"thumbnailUrl":"https:\/\/sarahandbendrix.com\/wp-content\/uploads\/2026\/04\/revolax-fine.webp","datePublished":"2026-04-08T15:12:13+00:00","breadcrumb":{"@id":"https:\/\/sarahandbendrix.com\/de\/product\/revolax-fine-mit-lidocain-1-x-11-ml\/#breadcrumb"},"inLanguage":"de","potentialAction":[{"@type":"ReadAction","target":["https:\/\/sarahandbendrix.com\/de\/product\/revolax-fine-mit-lidocain-1-x-11-ml\/"]}]},{"@type":"ImageObject","inLanguage":"de","@id":"https:\/\/sarahandbendrix.com\/de\/product\/revolax-fine-mit-lidocain-1-x-11-ml\/#primaryimage","url":"https:\/\/sarahandbendrix.com\/wp-content\/uploads\/2026\/04\/revolax-fine.webp","contentUrl":"https:\/\/sarahandbendrix.com\/wp-content\/uploads\/2026\/04\/revolax-fine.webp","width":550,"height":542},{"@type":"BreadcrumbList","@id":"https:\/\/sarahandbendrix.com\/de\/product\/revolax-fine-mit-lidocain-1-x-11-ml\/#breadcrumb","itemListElement":[{"@type":"ListItem","position":1,"name":"Startseite","item":"https:\/\/sarahandbendrix.com\/de\/shop\/"},{"@type":"ListItem","position":2,"name":"Shop","item":"https:\/\/sarahandbendrix.com\/de\/shop\/"},{"@type":"ListItem","position":3,"name":"Revolax Fine mit Lidocain (1 x 1,1 ml)"}]},{"@type":"WebSite","@id":"https:\/\/sarahandbendrix.com\/de\/#website","url":"https:\/\/sarahandbendrix.com\/de\/","name":"Buy Korean Fillers and Botox Wholesale on sarahandbendrix","description":"Buy Korean botox, dermal fillers &amp; meso products online. Apply for wholesale pricing on professional aesthetic supplies.","publisher":{"@id":"https:\/\/sarahandbendrix.com\/de\/#organization"},"potentialAction":[{"@type":"SearchAction","target":{"@type":"EntryPoint","urlTemplate":"https:\/\/sarahandbendrix.com\/de\/?s={search_term_string}"},"query-input":{"@type":"PropertyValueSpecification","valueRequired":true,"valueName":"search_term_string"}}],"inLanguage":"de"},{"@type":"Organization","@id":"https:\/\/sarahandbendrix.com\/de\/#organization","name":"Buy Korean Fillers and Botox Wholesale on sarahandbendrix","url":"https:\/\/sarahandbendrix.com\/de\/","logo":{"@type":"ImageObject","inLanguage":"de","@id":"https:\/\/sarahandbendrix.com\/de\/#\/schema\/logo\/image\/","url":"https:\/\/sarahandbendrix.com\/wp-content\/uploads\/2026\/04\/cropped-cropped-ChatGPT-Image-21-apr-2026-18_38_12-1.png","contentUrl":"https:\/\/sarahandbendrix.com\/wp-content\/uploads\/2026\/04\/cropped-cropped-ChatGPT-Image-21-apr-2026-18_38_12-1.png","width":1032,"height":586,"caption":"Buy Korean Fillers and Botox Wholesale on sarahandbendrix"},"image":{"@id":"https:\/\/sarahandbendrix.com\/de\/#\/schema\/logo\/image\/"}}]}},"_links":{"self":[{"href":"https:\/\/sarahandbendrix.com\/de\/wp-json\/wp\/v2\/product\/327","targetHints":{"allow":["GET"]}}],"collection":[{"href":"https:\/\/sarahandbendrix.com\/de\/wp-json\/wp\/v2\/product"}],"about":[{"href":"https:\/\/sarahandbendrix.com\/de\/wp-json\/wp\/v2\/types\/product"}],"replies":[{"embeddable":true,"href":"https:\/\/sarahandbendrix.com\/de\/wp-json\/wp\/v2\/comments?post=327"}],"wp:featuredmedia":[{"embeddable":true,"href":"https:\/\/sarahandbendrix.com\/de\/wp-json\/wp\/v2\/media\/88"}],"wp:attachment":[{"href":"https:\/\/sarahandbendrix.com\/de\/wp-json\/wp\/v2\/media?parent=327"}],"wp:term":[{"taxonomy":"product_brand","embeddable":true,"href":"https:\/\/sarahandbendrix.com\/de\/wp-json\/wp\/v2\/product_brand?post=327"},{"taxonomy":"product_cat","embeddable":true,"href":"https:\/\/sarahandbendrix.com\/de\/wp-json\/wp\/v2\/product_cat?post=327"},{"taxonomy":"product_tag","embeddable":true,"href":"https:\/\/sarahandbendrix.com\/de\/wp-json\/wp\/v2\/product_tag?post=327"}],"curies":[{"name":"wp","href":"https:\/\/api.w.org\/{rel}","templated":true}]}}