{"id":323,"date":"2026-04-08T19:31:29","date_gmt":"2026-04-08T19:31:29","guid":{"rendered":"https:\/\/sarahandbendrix.com\/product\/fillmed-nctf-135ha-poly-revitalisierende-loesung\/"},"modified":"2026-04-08T19:31:29","modified_gmt":"2026-04-08T19:31:29","slug":"fillmed-nctf-135ha-poly-revitalisierende-loesung","status":"publish","type":"product","link":"https:\/\/sarahandbendrix.com\/de\/product\/fillmed-nctf-135ha-poly-revitalisierende-loesung\/","title":{"rendered":"FILLMED NCTF 135HA \u2013 Poly-Revitalisierende L\u00f6sung"},"content":{"rendered":"<p data-path-to-node=\"3\"><b data-path-to-node=\"3\" data-index-in-node=\"0\">FILLMED NCTF 135HA<\/b> ist kein traditioneller Filler, sondern der weltweite Goldstandard in der <b data-path-to-node=\"3\" data-index-in-node=\"80\">Anti-Aging-Mesotherapie<\/b>. Diese einzigartige injizierbare L\u00f6sung basiert auf dem exklusiven <b data-path-to-node=\"3\" data-index-in-node=\"162\">NCTF-Komplex (New Cellular Treatment Factor)<\/b>, einer bioaktiven Formel, die das ideale zellul\u00e4re Umfeld f\u00fcr die Hautregeneration wiederherstellt. Sie enth\u00e4lt eine hohe Konzentration an nicht-vernetzter Hyalurons\u00e4ure, integriert mit einem N\u00e4hrstoffcocktail aus 59 essenziellen Inhaltsstoffen.  <\/p>\n<h3 data-path-to-node=\"4\"><b data-path-to-node=\"4\" data-index-in-node=\"0\">Erweiterte klinische Indikationen<\/b><\/h3>\n<p data-path-to-node=\"5\">NCTF 135HA ist f\u00fcr eine globale und progressive Verj\u00fcngung konzipiert und wirkt auf drei Ebenen: Hydratation, Dichte und Ausstrahlung.<\/p>\n<ul data-path-to-node=\"6\">\n<li>\n<p data-path-to-node=\"6,0,0\"><b data-path-to-node=\"6,0,0\" data-index-in-node=\"0\">Korrektur oberfl\u00e4chlicher Falten:<\/b> Ideal f\u00fcr Gesicht und Hals, wo Alterungszeichen mit Dehydratation verbunden sind.<\/p>\n<\/li>\n<li>\n<p data-path-to-node=\"6,1,0\"><b data-path-to-node=\"6,1,0\" data-index-in-node=\"0\">Bio-Revitalisierung des Dekollet\u00e9s:<\/b> Verdichtung d\u00fcnner, sonnenbesch\u00e4digter Haut auf der Brust.<\/p>\n<\/li>\n<li>\n<p data-path-to-node=\"6,2,0\"><b data-path-to-node=\"6,2,0\" data-index-in-node=\"0\">Periorbitale Behandlung:<\/b> Eine der wenigen sicheren L\u00f6sungen zur Gl\u00e4ttung von \u201eM\u00fcdigkeitsf\u00e4ltchen\u201c um die Augen, ohne \u00d6deme zu verursachen.<\/p>\n<\/li>\n<li>\n<p data-path-to-node=\"6,3,0\"><b data-path-to-node=\"6,3,0\" data-index-in-node=\"0\">K\u00f6rperprotokolle:<\/b> Erfolgreich angewendet an Oberarmen, Oberschenkelinnenseiten und Handr\u00fccken zur Bek\u00e4mpfung von Erschlaffung.<\/p>\n<\/li>\n<\/ul>\n<hr data-path-to-node=\"7\">\n<h3 data-path-to-node=\"8\"><b data-path-to-node=\"8\" data-index-in-node=\"0\">Technische Exzellenz: Die \u201e59+1\u201c-Formel<\/b><\/h3>\n<p data-path-to-node=\"9\">Der Erfolg von NCTF 135HA liegt in seiner bioidentischen Zusammensetzung, die die Haut auf molekularer Ebene n\u00e4hrt:<\/p>\n<ul data-path-to-node=\"10\">\n<li>\n<p data-path-to-node=\"10,0,0\"><b data-path-to-node=\"10,0,0\" data-index-in-node=\"0\">Freie Hyalurons\u00e4ure (5 mg\/ml):<\/b> Bietet sofortige und tiefe Hydratation und kompensiert den nat\u00fcrlichen HA-Verlust im Zusammenhang mit der Alterung.<\/p>\n<\/li>\n<li>\n<p data-path-to-node=\"10,1,0\"><b data-path-to-node=\"10,1,0\" data-index-in-node=\"0\">12 Vitamine (A, B, C, E):<\/b> Stimulieren lebenswichtige Zellfunktionen und sch\u00fctzen vor freien Radikalen.<\/p>\n<\/li>\n<li>\n<p data-path-to-node=\"10,2,0\"><b data-path-to-node=\"10,2,0\" data-index-in-node=\"0\">24 Aminos\u00e4uren:<\/b> Die grundlegenden Bausteine f\u00fcr die Synthese neuer Proteine wie Kollagen und Elastin.<\/p>\n<\/li>\n<li>\n<p data-path-to-node=\"10,3,0\"><b data-path-to-node=\"10,3,0\" data-index-in-node=\"0\">6 Coenzyme &amp; 5 Nukleins\u00e4urebasen:<\/b> Biochemische Katalysatoren, die die Gewebeerneuerung und DNA-Reparatur beschleunigen.<\/p>\n<\/li>\n<li>\n<p data-path-to-node=\"10,4,0\"><b data-path-to-node=\"10,4,0\" data-index-in-node=\"0\">6 Mineralien:<\/b> Gleichen den Ionenstoffwechsel der Haut aus.<\/p>\n<\/li>\n<\/ul>\n<h3 data-path-to-node=\"11\"><b data-path-to-node=\"11\" data-index-in-node=\"0\">Warum es die professionelle Wahl ist<\/b><\/h3>\n<ol start=\"1\" data-path-to-node=\"12\">\n<li>\n<p data-path-to-node=\"12,0,0\"><b data-path-to-node=\"12,0,0\" data-index-in-node=\"0\">Authentische Bio-Stimulation:<\/b> Es maskiert nicht einfach die Zeichen der Alterung; es weist die Haut an, sich selbst zu regenerieren, indem es die Kollagenproduktion um <b data-path-to-node=\"12,0,0\" data-index-in-node=\"151\">256 %<\/b> und Elastin um <b data-path-to-node=\"12,0,0\" data-index-in-node=\"171\">366 %<\/b> erh\u00f6ht (In-vitro-Tests).<\/p>\n<\/li>\n<li>\n<p data-path-to-node=\"12,1,0\"><b data-path-to-node=\"12,1,0\" data-index-in-node=\"0\">Unvergleichlicher \u201eGlow\u201c-Effekt:<\/b> Die Behandlung der Wahl zur Verfeinerung der Poren, zum Ausgleichen des Hauttons und f\u00fcr eine sofortige nat\u00fcrliche Ausstrahlung.<\/p>\n<\/li>\n<li>\n<p data-path-to-node=\"12,2,0\"><b data-path-to-node=\"12,2,0\" data-index-in-node=\"0\">Technische Vielseitigkeit:<\/b> Kann \u00fcber Mikropapel-Technik, Nappage, Microneedling oder mit Pr\u00e4zisionsger\u00e4ten wie <b data-path-to-node=\"12,2,0\" data-index-in-node=\"127\">Nanosoft<\/b>-Mikronadeln f\u00fcr empfindliche Bereiche verabreicht werden.<\/p>\n<\/li>\n<\/ol>\n<hr data-path-to-node=\"13\">\n<h3 data-path-to-node=\"14\"><b data-path-to-node=\"14\" data-index-in-node=\"0\">MARKEN- &amp; VERTRIEBSHAFTUNGSAUSSCHLUSS<\/b><\/h3>\n<p data-path-to-node=\"15\"><i data-path-to-node=\"15\" data-index-in-node=\"0\">Diese E-Commerce-Plattform fungiert als unabh\u00e4ngiger digitaler Vertreiber authentischer \u00e4sthetischer Produkte. Wir sind weder mit FILLMED Laboratoires verbunden, von ihnen empfohlen, noch ein autorisierter Vertriebsh\u00e4ndler. Alle auf dieser Seite angezeigten Markennamen, Warenzeichen und Logos sind ausschlie\u00dfliches Eigentum ihrer jeweiligen Inhaber und werden hier ausschlie\u00dflich zu beschreibenden und identifizierenden Zwecken der von uns weiterverkauften Originalprodukte verwendet.  <\/i><\/p>\n<hr data-path-to-node=\"16\">\n<h3 data-path-to-node=\"17\"><b data-path-to-node=\"17\" data-index-in-node=\"0\">Lagerungs- &amp; Sicherheitsspezifikationen<\/b><\/h3>\n<blockquote data-path-to-node=\"18\">\n<p data-path-to-node=\"18,0\"><b data-path-to-node=\"18,0\" data-index-in-node=\"0\">Nur f\u00fcr professionelle Anwendung:<\/b> NCTF 135HA darf ausschlie\u00dflich von qualifiziertem medizinischem Fachpersonal verabreicht werden. Als nicht-vernetzte L\u00f6sung ist es nicht f\u00fcr volumetrische Auff\u00fcllung indiziert. <\/p>\n<\/blockquote>\n<ul data-path-to-node=\"19\">\n<li>\n<p data-path-to-node=\"19,0,0\"><b data-path-to-node=\"19,0,0\" data-index-in-node=\"0\">Packungsinhalt:<\/b> 5 \u00d7 3-ml-Fl\u00e4schchen, 5 \u00d7 3-ml-Spritzen, 18G-Aufziehnadeln, 30G- und 32G-Injektionsnadeln.<\/p>\n<\/li>\n<li>\n<p data-path-to-node=\"19,1,0\"><b data-path-to-node=\"19,1,0\" data-index-in-node=\"0\">Lagerung:<\/b> Vor Licht sch\u00fctzen. An einem k\u00fchlen Ort lagern (<b data-path-to-node=\"19,1,0\" data-index-in-node=\"52\">2 \u00b0C bis 25 \u00b0C<\/b>). <\/p>\n<\/li>\n<\/ul>\n","protected":false},"excerpt":{"rendered":"<p><b data-path-to-node=\"22\" data-index-in-node=\"0\">FILLMED NCTF 135HA<\/b> ist ein weltweit f\u00fchrender Mesotherapie-Cocktail mit 59 Wirkstoffen und Hyalurons\u00e4ure. Entwickelt f\u00fcr intensive Bio-Revitalisierung, repariert es die Hautmatrix, gl\u00e4ttet oberfl\u00e4chliche Falten und verleiht au\u00dfergew\u00f6hnliche Ausstrahlung. Es ist die definitive professionelle Behandlung zur Verbesserung der Qualit\u00e4t, Dichte und Hydratation reifer oder m\u00fcder Haut.  <\/p>\n","protected":false},"featured_media":114,"comment_status":"open","ping_status":"closed","template":"","meta":{"_monsterinsights_skip_tracking":false,"_monsterinsights_sitenote_active":false,"_monsterinsights_sitenote_note":"","_monsterinsights_sitenote_category":0},"product_brand":[],"product_cat":[74],"product_tag":[],"class_list":{"0":"post-323","1":"product","2":"type-product","3":"status-publish","4":"has-post-thumbnail","6":"product_cat-mesotherapie","8":"first","9":"instock","10":"shipping-taxable","11":"purchasable","12":"product-type-simple"},"yoast_head":"<!-- This site is optimized with the Yoast SEO plugin v27.5 - https:\/\/yoast.com\/product\/yoast-seo-wordpress\/ -->\n<title>FILLMED NCTF 135HA \u2013 Poly-Revitalisierende L\u00f6sung online kaufen - Gro\u00dfhandelspreise - Sarahandbendrix.com<\/title>\n<meta name=\"robots\" content=\"index, follow, max-snippet:-1, max-image-preview:large, max-video-preview:-1\" \/>\n<link rel=\"canonical\" href=\"https:\/\/sarahandbendrix.com\/de\/product\/fillmed-nctf-135ha-poly-revitalisierende-loesung\/\" \/>\n<meta property=\"og:locale\" content=\"de_DE\" \/>\n<meta property=\"og:type\" content=\"article\" \/>\n<meta property=\"og:title\" content=\"FILLMED NCTF 135HA \u2013 Poly-Revitalisierende L\u00f6sung online kaufen - Gro\u00dfhandelspreise - Sarahandbendrix.com\" \/>\n<meta property=\"og:description\" content=\"FILLMED NCTF 135HA ist ein weltweit f\u00fchrender Mesotherapie-Cocktail mit 59 Wirkstoffen und Hyalurons\u00e4ure. Entwickelt f\u00fcr intensive Bio-Revitalisierung, repariert es die Hautmatrix, gl\u00e4ttet oberfl\u00e4chliche Falten und verleiht au\u00dfergew\u00f6hnliche Ausstrahlung. Es ist die definitive professionelle Behandlung zur Verbesserung der Qualit\u00e4t, Dichte und Hydratation reifer oder m\u00fcder Haut.\" \/>\n<meta property=\"og:url\" content=\"https:\/\/sarahandbendrix.com\/de\/product\/fillmed-nctf-135ha-poly-revitalisierende-loesung\/\" \/>\n<meta property=\"og:site_name\" content=\"Sarahandbendrix.com\" \/>\n<meta property=\"og:image\" content=\"https:\/\/sarahandbendrix.com\/wp-content\/uploads\/2026\/04\/Laboratoires_Fillmed_Nctf_135.jpg\" \/>\n\t<meta property=\"og:image:width\" content=\"600\" \/>\n\t<meta property=\"og:image:height\" content=\"600\" \/>\n\t<meta property=\"og:image:type\" content=\"image\/jpeg\" \/>\n<meta name=\"twitter:card\" content=\"summary_large_image\" \/>\n<meta name=\"twitter:label1\" content=\"Gesch\u00e4tzte Lesezeit\" \/>\n\t<meta name=\"twitter:data1\" content=\"2\u00a0Minuten\" \/>\n<script type=\"application\/ld+json\" class=\"yoast-schema-graph\">{\"@context\":\"https:\\\/\\\/schema.org\",\"@graph\":[{\"@type\":\"WebPage\",\"@id\":\"https:\\\/\\\/sarahandbendrix.com\\\/de\\\/product\\\/fillmed-nctf-135ha-poly-revitalisierende-loesung\\\/\",\"url\":\"https:\\\/\\\/sarahandbendrix.com\\\/de\\\/product\\\/fillmed-nctf-135ha-poly-revitalisierende-loesung\\\/\",\"name\":\"FILLMED NCTF 135HA \u2013 Poly-Revitalisierende L\u00f6sung online kaufen - Gro\u00dfhandelspreise - Sarahandbendrix.com\",\"isPartOf\":{\"@id\":\"https:\\\/\\\/sarahandbendrix.com\\\/de\\\/#website\"},\"primaryImageOfPage\":{\"@id\":\"https:\\\/\\\/sarahandbendrix.com\\\/de\\\/product\\\/fillmed-nctf-135ha-poly-revitalisierende-loesung\\\/#primaryimage\"},\"image\":{\"@id\":\"https:\\\/\\\/sarahandbendrix.com\\\/de\\\/product\\\/fillmed-nctf-135ha-poly-revitalisierende-loesung\\\/#primaryimage\"},\"thumbnailUrl\":\"https:\\\/\\\/sarahandbendrix.com\\\/wp-content\\\/uploads\\\/2026\\\/04\\\/Laboratoires_Fillmed_Nctf_135.jpg\",\"datePublished\":\"2026-04-08T19:31:29+00:00\",\"breadcrumb\":{\"@id\":\"https:\\\/\\\/sarahandbendrix.com\\\/de\\\/product\\\/fillmed-nctf-135ha-poly-revitalisierende-loesung\\\/#breadcrumb\"},\"inLanguage\":\"de\",\"potentialAction\":[{\"@type\":\"ReadAction\",\"target\":[\"https:\\\/\\\/sarahandbendrix.com\\\/de\\\/product\\\/fillmed-nctf-135ha-poly-revitalisierende-loesung\\\/\"]}]},{\"@type\":\"ImageObject\",\"inLanguage\":\"de\",\"@id\":\"https:\\\/\\\/sarahandbendrix.com\\\/de\\\/product\\\/fillmed-nctf-135ha-poly-revitalisierende-loesung\\\/#primaryimage\",\"url\":\"https:\\\/\\\/sarahandbendrix.com\\\/wp-content\\\/uploads\\\/2026\\\/04\\\/Laboratoires_Fillmed_Nctf_135.jpg\",\"contentUrl\":\"https:\\\/\\\/sarahandbendrix.com\\\/wp-content\\\/uploads\\\/2026\\\/04\\\/Laboratoires_Fillmed_Nctf_135.jpg\",\"width\":600,\"height\":600},{\"@type\":\"BreadcrumbList\",\"@id\":\"https:\\\/\\\/sarahandbendrix.com\\\/de\\\/product\\\/fillmed-nctf-135ha-poly-revitalisierende-loesung\\\/#breadcrumb\",\"itemListElement\":[{\"@type\":\"ListItem\",\"position\":1,\"name\":\"Startseite\",\"item\":\"https:\\\/\\\/sarahandbendrix.com\\\/de\\\/shop\\\/\"},{\"@type\":\"ListItem\",\"position\":2,\"name\":\"Shop\",\"item\":\"https:\\\/\\\/sarahandbendrix.com\\\/de\\\/shop\\\/\"},{\"@type\":\"ListItem\",\"position\":3,\"name\":\"FILLMED NCTF 135HA \u2013 Poly-Revitalisierende L\u00f6sung\"}]},{\"@type\":\"WebSite\",\"@id\":\"https:\\\/\\\/sarahandbendrix.com\\\/de\\\/#website\",\"url\":\"https:\\\/\\\/sarahandbendrix.com\\\/de\\\/\",\"name\":\"Buy Korean Fillers and Botox Wholesale on sarahandbendrix\",\"description\":\"Buy Korean botox, dermal fillers &amp; meso products online. Apply for wholesale pricing on professional aesthetic supplies.\",\"publisher\":{\"@id\":\"https:\\\/\\\/sarahandbendrix.com\\\/de\\\/#organization\"},\"potentialAction\":[{\"@type\":\"SearchAction\",\"target\":{\"@type\":\"EntryPoint\",\"urlTemplate\":\"https:\\\/\\\/sarahandbendrix.com\\\/de\\\/?s={search_term_string}\"},\"query-input\":{\"@type\":\"PropertyValueSpecification\",\"valueRequired\":true,\"valueName\":\"search_term_string\"}}],\"inLanguage\":\"de\"},{\"@type\":\"Organization\",\"@id\":\"https:\\\/\\\/sarahandbendrix.com\\\/de\\\/#organization\",\"name\":\"Buy Korean Fillers and Botox Wholesale on sarahandbendrix\",\"url\":\"https:\\\/\\\/sarahandbendrix.com\\\/de\\\/\",\"logo\":{\"@type\":\"ImageObject\",\"inLanguage\":\"de\",\"@id\":\"https:\\\/\\\/sarahandbendrix.com\\\/de\\\/#\\\/schema\\\/logo\\\/image\\\/\",\"url\":\"https:\\\/\\\/sarahandbendrix.com\\\/wp-content\\\/uploads\\\/2026\\\/04\\\/cropped-cropped-ChatGPT-Image-21-apr-2026-18_38_12-1.png\",\"contentUrl\":\"https:\\\/\\\/sarahandbendrix.com\\\/wp-content\\\/uploads\\\/2026\\\/04\\\/cropped-cropped-ChatGPT-Image-21-apr-2026-18_38_12-1.png\",\"width\":1032,\"height\":586,\"caption\":\"Buy Korean Fillers and Botox Wholesale on sarahandbendrix\"},\"image\":{\"@id\":\"https:\\\/\\\/sarahandbendrix.com\\\/de\\\/#\\\/schema\\\/logo\\\/image\\\/\"}}]}<\/script>\n<!-- \/ Yoast SEO plugin. -->","yoast_head_json":{"title":"FILLMED NCTF 135HA \u2013 Poly-Revitalisierende L\u00f6sung online kaufen - Gro\u00dfhandelspreise - Sarahandbendrix.com","robots":{"index":"index","follow":"follow","max-snippet":"max-snippet:-1","max-image-preview":"max-image-preview:large","max-video-preview":"max-video-preview:-1"},"canonical":"https:\/\/sarahandbendrix.com\/de\/product\/fillmed-nctf-135ha-poly-revitalisierende-loesung\/","og_locale":"de_DE","og_type":"article","og_title":"FILLMED NCTF 135HA \u2013 Poly-Revitalisierende L\u00f6sung online kaufen - Gro\u00dfhandelspreise - Sarahandbendrix.com","og_description":"FILLMED NCTF 135HA ist ein weltweit f\u00fchrender Mesotherapie-Cocktail mit 59 Wirkstoffen und Hyalurons\u00e4ure. Entwickelt f\u00fcr intensive Bio-Revitalisierung, repariert es die Hautmatrix, gl\u00e4ttet oberfl\u00e4chliche Falten und verleiht au\u00dfergew\u00f6hnliche Ausstrahlung. Es ist die definitive professionelle Behandlung zur Verbesserung der Qualit\u00e4t, Dichte und Hydratation reifer oder m\u00fcder Haut.","og_url":"https:\/\/sarahandbendrix.com\/de\/product\/fillmed-nctf-135ha-poly-revitalisierende-loesung\/","og_site_name":"Sarahandbendrix.com","og_image":[{"width":600,"height":600,"url":"https:\/\/sarahandbendrix.com\/wp-content\/uploads\/2026\/04\/Laboratoires_Fillmed_Nctf_135.jpg","type":"image\/jpeg"}],"twitter_card":"summary_large_image","twitter_misc":{"Gesch\u00e4tzte Lesezeit":"2\u00a0Minuten"},"schema":{"@context":"https:\/\/schema.org","@graph":[{"@type":"WebPage","@id":"https:\/\/sarahandbendrix.com\/de\/product\/fillmed-nctf-135ha-poly-revitalisierende-loesung\/","url":"https:\/\/sarahandbendrix.com\/de\/product\/fillmed-nctf-135ha-poly-revitalisierende-loesung\/","name":"FILLMED NCTF 135HA \u2013 Poly-Revitalisierende L\u00f6sung online kaufen - Gro\u00dfhandelspreise - Sarahandbendrix.com","isPartOf":{"@id":"https:\/\/sarahandbendrix.com\/de\/#website"},"primaryImageOfPage":{"@id":"https:\/\/sarahandbendrix.com\/de\/product\/fillmed-nctf-135ha-poly-revitalisierende-loesung\/#primaryimage"},"image":{"@id":"https:\/\/sarahandbendrix.com\/de\/product\/fillmed-nctf-135ha-poly-revitalisierende-loesung\/#primaryimage"},"thumbnailUrl":"https:\/\/sarahandbendrix.com\/wp-content\/uploads\/2026\/04\/Laboratoires_Fillmed_Nctf_135.jpg","datePublished":"2026-04-08T19:31:29+00:00","breadcrumb":{"@id":"https:\/\/sarahandbendrix.com\/de\/product\/fillmed-nctf-135ha-poly-revitalisierende-loesung\/#breadcrumb"},"inLanguage":"de","potentialAction":[{"@type":"ReadAction","target":["https:\/\/sarahandbendrix.com\/de\/product\/fillmed-nctf-135ha-poly-revitalisierende-loesung\/"]}]},{"@type":"ImageObject","inLanguage":"de","@id":"https:\/\/sarahandbendrix.com\/de\/product\/fillmed-nctf-135ha-poly-revitalisierende-loesung\/#primaryimage","url":"https:\/\/sarahandbendrix.com\/wp-content\/uploads\/2026\/04\/Laboratoires_Fillmed_Nctf_135.jpg","contentUrl":"https:\/\/sarahandbendrix.com\/wp-content\/uploads\/2026\/04\/Laboratoires_Fillmed_Nctf_135.jpg","width":600,"height":600},{"@type":"BreadcrumbList","@id":"https:\/\/sarahandbendrix.com\/de\/product\/fillmed-nctf-135ha-poly-revitalisierende-loesung\/#breadcrumb","itemListElement":[{"@type":"ListItem","position":1,"name":"Startseite","item":"https:\/\/sarahandbendrix.com\/de\/shop\/"},{"@type":"ListItem","position":2,"name":"Shop","item":"https:\/\/sarahandbendrix.com\/de\/shop\/"},{"@type":"ListItem","position":3,"name":"FILLMED NCTF 135HA \u2013 Poly-Revitalisierende L\u00f6sung"}]},{"@type":"WebSite","@id":"https:\/\/sarahandbendrix.com\/de\/#website","url":"https:\/\/sarahandbendrix.com\/de\/","name":"Buy Korean Fillers and Botox Wholesale on sarahandbendrix","description":"Buy Korean botox, dermal fillers &amp; meso products online. Apply for wholesale pricing on professional aesthetic supplies.","publisher":{"@id":"https:\/\/sarahandbendrix.com\/de\/#organization"},"potentialAction":[{"@type":"SearchAction","target":{"@type":"EntryPoint","urlTemplate":"https:\/\/sarahandbendrix.com\/de\/?s={search_term_string}"},"query-input":{"@type":"PropertyValueSpecification","valueRequired":true,"valueName":"search_term_string"}}],"inLanguage":"de"},{"@type":"Organization","@id":"https:\/\/sarahandbendrix.com\/de\/#organization","name":"Buy Korean Fillers and Botox Wholesale on sarahandbendrix","url":"https:\/\/sarahandbendrix.com\/de\/","logo":{"@type":"ImageObject","inLanguage":"de","@id":"https:\/\/sarahandbendrix.com\/de\/#\/schema\/logo\/image\/","url":"https:\/\/sarahandbendrix.com\/wp-content\/uploads\/2026\/04\/cropped-cropped-ChatGPT-Image-21-apr-2026-18_38_12-1.png","contentUrl":"https:\/\/sarahandbendrix.com\/wp-content\/uploads\/2026\/04\/cropped-cropped-ChatGPT-Image-21-apr-2026-18_38_12-1.png","width":1032,"height":586,"caption":"Buy Korean Fillers and Botox Wholesale on sarahandbendrix"},"image":{"@id":"https:\/\/sarahandbendrix.com\/de\/#\/schema\/logo\/image\/"}}]}},"_links":{"self":[{"href":"https:\/\/sarahandbendrix.com\/de\/wp-json\/wp\/v2\/product\/323","targetHints":{"allow":["GET"]}}],"collection":[{"href":"https:\/\/sarahandbendrix.com\/de\/wp-json\/wp\/v2\/product"}],"about":[{"href":"https:\/\/sarahandbendrix.com\/de\/wp-json\/wp\/v2\/types\/product"}],"replies":[{"embeddable":true,"href":"https:\/\/sarahandbendrix.com\/de\/wp-json\/wp\/v2\/comments?post=323"}],"wp:featuredmedia":[{"embeddable":true,"href":"https:\/\/sarahandbendrix.com\/de\/wp-json\/wp\/v2\/media\/114"}],"wp:attachment":[{"href":"https:\/\/sarahandbendrix.com\/de\/wp-json\/wp\/v2\/media?parent=323"}],"wp:term":[{"taxonomy":"product_brand","embeddable":true,"href":"https:\/\/sarahandbendrix.com\/de\/wp-json\/wp\/v2\/product_brand?post=323"},{"taxonomy":"product_cat","embeddable":true,"href":"https:\/\/sarahandbendrix.com\/de\/wp-json\/wp\/v2\/product_cat?post=323"},{"taxonomy":"product_tag","embeddable":true,"href":"https:\/\/sarahandbendrix.com\/de\/wp-json\/wp\/v2\/product_tag?post=323"}],"curies":[{"name":"wp","href":"https:\/\/api.w.org\/{rel}","templated":true}]}}