{"id":300,"date":"2026-04-08T22:06:05","date_gmt":"2026-04-08T22:06:05","guid":{"rendered":"https:\/\/sarahandbendrix.com\/grosshandelsanfragen\/"},"modified":"2026-04-08T22:06:05","modified_gmt":"2026-04-08T22:06:05","slug":"grosshandelsanfragen","status":"publish","type":"page","link":"https:\/\/sarahandbendrix.com\/de\/grosshandelsanfragen\/","title":{"rendered":"Gro\u00dfhandelsanfragen"},"content":{"rendered":"<p data-path-to-node=\"3\"><b data-path-to-node=\"3\" data-index-in-node=\"0\">Erweitern Sie Ihre Praxis mit sarahandbendrix Global Ltd.<\/b><\/p>\n<p data-path-to-node=\"4\">Als f\u00fchrender globaler Distributor bietet <b data-path-to-node=\"4\" data-index-in-node=\"33\">sarahandbendrix Global Ltd.<\/b> wettbewerbsf\u00e4hige Gro\u00dfhandelsm\u00f6glichkeiten f\u00fcr medizinische Kliniken, \u00e4sthetische Ketten und regionale Distributoren. Wir bieten Versorgungsl\u00f6sungen f\u00fcr gro\u00dfe Mengen der gefragtesten Dermalfiller, Toxine und Biostimulatoren der Branche. <\/p>\n<p data-path-to-node=\"5\">Durch die Partnerschaft mit uns erhalten Sie Zugang zu einer zuverl\u00e4ssigen Lieferkette, gestaffelten Preisstrukturen und engagierter Unternehmensunterst\u00fctzung.<\/p>\n<hr data-path-to-node=\"6\">\n<h3 data-path-to-node=\"7\">Warum mit sarahandbendrix zusammenarbeiten?<\/h3>\n<ul data-path-to-node=\"8\">\n<li>\n<p data-path-to-node=\"8,0,0\"><b data-path-to-node=\"8,0,0\" data-index-in-node=\"0\">Mengenbasierte Preisgestaltung:<\/b> Wir bieten erhebliche Rabatte f\u00fcr Gro\u00dfbestellungen, sodass Ihr Unternehmen die Margen maximieren kann, w\u00e4hrend gleichzeitig h\u00f6chste Pflegequalit\u00e4t gew\u00e4hrleistet wird.<\/p>\n<\/li>\n<li>\n<p data-path-to-node=\"8,1,0\"><b data-path-to-node=\"8,1,0\" data-index-in-node=\"0\">Konstanter Lagerbestand:<\/b> Unsere gro\u00dffl\u00e4chige Lagerhaltung stellt sicher, dass wir hohe Lagerbest\u00e4nde f\u00fchrender Marken vorhalten und somit das Risiko von Nachbestellungen f\u00fcr Ihre Klinik reduzieren.<\/p>\n<\/li>\n<li>\n<p data-path-to-node=\"8,2,0\"><b data-path-to-node=\"8,2,0\" data-index-in-node=\"0\">Globale Logistikpriorit\u00e4t:<\/b> Gro\u00dfhandelspartner erhalten priorisierte Bearbeitung und spezialisierte Versandl\u00f6sungen, einschlie\u00dflich palettierter Luftfracht und fortschrittlicher K\u00fchlketten\u00fcberwachung.<\/p>\n<\/li>\n<li>\n<p data-path-to-node=\"8,3,0\"><b data-path-to-node=\"8,3,0\" data-index-in-node=\"0\">Authentizit\u00e4tsdokumentation:<\/b> Wir stellen vollst\u00e4ndige R\u00fcckverfolgbarkeit und Dokumentation f\u00fcr alle Gro\u00dflieferungen bereit und gew\u00e4hrleisten so die Einhaltung Ihrer lokalen regulatorischen Anforderungen.<\/p>\n<\/li>\n<\/ul>\n<h3 data-path-to-node=\"9\">Gro\u00dfhandelsvoraussetzungen<\/h3>\n<p data-path-to-node=\"10\">Um die Integrit\u00e4t des medizinisch-\u00e4sthetischen Marktes zu wahren, m\u00fcssen alle Gro\u00dfhandelsbewerber die folgenden Kriterien erf\u00fcllen:<\/p>\n<ol start=\"1\" data-path-to-node=\"11\">\n<li>\n<p data-path-to-node=\"11,0,0\"><b data-path-to-node=\"11,0,0\" data-index-in-node=\"0\">Beruflicher Status:<\/b> Sie m\u00fcssen ein zugelassener medizinischer Fachmann oder eine registrierte Gesch\u00e4ftseinheit innerhalb der Gesundheits-\/\u00c4sthetikbranche sein.<\/p>\n<\/li>\n<li>\n<p data-path-to-node=\"11,1,0\"><b data-path-to-node=\"11,1,0\" data-index-in-node=\"0\">Mindestbestellmenge (MOQ):<\/b> Gro\u00dfhandelspreise werden auf Bestellungen angewendet, die unsere Mindestmengenschwellen erf\u00fcllen (bitte erfragen Sie spezifische Marken-MOQs).<\/p>\n<\/li>\n<li>\n<p data-path-to-node=\"11,2,0\"><b data-path-to-node=\"11,2,0\" data-index-in-node=\"0\">Compliance:<\/b> Bewerber m\u00fcssen berechtigt sein, medizinisch-\u00e4sthetische Produkte in ihren jeweiligen Rechtsgebieten zu importieren und zu handhaben.<\/p>\n<\/li>\n<\/ol>\n<hr data-path-to-node=\"12\">\n<h3 data-path-to-node=\"13\">Gro\u00dfhandelsanfrage einreichen<\/h3>\n<p data-path-to-node=\"14\">Um unsere aktuelle Gro\u00dfhandelspreisliste zu erhalten und mit einem engagierten Account Manager zu sprechen, geben Sie bitte die folgenden Informationen in Ihrer Anfrage an:<\/p>\n<ul data-path-to-node=\"15\">\n<li>\n<p data-path-to-node=\"15,0,0\"><b data-path-to-node=\"15,0,0\" data-index-in-node=\"0\">Vollst\u00e4ndiger Name &amp; Berufsbezeichnung<\/b><\/p>\n<\/li>\n<li>\n<p data-path-to-node=\"15,1,0\"><b data-path-to-node=\"15,1,0\" data-index-in-node=\"0\">Gesch\u00e4fts-\/Klinikname &amp; Land<\/b><\/p>\n<\/li>\n<li>\n<p data-path-to-node=\"15,2,0\"><b data-path-to-node=\"15,2,0\" data-index-in-node=\"0\">Zielmarken &amp; gesch\u00e4tztes monatliches Volumen<\/b><\/p>\n<\/li>\n<li>\n<p data-path-to-node=\"15,3,0\"><b data-path-to-node=\"15,3,0\" data-index-in-node=\"0\">Kontakttelefonnummer<\/b><\/p>\n<\/li>\n<\/ul>\n<p data-path-to-node=\"16\">Bitte senden Sie Ihre Anfrage an unsere globale Vertriebsabteilung:<\/p>\n<p data-path-to-node=\"17\"><b data-path-to-node=\"17\" data-index-in-node=\"0\">E-Mail:<\/b> <a class=\"ng-star-inserted\" href=\"mailto:info@sarahandbendrix.com\" target=\"_blank\" rel=\"noopener\" data-hveid=\"0\" data-ved=\"0CAAQ_4QMahgKEwjvu6yvpt6TAxUAAAAAHQAAAAAQtQw\">info@sarahandbendrix.com<\/a><\/p>\n<p data-path-to-node=\"18\"><b data-path-to-node=\"18\" data-index-in-node=\"0\">Betreffzeile:<\/b> Gro\u00dfhandelsanfrage \u2013 [Ihr Firmenname]<\/p>\n<hr data-path-to-node=\"19\">\n<h3 data-path-to-node=\"20\">Unternehmenszentrale<\/h3>\n<p data-path-to-node=\"21\"><b data-path-to-node=\"21\" data-index-in-node=\"0\">sarahandbendrix Global Ltd.<\/b> Wickhams Cay II, Road Town, Tortola,<\/p>\n<p data-path-to-node=\"22\">VG1110, Britische Jungferninseln<\/p>\n<p data-path-to-node=\"23\"><i data-path-to-node=\"23\" data-index-in-node=\"0\">Unser Gro\u00dfhandelsteam antwortet in der Regel innerhalb von <b data-path-to-node=\"23\" data-index-in-node=\"68\">24\u201348 Werktagen<\/b> auf qualifizierte Anfragen. Wir freuen uns darauf, Ihr Gesch\u00e4ftswachstum zu unterst\u00fctzen. <\/i><\/p>\n","protected":false},"excerpt":{"rendered":"<p>Erweitern Sie Ihre Praxis mit sarahandbendrix Global Ltd. Als f\u00fchrender globaler Distributor bietet sarahandbendrix Global Ltd. wettbewerbsf\u00e4hige Gro\u00dfhandelsm\u00f6glichkeiten f\u00fcr medizinische Kliniken, \u00e4sthetische Ketten und regionale Distributoren. Wir bieten Versorgungsl\u00f6sungen f\u00fcr<\/p>\n","protected":false},"author":1,"featured_media":0,"parent":0,"menu_order":0,"comment_status":"closed","ping_status":"closed","template":"","meta":{"_monsterinsights_skip_tracking":false,"_monsterinsights_sitenote_active":false,"_monsterinsights_sitenote_note":"","_monsterinsights_sitenote_category":0,"footnotes":""},"class_list":["post-300","page","type-page","status-publish","hentry"],"yoast_head":"<!-- This site is optimized with the Yoast SEO plugin v27.4 - https:\/\/yoast.com\/product\/yoast-seo-wordpress\/ -->\n<title>Gro\u00dfhandelsanfragen - Sarahandbendrix.com<\/title>\n<meta name=\"robots\" content=\"index, follow, max-snippet:-1, max-image-preview:large, max-video-preview:-1\" \/>\n<link rel=\"canonical\" href=\"https:\/\/sarahandbendrix.com\/de\/grosshandelsanfragen\/\" \/>\n<meta property=\"og:locale\" content=\"de_DE\" \/>\n<meta property=\"og:type\" content=\"article\" \/>\n<meta property=\"og:title\" content=\"Gro\u00dfhandelsanfragen - Sarahandbendrix.com\" \/>\n<meta property=\"og:description\" content=\"Erweitern Sie Ihre Praxis mit sarahandbendrix Global Ltd. Als f\u00fchrender globaler Distributor bietet sarahandbendrix Global Ltd. wettbewerbsf\u00e4hige Gro\u00dfhandelsm\u00f6glichkeiten f\u00fcr medizinische Kliniken, \u00e4sthetische Ketten und regionale Distributoren. Wir bieten Versorgungsl\u00f6sungen f\u00fcr\" \/>\n<meta property=\"og:url\" content=\"https:\/\/sarahandbendrix.com\/de\/grosshandelsanfragen\/\" \/>\n<meta property=\"og:site_name\" content=\"Sarahandbendrix.com\" \/>\n<meta name=\"twitter:card\" content=\"summary_large_image\" \/>\n<meta name=\"twitter:label1\" content=\"Gesch\u00e4tzte Lesezeit\" \/>\n\t<meta name=\"twitter:data1\" content=\"2\u00a0Minuten\" \/>\n<script type=\"application\/ld+json\" class=\"yoast-schema-graph\">{\"@context\":\"https:\\\/\\\/schema.org\",\"@graph\":[{\"@type\":\"WebPage\",\"@id\":\"https:\\\/\\\/sarahandbendrix.com\\\/de\\\/grosshandelsanfragen\\\/\",\"url\":\"https:\\\/\\\/sarahandbendrix.com\\\/de\\\/grosshandelsanfragen\\\/\",\"name\":\"Gro\u00dfhandelsanfragen - Sarahandbendrix.com\",\"isPartOf\":{\"@id\":\"https:\\\/\\\/sarahandbendrix.com\\\/de\\\/#website\"},\"datePublished\":\"2026-04-08T22:06:05+00:00\",\"breadcrumb\":{\"@id\":\"https:\\\/\\\/sarahandbendrix.com\\\/de\\\/grosshandelsanfragen\\\/#breadcrumb\"},\"inLanguage\":\"de\",\"potentialAction\":[{\"@type\":\"ReadAction\",\"target\":[\"https:\\\/\\\/sarahandbendrix.com\\\/de\\\/grosshandelsanfragen\\\/\"]}]},{\"@type\":\"BreadcrumbList\",\"@id\":\"https:\\\/\\\/sarahandbendrix.com\\\/de\\\/grosshandelsanfragen\\\/#breadcrumb\",\"itemListElement\":[{\"@type\":\"ListItem\",\"position\":1,\"name\":\"Startseite\",\"item\":\"https:\\\/\\\/sarahandbendrix.com\\\/de\\\/shop\\\/\"},{\"@type\":\"ListItem\",\"position\":2,\"name\":\"Gro\u00dfhandelsanfragen\"}]},{\"@type\":\"WebSite\",\"@id\":\"https:\\\/\\\/sarahandbendrix.com\\\/de\\\/#website\",\"url\":\"https:\\\/\\\/sarahandbendrix.com\\\/de\\\/\",\"name\":\"Buy Korean Fillers and Botox Wholesale on sarahandbendrix\",\"description\":\"Buy Korean botox, dermal fillers &amp; meso products online. Apply for wholesale pricing on professional aesthetic supplies.\",\"publisher\":{\"@id\":\"https:\\\/\\\/sarahandbendrix.com\\\/de\\\/#organization\"},\"potentialAction\":[{\"@type\":\"SearchAction\",\"target\":{\"@type\":\"EntryPoint\",\"urlTemplate\":\"https:\\\/\\\/sarahandbendrix.com\\\/de\\\/?s={search_term_string}\"},\"query-input\":{\"@type\":\"PropertyValueSpecification\",\"valueRequired\":true,\"valueName\":\"search_term_string\"}}],\"inLanguage\":\"de\"},{\"@type\":\"Organization\",\"@id\":\"https:\\\/\\\/sarahandbendrix.com\\\/de\\\/#organization\",\"name\":\"Buy Korean Fillers and Botox Wholesale on sarahandbendrix\",\"url\":\"https:\\\/\\\/sarahandbendrix.com\\\/de\\\/\",\"logo\":{\"@type\":\"ImageObject\",\"inLanguage\":\"de\",\"@id\":\"https:\\\/\\\/sarahandbendrix.com\\\/de\\\/#\\\/schema\\\/logo\\\/image\\\/\",\"url\":\"https:\\\/\\\/sarahandbendrix.com\\\/wp-content\\\/uploads\\\/2026\\\/04\\\/cropped-cropped-ChatGPT-Image-21-apr-2026-18_38_12-1.png\",\"contentUrl\":\"https:\\\/\\\/sarahandbendrix.com\\\/wp-content\\\/uploads\\\/2026\\\/04\\\/cropped-cropped-ChatGPT-Image-21-apr-2026-18_38_12-1.png\",\"width\":1032,\"height\":586,\"caption\":\"Buy Korean Fillers and Botox Wholesale on sarahandbendrix\"},\"image\":{\"@id\":\"https:\\\/\\\/sarahandbendrix.com\\\/de\\\/#\\\/schema\\\/logo\\\/image\\\/\"}}]}<\/script>\n<!-- \/ Yoast SEO plugin. -->","yoast_head_json":{"title":"Gro\u00dfhandelsanfragen - Sarahandbendrix.com","robots":{"index":"index","follow":"follow","max-snippet":"max-snippet:-1","max-image-preview":"max-image-preview:large","max-video-preview":"max-video-preview:-1"},"canonical":"https:\/\/sarahandbendrix.com\/de\/grosshandelsanfragen\/","og_locale":"de_DE","og_type":"article","og_title":"Gro\u00dfhandelsanfragen - Sarahandbendrix.com","og_description":"Erweitern Sie Ihre Praxis mit sarahandbendrix Global Ltd. Als f\u00fchrender globaler Distributor bietet sarahandbendrix Global Ltd. wettbewerbsf\u00e4hige Gro\u00dfhandelsm\u00f6glichkeiten f\u00fcr medizinische Kliniken, \u00e4sthetische Ketten und regionale Distributoren. Wir bieten Versorgungsl\u00f6sungen f\u00fcr","og_url":"https:\/\/sarahandbendrix.com\/de\/grosshandelsanfragen\/","og_site_name":"Sarahandbendrix.com","twitter_card":"summary_large_image","twitter_misc":{"Gesch\u00e4tzte Lesezeit":"2\u00a0Minuten"},"schema":{"@context":"https:\/\/schema.org","@graph":[{"@type":"WebPage","@id":"https:\/\/sarahandbendrix.com\/de\/grosshandelsanfragen\/","url":"https:\/\/sarahandbendrix.com\/de\/grosshandelsanfragen\/","name":"Gro\u00dfhandelsanfragen - Sarahandbendrix.com","isPartOf":{"@id":"https:\/\/sarahandbendrix.com\/de\/#website"},"datePublished":"2026-04-08T22:06:05+00:00","breadcrumb":{"@id":"https:\/\/sarahandbendrix.com\/de\/grosshandelsanfragen\/#breadcrumb"},"inLanguage":"de","potentialAction":[{"@type":"ReadAction","target":["https:\/\/sarahandbendrix.com\/de\/grosshandelsanfragen\/"]}]},{"@type":"BreadcrumbList","@id":"https:\/\/sarahandbendrix.com\/de\/grosshandelsanfragen\/#breadcrumb","itemListElement":[{"@type":"ListItem","position":1,"name":"Startseite","item":"https:\/\/sarahandbendrix.com\/de\/shop\/"},{"@type":"ListItem","position":2,"name":"Gro\u00dfhandelsanfragen"}]},{"@type":"WebSite","@id":"https:\/\/sarahandbendrix.com\/de\/#website","url":"https:\/\/sarahandbendrix.com\/de\/","name":"Buy Korean Fillers and Botox Wholesale on sarahandbendrix","description":"Buy Korean botox, dermal fillers &amp; meso products online. Apply for wholesale pricing on professional aesthetic supplies.","publisher":{"@id":"https:\/\/sarahandbendrix.com\/de\/#organization"},"potentialAction":[{"@type":"SearchAction","target":{"@type":"EntryPoint","urlTemplate":"https:\/\/sarahandbendrix.com\/de\/?s={search_term_string}"},"query-input":{"@type":"PropertyValueSpecification","valueRequired":true,"valueName":"search_term_string"}}],"inLanguage":"de"},{"@type":"Organization","@id":"https:\/\/sarahandbendrix.com\/de\/#organization","name":"Buy Korean Fillers and Botox Wholesale on sarahandbendrix","url":"https:\/\/sarahandbendrix.com\/de\/","logo":{"@type":"ImageObject","inLanguage":"de","@id":"https:\/\/sarahandbendrix.com\/de\/#\/schema\/logo\/image\/","url":"https:\/\/sarahandbendrix.com\/wp-content\/uploads\/2026\/04\/cropped-cropped-ChatGPT-Image-21-apr-2026-18_38_12-1.png","contentUrl":"https:\/\/sarahandbendrix.com\/wp-content\/uploads\/2026\/04\/cropped-cropped-ChatGPT-Image-21-apr-2026-18_38_12-1.png","width":1032,"height":586,"caption":"Buy Korean Fillers and Botox Wholesale on sarahandbendrix"},"image":{"@id":"https:\/\/sarahandbendrix.com\/de\/#\/schema\/logo\/image\/"}}]}},"_links":{"self":[{"href":"https:\/\/sarahandbendrix.com\/de\/wp-json\/wp\/v2\/pages\/300","targetHints":{"allow":["GET"]}}],"collection":[{"href":"https:\/\/sarahandbendrix.com\/de\/wp-json\/wp\/v2\/pages"}],"about":[{"href":"https:\/\/sarahandbendrix.com\/de\/wp-json\/wp\/v2\/types\/page"}],"author":[{"embeddable":true,"href":"https:\/\/sarahandbendrix.com\/de\/wp-json\/wp\/v2\/users\/1"}],"replies":[{"embeddable":true,"href":"https:\/\/sarahandbendrix.com\/de\/wp-json\/wp\/v2\/comments?post=300"}],"version-history":[{"count":0,"href":"https:\/\/sarahandbendrix.com\/de\/wp-json\/wp\/v2\/pages\/300\/revisions"}],"wp:attachment":[{"href":"https:\/\/sarahandbendrix.com\/de\/wp-json\/wp\/v2\/media?parent=300"}],"curies":[{"name":"wp","href":"https:\/\/api.w.org\/{rel}","templated":true}]}}