{"id":295,"date":"2026-04-08T21:52:46","date_gmt":"2026-04-08T21:52:46","guid":{"rendered":"https:\/\/sarahandbendrix.com\/authentizitaetsgarantie\/"},"modified":"2026-04-08T21:52:46","modified_gmt":"2026-04-08T21:52:46","slug":"authentizitaetsgarantie","status":"publish","type":"page","link":"https:\/\/sarahandbendrix.com\/de\/authentizitaetsgarantie\/","title":{"rendered":"Authentizit\u00e4tsgarantie"},"content":{"rendered":"<p data-path-to-node=\"3\"><b data-path-to-node=\"3\" data-index-in-node=\"0\">Zuletzt aktualisiert: April 2026<\/b><\/p>\n<p data-path-to-node=\"4\">Bei <b data-path-to-node=\"4\" data-index-in-node=\"3\">sarahandbendrix Global Ltd.<\/b> verstehen wir, dass im Bereich der \u00e4sthetischen Medizin die Sicherheit Ihrer Patienten von gr\u00f6\u00dfter Bedeutung ist. Unsere Mission ist es, Fachkr\u00e4ften weltweit Zugang zu 100 % authentischen Premium-Produkten zu bieten. <\/p>\n<p data-path-to-node=\"5\">Unsere <b data-path-to-node=\"5\" data-index-in-node=\"4\">Authentizit\u00e4tsgarantie<\/b> ist das Fundament unseres Unternehmens und stellt sicher, dass jeder Artikel, der unser Lager verl\u00e4sst, den h\u00f6chsten internationalen Standards entspricht.<\/p>\n<hr data-path-to-node=\"6\">\n<h3 data-path-to-node=\"7\">1. Direktbezug &amp; verifizierte Lieferkette<\/h3>\n<p data-path-to-node=\"8\">Wir pflegen direkte Beziehungen und streng gepr\u00fcfte Lieferketten mit den Originalherstellern und autorisierten globalen Distributoren. Durch die Eliminierung unn\u00f6tiger Zwischenh\u00e4ndler garantieren wir, dass die von Ihnen erhaltenen Produkte echt und unverf\u00e4lscht sind. <\/p>\n<h3 data-path-to-node=\"9\">2. Originalverpackung &amp; Chargenr\u00fcckverfolgung<\/h3>\n<p data-path-to-node=\"10\">Jedes auf <b data-path-to-node=\"10\" data-index-in-node=\"22\">sarahandbendrix.com<\/b> verkaufte Produkt wird in der Originalverpackung des Herstellers geliefert, komplett mit:<\/p>\n<ul data-path-to-node=\"11\">\n<li>\n<p data-path-to-node=\"11,0,0\"><b data-path-to-node=\"11,0,0\" data-index-in-node=\"0\">Eindeutigen Chargennummern:<\/b> Erm\u00f6glichen vollst\u00e4ndige R\u00fcckverfolgbarkeit bis zur Produktionslinie.<\/p>\n<\/li>\n<li>\n<p data-path-to-node=\"11,1,0\"><b data-path-to-node=\"11,1,0\" data-index-in-node=\"0\">Hologrammen &amp; Sicherheitssiegeln:<\/b> Intakte Sicherheitsmerkmale gem\u00e4\u00df Herstellervorgabe.<\/p>\n<\/li>\n<li>\n<p data-path-to-node=\"11,2,0\"><b data-path-to-node=\"11,2,0\" data-index-in-node=\"0\">Verfallsdaten:<\/b> Wir garantieren eine Mindesthaltbarkeit, die f\u00fcr die professionelle Praxis geeignet ist (sofern nicht ausdr\u00fccklich in Ausverkaufsbereichen angegeben).<\/p>\n<\/li>\n<\/ul>\n<h3 data-path-to-node=\"12\">3. Strenge Qualit\u00e4tskontrolle<\/h3>\n<p data-path-to-node=\"13\">Bevor eine Bestellung versandt wird, f\u00fchrt unser Logistikteam eine mehrstufige Inspektion durch:<\/p>\n<ul data-path-to-node=\"14\">\n<li>\n<p data-path-to-node=\"14,0,0\"><b data-path-to-node=\"14,0,0\" data-index-in-node=\"0\">Sichtpr\u00fcfung:<\/b> Zur Sicherstellung der Verpackungsintegrit\u00e4t.<\/p>\n<\/li>\n<li>\n<p data-path-to-node=\"14,1,0\"><b data-path-to-node=\"14,1,0\" data-index-in-node=\"0\">Lagerungsverifizierung:<\/b> Zur Best\u00e4tigung, dass das Produkt gem\u00e4\u00df den Herstelleranforderungen gelagert wurde (einschlie\u00dflich temperaturkontrollierter Umgebungen).<\/p>\n<\/li>\n<li>\n<p data-path-to-node=\"14,2,0\"><b data-path-to-node=\"14,2,0\" data-index-in-node=\"0\">Dokumentenpr\u00fcfung:<\/b> Sicherstellung, dass alle Zertifizierungen und Chargenprotokolle in Ordnung sind.<\/p>\n<\/li>\n<\/ul>\n<h3 data-path-to-node=\"15\">4. K\u00fchlkettenmanagement<\/h3>\n<p data-path-to-node=\"16\">F\u00fcr Produkte, die spezifische Temperaturbereiche erfordern (wie bestimmte Toxine oder Biostimulatoren), verwenden wir spezialisierte medizinische K\u00fchlverpackungen und Expressversand, um die Wirksamkeit und Sicherheit des Produkts von unserem Lager bis zu Ihrer Klinik zu gew\u00e4hrleisten.<\/p>\n<h3 data-path-to-node=\"17\">5. Transparenz &amp; Unterst\u00fctzung<\/h3>\n<p data-path-to-node=\"18\">Wir ermutigen unsere Kunden, die Authentizit\u00e4t ihrer Eink\u00e4ufe zu \u00fcberpr\u00fcfen. Wenn Sie Fragen zu einer bestimmten Chargennummer oder den Sicherheitsmerkmalen eines Produkts haben: <\/p>\n<ul data-path-to-node=\"19\">\n<li>\n<p data-path-to-node=\"19,0,0\"><b data-path-to-node=\"19,0,0\" data-index-in-node=\"0\">Direkte Verifizierung:<\/b> Die meisten Hersteller bieten Online-Portale oder Apps zur \u00dcberpr\u00fcfung von Chargennummern an.<\/p>\n<\/li>\n<li>\n<p data-path-to-node=\"19,1,0\"><b data-path-to-node=\"19,1,0\" data-index-in-node=\"0\">Unser Support:<\/b> Unser Team steht zur Verf\u00fcgung, um Ihnen jegliche erforderliche Dokumentation oder Kl\u00e4rung bez\u00fcglich Ihres Kaufs bereitzustellen.<\/p>\n<\/li>\n<\/ul>\n<hr data-path-to-node=\"20\">\n<h3 data-path-to-node=\"21\">Unser Engagement<\/h3>\n<p data-path-to-node=\"22\"><b data-path-to-node=\"22\" data-index-in-node=\"0\">sarahandbendrix Global Ltd.<\/b> handelt nicht mit \u201eGraumarktwaren\u201c oder gef\u00e4lschten Waren. Wir sch\u00e4tzen das Vertrauen der medizinischen Fachwelt und verpflichten uns zur Aufrechterhaltung eines transparenten, ethischen und sicheren Marktplatzes f\u00fcr Fachkr\u00e4fte im Bereich der \u00c4sthetik weltweit. <\/p>\n<p data-path-to-node=\"23\"><b data-path-to-node=\"23\" data-index-in-node=\"0\">Fragen zur Authentizit\u00e4t?<\/b> Kontaktieren Sie unser Qualit\u00e4tssicherungsteam: <b data-path-to-node=\"23\" data-index-in-node=\"70\">sarahandbendrix Global Ltd.<\/b> Wickhams Cay II, Road Town, Tortola, Britische Jungferninseln <b data-path-to-node=\"23\" data-index-in-node=\"151\">E-Mail:<\/b> info@sarahandbendrix.com<\/p>\n","protected":false},"excerpt":{"rendered":"<p>Zuletzt aktualisiert: April 2026 Bei sarahandbendrix Global Ltd. verstehen wir, dass im Bereich der \u00e4sthetischen Medizin die Sicherheit Ihrer Patienten von gr\u00f6\u00dfter Bedeutung ist. Unsere Mission ist es, Fachkr\u00e4ften weltweit<\/p>\n","protected":false},"author":1,"featured_media":0,"parent":0,"menu_order":0,"comment_status":"closed","ping_status":"closed","template":"","meta":{"_monsterinsights_skip_tracking":false,"_monsterinsights_sitenote_active":false,"_monsterinsights_sitenote_note":"","_monsterinsights_sitenote_category":0,"footnotes":""},"class_list":["post-295","page","type-page","status-publish","hentry"],"yoast_head":"<!-- This site is optimized with the Yoast SEO plugin v27.4 - https:\/\/yoast.com\/product\/yoast-seo-wordpress\/ -->\n<title>Authentizit\u00e4tsgarantie - Sarahandbendrix.com<\/title>\n<meta name=\"robots\" content=\"index, follow, max-snippet:-1, max-image-preview:large, max-video-preview:-1\" \/>\n<link rel=\"canonical\" href=\"https:\/\/sarahandbendrix.com\/de\/authentizitaetsgarantie\/\" \/>\n<meta property=\"og:locale\" content=\"de_DE\" \/>\n<meta property=\"og:type\" content=\"article\" \/>\n<meta property=\"og:title\" content=\"Authentizit\u00e4tsgarantie - Sarahandbendrix.com\" \/>\n<meta property=\"og:description\" content=\"Zuletzt aktualisiert: April 2026 Bei sarahandbendrix Global Ltd. verstehen wir, dass im Bereich der \u00e4sthetischen Medizin die Sicherheit Ihrer Patienten von gr\u00f6\u00dfter Bedeutung ist. Unsere Mission ist es, Fachkr\u00e4ften weltweit\" \/>\n<meta property=\"og:url\" content=\"https:\/\/sarahandbendrix.com\/de\/authentizitaetsgarantie\/\" \/>\n<meta property=\"og:site_name\" content=\"Sarahandbendrix.com\" \/>\n<meta name=\"twitter:card\" content=\"summary_large_image\" \/>\n<meta name=\"twitter:label1\" content=\"Gesch\u00e4tzte Lesezeit\" \/>\n\t<meta name=\"twitter:data1\" content=\"2\u00a0Minuten\" \/>\n<script type=\"application\/ld+json\" class=\"yoast-schema-graph\">{\"@context\":\"https:\\\/\\\/schema.org\",\"@graph\":[{\"@type\":\"WebPage\",\"@id\":\"https:\\\/\\\/sarahandbendrix.com\\\/de\\\/authentizitaetsgarantie\\\/\",\"url\":\"https:\\\/\\\/sarahandbendrix.com\\\/de\\\/authentizitaetsgarantie\\\/\",\"name\":\"Authentizit\u00e4tsgarantie - Sarahandbendrix.com\",\"isPartOf\":{\"@id\":\"https:\\\/\\\/sarahandbendrix.com\\\/de\\\/#website\"},\"datePublished\":\"2026-04-08T21:52:46+00:00\",\"breadcrumb\":{\"@id\":\"https:\\\/\\\/sarahandbendrix.com\\\/de\\\/authentizitaetsgarantie\\\/#breadcrumb\"},\"inLanguage\":\"de\",\"potentialAction\":[{\"@type\":\"ReadAction\",\"target\":[\"https:\\\/\\\/sarahandbendrix.com\\\/de\\\/authentizitaetsgarantie\\\/\"]}]},{\"@type\":\"BreadcrumbList\",\"@id\":\"https:\\\/\\\/sarahandbendrix.com\\\/de\\\/authentizitaetsgarantie\\\/#breadcrumb\",\"itemListElement\":[{\"@type\":\"ListItem\",\"position\":1,\"name\":\"Startseite\",\"item\":\"https:\\\/\\\/sarahandbendrix.com\\\/de\\\/shop\\\/\"},{\"@type\":\"ListItem\",\"position\":2,\"name\":\"Authentizit\u00e4tsgarantie\"}]},{\"@type\":\"WebSite\",\"@id\":\"https:\\\/\\\/sarahandbendrix.com\\\/de\\\/#website\",\"url\":\"https:\\\/\\\/sarahandbendrix.com\\\/de\\\/\",\"name\":\"Buy Korean Fillers and Botox Wholesale on sarahandbendrix\",\"description\":\"Buy Korean botox, dermal fillers &amp; meso products online. Apply for wholesale pricing on professional aesthetic supplies.\",\"publisher\":{\"@id\":\"https:\\\/\\\/sarahandbendrix.com\\\/de\\\/#organization\"},\"potentialAction\":[{\"@type\":\"SearchAction\",\"target\":{\"@type\":\"EntryPoint\",\"urlTemplate\":\"https:\\\/\\\/sarahandbendrix.com\\\/de\\\/?s={search_term_string}\"},\"query-input\":{\"@type\":\"PropertyValueSpecification\",\"valueRequired\":true,\"valueName\":\"search_term_string\"}}],\"inLanguage\":\"de\"},{\"@type\":\"Organization\",\"@id\":\"https:\\\/\\\/sarahandbendrix.com\\\/de\\\/#organization\",\"name\":\"Buy Korean Fillers and Botox Wholesale on sarahandbendrix\",\"url\":\"https:\\\/\\\/sarahandbendrix.com\\\/de\\\/\",\"logo\":{\"@type\":\"ImageObject\",\"inLanguage\":\"de\",\"@id\":\"https:\\\/\\\/sarahandbendrix.com\\\/de\\\/#\\\/schema\\\/logo\\\/image\\\/\",\"url\":\"https:\\\/\\\/sarahandbendrix.com\\\/wp-content\\\/uploads\\\/2026\\\/04\\\/cropped-cropped-ChatGPT-Image-21-apr-2026-18_38_12-1.png\",\"contentUrl\":\"https:\\\/\\\/sarahandbendrix.com\\\/wp-content\\\/uploads\\\/2026\\\/04\\\/cropped-cropped-ChatGPT-Image-21-apr-2026-18_38_12-1.png\",\"width\":1032,\"height\":586,\"caption\":\"Buy Korean Fillers and Botox Wholesale on sarahandbendrix\"},\"image\":{\"@id\":\"https:\\\/\\\/sarahandbendrix.com\\\/de\\\/#\\\/schema\\\/logo\\\/image\\\/\"}}]}<\/script>\n<!-- \/ Yoast SEO plugin. -->","yoast_head_json":{"title":"Authentizit\u00e4tsgarantie - Sarahandbendrix.com","robots":{"index":"index","follow":"follow","max-snippet":"max-snippet:-1","max-image-preview":"max-image-preview:large","max-video-preview":"max-video-preview:-1"},"canonical":"https:\/\/sarahandbendrix.com\/de\/authentizitaetsgarantie\/","og_locale":"de_DE","og_type":"article","og_title":"Authentizit\u00e4tsgarantie - Sarahandbendrix.com","og_description":"Zuletzt aktualisiert: April 2026 Bei sarahandbendrix Global Ltd. verstehen wir, dass im Bereich der \u00e4sthetischen Medizin die Sicherheit Ihrer Patienten von gr\u00f6\u00dfter Bedeutung ist. Unsere Mission ist es, Fachkr\u00e4ften weltweit","og_url":"https:\/\/sarahandbendrix.com\/de\/authentizitaetsgarantie\/","og_site_name":"Sarahandbendrix.com","twitter_card":"summary_large_image","twitter_misc":{"Gesch\u00e4tzte Lesezeit":"2\u00a0Minuten"},"schema":{"@context":"https:\/\/schema.org","@graph":[{"@type":"WebPage","@id":"https:\/\/sarahandbendrix.com\/de\/authentizitaetsgarantie\/","url":"https:\/\/sarahandbendrix.com\/de\/authentizitaetsgarantie\/","name":"Authentizit\u00e4tsgarantie - Sarahandbendrix.com","isPartOf":{"@id":"https:\/\/sarahandbendrix.com\/de\/#website"},"datePublished":"2026-04-08T21:52:46+00:00","breadcrumb":{"@id":"https:\/\/sarahandbendrix.com\/de\/authentizitaetsgarantie\/#breadcrumb"},"inLanguage":"de","potentialAction":[{"@type":"ReadAction","target":["https:\/\/sarahandbendrix.com\/de\/authentizitaetsgarantie\/"]}]},{"@type":"BreadcrumbList","@id":"https:\/\/sarahandbendrix.com\/de\/authentizitaetsgarantie\/#breadcrumb","itemListElement":[{"@type":"ListItem","position":1,"name":"Startseite","item":"https:\/\/sarahandbendrix.com\/de\/shop\/"},{"@type":"ListItem","position":2,"name":"Authentizit\u00e4tsgarantie"}]},{"@type":"WebSite","@id":"https:\/\/sarahandbendrix.com\/de\/#website","url":"https:\/\/sarahandbendrix.com\/de\/","name":"Buy Korean Fillers and Botox Wholesale on sarahandbendrix","description":"Buy Korean botox, dermal fillers &amp; meso products online. Apply for wholesale pricing on professional aesthetic supplies.","publisher":{"@id":"https:\/\/sarahandbendrix.com\/de\/#organization"},"potentialAction":[{"@type":"SearchAction","target":{"@type":"EntryPoint","urlTemplate":"https:\/\/sarahandbendrix.com\/de\/?s={search_term_string}"},"query-input":{"@type":"PropertyValueSpecification","valueRequired":true,"valueName":"search_term_string"}}],"inLanguage":"de"},{"@type":"Organization","@id":"https:\/\/sarahandbendrix.com\/de\/#organization","name":"Buy Korean Fillers and Botox Wholesale on sarahandbendrix","url":"https:\/\/sarahandbendrix.com\/de\/","logo":{"@type":"ImageObject","inLanguage":"de","@id":"https:\/\/sarahandbendrix.com\/de\/#\/schema\/logo\/image\/","url":"https:\/\/sarahandbendrix.com\/wp-content\/uploads\/2026\/04\/cropped-cropped-ChatGPT-Image-21-apr-2026-18_38_12-1.png","contentUrl":"https:\/\/sarahandbendrix.com\/wp-content\/uploads\/2026\/04\/cropped-cropped-ChatGPT-Image-21-apr-2026-18_38_12-1.png","width":1032,"height":586,"caption":"Buy Korean Fillers and Botox Wholesale on sarahandbendrix"},"image":{"@id":"https:\/\/sarahandbendrix.com\/de\/#\/schema\/logo\/image\/"}}]}},"_links":{"self":[{"href":"https:\/\/sarahandbendrix.com\/de\/wp-json\/wp\/v2\/pages\/295","targetHints":{"allow":["GET"]}}],"collection":[{"href":"https:\/\/sarahandbendrix.com\/de\/wp-json\/wp\/v2\/pages"}],"about":[{"href":"https:\/\/sarahandbendrix.com\/de\/wp-json\/wp\/v2\/types\/page"}],"author":[{"embeddable":true,"href":"https:\/\/sarahandbendrix.com\/de\/wp-json\/wp\/v2\/users\/1"}],"replies":[{"embeddable":true,"href":"https:\/\/sarahandbendrix.com\/de\/wp-json\/wp\/v2\/comments?post=295"}],"version-history":[{"count":0,"href":"https:\/\/sarahandbendrix.com\/de\/wp-json\/wp\/v2\/pages\/295\/revisions"}],"wp:attachment":[{"href":"https:\/\/sarahandbendrix.com\/de\/wp-json\/wp\/v2\/media?parent=295"}],"curies":[{"name":"wp","href":"https:\/\/api.w.org\/{rel}","templated":true}]}}