{"id":293,"date":"2026-04-08T21:55:01","date_gmt":"2026-04-08T21:55:01","guid":{"rendered":"https:\/\/sarahandbendrix.com\/versand-lieferung\/"},"modified":"2026-04-08T21:55:01","modified_gmt":"2026-04-08T21:55:01","slug":"versand-lieferung","status":"publish","type":"page","link":"https:\/\/sarahandbendrix.com\/de\/versand-lieferung\/","title":{"rendered":"Versand &amp; Lieferung"},"content":{"rendered":"<p data-path-to-node=\"3\"><b data-path-to-node=\"3\" data-index-in-node=\"0\">Zuletzt aktualisiert: April 2026<\/b><\/p>\n<p data-path-to-node=\"4\"><b data-path-to-node=\"4\" data-index-in-node=\"0\">sarahandbendrix Global Ltd.<\/b> bietet spezialisierte globale Logistik an, um sicherzustellen, dass Ihr Praxisbedarf f\u00fcr \u00c4sthetik sicher und effizient in Ihrer Praxis ankommt. Wir arbeiten mit einem Netzwerk erstklassiger internationaler Versandunternehmen zusammen, um einen zuverl\u00e4ssigen T\u00fcr-zu-T\u00fcr-Service zu gew\u00e4hrleisten. <\/p>\n<h3 data-path-to-node=\"5\">1. Globale Bearbeitungszeiten<\/h3>\n<ul data-path-to-node=\"6\">\n<li>\n<p data-path-to-node=\"6,0,0\"><b data-path-to-node=\"6,0,0\" data-index-in-node=\"0\">Auftragsbearbeitung:<\/b> Die meisten Bestellungen werden innerhalb von <b data-path-to-node=\"6,0,0\" data-index-in-node=\"66\">24\u201348 Gesch\u00e4ftsstunden<\/b> nach Zahlungsbest\u00e4tigung bearbeitet und versandt.<\/p>\n<\/li>\n<li>\n<p data-path-to-node=\"6,1,0\"><b data-path-to-node=\"6,1,0\" data-index-in-node=\"0\">Betriebszeiten:<\/b> Unsere Logistikzentren sind von Montag bis Freitag in Betrieb. Bestellungen, die am Wochenende oder an Feiertagen aufgegeben werden, werden am n\u00e4chsten Werktag bearbeitet. <\/p>\n<\/li>\n<\/ul>\n<h3 data-path-to-node=\"7\">2. Internationale Versandmethoden<\/h3>\n<p data-path-to-node=\"8\">Wir nutzen f\u00fchrende globale Kurierdienste (wie DHL, FedEx und UPS), um Schnelligkeit und R\u00fcckverfolgbarkeit zu gew\u00e4hrleisten.<\/p>\n<ul data-path-to-node=\"9\">\n<li>\n<p data-path-to-node=\"9,0,0\"><b data-path-to-node=\"9,0,0\" data-index-in-node=\"0\">Expressversand:<\/b> Voraussichtliche Lieferung innerhalb von <b data-path-to-node=\"9,0,0\" data-index-in-node=\"44\">3\u20137 Werktagen<\/b> an die meisten wichtigen globalen Bestimmungsorte.<\/p>\n<\/li>\n<li>\n<p data-path-to-node=\"9,1,0\"><b data-path-to-node=\"9,1,0\" data-index-in-node=\"0\">K\u00fchlkettenlogistik:<\/b> Produkte, die eine Temperaturkontrolle erfordern, werden in speziellen medizinischen Thermoverpackungen mit K\u00fchlmitteln versandt, um die Wirksamkeit w\u00e4hrend des Transports zu erhalten.<\/p>\n<\/li>\n<\/ul>\n<h3 data-path-to-node=\"10\">3. Versandkosten<\/h3>\n<p data-path-to-node=\"11\">Die Versandkosten werden beim Checkout basierend auf folgenden Kriterien berechnet:<\/p>\n<ul data-path-to-node=\"12\">\n<li>\n<p data-path-to-node=\"12,0,0\">Dem Gesamtgewicht und dem Volumen der Bestellung.<\/p>\n<\/li>\n<li>\n<p data-path-to-node=\"12,1,0\">Dem Bestimmungsland.<\/p>\n<\/li>\n<li>\n<p data-path-to-node=\"12,2,0\">Etwaigen speziellen Verpackungsanforderungen (z. B. gek\u00fchlte Artikel).<\/p>\n<\/li>\n<\/ul>\n<h3 data-path-to-node=\"13\">4. Zoll, Geb\u00fchren &amp; Importbestimmungen<\/h3>\n<p data-path-to-node=\"14\">Als internationaler Anbieter mit Sitz auf den <b data-path-to-node=\"14\" data-index-in-node=\"42\">Britischen Jungferninseln<\/b> beliefern wir Fachanwender weltweit.<\/p>\n<ul data-path-to-node=\"15\">\n<li>\n<p data-path-to-node=\"15,0,0\"><b data-path-to-node=\"15,0,0\" data-index-in-node=\"0\">Eingetragener Importeur:<\/b> Der Empf\u00e4nger (K\u00e4ufer) gilt als der eingetragene Importeur und muss alle Gesetze und Vorschriften des Bestimmungslandes einhalten.<\/p>\n<\/li>\n<li>\n<p data-path-to-node=\"15,1,0\"><b data-path-to-node=\"15,1,0\" data-index-in-node=\"0\">Steuern &amp; Geb\u00fchren:<\/b> Einfuhrz\u00f6lle, MwSt. und Zollabfertigungsgeb\u00fchren sind <b data-path-to-node=\"15,1,0\" data-index-in-node=\"67\">nicht<\/b> im Produktpreis oder in den Versandkosten enthalten. Diese Geb\u00fchren liegen in der alleinigen Verantwortung des Empf\u00e4ngers und werden in der Regel zum Zeitpunkt der Lieferung vom Kurier erhoben. <\/p>\n<\/li>\n<li>\n<p data-path-to-node=\"15,2,0\"><b data-path-to-node=\"15,2,0\" data-index-in-node=\"0\">Einhaltung gesetzlicher Vorschriften:<\/b> Es liegt in der Verantwortung des K\u00e4ufers, sicherzustellen, dass er \u00fcber die erforderlichen Lizenzen f\u00fcr den Import medizinisch-\u00e4sthetischer Produkte in sein Land verf\u00fcgt.<\/p>\n<\/li>\n<\/ul>\n<h3 data-path-to-node=\"16\">5. Verfolgung Ihrer Bestellung<\/h3>\n<p data-path-to-node=\"17\">Sobald Ihre Bestellung versandt wurde, erhalten Sie eine Best\u00e4tigungs-E-Mail mit einer <b data-path-to-node=\"17\" data-index-in-node=\"82\">Sendungsnummer<\/b> und einem Link zum Portal des Versandunternehmens. Sie k\u00f6nnen den Fortschritt Ihrer Sendung in Echtzeit verfolgen, bis sie Ihre Einrichtung erreicht. <\/p>\n<h3 data-path-to-node=\"18\">6. Lieferprobleme &amp; Versicherung<\/h3>\n<ul data-path-to-node=\"19\">\n<li>\n<p data-path-to-node=\"19,0,0\"><b data-path-to-node=\"19,0,0\" data-index-in-node=\"0\">Richtigkeit der Adresse:<\/b> Bitte stellen Sie sicher, dass Ihre Lieferadresse und Kontakttelefonnummer korrekt sind. Wir k\u00f6nnen nicht f\u00fcr fehlgeschlagene Lieferungen aufgrund falscher Informationen haftbar gemacht werden. <\/p>\n<\/li>\n<li>\n<p data-path-to-node=\"19,1,0\"><b data-path-to-node=\"19,1,0\" data-index-in-node=\"0\">Lieferverz\u00f6gerungen:<\/b> Obwohl wir uns um eine rechtzeitige Lieferung bem\u00fchen, haftet <b data-path-to-node=\"19,1,0\" data-index-in-node=\"54\">sarahandbendrix Global Ltd.<\/b> nicht f\u00fcr Verz\u00f6gerungen, die durch Zollkontrollen, R\u00fcckst\u00e4nde beim Versandunternehmen oder extreme Wetterbedingungen verursacht werden.<\/p>\n<\/li>\n<li>\n<p data-path-to-node=\"19,2,0\"><b data-path-to-node=\"19,2,0\" data-index-in-node=\"0\">Besch\u00e4digte Sendungen:<\/b> Wenn ein Paket sichtlich besch\u00e4digt ankommt, unterschreiben Sie bitte mit dem Vermerk \u201eBesch\u00e4digt\u201c und kontaktieren Sie uns innerhalb von 48 Stunden unter <b data-path-to-node=\"19,2,0\" data-index-in-node=\"107\">info@sarahandbendrix.com<\/b> mit fotografischen Beweisen.<\/p>\n<\/li>\n<\/ul>\n<h3 data-path-to-node=\"20\">7. Lieferbeschr\u00e4nkungen<\/h3>\n<p data-path-to-node=\"21\">Aufgrund der erforderlichen professionellen Unterschrift bei der Zustellung und der empfindlichen Natur unserer medizinischen Produkte versenden wir nicht an Postf\u00e4cher oder APO\/FPO-Adressen.<\/p>\n<hr data-path-to-node=\"22\">\n<h3 data-path-to-node=\"23\">Logistik kontaktieren<\/h3>\n<p data-path-to-node=\"24\">F\u00fcr spezifische Anfragen zum Versand in Ihre Region:<\/p>\n<p data-path-to-node=\"25\"><b data-path-to-node=\"25\" data-index-in-node=\"0\">sarahandbendrix Global Ltd.<\/b> Wickhams Cay II, Road Town, Tortola, VG1110, Britische Jungferninseln <b data-path-to-node=\"25\" data-index-in-node=\"89\">E-Mail:<\/b> info@sarahandbendrix.com<\/p>\n","protected":false},"excerpt":{"rendered":"<p>Zuletzt aktualisiert: April 2026 sarahandbendrix Global Ltd. bietet spezialisierte globale Logistik an, um sicherzustellen, dass Ihr Praxisbedarf f\u00fcr \u00c4sthetik sicher und effizient in Ihrer Praxis ankommt. Wir arbeiten mit einem<\/p>\n","protected":false},"author":1,"featured_media":0,"parent":0,"menu_order":0,"comment_status":"closed","ping_status":"closed","template":"","meta":{"_monsterinsights_skip_tracking":false,"_monsterinsights_sitenote_active":false,"_monsterinsights_sitenote_note":"","_monsterinsights_sitenote_category":0,"footnotes":""},"class_list":["post-293","page","type-page","status-publish","hentry"],"yoast_head":"<!-- This site is optimized with the Yoast SEO plugin v27.5 - https:\/\/yoast.com\/product\/yoast-seo-wordpress\/ -->\n<title>Versand &amp; Lieferung - Sarahandbendrix.com<\/title>\n<meta name=\"robots\" content=\"index, follow, max-snippet:-1, max-image-preview:large, max-video-preview:-1\" \/>\n<link rel=\"canonical\" href=\"https:\/\/sarahandbendrix.com\/de\/versand-lieferung\/\" \/>\n<meta property=\"og:locale\" content=\"de_DE\" \/>\n<meta property=\"og:type\" content=\"article\" \/>\n<meta property=\"og:title\" content=\"Versand &amp; Lieferung - Sarahandbendrix.com\" \/>\n<meta property=\"og:description\" content=\"Zuletzt aktualisiert: April 2026 sarahandbendrix Global Ltd. bietet spezialisierte globale Logistik an, um sicherzustellen, dass Ihr Praxisbedarf f\u00fcr \u00c4sthetik sicher und effizient in Ihrer Praxis ankommt. Wir arbeiten mit einem\" \/>\n<meta property=\"og:url\" content=\"https:\/\/sarahandbendrix.com\/de\/versand-lieferung\/\" \/>\n<meta property=\"og:site_name\" content=\"Sarahandbendrix.com\" \/>\n<meta name=\"twitter:card\" content=\"summary_large_image\" \/>\n<meta name=\"twitter:label1\" content=\"Gesch\u00e4tzte Lesezeit\" \/>\n\t<meta name=\"twitter:data1\" content=\"2\u00a0Minuten\" \/>\n<script type=\"application\/ld+json\" class=\"yoast-schema-graph\">{\"@context\":\"https:\\\/\\\/schema.org\",\"@graph\":[{\"@type\":\"WebPage\",\"@id\":\"https:\\\/\\\/sarahandbendrix.com\\\/de\\\/versand-lieferung\\\/\",\"url\":\"https:\\\/\\\/sarahandbendrix.com\\\/de\\\/versand-lieferung\\\/\",\"name\":\"Versand &amp; Lieferung - Sarahandbendrix.com\",\"isPartOf\":{\"@id\":\"https:\\\/\\\/sarahandbendrix.com\\\/de\\\/#website\"},\"datePublished\":\"2026-04-08T21:55:01+00:00\",\"breadcrumb\":{\"@id\":\"https:\\\/\\\/sarahandbendrix.com\\\/de\\\/versand-lieferung\\\/#breadcrumb\"},\"inLanguage\":\"de\",\"potentialAction\":[{\"@type\":\"ReadAction\",\"target\":[\"https:\\\/\\\/sarahandbendrix.com\\\/de\\\/versand-lieferung\\\/\"]}]},{\"@type\":\"BreadcrumbList\",\"@id\":\"https:\\\/\\\/sarahandbendrix.com\\\/de\\\/versand-lieferung\\\/#breadcrumb\",\"itemListElement\":[{\"@type\":\"ListItem\",\"position\":1,\"name\":\"Startseite\",\"item\":\"https:\\\/\\\/sarahandbendrix.com\\\/de\\\/shop\\\/\"},{\"@type\":\"ListItem\",\"position\":2,\"name\":\"Versand &amp; Lieferung\"}]},{\"@type\":\"WebSite\",\"@id\":\"https:\\\/\\\/sarahandbendrix.com\\\/de\\\/#website\",\"url\":\"https:\\\/\\\/sarahandbendrix.com\\\/de\\\/\",\"name\":\"Buy Korean Fillers and Botox Wholesale on sarahandbendrix\",\"description\":\"Buy Korean botox, dermal fillers &amp; meso products online. Apply for wholesale pricing on professional aesthetic supplies.\",\"publisher\":{\"@id\":\"https:\\\/\\\/sarahandbendrix.com\\\/de\\\/#organization\"},\"potentialAction\":[{\"@type\":\"SearchAction\",\"target\":{\"@type\":\"EntryPoint\",\"urlTemplate\":\"https:\\\/\\\/sarahandbendrix.com\\\/de\\\/?s={search_term_string}\"},\"query-input\":{\"@type\":\"PropertyValueSpecification\",\"valueRequired\":true,\"valueName\":\"search_term_string\"}}],\"inLanguage\":\"de\"},{\"@type\":\"Organization\",\"@id\":\"https:\\\/\\\/sarahandbendrix.com\\\/de\\\/#organization\",\"name\":\"Buy Korean Fillers and Botox Wholesale on sarahandbendrix\",\"url\":\"https:\\\/\\\/sarahandbendrix.com\\\/de\\\/\",\"logo\":{\"@type\":\"ImageObject\",\"inLanguage\":\"de\",\"@id\":\"https:\\\/\\\/sarahandbendrix.com\\\/de\\\/#\\\/schema\\\/logo\\\/image\\\/\",\"url\":\"https:\\\/\\\/sarahandbendrix.com\\\/wp-content\\\/uploads\\\/2026\\\/04\\\/cropped-cropped-ChatGPT-Image-21-apr-2026-18_38_12-1.png\",\"contentUrl\":\"https:\\\/\\\/sarahandbendrix.com\\\/wp-content\\\/uploads\\\/2026\\\/04\\\/cropped-cropped-ChatGPT-Image-21-apr-2026-18_38_12-1.png\",\"width\":1032,\"height\":586,\"caption\":\"Buy Korean Fillers and Botox Wholesale on sarahandbendrix\"},\"image\":{\"@id\":\"https:\\\/\\\/sarahandbendrix.com\\\/de\\\/#\\\/schema\\\/logo\\\/image\\\/\"}}]}<\/script>\n<!-- \/ Yoast SEO plugin. -->","yoast_head_json":{"title":"Versand &amp; Lieferung - Sarahandbendrix.com","robots":{"index":"index","follow":"follow","max-snippet":"max-snippet:-1","max-image-preview":"max-image-preview:large","max-video-preview":"max-video-preview:-1"},"canonical":"https:\/\/sarahandbendrix.com\/de\/versand-lieferung\/","og_locale":"de_DE","og_type":"article","og_title":"Versand &amp; Lieferung - Sarahandbendrix.com","og_description":"Zuletzt aktualisiert: April 2026 sarahandbendrix Global Ltd. bietet spezialisierte globale Logistik an, um sicherzustellen, dass Ihr Praxisbedarf f\u00fcr \u00c4sthetik sicher und effizient in Ihrer Praxis ankommt. Wir arbeiten mit einem","og_url":"https:\/\/sarahandbendrix.com\/de\/versand-lieferung\/","og_site_name":"Sarahandbendrix.com","twitter_card":"summary_large_image","twitter_misc":{"Gesch\u00e4tzte Lesezeit":"2\u00a0Minuten"},"schema":{"@context":"https:\/\/schema.org","@graph":[{"@type":"WebPage","@id":"https:\/\/sarahandbendrix.com\/de\/versand-lieferung\/","url":"https:\/\/sarahandbendrix.com\/de\/versand-lieferung\/","name":"Versand &amp; Lieferung - Sarahandbendrix.com","isPartOf":{"@id":"https:\/\/sarahandbendrix.com\/de\/#website"},"datePublished":"2026-04-08T21:55:01+00:00","breadcrumb":{"@id":"https:\/\/sarahandbendrix.com\/de\/versand-lieferung\/#breadcrumb"},"inLanguage":"de","potentialAction":[{"@type":"ReadAction","target":["https:\/\/sarahandbendrix.com\/de\/versand-lieferung\/"]}]},{"@type":"BreadcrumbList","@id":"https:\/\/sarahandbendrix.com\/de\/versand-lieferung\/#breadcrumb","itemListElement":[{"@type":"ListItem","position":1,"name":"Startseite","item":"https:\/\/sarahandbendrix.com\/de\/shop\/"},{"@type":"ListItem","position":2,"name":"Versand &amp; Lieferung"}]},{"@type":"WebSite","@id":"https:\/\/sarahandbendrix.com\/de\/#website","url":"https:\/\/sarahandbendrix.com\/de\/","name":"Buy Korean Fillers and Botox Wholesale on sarahandbendrix","description":"Buy Korean botox, dermal fillers &amp; meso products online. Apply for wholesale pricing on professional aesthetic supplies.","publisher":{"@id":"https:\/\/sarahandbendrix.com\/de\/#organization"},"potentialAction":[{"@type":"SearchAction","target":{"@type":"EntryPoint","urlTemplate":"https:\/\/sarahandbendrix.com\/de\/?s={search_term_string}"},"query-input":{"@type":"PropertyValueSpecification","valueRequired":true,"valueName":"search_term_string"}}],"inLanguage":"de"},{"@type":"Organization","@id":"https:\/\/sarahandbendrix.com\/de\/#organization","name":"Buy Korean Fillers and Botox Wholesale on sarahandbendrix","url":"https:\/\/sarahandbendrix.com\/de\/","logo":{"@type":"ImageObject","inLanguage":"de","@id":"https:\/\/sarahandbendrix.com\/de\/#\/schema\/logo\/image\/","url":"https:\/\/sarahandbendrix.com\/wp-content\/uploads\/2026\/04\/cropped-cropped-ChatGPT-Image-21-apr-2026-18_38_12-1.png","contentUrl":"https:\/\/sarahandbendrix.com\/wp-content\/uploads\/2026\/04\/cropped-cropped-ChatGPT-Image-21-apr-2026-18_38_12-1.png","width":1032,"height":586,"caption":"Buy Korean Fillers and Botox Wholesale on sarahandbendrix"},"image":{"@id":"https:\/\/sarahandbendrix.com\/de\/#\/schema\/logo\/image\/"}}]}},"_links":{"self":[{"href":"https:\/\/sarahandbendrix.com\/de\/wp-json\/wp\/v2\/pages\/293","targetHints":{"allow":["GET"]}}],"collection":[{"href":"https:\/\/sarahandbendrix.com\/de\/wp-json\/wp\/v2\/pages"}],"about":[{"href":"https:\/\/sarahandbendrix.com\/de\/wp-json\/wp\/v2\/types\/page"}],"author":[{"embeddable":true,"href":"https:\/\/sarahandbendrix.com\/de\/wp-json\/wp\/v2\/users\/1"}],"replies":[{"embeddable":true,"href":"https:\/\/sarahandbendrix.com\/de\/wp-json\/wp\/v2\/comments?post=293"}],"version-history":[{"count":0,"href":"https:\/\/sarahandbendrix.com\/de\/wp-json\/wp\/v2\/pages\/293\/revisions"}],"wp:attachment":[{"href":"https:\/\/sarahandbendrix.com\/de\/wp-json\/wp\/v2\/media?parent=293"}],"curies":[{"name":"wp","href":"https:\/\/api.w.org\/{rel}","templated":true}]}}