{"id":274,"date":"2026-04-08T21:49:11","date_gmt":"2026-04-08T21:49:11","guid":{"rendered":"https:\/\/sarahandbendrix.com\/ueber-uns\/"},"modified":"2026-04-08T21:49:11","modified_gmt":"2026-04-08T21:49:11","slug":"ueber-uns","status":"publish","type":"page","link":"https:\/\/sarahandbendrix.com\/de\/ueber-uns\/","title":{"rendered":"\u00dcber uns"},"content":{"rendered":"<p data-path-to-node=\"3\"><b data-path-to-node=\"3\" data-index-in-node=\"0\">Willkommen bei sarahandbendrix Global Ltd.<\/b><\/p>\n<p data-path-to-node=\"4\"><b data-path-to-node=\"4\" data-index-in-node=\"0\">sarahandbendrix Global Ltd.<\/b> ist ein f\u00fchrender internationaler Distributor, der sich auf die Beschaffung und Lieferung hochwertiger \u00e4sthetischer und medizinischer Beauty-L\u00f6sungen spezialisiert hat. Gegr\u00fcndet, um die L\u00fccke zwischen erstklassigen pharmazeutischen Herstellern und Fachkr\u00e4ften der \u00c4sthetik zu schlie\u00dfen, bieten wir einen optimierten, sicheren und zuverl\u00e4ssigen Zugang zu den fortschrittlichsten Produkten der Branche. <\/p>\n<p data-path-to-node=\"5\">Von unserem strategisch gelegenen Hauptsitz auf den <b data-path-to-node=\"5\" data-index-in-node=\"39\">Britischen Jungferninseln<\/b> aus steuern wir ein hochentwickeltes globales Logistiknetzwerk, das Kliniken, medizinische Behandler und Gro\u00dfhandelspartner in \u00fcber 80 L\u00e4ndern bedient.<\/p>\n<hr data-path-to-node=\"6\">\n<h3 data-path-to-node=\"7\">Unsere Mission<\/h3>\n<p data-path-to-node=\"8\">Unsere Mission ist es, \u00e4sthetische Behandler zu st\u00e4rken, indem wir ihnen Werkzeuge h\u00f6chster Qualit\u00e4t zur Verf\u00fcgung stellen, um die Ergebnisse ihrer Patienten zu verbessern. Wir sind der \u00dcberzeugung, dass der Zugang zu authentischen, sicheren und innovativen Produkten unabh\u00e4ngig vom geografischen Standort universell sein sollte. <\/p>\n<h3 data-path-to-node=\"9\">Warum Fachleute sarahandbendrix w\u00e4hlen<\/h3>\n<ul data-path-to-node=\"10\">\n<li>\n<p data-path-to-node=\"10,0,0\"><b data-path-to-node=\"10,0,0\" data-index-in-node=\"0\">Kompromisslose Authentizit\u00e4t:<\/b> In einer Branche, in der Sicherheit nicht verhandelbar ist, garantieren wir, dass 100 % unseres Bestands direkt von Originalherstellern oder \u00fcber autorisierte Kan\u00e4le bezogen werden.<\/p>\n<\/li>\n<li>\n<p data-path-to-node=\"10,1,0\"><b data-path-to-node=\"10,1,0\" data-index-in-node=\"0\">Exzellenz in der globalen Logistik:<\/b> Wir sind auf die Komplexit\u00e4t des internationalen Versands medizinischer Produkte spezialisiert, einschlie\u00dflich K\u00fchlkettenmanagement, und stellen sicher, dass Ihre Produkte in einwandfreiem klinischem Zustand ankommen.<\/p>\n<\/li>\n<li>\n<p data-path-to-node=\"10,2,0\"><b data-path-to-node=\"10,2,0\" data-index-in-node=\"0\">Strategische Produktauswahl:<\/b> Unser Portfolio wird von Branchenexperten kuratiert und konzentriert sich auf die neuesten Fortschritte bei Dermalfillern, Biostimulatoren, Toxinen und fortschrittlicher Hautpflege.<\/p>\n<\/li>\n<li>\n<p data-path-to-node=\"10,3,0\"><b data-path-to-node=\"10,3,0\" data-index-in-node=\"0\">Professionelle Integrit\u00e4t:<\/b> Wir arbeiten mit B2B-Fokus und widmen uns ausschlie\u00dflich den Bed\u00fcrfnissen lizenzierter Fachkr\u00e4fte und medizinischer Einrichtungen.<\/p>\n<\/li>\n<\/ul>\n<h3 data-path-to-node=\"11\">Unsere globale Pr\u00e4senz<\/h3>\n<p data-path-to-node=\"12\">Obwohl unsere Unternehmenswurzeln in der Karibik liegen, ist unsere Reichweite wirklich global. Durch den Einsatz dezentraler Distributions-Hubs minimieren wir Transitzeiten und meistern die Komplexit\u00e4t internationaler Zollabfertigungen, um eine nahtlose Lieferkette f\u00fcr Ihre Praxis sicherzustellen. <\/p>\n<h3 data-path-to-node=\"13\">Engagement f\u00fcr Innovation<\/h3>\n<p data-path-to-node=\"14\">Die Welt der \u00e4sthetischen Medizin entwickelt sich st\u00e4ndig weiter. <b data-path-to-node=\"14\" data-index-in-node=\"56\">sarahandbendrix Global Ltd.<\/b> bleibt an der Spitze der Branche und aktualisiert unseren Katalog kontinuierlich mit Produkten der n\u00e4chsten Generation, die die Zukunft der Beauty- und regenerativen Medizin pr\u00e4gen.<\/p>\n<hr data-path-to-node=\"15\">\n<h3 data-path-to-node=\"16\">Kontakt zu unserem Hauptsitz<\/h3>\n<p data-path-to-node=\"17\">F\u00fcr Unternehmensanfragen, Partnerschaftsvorschl\u00e4ge oder professionellen Support:<\/p>\n<p data-path-to-node=\"18\"><b data-path-to-node=\"18\" data-index-in-node=\"0\">sarahandbendrix Global Ltd.<\/b>  Wickhams Cay II, Road Town, Tortola,<\/p>\n<p data-path-to-node=\"19\">VG1110, Britische Jungferninseln<\/p>\n<p data-path-to-node=\"20\"><b data-path-to-node=\"20\" data-index-in-node=\"0\">E-Mail:<\/b> info@sarahandbendrix.com<\/p>\n<p data-path-to-node=\"21\"><b data-path-to-node=\"21\" data-index-in-node=\"0\">Web:<\/b> www.sarahandbendrix.com<\/p>\n<hr data-path-to-node=\"22\">\n<blockquote data-path-to-node=\"23\">\n<p data-path-to-node=\"23,0\"><i data-path-to-node=\"23,0\" data-index-in-node=\"0\">Hinweis: sarahandbendrix Global Ltd. ist ein unabh\u00e4ngiger Distributor. Alle Produkte sind ausschlie\u00dflich f\u00fcr die Anwendung durch lizenzierte medizinische Fachkr\u00e4fte bestimmt.<\/i><\/p>\n<\/blockquote>\n","protected":false},"excerpt":{"rendered":"<p>Willkommen bei sarahandbendrix Global Ltd. sarahandbendrix Global Ltd. ist ein f\u00fchrender internationaler Distributor, der sich auf die Beschaffung und Lieferung hochwertiger \u00e4sthetischer und medizinischer Beauty-L\u00f6sungen spezialisiert hat. Gegr\u00fcndet, um die<\/p>\n","protected":false},"author":1,"featured_media":0,"parent":0,"menu_order":0,"comment_status":"closed","ping_status":"closed","template":"","meta":{"_monsterinsights_skip_tracking":false,"_monsterinsights_sitenote_active":false,"_monsterinsights_sitenote_note":"","_monsterinsights_sitenote_category":0,"footnotes":""},"class_list":["post-274","page","type-page","status-publish","hentry"],"yoast_head":"<!-- This site is optimized with the Yoast SEO plugin v27.5 - https:\/\/yoast.com\/product\/yoast-seo-wordpress\/ -->\n<title>\u00dcber uns - Sarahandbendrix.com<\/title>\n<meta name=\"robots\" content=\"index, follow, max-snippet:-1, max-image-preview:large, max-video-preview:-1\" \/>\n<link rel=\"canonical\" href=\"https:\/\/sarahandbendrix.com\/de\/ueber-uns\/\" \/>\n<meta property=\"og:locale\" content=\"de_DE\" \/>\n<meta property=\"og:type\" content=\"article\" \/>\n<meta property=\"og:title\" content=\"\u00dcber uns - Sarahandbendrix.com\" \/>\n<meta property=\"og:description\" content=\"Willkommen bei sarahandbendrix Global Ltd. sarahandbendrix Global Ltd. ist ein f\u00fchrender internationaler Distributor, der sich auf die Beschaffung und Lieferung hochwertiger \u00e4sthetischer und medizinischer Beauty-L\u00f6sungen spezialisiert hat. Gegr\u00fcndet, um die\" \/>\n<meta property=\"og:url\" content=\"https:\/\/sarahandbendrix.com\/de\/ueber-uns\/\" \/>\n<meta property=\"og:site_name\" content=\"Sarahandbendrix.com\" \/>\n<meta name=\"twitter:card\" content=\"summary_large_image\" \/>\n<meta name=\"twitter:label1\" content=\"Gesch\u00e4tzte Lesezeit\" \/>\n\t<meta name=\"twitter:data1\" content=\"2\u00a0Minuten\" \/>\n<script type=\"application\/ld+json\" class=\"yoast-schema-graph\">{\"@context\":\"https:\\\/\\\/schema.org\",\"@graph\":[{\"@type\":\"WebPage\",\"@id\":\"https:\\\/\\\/sarahandbendrix.com\\\/de\\\/ueber-uns\\\/\",\"url\":\"https:\\\/\\\/sarahandbendrix.com\\\/de\\\/ueber-uns\\\/\",\"name\":\"\u00dcber uns - Sarahandbendrix.com\",\"isPartOf\":{\"@id\":\"https:\\\/\\\/sarahandbendrix.com\\\/de\\\/#website\"},\"datePublished\":\"2026-04-08T21:49:11+00:00\",\"breadcrumb\":{\"@id\":\"https:\\\/\\\/sarahandbendrix.com\\\/de\\\/ueber-uns\\\/#breadcrumb\"},\"inLanguage\":\"de\",\"potentialAction\":[{\"@type\":\"ReadAction\",\"target\":[\"https:\\\/\\\/sarahandbendrix.com\\\/de\\\/ueber-uns\\\/\"]}]},{\"@type\":\"BreadcrumbList\",\"@id\":\"https:\\\/\\\/sarahandbendrix.com\\\/de\\\/ueber-uns\\\/#breadcrumb\",\"itemListElement\":[{\"@type\":\"ListItem\",\"position\":1,\"name\":\"Startseite\",\"item\":\"https:\\\/\\\/sarahandbendrix.com\\\/de\\\/shop\\\/\"},{\"@type\":\"ListItem\",\"position\":2,\"name\":\"\u00dcber uns\"}]},{\"@type\":\"WebSite\",\"@id\":\"https:\\\/\\\/sarahandbendrix.com\\\/de\\\/#website\",\"url\":\"https:\\\/\\\/sarahandbendrix.com\\\/de\\\/\",\"name\":\"Buy Korean Fillers and Botox Wholesale on sarahandbendrix\",\"description\":\"Buy Korean botox, dermal fillers &amp; meso products online. Apply for wholesale pricing on professional aesthetic supplies.\",\"publisher\":{\"@id\":\"https:\\\/\\\/sarahandbendrix.com\\\/de\\\/#organization\"},\"potentialAction\":[{\"@type\":\"SearchAction\",\"target\":{\"@type\":\"EntryPoint\",\"urlTemplate\":\"https:\\\/\\\/sarahandbendrix.com\\\/de\\\/?s={search_term_string}\"},\"query-input\":{\"@type\":\"PropertyValueSpecification\",\"valueRequired\":true,\"valueName\":\"search_term_string\"}}],\"inLanguage\":\"de\"},{\"@type\":\"Organization\",\"@id\":\"https:\\\/\\\/sarahandbendrix.com\\\/de\\\/#organization\",\"name\":\"Buy Korean Fillers and Botox Wholesale on sarahandbendrix\",\"url\":\"https:\\\/\\\/sarahandbendrix.com\\\/de\\\/\",\"logo\":{\"@type\":\"ImageObject\",\"inLanguage\":\"de\",\"@id\":\"https:\\\/\\\/sarahandbendrix.com\\\/de\\\/#\\\/schema\\\/logo\\\/image\\\/\",\"url\":\"https:\\\/\\\/sarahandbendrix.com\\\/wp-content\\\/uploads\\\/2026\\\/04\\\/cropped-cropped-ChatGPT-Image-21-apr-2026-18_38_12-1.png\",\"contentUrl\":\"https:\\\/\\\/sarahandbendrix.com\\\/wp-content\\\/uploads\\\/2026\\\/04\\\/cropped-cropped-ChatGPT-Image-21-apr-2026-18_38_12-1.png\",\"width\":1032,\"height\":586,\"caption\":\"Buy Korean Fillers and Botox Wholesale on sarahandbendrix\"},\"image\":{\"@id\":\"https:\\\/\\\/sarahandbendrix.com\\\/de\\\/#\\\/schema\\\/logo\\\/image\\\/\"}}]}<\/script>\n<!-- \/ Yoast SEO plugin. -->","yoast_head_json":{"title":"\u00dcber uns - Sarahandbendrix.com","robots":{"index":"index","follow":"follow","max-snippet":"max-snippet:-1","max-image-preview":"max-image-preview:large","max-video-preview":"max-video-preview:-1"},"canonical":"https:\/\/sarahandbendrix.com\/de\/ueber-uns\/","og_locale":"de_DE","og_type":"article","og_title":"\u00dcber uns - Sarahandbendrix.com","og_description":"Willkommen bei sarahandbendrix Global Ltd. sarahandbendrix Global Ltd. ist ein f\u00fchrender internationaler Distributor, der sich auf die Beschaffung und Lieferung hochwertiger \u00e4sthetischer und medizinischer Beauty-L\u00f6sungen spezialisiert hat. Gegr\u00fcndet, um die","og_url":"https:\/\/sarahandbendrix.com\/de\/ueber-uns\/","og_site_name":"Sarahandbendrix.com","twitter_card":"summary_large_image","twitter_misc":{"Gesch\u00e4tzte Lesezeit":"2\u00a0Minuten"},"schema":{"@context":"https:\/\/schema.org","@graph":[{"@type":"WebPage","@id":"https:\/\/sarahandbendrix.com\/de\/ueber-uns\/","url":"https:\/\/sarahandbendrix.com\/de\/ueber-uns\/","name":"\u00dcber uns - Sarahandbendrix.com","isPartOf":{"@id":"https:\/\/sarahandbendrix.com\/de\/#website"},"datePublished":"2026-04-08T21:49:11+00:00","breadcrumb":{"@id":"https:\/\/sarahandbendrix.com\/de\/ueber-uns\/#breadcrumb"},"inLanguage":"de","potentialAction":[{"@type":"ReadAction","target":["https:\/\/sarahandbendrix.com\/de\/ueber-uns\/"]}]},{"@type":"BreadcrumbList","@id":"https:\/\/sarahandbendrix.com\/de\/ueber-uns\/#breadcrumb","itemListElement":[{"@type":"ListItem","position":1,"name":"Startseite","item":"https:\/\/sarahandbendrix.com\/de\/shop\/"},{"@type":"ListItem","position":2,"name":"\u00dcber uns"}]},{"@type":"WebSite","@id":"https:\/\/sarahandbendrix.com\/de\/#website","url":"https:\/\/sarahandbendrix.com\/de\/","name":"Buy Korean Fillers and Botox Wholesale on sarahandbendrix","description":"Buy Korean botox, dermal fillers &amp; meso products online. Apply for wholesale pricing on professional aesthetic supplies.","publisher":{"@id":"https:\/\/sarahandbendrix.com\/de\/#organization"},"potentialAction":[{"@type":"SearchAction","target":{"@type":"EntryPoint","urlTemplate":"https:\/\/sarahandbendrix.com\/de\/?s={search_term_string}"},"query-input":{"@type":"PropertyValueSpecification","valueRequired":true,"valueName":"search_term_string"}}],"inLanguage":"de"},{"@type":"Organization","@id":"https:\/\/sarahandbendrix.com\/de\/#organization","name":"Buy Korean Fillers and Botox Wholesale on sarahandbendrix","url":"https:\/\/sarahandbendrix.com\/de\/","logo":{"@type":"ImageObject","inLanguage":"de","@id":"https:\/\/sarahandbendrix.com\/de\/#\/schema\/logo\/image\/","url":"https:\/\/sarahandbendrix.com\/wp-content\/uploads\/2026\/04\/cropped-cropped-ChatGPT-Image-21-apr-2026-18_38_12-1.png","contentUrl":"https:\/\/sarahandbendrix.com\/wp-content\/uploads\/2026\/04\/cropped-cropped-ChatGPT-Image-21-apr-2026-18_38_12-1.png","width":1032,"height":586,"caption":"Buy Korean Fillers and Botox Wholesale on sarahandbendrix"},"image":{"@id":"https:\/\/sarahandbendrix.com\/de\/#\/schema\/logo\/image\/"}}]}},"_links":{"self":[{"href":"https:\/\/sarahandbendrix.com\/de\/wp-json\/wp\/v2\/pages\/274","targetHints":{"allow":["GET"]}}],"collection":[{"href":"https:\/\/sarahandbendrix.com\/de\/wp-json\/wp\/v2\/pages"}],"about":[{"href":"https:\/\/sarahandbendrix.com\/de\/wp-json\/wp\/v2\/types\/page"}],"author":[{"embeddable":true,"href":"https:\/\/sarahandbendrix.com\/de\/wp-json\/wp\/v2\/users\/1"}],"replies":[{"embeddable":true,"href":"https:\/\/sarahandbendrix.com\/de\/wp-json\/wp\/v2\/comments?post=274"}],"version-history":[{"count":0,"href":"https:\/\/sarahandbendrix.com\/de\/wp-json\/wp\/v2\/pages\/274\/revisions"}],"wp:attachment":[{"href":"https:\/\/sarahandbendrix.com\/de\/wp-json\/wp\/v2\/media?parent=274"}],"curies":[{"name":"wp","href":"https:\/\/api.w.org\/{rel}","templated":true}]}}